{"id":39109,"date":"2026-04-17T14:40:14","date_gmt":"2026-04-17T12:40:14","guid":{"rendered":"https:\/\/teixitsvicens.com\/?post_type=product&#038;p=39109"},"modified":"2026-04-17T16:48:25","modified_gmt":"2026-04-17T14:48:25","slug":"flor-de-tela-mallorquina-ikat-rojo","status":"publish","type":"product","link":"https:\/\/teixitsvicens.com\/es\/producto\/otros-productos-y-regalos\/bodas\/flor-de-tela-mallorquina-ikat-rojo\/","title":{"rendered":"Flor de tela Mallorquina ikat Rojo"},"content":{"rendered":"<p>Flores de tela mallorquina para Sant Jordi, bodas y regalos originales<\/p>\n<p>Descubre nuestras exclusivas flores de tela mallorquina hechas a mano, una alternativa sostenible y duradera a<\/p>\n<p>la rosa tradicional. Inspiradas en los estampados t\u00edpicos de Mallorca, cada flor combina artesan\u00eda, dise\u00f1o y tradici\u00f3n mediterr\u00e1nea.<\/p>\n<p>Rosa de tela para Sant Jordi: un regalo \u00fanico que no se marchita<\/p>\n<p>Celebra Sant Jordi con una rosa de tela original, perfecta para sorprender con un detalle diferente. Nuestras flores no solo<\/p>\n<p>representan el amor y la cultura, sino que tambi\u00e9n se convierten en un recuerdo especial que perdura en el tiempo.<\/p>\n<p>Ideales para acompa\u00f1ar un libro o regalar algo aut\u00e9ntico y hecho en Mallorca.<\/p>\n<p>Flores de tela para bodas: detalles personalizados y elegantes<\/p>\n<p>A\u00f1ade un toque \u00fanico a tu boda con nuestras flores de tela mallorquina personalizadas. Creamos ramos de novia, prendidos<\/p>\n<p>y detalles para invitados, adaptados a tu estilo. Una opci\u00f3n sostenible, elegante y con identidad local que har\u00e1 de tu d\u00eda algo a\u00fan m\u00e1s especial.<\/p>\n<p>Regalos originales hechos a mano en Mallorca<\/p>\n<p>Si buscas regalos originales en Mallorca, nuestras flores de tela son una opci\u00f3n perfecta.<\/p>\n<p>Cada pieza est\u00e1 elaborada artesanalmente, cuidando cada detalle para ofrecer un producto exclusivo.<\/p>\n","protected":false},"excerpt":{"rendered":"<p>Flores de tela mallorquina para Sant Jordi, bodas y regalos originales Descubre nuestras exclusivas flores de tela mallorquina hechas a&#8230;<\/p>\n","protected":false},"featured_media":39110,"comment_status":"closed","ping_status":"closed","template":"","meta":[],"product_brand":[],"product_cat":[1626],"product_tag":[],"class_list":{"0":"post-39109","1":"product","2":"type-product","3":"status-publish","4":"has-post-thumbnail","6":"product_cat-bodas","8":"first","9":"instock","10":"shipping-taxable","11":"purchasable","12":"product-type-simple"},"yoast_head":"<!-- This site is optimized with the Yoast SEO plugin v27.0 - https:\/\/yoast.com\/product\/yoast-seo-wordpress\/ -->\n<title>Flor de tela Mallorquina ikat Rojo | Teixits Vicens<\/title>\n<meta name=\"description\" content=\"Flores de tela mallorquina para Sant Jordi, bodas y regalos originales\" \/>\n<meta name=\"robots\" content=\"index, follow, max-snippet:-1, max-image-preview:large, max-video-preview:-1\" \/>\n<link rel=\"canonical\" href=\"https:\/\/teixitsvicens.com\/es\/producto\/otros-productos-y-regalos\/bodas\/flor-de-tela-mallorquina-ikat-rojo\/\" \/>\n<meta property=\"og:locale\" content=\"es_ES\" \/>\n<meta property=\"og:type\" content=\"article\" \/>\n<meta property=\"og:title\" content=\"Flor de tela Mallorquina ikat Rojo | Teixits Vicens\" \/>\n<meta property=\"og:description\" content=\"Flores de tela mallorquina para Sant Jordi, bodas y regalos originales\" \/>\n<meta property=\"og:url\" content=\"https:\/\/teixitsvicens.com\/es\/producto\/otros-productos-y-regalos\/bodas\/flor-de-tela-mallorquina-ikat-rojo\/\" \/>\n<meta property=\"og:site_name\" content=\"Teixits Vicens\" \/>\n<meta property=\"article:publisher\" content=\"https:\/\/www.facebook.com\/TeixitsVicens\/\" \/>\n<meta property=\"article:modified_time\" content=\"2026-04-17T14:48:25+00:00\" \/>\n<meta property=\"og:image\" content=\"https:\/\/teixitsvicens.com\/wp-content\/uploads\/2026\/04\/Flor-de-tela-mallorquina-ikat-Vicens.jpg\" \/>\n\t<meta property=\"og:image:width\" content=\"1200\" \/>\n\t<meta property=\"og:image:height\" content=\"1800\" \/>\n\t<meta property=\"og:image:type\" content=\"image\/jpeg\" \/>\n<meta name=\"twitter:card\" content=\"summary_large_image\" \/>\n<meta name=\"twitter:label1\" content=\"Est. reading time\" \/>\n\t<meta name=\"twitter:data1\" content=\"2 minutes\" \/>\n<!-- \/ Yoast SEO plugin. -->","yoast_head_json":{"title":"Flor de tela Mallorquina ikat Rojo | Teixits Vicens","description":"Flores de tela mallorquina para Sant Jordi, bodas y regalos originales","robots":{"index":"index","follow":"follow","max-snippet":"max-snippet:-1","max-image-preview":"max-image-preview:large","max-video-preview":"max-video-preview:-1"},"canonical":"https:\/\/teixitsvicens.com\/es\/producto\/otros-productos-y-regalos\/bodas\/flor-de-tela-mallorquina-ikat-rojo\/","og_locale":"es_ES","og_type":"article","og_title":"Flor de tela Mallorquina ikat Rojo | Teixits Vicens","og_description":"Flores de tela mallorquina para Sant Jordi, bodas y regalos originales","og_url":"https:\/\/teixitsvicens.com\/es\/producto\/otros-productos-y-regalos\/bodas\/flor-de-tela-mallorquina-ikat-rojo\/","og_site_name":"Teixits Vicens","article_publisher":"https:\/\/www.facebook.com\/TeixitsVicens\/","article_modified_time":"2026-04-17T14:48:25+00:00","og_image":[{"width":1200,"height":1800,"url":"https:\/\/teixitsvicens.com\/wp-content\/uploads\/2026\/04\/Flor-de-tela-mallorquina-ikat-Vicens.jpg","type":"image\/jpeg"}],"twitter_card":"summary_large_image","twitter_misc":{"Est. reading time":"2 minutes"},"schema":{"@context":"https:\/\/schema.org","@graph":[{"@type":"WebPage","@id":"https:\/\/teixitsvicens.com\/es\/producto\/otros-productos-y-regalos\/bodas\/flor-de-tela-mallorquina-ikat-rojo\/","url":"https:\/\/teixitsvicens.com\/es\/producto\/otros-productos-y-regalos\/bodas\/flor-de-tela-mallorquina-ikat-rojo\/","name":"Flor de tela Mallorquina ikat Rojo | Teixits Vicens","isPartOf":{"@id":"https:\/\/teixitsvicens.com\/es\/#website"},"primaryImageOfPage":{"@id":"https:\/\/teixitsvicens.com\/es\/producto\/otros-productos-y-regalos\/bodas\/flor-de-tela-mallorquina-ikat-rojo\/#primaryimage"},"image":{"@id":"https:\/\/teixitsvicens.com\/es\/producto\/otros-productos-y-regalos\/bodas\/flor-de-tela-mallorquina-ikat-rojo\/#primaryimage"},"thumbnailUrl":"https:\/\/teixitsvicens.com\/wp-content\/uploads\/2026\/04\/Flor-de-tela-mallorquina-ikat-Vicens.jpg","datePublished":"2026-04-17T12:40:14+00:00","dateModified":"2026-04-17T14:48:25+00:00","description":"Flores de tela mallorquina para Sant Jordi, bodas y regalos originales","breadcrumb":{"@id":"https:\/\/teixitsvicens.com\/es\/producto\/otros-productos-y-regalos\/bodas\/flor-de-tela-mallorquina-ikat-rojo\/#breadcrumb"},"inLanguage":"es","potentialAction":[{"@type":"ReadAction","target":["https:\/\/teixitsvicens.com\/es\/producto\/otros-productos-y-regalos\/bodas\/flor-de-tela-mallorquina-ikat-rojo\/"]}]},{"@type":"ImageObject","inLanguage":"es","@id":"https:\/\/teixitsvicens.com\/es\/producto\/otros-productos-y-regalos\/bodas\/flor-de-tela-mallorquina-ikat-rojo\/#primaryimage","url":"https:\/\/teixitsvicens.com\/wp-content\/uploads\/2026\/04\/Flor-de-tela-mallorquina-ikat-Vicens.jpg","contentUrl":"https:\/\/teixitsvicens.com\/wp-content\/uploads\/2026\/04\/Flor-de-tela-mallorquina-ikat-Vicens.jpg","width":1200,"height":1800},{"@type":"BreadcrumbList","@id":"https:\/\/teixitsvicens.com\/es\/producto\/otros-productos-y-regalos\/bodas\/flor-de-tela-mallorquina-ikat-rojo\/#breadcrumb","itemListElement":[{"@type":"ListItem","position":1,"name":"Inici","item":"https:\/\/teixitsvicens.com\/es\/home\/"},{"@type":"ListItem","position":2,"name":"Tienda","item":"https:\/\/teixitsvicens.com\/es\/tienda\/"},{"@type":"ListItem","position":3,"name":"Flor de tela Mallorquina ikat Rojo"}]},{"@type":"WebSite","@id":"https:\/\/teixitsvicens.com\/es\/#website","url":"https:\/\/teixitsvicens.com\/es\/","name":"Teixits Vicens","description":"Taller textil artesano","publisher":{"@id":"https:\/\/teixitsvicens.com\/es\/#organization"},"alternateName":"Teixits Vicens","potentialAction":[{"@type":"SearchAction","target":{"@type":"EntryPoint","urlTemplate":"https:\/\/teixitsvicens.com\/es\/?s={search_term_string}"},"query-input":{"@type":"PropertyValueSpecification","valueRequired":true,"valueName":"search_term_string"}}],"inLanguage":"es"},{"@type":"Organization","@id":"https:\/\/teixitsvicens.com\/es\/#organization","name":"Teixits Vicens","url":"https:\/\/teixitsvicens.com\/es\/","logo":{"@type":"ImageObject","inLanguage":"es","@id":"https:\/\/teixitsvicens.com\/es\/#\/schema\/logo\/image\/","url":"https:\/\/teixitsvicens.com\/wp-content\/uploads\/2025\/10\/logo-teixits-vicents.png","contentUrl":"https:\/\/teixitsvicens.com\/wp-content\/uploads\/2025\/10\/logo-teixits-vicents.png","width":629,"height":131,"caption":"Teixits Vicens"},"image":{"@id":"https:\/\/teixitsvicens.com\/es\/#\/schema\/logo\/image\/"},"sameAs":["https:\/\/www.facebook.com\/TeixitsVicens\/","https:\/\/www.instagram.com\/teixitsvicens\/"]}]}},"_links":{"self":[{"href":"https:\/\/teixitsvicens.com\/es\/wp-json\/wp\/v2\/product\/39109","targetHints":{"allow":["GET"]}}],"collection":[{"href":"https:\/\/teixitsvicens.com\/es\/wp-json\/wp\/v2\/product"}],"about":[{"href":"https:\/\/teixitsvicens.com\/es\/wp-json\/wp\/v2\/types\/product"}],"replies":[{"embeddable":true,"href":"https:\/\/teixitsvicens.com\/es\/wp-json\/wp\/v2\/comments?post=39109"}],"wp:featuredmedia":[{"embeddable":true,"href":"https:\/\/teixitsvicens.com\/es\/wp-json\/wp\/v2\/media\/39110"}],"wp:attachment":[{"href":"https:\/\/teixitsvicens.com\/es\/wp-json\/wp\/v2\/media?parent=39109"}],"wp:term":[{"taxonomy":"product_brand","embeddable":true,"href":"https:\/\/teixitsvicens.com\/es\/wp-json\/wp\/v2\/product_brand?post=39109"},{"taxonomy":"product_cat","embeddable":true,"href":"https:\/\/teixitsvicens.com\/es\/wp-json\/wp\/v2\/product_cat?post=39109"},{"taxonomy":"product_tag","embeddable":true,"href":"https:\/\/teixitsvicens.com\/es\/wp-json\/wp\/v2\/product_tag?post=39109"}],"curies":[{"name":"wp","href":"https:\/\/api.w.org\/{rel}","templated":true}]}}