{"id":38950,"date":"2026-03-27T12:09:54","date_gmt":"2026-03-27T11:09:54","guid":{"rendered":"https:\/\/teixitsvicens.com\/?post_type=product&#038;p=38950"},"modified":"2026-03-27T12:09:55","modified_gmt":"2026-03-27T11:09:55","slug":"cojin-alianzas-tela-mallorquina-ikat-61-tostado","status":"publish","type":"product","link":"https:\/\/teixitsvicens.com\/es\/producto\/otros-productos-y-regalos\/bodas\/cojin-alianzas-tela-mallorquina-ikat-61-tostado\/","title":{"rendered":"Coj\u00edn alianzas tela Mallorquina ikat 61 tostado"},"content":{"rendered":"<p>Haz que el intercambio de anillos sea un momento inolvidable con nuestro <strong data-start=\"274\" data-end=\"346\">coj\u00edn porta alianzas confeccionado<\/strong><\/p>\n<p><strong data-start=\"274\" data-end=\"346\"> con aut\u00e9nticas telas mallorquinas<\/strong>. Cada coj\u00edn combina tradici\u00f3n y estilo, ofreciendo un toque \u00fanico y colorido<\/p>\n<p>inspirado en la riqueza textil de Mallorca. Ideal para ceremonias rom\u00e1nticas, bodas r\u00fasticas o tem\u00e1ticas, este coj\u00edn<\/p>\n<p>aporta <strong data-start=\"548\" data-end=\"585\">distinci\u00f3n y un detalle artesanal<\/strong> que tus invitados recordar\u00e1n.<\/p>\n<p>COJIN PATCHWORK para anillos de boda<\/p>\n<ul data-start=\"638\" data-end=\"964\">\n<li data-section-id=\"1e1zcvl\" data-start=\"638\" data-end=\"705\">Material: <strong data-start=\"650\" data-end=\"679\">Tela mallorquina original<\/strong>, resistente y elegante.<\/li>\n<li data-section-id=\"rvy5e1\" data-start=\"706\" data-end=\"777\">Tama\u00f1o perfecto para <strong data-start=\"729\" data-end=\"757\">sostener anillos de boda<\/strong> de manera segura.<\/li>\n<li data-section-id=\"ndhhyb\" data-start=\"778\" data-end=\"886\">Dise\u00f1o: mezcla de <strong data-start=\"798\" data-end=\"842\">colores y estampados t\u00edpicos de Mallorca<\/strong>, que aportan personalidad a tu ceremonia.<\/li>\n<li data-section-id=\"f0twjy\" data-start=\"887\" data-end=\"964\">Detalles: lazos y bordados que realzan la belleza artesanal del producto.<\/li>\n<\/ul>\n<p data-start=\"966\" data-end=\"1215\">Con este <strong data-start=\"975\" data-end=\"1006\">coj\u00edn para alianzas de boda<\/strong>, cada detalle de tu ceremonia refleja <strong data-start=\"1045\" data-end=\"1095\">buen gusto, tradici\u00f3n y elegancia mediterr\u00e1nea<\/strong>. Perfecto para regalar a tus padrinos o para complementar la decoraci\u00f3n nupcial con un toque aut\u00e9ntico y sofisticado.<\/p>\n<p>&nbsp;<\/p>\n","protected":false},"excerpt":{"rendered":"<p><span data-olk-copy-source=\"MessageBody\">015X015\u00a0<\/span>cm<\/p>\n","protected":false},"featured_media":38951,"comment_status":"closed","ping_status":"closed","template":"","meta":[],"product_brand":[],"product_cat":[1626],"product_tag":[],"class_list":{"0":"post-38950","1":"product","2":"type-product","3":"status-publish","4":"has-post-thumbnail","6":"product_cat-bodas","8":"first","9":"instock","10":"shipping-taxable","11":"purchasable","12":"product-type-simple"},"yoast_head":"<!-- This site is optimized with the Yoast SEO plugin v27.0 - https:\/\/yoast.com\/product\/yoast-seo-wordpress\/ -->\n<title>Coj\u00edn alianzas tela Mallorquina ikat 61 tostado | Teixits Vicens<\/title>\n<meta name=\"robots\" content=\"index, follow, max-snippet:-1, max-image-preview:large, max-video-preview:-1\" \/>\n<link rel=\"canonical\" href=\"https:\/\/teixitsvicens.com\/es\/producto\/otros-productos-y-regalos\/bodas\/cojin-alianzas-tela-mallorquina-ikat-61-tostado\/\" \/>\n<meta property=\"og:locale\" content=\"es_ES\" \/>\n<meta property=\"og:type\" content=\"article\" \/>\n<meta property=\"og:title\" content=\"Coj\u00edn alianzas tela Mallorquina ikat 61 tostado | Teixits Vicens\" \/>\n<meta property=\"og:description\" content=\"015X015\u00a0cm\" \/>\n<meta property=\"og:url\" content=\"https:\/\/teixitsvicens.com\/es\/producto\/otros-productos-y-regalos\/bodas\/cojin-alianzas-tela-mallorquina-ikat-61-tostado\/\" \/>\n<meta property=\"og:site_name\" content=\"Teixits Vicens\" \/>\n<meta property=\"article:publisher\" content=\"https:\/\/www.facebook.com\/TeixitsVicens\/\" \/>\n<meta property=\"article:modified_time\" content=\"2026-03-27T11:09:55+00:00\" \/>\n<meta property=\"og:image\" content=\"https:\/\/teixitsvicens.com\/wp-content\/uploads\/2026\/03\/cojin-anillos-boda-mallorca.jpg\" \/>\n\t<meta property=\"og:image:width\" content=\"842\" \/>\n\t<meta property=\"og:image:height\" content=\"1264\" \/>\n\t<meta property=\"og:image:type\" content=\"image\/jpeg\" \/>\n<meta name=\"twitter:card\" content=\"summary_large_image\" \/>\n<meta name=\"twitter:label1\" content=\"Est. reading time\" \/>\n\t<meta name=\"twitter:data1\" content=\"1 minute\" \/>\n<!-- \/ Yoast SEO plugin. -->","yoast_head_json":{"title":"Coj\u00edn alianzas tela Mallorquina ikat 61 tostado | Teixits Vicens","robots":{"index":"index","follow":"follow","max-snippet":"max-snippet:-1","max-image-preview":"max-image-preview:large","max-video-preview":"max-video-preview:-1"},"canonical":"https:\/\/teixitsvicens.com\/es\/producto\/otros-productos-y-regalos\/bodas\/cojin-alianzas-tela-mallorquina-ikat-61-tostado\/","og_locale":"es_ES","og_type":"article","og_title":"Coj\u00edn alianzas tela Mallorquina ikat 61 tostado | Teixits Vicens","og_description":"015X015\u00a0cm","og_url":"https:\/\/teixitsvicens.com\/es\/producto\/otros-productos-y-regalos\/bodas\/cojin-alianzas-tela-mallorquina-ikat-61-tostado\/","og_site_name":"Teixits Vicens","article_publisher":"https:\/\/www.facebook.com\/TeixitsVicens\/","article_modified_time":"2026-03-27T11:09:55+00:00","og_image":[{"width":842,"height":1264,"url":"https:\/\/teixitsvicens.com\/wp-content\/uploads\/2026\/03\/cojin-anillos-boda-mallorca.jpg","type":"image\/jpeg"}],"twitter_card":"summary_large_image","twitter_misc":{"Est. reading time":"1 minute"},"schema":{"@context":"https:\/\/schema.org","@graph":[{"@type":"WebPage","@id":"https:\/\/teixitsvicens.com\/es\/producto\/otros-productos-y-regalos\/bodas\/cojin-alianzas-tela-mallorquina-ikat-61-tostado\/","url":"https:\/\/teixitsvicens.com\/es\/producto\/otros-productos-y-regalos\/bodas\/cojin-alianzas-tela-mallorquina-ikat-61-tostado\/","name":"Coj\u00edn alianzas tela Mallorquina ikat 61 tostado | Teixits Vicens","isPartOf":{"@id":"https:\/\/teixitsvicens.com\/es\/#website"},"primaryImageOfPage":{"@id":"https:\/\/teixitsvicens.com\/es\/producto\/otros-productos-y-regalos\/bodas\/cojin-alianzas-tela-mallorquina-ikat-61-tostado\/#primaryimage"},"image":{"@id":"https:\/\/teixitsvicens.com\/es\/producto\/otros-productos-y-regalos\/bodas\/cojin-alianzas-tela-mallorquina-ikat-61-tostado\/#primaryimage"},"thumbnailUrl":"https:\/\/teixitsvicens.com\/wp-content\/uploads\/2026\/03\/cojin-anillos-boda-mallorca.jpg","datePublished":"2026-03-27T11:09:54+00:00","dateModified":"2026-03-27T11:09:55+00:00","breadcrumb":{"@id":"https:\/\/teixitsvicens.com\/es\/producto\/otros-productos-y-regalos\/bodas\/cojin-alianzas-tela-mallorquina-ikat-61-tostado\/#breadcrumb"},"inLanguage":"es","potentialAction":[{"@type":"ReadAction","target":["https:\/\/teixitsvicens.com\/es\/producto\/otros-productos-y-regalos\/bodas\/cojin-alianzas-tela-mallorquina-ikat-61-tostado\/"]}]},{"@type":"ImageObject","inLanguage":"es","@id":"https:\/\/teixitsvicens.com\/es\/producto\/otros-productos-y-regalos\/bodas\/cojin-alianzas-tela-mallorquina-ikat-61-tostado\/#primaryimage","url":"https:\/\/teixitsvicens.com\/wp-content\/uploads\/2026\/03\/cojin-anillos-boda-mallorca.jpg","contentUrl":"https:\/\/teixitsvicens.com\/wp-content\/uploads\/2026\/03\/cojin-anillos-boda-mallorca.jpg","width":842,"height":1264},{"@type":"BreadcrumbList","@id":"https:\/\/teixitsvicens.com\/es\/producto\/otros-productos-y-regalos\/bodas\/cojin-alianzas-tela-mallorquina-ikat-61-tostado\/#breadcrumb","itemListElement":[{"@type":"ListItem","position":1,"name":"Inici","item":"https:\/\/teixitsvicens.com\/es\/home\/"},{"@type":"ListItem","position":2,"name":"Tienda","item":"https:\/\/teixitsvicens.com\/es\/tienda\/"},{"@type":"ListItem","position":3,"name":"Coj\u00edn alianzas tela Mallorquina ikat 61 tostado"}]},{"@type":"WebSite","@id":"https:\/\/teixitsvicens.com\/es\/#website","url":"https:\/\/teixitsvicens.com\/es\/","name":"Teixits Vicens","description":"Taller textil artesano","publisher":{"@id":"https:\/\/teixitsvicens.com\/es\/#organization"},"alternateName":"Teixits Vicens","potentialAction":[{"@type":"SearchAction","target":{"@type":"EntryPoint","urlTemplate":"https:\/\/teixitsvicens.com\/es\/?s={search_term_string}"},"query-input":{"@type":"PropertyValueSpecification","valueRequired":true,"valueName":"search_term_string"}}],"inLanguage":"es"},{"@type":"Organization","@id":"https:\/\/teixitsvicens.com\/es\/#organization","name":"Teixits Vicens","url":"https:\/\/teixitsvicens.com\/es\/","logo":{"@type":"ImageObject","inLanguage":"es","@id":"https:\/\/teixitsvicens.com\/es\/#\/schema\/logo\/image\/","url":"https:\/\/teixitsvicens.com\/wp-content\/uploads\/2025\/10\/logo-teixits-vicents.png","contentUrl":"https:\/\/teixitsvicens.com\/wp-content\/uploads\/2025\/10\/logo-teixits-vicents.png","width":629,"height":131,"caption":"Teixits Vicens"},"image":{"@id":"https:\/\/teixitsvicens.com\/es\/#\/schema\/logo\/image\/"},"sameAs":["https:\/\/www.facebook.com\/TeixitsVicens\/","https:\/\/www.instagram.com\/teixitsvicens\/"]}]}},"_links":{"self":[{"href":"https:\/\/teixitsvicens.com\/es\/wp-json\/wp\/v2\/product\/38950","targetHints":{"allow":["GET"]}}],"collection":[{"href":"https:\/\/teixitsvicens.com\/es\/wp-json\/wp\/v2\/product"}],"about":[{"href":"https:\/\/teixitsvicens.com\/es\/wp-json\/wp\/v2\/types\/product"}],"replies":[{"embeddable":true,"href":"https:\/\/teixitsvicens.com\/es\/wp-json\/wp\/v2\/comments?post=38950"}],"wp:featuredmedia":[{"embeddable":true,"href":"https:\/\/teixitsvicens.com\/es\/wp-json\/wp\/v2\/media\/38951"}],"wp:attachment":[{"href":"https:\/\/teixitsvicens.com\/es\/wp-json\/wp\/v2\/media?parent=38950"}],"wp:term":[{"taxonomy":"product_brand","embeddable":true,"href":"https:\/\/teixitsvicens.com\/es\/wp-json\/wp\/v2\/product_brand?post=38950"},{"taxonomy":"product_cat","embeddable":true,"href":"https:\/\/teixitsvicens.com\/es\/wp-json\/wp\/v2\/product_cat?post=38950"},{"taxonomy":"product_tag","embeddable":true,"href":"https:\/\/teixitsvicens.com\/es\/wp-json\/wp\/v2\/product_tag?post=38950"}],"curies":[{"name":"wp","href":"https:\/\/api.w.org\/{rel}","templated":true}]}}