{"id":38614,"date":"2026-01-30T12:34:56","date_gmt":"2026-01-30T11:34:56","guid":{"rendered":"https:\/\/teixitsvicens.com\/?post_type=product&#038;p=38614"},"modified":"2026-02-17T12:39:19","modified_gmt":"2026-02-17T11:39:19","slug":"bolso-saco-tela-mallorquina-61-azul","status":"publish","type":"product","link":"https:\/\/teixitsvicens.com\/es\/producto\/bolsos\/bolso-petate\/bolso-saco-tela-mallorquina-61-azul\/","title":{"rendered":"Bolsa petate tela Mallorquina 61 Azul"},"content":{"rendered":"<p data-pm-slice=\"1 1 []\">Tradici\u00f3n local, actitud moderna. Bolsa saco unisex de gran tama\u00f1o, confeccionada en tela mallorquina.<\/p>\n<p>Espaciosa, resistente y funcional, ideal para el uso diario, playa o escapada.<\/p>\n<p>Un dise\u00f1o atemporal que combina tradici\u00f3n artesanal y practicidad contempor\u00e1nea.<\/p>\n<p>&nbsp;<\/p>\n<p><span data-olk-copy-source=\"MessageBody\">Medidas: 049&#215;050 <\/span>cm<\/p>\n","protected":false},"excerpt":{"rendered":"<p>Tradici\u00f3n local, actitud moderna. Bolsa saco unisex de gran tama\u00f1o, confeccionada en tela mallorquina. Espaciosa, resistente y funcional, ideal para&#8230;<\/p>\n","protected":false},"featured_media":38610,"comment_status":"closed","ping_status":"closed","template":"","meta":[],"product_brand":[],"product_cat":[811],"product_tag":[],"class_list":{"0":"post-38614","1":"product","2":"type-product","3":"status-publish","4":"has-post-thumbnail","6":"product_cat-bolso-petate","8":"first","9":"instock","10":"featured","11":"shipping-taxable","12":"purchasable","13":"product-type-simple"},"yoast_head":"<!-- This site is optimized with the Yoast SEO plugin v27.0 - https:\/\/yoast.com\/product\/yoast-seo-wordpress\/ -->\n<title>Bolsa petate tela Mallorquina 61 Azul | Teixits Vicens<\/title>\n<meta name=\"robots\" content=\"index, follow, max-snippet:-1, max-image-preview:large, max-video-preview:-1\" \/>\n<link rel=\"canonical\" href=\"https:\/\/teixitsvicens.com\/es\/producto\/bolsos\/bolso-petate\/bolso-saco-tela-mallorquina-61-azul\/\" \/>\n<meta property=\"og:locale\" content=\"es_ES\" \/>\n<meta property=\"og:type\" content=\"article\" \/>\n<meta property=\"og:title\" content=\"Bolsa petate tela Mallorquina 61 Azul | Teixits Vicens\" \/>\n<meta property=\"og:description\" content=\"Tradici\u00f3n local, actitud moderna. Bolsa saco unisex de gran tama\u00f1o, confeccionada en tela mallorquina. Espaciosa, resistente y funcional, ideal para...\" \/>\n<meta property=\"og:url\" content=\"https:\/\/teixitsvicens.com\/es\/producto\/bolsos\/bolso-petate\/bolso-saco-tela-mallorquina-61-azul\/\" \/>\n<meta property=\"og:site_name\" content=\"Teixits Vicens\" \/>\n<meta property=\"article:publisher\" content=\"https:\/\/www.facebook.com\/TeixitsVicens\/\" \/>\n<meta property=\"article:modified_time\" content=\"2026-02-17T11:39:19+00:00\" \/>\n<meta property=\"og:image\" content=\"https:\/\/teixitsvicens.com\/wp-content\/uploads\/2026\/01\/Bossa-saco-tela-mallorquina-61-blau.jpg\" \/>\n\t<meta property=\"og:image:width\" content=\"1200\" \/>\n\t<meta property=\"og:image:height\" content=\"1800\" \/>\n\t<meta property=\"og:image:type\" content=\"image\/jpeg\" \/>\n<meta name=\"twitter:card\" content=\"summary_large_image\" \/>\n<meta name=\"twitter:label1\" content=\"Est. reading time\" \/>\n\t<meta name=\"twitter:data1\" content=\"1 minute\" \/>\n<!-- \/ Yoast SEO plugin. -->","yoast_head_json":{"title":"Bolsa petate tela Mallorquina 61 Azul | Teixits Vicens","robots":{"index":"index","follow":"follow","max-snippet":"max-snippet:-1","max-image-preview":"max-image-preview:large","max-video-preview":"max-video-preview:-1"},"canonical":"https:\/\/teixitsvicens.com\/es\/producto\/bolsos\/bolso-petate\/bolso-saco-tela-mallorquina-61-azul\/","og_locale":"es_ES","og_type":"article","og_title":"Bolsa petate tela Mallorquina 61 Azul | Teixits Vicens","og_description":"Tradici\u00f3n local, actitud moderna. Bolsa saco unisex de gran tama\u00f1o, confeccionada en tela mallorquina. Espaciosa, resistente y funcional, ideal para...","og_url":"https:\/\/teixitsvicens.com\/es\/producto\/bolsos\/bolso-petate\/bolso-saco-tela-mallorquina-61-azul\/","og_site_name":"Teixits Vicens","article_publisher":"https:\/\/www.facebook.com\/TeixitsVicens\/","article_modified_time":"2026-02-17T11:39:19+00:00","og_image":[{"width":1200,"height":1800,"url":"https:\/\/teixitsvicens.com\/wp-content\/uploads\/2026\/01\/Bossa-saco-tela-mallorquina-61-blau.jpg","type":"image\/jpeg"}],"twitter_card":"summary_large_image","twitter_misc":{"Est. reading time":"1 minute"},"schema":{"@context":"https:\/\/schema.org","@graph":[{"@type":"WebPage","@id":"https:\/\/teixitsvicens.com\/es\/producto\/bolsos\/bolso-petate\/bolso-saco-tela-mallorquina-61-azul\/","url":"https:\/\/teixitsvicens.com\/es\/producto\/bolsos\/bolso-petate\/bolso-saco-tela-mallorquina-61-azul\/","name":"Bolsa petate tela Mallorquina 61 Azul | Teixits Vicens","isPartOf":{"@id":"https:\/\/teixitsvicens.com\/es\/#website"},"primaryImageOfPage":{"@id":"https:\/\/teixitsvicens.com\/es\/producto\/bolsos\/bolso-petate\/bolso-saco-tela-mallorquina-61-azul\/#primaryimage"},"image":{"@id":"https:\/\/teixitsvicens.com\/es\/producto\/bolsos\/bolso-petate\/bolso-saco-tela-mallorquina-61-azul\/#primaryimage"},"thumbnailUrl":"https:\/\/teixitsvicens.com\/wp-content\/uploads\/2026\/01\/Bossa-saco-tela-mallorquina-61-blau.jpg","datePublished":"2026-01-30T11:34:56+00:00","dateModified":"2026-02-17T11:39:19+00:00","breadcrumb":{"@id":"https:\/\/teixitsvicens.com\/es\/producto\/bolsos\/bolso-petate\/bolso-saco-tela-mallorquina-61-azul\/#breadcrumb"},"inLanguage":"es","potentialAction":[{"@type":"ReadAction","target":["https:\/\/teixitsvicens.com\/es\/producto\/bolsos\/bolso-petate\/bolso-saco-tela-mallorquina-61-azul\/"]}]},{"@type":"ImageObject","inLanguage":"es","@id":"https:\/\/teixitsvicens.com\/es\/producto\/bolsos\/bolso-petate\/bolso-saco-tela-mallorquina-61-azul\/#primaryimage","url":"https:\/\/teixitsvicens.com\/wp-content\/uploads\/2026\/01\/Bossa-saco-tela-mallorquina-61-blau.jpg","contentUrl":"https:\/\/teixitsvicens.com\/wp-content\/uploads\/2026\/01\/Bossa-saco-tela-mallorquina-61-blau.jpg","width":1200,"height":1800},{"@type":"BreadcrumbList","@id":"https:\/\/teixitsvicens.com\/es\/producto\/bolsos\/bolso-petate\/bolso-saco-tela-mallorquina-61-azul\/#breadcrumb","itemListElement":[{"@type":"ListItem","position":1,"name":"Inici","item":"https:\/\/teixitsvicens.com\/es\/home\/"},{"@type":"ListItem","position":2,"name":"Tienda","item":"https:\/\/teixitsvicens.com\/es\/tienda\/"},{"@type":"ListItem","position":3,"name":"Bolsa petate tela Mallorquina 61 Azul"}]},{"@type":"WebSite","@id":"https:\/\/teixitsvicens.com\/es\/#website","url":"https:\/\/teixitsvicens.com\/es\/","name":"Teixits Vicens","description":"Taller textil artesano","publisher":{"@id":"https:\/\/teixitsvicens.com\/es\/#organization"},"alternateName":"Teixits Vicens","potentialAction":[{"@type":"SearchAction","target":{"@type":"EntryPoint","urlTemplate":"https:\/\/teixitsvicens.com\/es\/?s={search_term_string}"},"query-input":{"@type":"PropertyValueSpecification","valueRequired":true,"valueName":"search_term_string"}}],"inLanguage":"es"},{"@type":"Organization","@id":"https:\/\/teixitsvicens.com\/es\/#organization","name":"Teixits Vicens","url":"https:\/\/teixitsvicens.com\/es\/","logo":{"@type":"ImageObject","inLanguage":"es","@id":"https:\/\/teixitsvicens.com\/es\/#\/schema\/logo\/image\/","url":"https:\/\/teixitsvicens.com\/wp-content\/uploads\/2025\/10\/logo-teixits-vicents.png","contentUrl":"https:\/\/teixitsvicens.com\/wp-content\/uploads\/2025\/10\/logo-teixits-vicents.png","width":629,"height":131,"caption":"Teixits Vicens"},"image":{"@id":"https:\/\/teixitsvicens.com\/es\/#\/schema\/logo\/image\/"},"sameAs":["https:\/\/www.facebook.com\/TeixitsVicens\/","https:\/\/www.instagram.com\/teixitsvicens\/"]}]}},"_links":{"self":[{"href":"https:\/\/teixitsvicens.com\/es\/wp-json\/wp\/v2\/product\/38614","targetHints":{"allow":["GET"]}}],"collection":[{"href":"https:\/\/teixitsvicens.com\/es\/wp-json\/wp\/v2\/product"}],"about":[{"href":"https:\/\/teixitsvicens.com\/es\/wp-json\/wp\/v2\/types\/product"}],"replies":[{"embeddable":true,"href":"https:\/\/teixitsvicens.com\/es\/wp-json\/wp\/v2\/comments?post=38614"}],"wp:featuredmedia":[{"embeddable":true,"href":"https:\/\/teixitsvicens.com\/es\/wp-json\/wp\/v2\/media\/38610"}],"wp:attachment":[{"href":"https:\/\/teixitsvicens.com\/es\/wp-json\/wp\/v2\/media?parent=38614"}],"wp:term":[{"taxonomy":"product_brand","embeddable":true,"href":"https:\/\/teixitsvicens.com\/es\/wp-json\/wp\/v2\/product_brand?post=38614"},{"taxonomy":"product_cat","embeddable":true,"href":"https:\/\/teixitsvicens.com\/es\/wp-json\/wp\/v2\/product_cat?post=38614"},{"taxonomy":"product_tag","embeddable":true,"href":"https:\/\/teixitsvicens.com\/es\/wp-json\/wp\/v2\/product_tag?post=38614"}],"curies":[{"name":"wp","href":"https:\/\/api.w.org\/{rel}","templated":true}]}}