{"id":37946,"date":"2025-11-19T10:51:12","date_gmt":"2025-11-19T09:51:12","guid":{"rendered":"https:\/\/teixitsvicens.com\/?post_type=product&#038;p=37946"},"modified":"2025-11-19T10:51:12","modified_gmt":"2025-11-19T09:51:12","slug":"guirnalda-estrella-ikat-verde","status":"publish","type":"product","link":"https:\/\/teixitsvicens.com\/es\/producto\/otros-productos-y-regalos\/guirnaldas-decorativas\/guirnalda-estrella-ikat-verde\/","title":{"rendered":"Guirnalda Estrella ikat Verde"},"content":{"rendered":"<p data-start=\"251\" data-end=\"566\">Decora tus espacios con la calidez y autenticidad de nuestra <strong data-start=\"312\" data-end=\"345\">guirnalda de tela mallorquina<\/strong>,<\/p>\n<p data-start=\"251\" data-end=\"566\">confeccionada con el tradicional tejido <em data-start=\"387\" data-end=\"393\">ikat<\/em> o <em data-start=\"396\" data-end=\"406\">lleng\u00fces<\/em>, un emblema de la artesan\u00eda de Mallorca.<\/p>\n<p data-start=\"251\" data-end=\"566\">Cada pieza est\u00e1 realizada a mano, preservando t\u00e9cnicas centenarias que combinan historia, color<\/p>\n<p data-start=\"251\" data-end=\"566\">y dise\u00f1o mediterr\u00e1neo.<\/p>\n<p data-start=\"568\" data-end=\"841\">Perfecta para <strong data-start=\"582\" data-end=\"656\">dar un toque especial a salones, dormitorios, entradas o celebraciones<\/strong>,<\/p>\n<p data-start=\"568\" data-end=\"841\">esta guirnalda a\u00f1ade un aire artesanal y elegante a cualquier ambiente.<\/p>\n<p data-start=\"568\" data-end=\"841\">Su ligereza y resistencia permiten colocarla f\u00e1cilmente en paredes, ventanas, estanter\u00edas o \u00e1rboles de Navidad.<\/p>\n<p data-start=\"843\" data-end=\"974\">Un detalle decorativo \u00fanico que une tradici\u00f3n, encanto y estilo, ideal para quienes buscan piezas con alma<\/p>\n<p data-start=\"843\" data-end=\"974\">y car\u00e1cter mediterr\u00e1neo.<\/p>\n","protected":false},"excerpt":{"rendered":"<p>Decora tus espacios con la calidez y autenticidad de nuestra guirnalda de tela mallorquina, confeccionada con el tradicional tejido ikat&#8230;<\/p>\n","protected":false},"featured_media":37947,"comment_status":"closed","ping_status":"closed","template":"","meta":[],"product_brand":[],"product_cat":[1584],"product_tag":[],"class_list":{"0":"post-37946","1":"product","2":"type-product","3":"status-publish","4":"has-post-thumbnail","6":"product_cat-guirnaldas-decorativas","8":"first","9":"instock","10":"shipping-taxable","11":"purchasable","12":"product-type-simple"},"yoast_head":"<!-- This site is optimized with the Yoast SEO plugin v27.0 - https:\/\/yoast.com\/product\/yoast-seo-wordpress\/ -->\n<title>Guirnalda Estrella ikat Verde | Teixits Vicens<\/title>\n<meta name=\"robots\" content=\"index, follow, max-snippet:-1, max-image-preview:large, max-video-preview:-1\" \/>\n<link rel=\"canonical\" href=\"https:\/\/teixitsvicens.com\/es\/producto\/otros-productos-y-regalos\/guirnaldas-decorativas\/guirnalda-estrella-ikat-verde\/\" \/>\n<meta property=\"og:locale\" content=\"es_ES\" \/>\n<meta property=\"og:type\" content=\"article\" \/>\n<meta property=\"og:title\" content=\"Guirnalda Estrella ikat Verde | Teixits Vicens\" \/>\n<meta property=\"og:description\" content=\"Decora tus espacios con la calidez y autenticidad de nuestra guirnalda de tela mallorquina, confeccionada con el tradicional tejido ikat...\" \/>\n<meta property=\"og:url\" content=\"https:\/\/teixitsvicens.com\/es\/producto\/otros-productos-y-regalos\/guirnaldas-decorativas\/guirnalda-estrella-ikat-verde\/\" \/>\n<meta property=\"og:site_name\" content=\"Teixits Vicens\" \/>\n<meta property=\"article:publisher\" content=\"https:\/\/www.facebook.com\/TeixitsVicens\/\" \/>\n<meta property=\"og:image\" content=\"https:\/\/teixitsvicens.com\/wp-content\/uploads\/2025\/11\/Estrella-guirnalda-ikat-verd.jpg\" \/>\n\t<meta property=\"og:image:width\" content=\"1200\" \/>\n\t<meta property=\"og:image:height\" content=\"1800\" \/>\n\t<meta property=\"og:image:type\" content=\"image\/jpeg\" \/>\n<meta name=\"twitter:card\" content=\"summary_large_image\" \/>\n<meta name=\"twitter:label1\" content=\"Est. reading time\" \/>\n\t<meta name=\"twitter:data1\" content=\"1 minute\" \/>\n<!-- \/ Yoast SEO plugin. -->","yoast_head_json":{"title":"Guirnalda Estrella ikat Verde | Teixits Vicens","robots":{"index":"index","follow":"follow","max-snippet":"max-snippet:-1","max-image-preview":"max-image-preview:large","max-video-preview":"max-video-preview:-1"},"canonical":"https:\/\/teixitsvicens.com\/es\/producto\/otros-productos-y-regalos\/guirnaldas-decorativas\/guirnalda-estrella-ikat-verde\/","og_locale":"es_ES","og_type":"article","og_title":"Guirnalda Estrella ikat Verde | Teixits Vicens","og_description":"Decora tus espacios con la calidez y autenticidad de nuestra guirnalda de tela mallorquina, confeccionada con el tradicional tejido ikat...","og_url":"https:\/\/teixitsvicens.com\/es\/producto\/otros-productos-y-regalos\/guirnaldas-decorativas\/guirnalda-estrella-ikat-verde\/","og_site_name":"Teixits Vicens","article_publisher":"https:\/\/www.facebook.com\/TeixitsVicens\/","og_image":[{"width":1200,"height":1800,"url":"https:\/\/teixitsvicens.com\/wp-content\/uploads\/2025\/11\/Estrella-guirnalda-ikat-verd.jpg","type":"image\/jpeg"}],"twitter_card":"summary_large_image","twitter_misc":{"Est. reading time":"1 minute"},"schema":{"@context":"https:\/\/schema.org","@graph":[{"@type":"WebPage","@id":"https:\/\/teixitsvicens.com\/es\/producto\/otros-productos-y-regalos\/guirnaldas-decorativas\/guirnalda-estrella-ikat-verde\/","url":"https:\/\/teixitsvicens.com\/es\/producto\/otros-productos-y-regalos\/guirnaldas-decorativas\/guirnalda-estrella-ikat-verde\/","name":"Guirnalda Estrella ikat Verde | Teixits Vicens","isPartOf":{"@id":"https:\/\/teixitsvicens.com\/es\/#website"},"primaryImageOfPage":{"@id":"https:\/\/teixitsvicens.com\/es\/producto\/otros-productos-y-regalos\/guirnaldas-decorativas\/guirnalda-estrella-ikat-verde\/#primaryimage"},"image":{"@id":"https:\/\/teixitsvicens.com\/es\/producto\/otros-productos-y-regalos\/guirnaldas-decorativas\/guirnalda-estrella-ikat-verde\/#primaryimage"},"thumbnailUrl":"https:\/\/teixitsvicens.com\/wp-content\/uploads\/2025\/11\/Estrella-guirnalda-ikat-verd.jpg","datePublished":"2025-11-19T09:51:12+00:00","breadcrumb":{"@id":"https:\/\/teixitsvicens.com\/es\/producto\/otros-productos-y-regalos\/guirnaldas-decorativas\/guirnalda-estrella-ikat-verde\/#breadcrumb"},"inLanguage":"es","potentialAction":[{"@type":"ReadAction","target":["https:\/\/teixitsvicens.com\/es\/producto\/otros-productos-y-regalos\/guirnaldas-decorativas\/guirnalda-estrella-ikat-verde\/"]}]},{"@type":"ImageObject","inLanguage":"es","@id":"https:\/\/teixitsvicens.com\/es\/producto\/otros-productos-y-regalos\/guirnaldas-decorativas\/guirnalda-estrella-ikat-verde\/#primaryimage","url":"https:\/\/teixitsvicens.com\/wp-content\/uploads\/2025\/11\/Estrella-guirnalda-ikat-verd.jpg","contentUrl":"https:\/\/teixitsvicens.com\/wp-content\/uploads\/2025\/11\/Estrella-guirnalda-ikat-verd.jpg","width":1200,"height":1800},{"@type":"BreadcrumbList","@id":"https:\/\/teixitsvicens.com\/es\/producto\/otros-productos-y-regalos\/guirnaldas-decorativas\/guirnalda-estrella-ikat-verde\/#breadcrumb","itemListElement":[{"@type":"ListItem","position":1,"name":"Inici","item":"https:\/\/teixitsvicens.com\/es\/home\/"},{"@type":"ListItem","position":2,"name":"Tienda","item":"https:\/\/teixitsvicens.com\/es\/tienda\/"},{"@type":"ListItem","position":3,"name":"Guirnalda Estrella ikat Verde"}]},{"@type":"WebSite","@id":"https:\/\/teixitsvicens.com\/es\/#website","url":"https:\/\/teixitsvicens.com\/es\/","name":"Teixits Vicens","description":"Taller textil artesano","publisher":{"@id":"https:\/\/teixitsvicens.com\/es\/#organization"},"alternateName":"Teixits Vicens","potentialAction":[{"@type":"SearchAction","target":{"@type":"EntryPoint","urlTemplate":"https:\/\/teixitsvicens.com\/es\/?s={search_term_string}"},"query-input":{"@type":"PropertyValueSpecification","valueRequired":true,"valueName":"search_term_string"}}],"inLanguage":"es"},{"@type":"Organization","@id":"https:\/\/teixitsvicens.com\/es\/#organization","name":"Teixits Vicens","url":"https:\/\/teixitsvicens.com\/es\/","logo":{"@type":"ImageObject","inLanguage":"es","@id":"https:\/\/teixitsvicens.com\/es\/#\/schema\/logo\/image\/","url":"https:\/\/teixitsvicens.com\/wp-content\/uploads\/2025\/10\/logo-teixits-vicents.png","contentUrl":"https:\/\/teixitsvicens.com\/wp-content\/uploads\/2025\/10\/logo-teixits-vicents.png","width":629,"height":131,"caption":"Teixits Vicens"},"image":{"@id":"https:\/\/teixitsvicens.com\/es\/#\/schema\/logo\/image\/"},"sameAs":["https:\/\/www.facebook.com\/TeixitsVicens\/","https:\/\/www.instagram.com\/teixitsvicens\/"]}]}},"_links":{"self":[{"href":"https:\/\/teixitsvicens.com\/es\/wp-json\/wp\/v2\/product\/37946","targetHints":{"allow":["GET"]}}],"collection":[{"href":"https:\/\/teixitsvicens.com\/es\/wp-json\/wp\/v2\/product"}],"about":[{"href":"https:\/\/teixitsvicens.com\/es\/wp-json\/wp\/v2\/types\/product"}],"replies":[{"embeddable":true,"href":"https:\/\/teixitsvicens.com\/es\/wp-json\/wp\/v2\/comments?post=37946"}],"wp:featuredmedia":[{"embeddable":true,"href":"https:\/\/teixitsvicens.com\/es\/wp-json\/wp\/v2\/media\/37947"}],"wp:attachment":[{"href":"https:\/\/teixitsvicens.com\/es\/wp-json\/wp\/v2\/media?parent=37946"}],"wp:term":[{"taxonomy":"product_brand","embeddable":true,"href":"https:\/\/teixitsvicens.com\/es\/wp-json\/wp\/v2\/product_brand?post=37946"},{"taxonomy":"product_cat","embeddable":true,"href":"https:\/\/teixitsvicens.com\/es\/wp-json\/wp\/v2\/product_cat?post=37946"},{"taxonomy":"product_tag","embeddable":true,"href":"https:\/\/teixitsvicens.com\/es\/wp-json\/wp\/v2\/product_tag?post=37946"}],"curies":[{"name":"wp","href":"https:\/\/api.w.org\/{rel}","templated":true}]}}