{"id":37911,"date":"2025-11-18T19:50:25","date_gmt":"2025-11-18T18:50:25","guid":{"rendered":"https:\/\/teixitsvicens.com\/?post_type=product&#038;p=37911"},"modified":"2025-11-19T09:29:48","modified_gmt":"2025-11-19T08:29:48","slug":"pouf-redondo-tela-mallorquina-225-verde-oliva","status":"publish","type":"product","link":"https:\/\/teixitsvicens.com\/es\/producto\/decoracion\/pouff\/pouf-redondo-tela-mallorquina-225-verde-oliva\/","title":{"rendered":"Pouf redondo tela Mallorquina 225 Verde Oliva"},"content":{"rendered":"<p data-start=\"243\" data-end=\"528\">Aporta car\u00e1cter mediterr\u00e1neo a tu hogar con nuestro <strong data-start=\"295\" data-end=\"344\">pouf elaborado con aut\u00e9ntica tela mallorquina<\/strong>.<\/p>\n<p data-start=\"243\" data-end=\"528\">Cada pieza est\u00e1 confeccionada a mano utilizando la tradicional t\u00e9cnica <em data-start=\"417\" data-end=\"423\">ikat<\/em> o <em data-start=\"426\" data-end=\"436\">lleng\u00fces<\/em>, un dise\u00f1o emblem\u00e1tico<\/p>\n<p data-start=\"243\" data-end=\"528\">de la artesan\u00eda de Mallorca que combina historia, color y elegancia.<\/p>\n<p data-start=\"530\" data-end=\"879\">Su estructura robusta y su relleno c\u00f3modo lo convierten en un elemento perfecto como <strong data-start=\"615\" data-end=\"635\">asiento auxiliar<\/strong>,<\/p>\n<p data-start=\"530\" data-end=\"879\"><strong data-start=\"637\" data-end=\"651\">reposapi\u00e9s<\/strong> o <strong data-start=\"654\" data-end=\"676\">detalle decorativo<\/strong> en cualquier espacio. Gracias a la resistencia y calidad del tejido artesanal,<\/p>\n<p data-start=\"530\" data-end=\"879\">este pouf es ideal tanto para uso diario como para a\u00f1adir un toque distintivo a salones, dormitorios o terrazas interiores.<\/p>\n<p data-start=\"881\" data-end=\"992\">Dise\u00f1o \u00fanico, materiales nobles y tradici\u00f3n mediterr\u00e1nea unidos en una pieza que transforma cualquier ambiente.<\/p>\n","protected":false},"excerpt":{"rendered":"<p>Este producto est\u00e1 <strong>disponible solo bajo pedido<\/strong>.<br \/>\nSi le interesa, puede comunicarse con nosotros por tel\u00e9fono o email, y le responderemos lo antes posible.<\/p>\n<p><a href=\"tel:+34%20971%20530%20450\">+34 971 530 450<\/a><br \/>\n<a href=\"mailto:info@teixitsvicens.com\">info@teixitsvicens.com<\/a><\/p>\n","protected":false},"featured_media":37912,"comment_status":"closed","ping_status":"closed","template":"","meta":[],"product_brand":[],"product_cat":[700],"product_tag":[],"class_list":{"0":"post-37911","1":"product","2":"type-product","3":"status-publish","4":"has-post-thumbnail","6":"product_cat-pouff","8":"first","9":"outofstock","10":"shipping-taxable","11":"purchasable","12":"product-type-variable"},"yoast_head":"<!-- This site is optimized with the Yoast SEO plugin v27.0 - https:\/\/yoast.com\/product\/yoast-seo-wordpress\/ -->\n<title>Pouf redondo tela Mallorquina 225 Verde Oliva | Teixits Vicens<\/title>\n<meta name=\"robots\" content=\"index, follow, max-snippet:-1, max-image-preview:large, max-video-preview:-1\" \/>\n<link rel=\"canonical\" href=\"https:\/\/teixitsvicens.com\/es\/producto\/decoracion\/pouff\/pouf-redondo-tela-mallorquina-225-verde-oliva\/\" \/>\n<meta property=\"og:locale\" content=\"es_ES\" \/>\n<meta property=\"og:type\" content=\"article\" \/>\n<meta property=\"og:title\" content=\"Pouf redondo tela Mallorquina 225 Verde Oliva | Teixits Vicens\" \/>\n<meta property=\"og:description\" content=\"Este producto est\u00e1 disponible solo bajo pedido. Si le interesa, puede comunicarse con nosotros por tel\u00e9fono o email, y le responderemos lo antes posible.  +34 971 530 450 info@teixitsvicens.com\" \/>\n<meta property=\"og:url\" content=\"https:\/\/teixitsvicens.com\/es\/producto\/decoracion\/pouff\/pouf-redondo-tela-mallorquina-225-verde-oliva\/\" \/>\n<meta property=\"og:site_name\" content=\"Teixits Vicens\" \/>\n<meta property=\"article:publisher\" content=\"https:\/\/www.facebook.com\/TeixitsVicens\/\" \/>\n<meta property=\"article:modified_time\" content=\"2025-11-19T08:29:48+00:00\" \/>\n<meta property=\"og:image\" content=\"https:\/\/teixitsvicens.com\/wp-content\/uploads\/2025\/11\/Pouf-tela-mallorquina-redondo-683x1024.jpg\" \/>\n\t<meta property=\"og:image:width\" content=\"683\" \/>\n\t<meta property=\"og:image:height\" content=\"1024\" \/>\n\t<meta property=\"og:image:type\" content=\"image\/jpeg\" \/>\n<meta name=\"twitter:card\" content=\"summary_large_image\" \/>\n<meta name=\"twitter:label1\" content=\"Est. reading time\" \/>\n\t<meta name=\"twitter:data1\" content=\"1 minute\" \/>\n<!-- \/ Yoast SEO plugin. -->","yoast_head_json":{"title":"Pouf redondo tela Mallorquina 225 Verde Oliva | Teixits Vicens","robots":{"index":"index","follow":"follow","max-snippet":"max-snippet:-1","max-image-preview":"max-image-preview:large","max-video-preview":"max-video-preview:-1"},"canonical":"https:\/\/teixitsvicens.com\/es\/producto\/decoracion\/pouff\/pouf-redondo-tela-mallorquina-225-verde-oliva\/","og_locale":"es_ES","og_type":"article","og_title":"Pouf redondo tela Mallorquina 225 Verde Oliva | Teixits Vicens","og_description":"Este producto est\u00e1 disponible solo bajo pedido. Si le interesa, puede comunicarse con nosotros por tel\u00e9fono o email, y le responderemos lo antes posible.  +34 971 530 450 info@teixitsvicens.com","og_url":"https:\/\/teixitsvicens.com\/es\/producto\/decoracion\/pouff\/pouf-redondo-tela-mallorquina-225-verde-oliva\/","og_site_name":"Teixits Vicens","article_publisher":"https:\/\/www.facebook.com\/TeixitsVicens\/","article_modified_time":"2025-11-19T08:29:48+00:00","og_image":[{"width":683,"height":1024,"url":"https:\/\/teixitsvicens.com\/wp-content\/uploads\/2025\/11\/Pouf-tela-mallorquina-redondo-683x1024.jpg","type":"image\/jpeg"}],"twitter_card":"summary_large_image","twitter_misc":{"Est. reading time":"1 minute"},"schema":{"@context":"https:\/\/schema.org","@graph":[{"@type":"WebPage","@id":"https:\/\/teixitsvicens.com\/es\/producto\/decoracion\/pouff\/pouf-redondo-tela-mallorquina-225-verde-oliva\/","url":"https:\/\/teixitsvicens.com\/es\/producto\/decoracion\/pouff\/pouf-redondo-tela-mallorquina-225-verde-oliva\/","name":"Pouf redondo tela Mallorquina 225 Verde Oliva | Teixits Vicens","isPartOf":{"@id":"https:\/\/teixitsvicens.com\/es\/#website"},"primaryImageOfPage":{"@id":"https:\/\/teixitsvicens.com\/es\/producto\/decoracion\/pouff\/pouf-redondo-tela-mallorquina-225-verde-oliva\/#primaryimage"},"image":{"@id":"https:\/\/teixitsvicens.com\/es\/producto\/decoracion\/pouff\/pouf-redondo-tela-mallorquina-225-verde-oliva\/#primaryimage"},"thumbnailUrl":"https:\/\/teixitsvicens.com\/wp-content\/uploads\/2025\/11\/Pouf-tela-mallorquina-redondo.jpg","datePublished":"2025-11-18T18:50:25+00:00","dateModified":"2025-11-19T08:29:48+00:00","breadcrumb":{"@id":"https:\/\/teixitsvicens.com\/es\/producto\/decoracion\/pouff\/pouf-redondo-tela-mallorquina-225-verde-oliva\/#breadcrumb"},"inLanguage":"es","potentialAction":[{"@type":"ReadAction","target":["https:\/\/teixitsvicens.com\/es\/producto\/decoracion\/pouff\/pouf-redondo-tela-mallorquina-225-verde-oliva\/"]}]},{"@type":"ImageObject","inLanguage":"es","@id":"https:\/\/teixitsvicens.com\/es\/producto\/decoracion\/pouff\/pouf-redondo-tela-mallorquina-225-verde-oliva\/#primaryimage","url":"https:\/\/teixitsvicens.com\/wp-content\/uploads\/2025\/11\/Pouf-tela-mallorquina-redondo.jpg","contentUrl":"https:\/\/teixitsvicens.com\/wp-content\/uploads\/2025\/11\/Pouf-tela-mallorquina-redondo.jpg","width":1200,"height":1800},{"@type":"BreadcrumbList","@id":"https:\/\/teixitsvicens.com\/es\/producto\/decoracion\/pouff\/pouf-redondo-tela-mallorquina-225-verde-oliva\/#breadcrumb","itemListElement":[{"@type":"ListItem","position":1,"name":"Inici","item":"https:\/\/teixitsvicens.com\/es\/home\/"},{"@type":"ListItem","position":2,"name":"Tienda","item":"https:\/\/teixitsvicens.com\/es\/tienda\/"},{"@type":"ListItem","position":3,"name":"Pouf redondo tela Mallorquina 225 Verde Oliva"}]},{"@type":"WebSite","@id":"https:\/\/teixitsvicens.com\/es\/#website","url":"https:\/\/teixitsvicens.com\/es\/","name":"Teixits Vicens","description":"Taller textil artesano","publisher":{"@id":"https:\/\/teixitsvicens.com\/es\/#organization"},"alternateName":"Teixits Vicens","potentialAction":[{"@type":"SearchAction","target":{"@type":"EntryPoint","urlTemplate":"https:\/\/teixitsvicens.com\/es\/?s={search_term_string}"},"query-input":{"@type":"PropertyValueSpecification","valueRequired":true,"valueName":"search_term_string"}}],"inLanguage":"es"},{"@type":"Organization","@id":"https:\/\/teixitsvicens.com\/es\/#organization","name":"Teixits Vicens","url":"https:\/\/teixitsvicens.com\/es\/","logo":{"@type":"ImageObject","inLanguage":"es","@id":"https:\/\/teixitsvicens.com\/es\/#\/schema\/logo\/image\/","url":"https:\/\/teixitsvicens.com\/wp-content\/uploads\/2025\/10\/logo-teixits-vicents.png","contentUrl":"https:\/\/teixitsvicens.com\/wp-content\/uploads\/2025\/10\/logo-teixits-vicents.png","width":629,"height":131,"caption":"Teixits Vicens"},"image":{"@id":"https:\/\/teixitsvicens.com\/es\/#\/schema\/logo\/image\/"},"sameAs":["https:\/\/www.facebook.com\/TeixitsVicens\/","https:\/\/www.instagram.com\/teixitsvicens\/"]}]}},"_links":{"self":[{"href":"https:\/\/teixitsvicens.com\/es\/wp-json\/wp\/v2\/product\/37911","targetHints":{"allow":["GET"]}}],"collection":[{"href":"https:\/\/teixitsvicens.com\/es\/wp-json\/wp\/v2\/product"}],"about":[{"href":"https:\/\/teixitsvicens.com\/es\/wp-json\/wp\/v2\/types\/product"}],"replies":[{"embeddable":true,"href":"https:\/\/teixitsvicens.com\/es\/wp-json\/wp\/v2\/comments?post=37911"}],"wp:featuredmedia":[{"embeddable":true,"href":"https:\/\/teixitsvicens.com\/es\/wp-json\/wp\/v2\/media\/37912"}],"wp:attachment":[{"href":"https:\/\/teixitsvicens.com\/es\/wp-json\/wp\/v2\/media?parent=37911"}],"wp:term":[{"taxonomy":"product_brand","embeddable":true,"href":"https:\/\/teixitsvicens.com\/es\/wp-json\/wp\/v2\/product_brand?post=37911"},{"taxonomy":"product_cat","embeddable":true,"href":"https:\/\/teixitsvicens.com\/es\/wp-json\/wp\/v2\/product_cat?post=37911"},{"taxonomy":"product_tag","embeddable":true,"href":"https:\/\/teixitsvicens.com\/es\/wp-json\/wp\/v2\/product_tag?post=37911"}],"curies":[{"name":"wp","href":"https:\/\/api.w.org\/{rel}","templated":true}]}}