{"id":37718,"date":"2025-10-29T12:25:24","date_gmt":"2025-10-29T11:25:24","guid":{"rendered":"https:\/\/teixitsvicens.com\/?post_type=product&#038;p=37718"},"modified":"2025-10-29T12:25:25","modified_gmt":"2025-10-29T11:25:25","slug":"bolsa-fruncida-tela-mallorquina-ikat-61-negro","status":"publish","type":"product","link":"https:\/\/teixitsvicens.com\/es\/producto\/bolsos\/bolsa-fruncida\/bolsa-fruncida-tela-mallorquina-ikat-61-negro\/","title":{"rendered":"Bolsa fruncida tela Mallorquina ikat 61 Negro"},"content":{"rendered":"<p>Bolsa fruncida de tela de lenguas mallorquina, confeccionada a mano.<\/p>\n<p>El complemento ideal para la temporada primavera-verano.<\/p>\n<p>Es el tama\u00f1o perfecto para que sea f\u00e1cil de transportar y muy \u00fatil, ya que podemos llevar muchas cosas dentro.<\/p>\n<p>Tiene dos asas medianas para poder llevarla colgada del hombro.<\/p>\n","protected":false},"excerpt":{"rendered":"<p>036 x 037 x 015 cm<\/p>\n","protected":false},"featured_media":37720,"comment_status":"closed","ping_status":"closed","template":"","meta":[],"product_brand":[],"product_cat":[813],"product_tag":[],"class_list":{"0":"post-37718","1":"product","2":"type-product","3":"status-publish","4":"has-post-thumbnail","6":"product_cat-bolsa-fruncida","8":"first","9":"instock","10":"shipping-taxable","11":"purchasable","12":"product-type-simple"},"yoast_head":"<!-- This site is optimized with the Yoast SEO plugin v27.0 - https:\/\/yoast.com\/product\/yoast-seo-wordpress\/ -->\n<title>Bolsa fruncida tela Mallorquina ikat 61 Negro | Teixits Vicens<\/title>\n<meta name=\"robots\" content=\"index, follow, max-snippet:-1, max-image-preview:large, max-video-preview:-1\" \/>\n<link rel=\"canonical\" href=\"https:\/\/teixitsvicens.com\/es\/producto\/bolsos\/bolsa-fruncida\/bolsa-fruncida-tela-mallorquina-ikat-61-negro\/\" \/>\n<meta property=\"og:locale\" content=\"es_ES\" \/>\n<meta property=\"og:type\" content=\"article\" \/>\n<meta property=\"og:title\" content=\"Bolsa fruncida tela Mallorquina ikat 61 Negro | Teixits Vicens\" \/>\n<meta property=\"og:description\" content=\"036 x 037 x 015 cm\" \/>\n<meta property=\"og:url\" content=\"https:\/\/teixitsvicens.com\/es\/producto\/bolsos\/bolsa-fruncida\/bolsa-fruncida-tela-mallorquina-ikat-61-negro\/\" \/>\n<meta property=\"og:site_name\" content=\"Teixits Vicens\" \/>\n<meta property=\"article:publisher\" content=\"https:\/\/www.facebook.com\/TeixitsVicens\/\" \/>\n<meta property=\"article:modified_time\" content=\"2025-10-29T11:25:25+00:00\" \/>\n<meta property=\"og:image\" content=\"https:\/\/teixitsvicens.com\/wp-content\/uploads\/2025\/10\/BOLSO-FRUNCIT-TELA-MALLORQUINA-IKAT-61-NEGRE.jpg\" \/>\n\t<meta property=\"og:image:width\" content=\"900\" \/>\n\t<meta property=\"og:image:height\" content=\"1350\" \/>\n\t<meta property=\"og:image:type\" content=\"image\/jpeg\" \/>\n<meta name=\"twitter:card\" content=\"summary_large_image\" \/>\n<meta name=\"twitter:label1\" content=\"Est. reading time\" \/>\n\t<meta name=\"twitter:data1\" content=\"1 minute\" \/>\n<!-- \/ Yoast SEO plugin. -->","yoast_head_json":{"title":"Bolsa fruncida tela Mallorquina ikat 61 Negro | Teixits Vicens","robots":{"index":"index","follow":"follow","max-snippet":"max-snippet:-1","max-image-preview":"max-image-preview:large","max-video-preview":"max-video-preview:-1"},"canonical":"https:\/\/teixitsvicens.com\/es\/producto\/bolsos\/bolsa-fruncida\/bolsa-fruncida-tela-mallorquina-ikat-61-negro\/","og_locale":"es_ES","og_type":"article","og_title":"Bolsa fruncida tela Mallorquina ikat 61 Negro | Teixits Vicens","og_description":"036 x 037 x 015 cm","og_url":"https:\/\/teixitsvicens.com\/es\/producto\/bolsos\/bolsa-fruncida\/bolsa-fruncida-tela-mallorquina-ikat-61-negro\/","og_site_name":"Teixits Vicens","article_publisher":"https:\/\/www.facebook.com\/TeixitsVicens\/","article_modified_time":"2025-10-29T11:25:25+00:00","og_image":[{"width":900,"height":1350,"url":"https:\/\/teixitsvicens.com\/wp-content\/uploads\/2025\/10\/BOLSO-FRUNCIT-TELA-MALLORQUINA-IKAT-61-NEGRE.jpg","type":"image\/jpeg"}],"twitter_card":"summary_large_image","twitter_misc":{"Est. reading time":"1 minute"},"schema":{"@context":"https:\/\/schema.org","@graph":[{"@type":"WebPage","@id":"https:\/\/teixitsvicens.com\/es\/producto\/bolsos\/bolsa-fruncida\/bolsa-fruncida-tela-mallorquina-ikat-61-negro\/","url":"https:\/\/teixitsvicens.com\/es\/producto\/bolsos\/bolsa-fruncida\/bolsa-fruncida-tela-mallorquina-ikat-61-negro\/","name":"Bolsa fruncida tela Mallorquina ikat 61 Negro | Teixits Vicens","isPartOf":{"@id":"https:\/\/teixitsvicens.com\/es\/#website"},"primaryImageOfPage":{"@id":"https:\/\/teixitsvicens.com\/es\/producto\/bolsos\/bolsa-fruncida\/bolsa-fruncida-tela-mallorquina-ikat-61-negro\/#primaryimage"},"image":{"@id":"https:\/\/teixitsvicens.com\/es\/producto\/bolsos\/bolsa-fruncida\/bolsa-fruncida-tela-mallorquina-ikat-61-negro\/#primaryimage"},"thumbnailUrl":"https:\/\/teixitsvicens.com\/wp-content\/uploads\/2025\/10\/BOLSO-FRUNCIT-TELA-MALLORQUINA-IKAT-61-NEGRE.jpg","datePublished":"2025-10-29T11:25:24+00:00","dateModified":"2025-10-29T11:25:25+00:00","breadcrumb":{"@id":"https:\/\/teixitsvicens.com\/es\/producto\/bolsos\/bolsa-fruncida\/bolsa-fruncida-tela-mallorquina-ikat-61-negro\/#breadcrumb"},"inLanguage":"es","potentialAction":[{"@type":"ReadAction","target":["https:\/\/teixitsvicens.com\/es\/producto\/bolsos\/bolsa-fruncida\/bolsa-fruncida-tela-mallorquina-ikat-61-negro\/"]}]},{"@type":"ImageObject","inLanguage":"es","@id":"https:\/\/teixitsvicens.com\/es\/producto\/bolsos\/bolsa-fruncida\/bolsa-fruncida-tela-mallorquina-ikat-61-negro\/#primaryimage","url":"https:\/\/teixitsvicens.com\/wp-content\/uploads\/2025\/10\/BOLSO-FRUNCIT-TELA-MALLORQUINA-IKAT-61-NEGRE.jpg","contentUrl":"https:\/\/teixitsvicens.com\/wp-content\/uploads\/2025\/10\/BOLSO-FRUNCIT-TELA-MALLORQUINA-IKAT-61-NEGRE.jpg","width":900,"height":1350},{"@type":"BreadcrumbList","@id":"https:\/\/teixitsvicens.com\/es\/producto\/bolsos\/bolsa-fruncida\/bolsa-fruncida-tela-mallorquina-ikat-61-negro\/#breadcrumb","itemListElement":[{"@type":"ListItem","position":1,"name":"Inici","item":"https:\/\/teixitsvicens.com\/es\/home\/"},{"@type":"ListItem","position":2,"name":"Tienda","item":"https:\/\/teixitsvicens.com\/es\/tienda\/"},{"@type":"ListItem","position":3,"name":"Bolsa fruncida tela Mallorquina ikat 61 Negro"}]},{"@type":"WebSite","@id":"https:\/\/teixitsvicens.com\/es\/#website","url":"https:\/\/teixitsvicens.com\/es\/","name":"Teixits Vicens","description":"Taller textil artesano","publisher":{"@id":"https:\/\/teixitsvicens.com\/es\/#organization"},"alternateName":"Teixits Vicens","potentialAction":[{"@type":"SearchAction","target":{"@type":"EntryPoint","urlTemplate":"https:\/\/teixitsvicens.com\/es\/?s={search_term_string}"},"query-input":{"@type":"PropertyValueSpecification","valueRequired":true,"valueName":"search_term_string"}}],"inLanguage":"es"},{"@type":"Organization","@id":"https:\/\/teixitsvicens.com\/es\/#organization","name":"Teixits Vicens","url":"https:\/\/teixitsvicens.com\/es\/","logo":{"@type":"ImageObject","inLanguage":"es","@id":"https:\/\/teixitsvicens.com\/es\/#\/schema\/logo\/image\/","url":"https:\/\/teixitsvicens.com\/wp-content\/uploads\/2025\/10\/logo-teixits-vicents.png","contentUrl":"https:\/\/teixitsvicens.com\/wp-content\/uploads\/2025\/10\/logo-teixits-vicents.png","width":629,"height":131,"caption":"Teixits Vicens"},"image":{"@id":"https:\/\/teixitsvicens.com\/es\/#\/schema\/logo\/image\/"},"sameAs":["https:\/\/www.facebook.com\/TeixitsVicens\/","https:\/\/www.instagram.com\/teixitsvicens\/"]}]}},"_links":{"self":[{"href":"https:\/\/teixitsvicens.com\/es\/wp-json\/wp\/v2\/product\/37718","targetHints":{"allow":["GET"]}}],"collection":[{"href":"https:\/\/teixitsvicens.com\/es\/wp-json\/wp\/v2\/product"}],"about":[{"href":"https:\/\/teixitsvicens.com\/es\/wp-json\/wp\/v2\/types\/product"}],"replies":[{"embeddable":true,"href":"https:\/\/teixitsvicens.com\/es\/wp-json\/wp\/v2\/comments?post=37718"}],"wp:featuredmedia":[{"embeddable":true,"href":"https:\/\/teixitsvicens.com\/es\/wp-json\/wp\/v2\/media\/37720"}],"wp:attachment":[{"href":"https:\/\/teixitsvicens.com\/es\/wp-json\/wp\/v2\/media?parent=37718"}],"wp:term":[{"taxonomy":"product_brand","embeddable":true,"href":"https:\/\/teixitsvicens.com\/es\/wp-json\/wp\/v2\/product_brand?post=37718"},{"taxonomy":"product_cat","embeddable":true,"href":"https:\/\/teixitsvicens.com\/es\/wp-json\/wp\/v2\/product_cat?post=37718"},{"taxonomy":"product_tag","embeddable":true,"href":"https:\/\/teixitsvicens.com\/es\/wp-json\/wp\/v2\/product_tag?post=37718"}],"curies":[{"name":"wp","href":"https:\/\/api.w.org\/{rel}","templated":true}]}}