{"id":37675,"date":"2025-10-20T08:25:56","date_gmt":"2025-10-20T06:25:56","guid":{"rendered":"https:\/\/teixitsvicens.com\/?post_type=product&#038;p=37675"},"modified":"2025-10-23T18:34:36","modified_gmt":"2025-10-23T16:34:36","slug":"bolso-medialuna-tela-mallorquina-61-negro","status":"publish","type":"product","link":"https:\/\/teixitsvicens.com\/es\/producto\/bolsos\/bolso-medialuna-de-tela-mallorquina\/bolso-medialuna-tela-mallorquina-61-negro\/","title":{"rendered":"Bolso medialuna tela mallorquina 61 negro"},"content":{"rendered":"<p data-start=\"238\" data-end=\"314\"><strong data-start=\"238\" data-end=\"314\">Bolso Medialuna de Tela Mallorquina \u2013 Artesan\u00eda con Encanto Mediterr\u00e1neo<\/strong><\/p>\n<p data-start=\"316\" data-end=\"564\">Este bolso tipo medialuna est\u00e1 confeccionado a mano con aut\u00e9ntica tela mallorquina, tambi\u00e9n conocida como &#8220;lleng\u00fces&#8221;, un tejido tradicional de la isla que destaca por sus vibrantes colores y su caracter\u00edstico estampado en forma de lenguas de fuego.<\/p>\n<p data-start=\"566\" data-end=\"830\">De dise\u00f1o c\u00f3modo y ligero, su forma semicircular se adapta perfectamente al cuerpo, convirti\u00e9ndolo en el complemento ideal para el d\u00eda a d\u00eda. Cuenta con cierre de cremallera y forro interior, y su asa regulable permite llevarlo al hombro o cruzado seg\u00fan tu estilo.<\/p>\n<p data-start=\"832\" data-end=\"948\">Cada pieza es \u00fanica, elaborada con cari\u00f1o en talleres locales, combinando tradici\u00f3n textil con dise\u00f1o contempor\u00e1neo.<\/p>\n<p data-start=\"950\" data-end=\"970\"><strong data-start=\"950\" data-end=\"970\">Caracter\u00edsticas:<\/strong><\/p>\n<ul data-start=\"971\" data-end=\"1147\">\n<li data-start=\"971\" data-end=\"1012\">\n<p data-start=\"973\" data-end=\"1012\">Material: Tela mallorquina 100% algod\u00f3n<\/p>\n<\/li>\n<li data-start=\"1013\" data-end=\"1040\">\n<p data-start=\"1015\" data-end=\"1040\">Forro interior de algod\u00f3n<\/p>\n<\/li>\n<li data-start=\"1041\" data-end=\"1064\">\n<p data-start=\"1043\" data-end=\"1064\">Cierre con cremallera<\/p>\n<\/li>\n<li data-start=\"1065\" data-end=\"1080\">\n<p data-start=\"1067\" data-end=\"1080\">Asa ajustable<\/p>\n<\/li>\n<li data-start=\"1121\" data-end=\"1147\">\n<p data-start=\"1123\" data-end=\"1147\">Hecho a mano en Mallorca<\/p>\n<\/li>\n<\/ul>\n<p data-start=\"1149\" data-end=\"1203\">Lleva contigo un pedacito de la isla all\u00e1 donde vayas.<\/p>\n","protected":false},"excerpt":{"rendered":"<p>26x17x6cm<\/p>\n","protected":false},"featured_media":37670,"comment_status":"closed","ping_status":"closed","template":"","meta":[],"product_brand":[],"product_cat":[1572],"product_tag":[],"class_list":{"0":"post-37675","1":"product","2":"type-product","3":"status-publish","4":"has-post-thumbnail","6":"product_cat-bolso-medialuna-de-tela-mallorquina","8":"first","9":"instock","10":"shipping-taxable","11":"purchasable","12":"product-type-simple"},"yoast_head":"<!-- This site is optimized with the Yoast SEO plugin v27.0 - https:\/\/yoast.com\/product\/yoast-seo-wordpress\/ -->\n<title>Bolso medialuna tela mallorquina 61 negro | Teixits Vicens<\/title>\n<meta name=\"robots\" content=\"index, follow, max-snippet:-1, max-image-preview:large, max-video-preview:-1\" \/>\n<link rel=\"canonical\" href=\"https:\/\/teixitsvicens.com\/es\/producto\/bolsos\/bolso-medialuna-de-tela-mallorquina\/bolso-medialuna-tela-mallorquina-61-negro\/\" \/>\n<meta property=\"og:locale\" content=\"es_ES\" \/>\n<meta property=\"og:type\" content=\"article\" \/>\n<meta property=\"og:title\" content=\"Bolso medialuna tela mallorquina 61 negro | Teixits Vicens\" \/>\n<meta property=\"og:description\" content=\"26x17x6cm\" \/>\n<meta property=\"og:url\" content=\"https:\/\/teixitsvicens.com\/es\/producto\/bolsos\/bolso-medialuna-de-tela-mallorquina\/bolso-medialuna-tela-mallorquina-61-negro\/\" \/>\n<meta property=\"og:site_name\" content=\"Teixits Vicens\" \/>\n<meta property=\"article:publisher\" content=\"https:\/\/www.facebook.com\/TeixitsVicens\/\" \/>\n<meta property=\"article:modified_time\" content=\"2025-10-23T16:34:36+00:00\" \/>\n<meta property=\"og:image\" content=\"https:\/\/teixitsvicens.com\/wp-content\/uploads\/2025\/10\/bolso-rinonera-media-luna-61-negre.jpg\" \/>\n\t<meta property=\"og:image:width\" content=\"1920\" \/>\n\t<meta property=\"og:image:height\" content=\"2560\" \/>\n\t<meta property=\"og:image:type\" content=\"image\/jpeg\" \/>\n<meta name=\"twitter:card\" content=\"summary_large_image\" \/>\n<meta name=\"twitter:label1\" content=\"Est. reading time\" \/>\n\t<meta name=\"twitter:data1\" content=\"1 minute\" \/>\n<!-- \/ Yoast SEO plugin. -->","yoast_head_json":{"title":"Bolso medialuna tela mallorquina 61 negro | Teixits Vicens","robots":{"index":"index","follow":"follow","max-snippet":"max-snippet:-1","max-image-preview":"max-image-preview:large","max-video-preview":"max-video-preview:-1"},"canonical":"https:\/\/teixitsvicens.com\/es\/producto\/bolsos\/bolso-medialuna-de-tela-mallorquina\/bolso-medialuna-tela-mallorquina-61-negro\/","og_locale":"es_ES","og_type":"article","og_title":"Bolso medialuna tela mallorquina 61 negro | Teixits Vicens","og_description":"26x17x6cm","og_url":"https:\/\/teixitsvicens.com\/es\/producto\/bolsos\/bolso-medialuna-de-tela-mallorquina\/bolso-medialuna-tela-mallorquina-61-negro\/","og_site_name":"Teixits Vicens","article_publisher":"https:\/\/www.facebook.com\/TeixitsVicens\/","article_modified_time":"2025-10-23T16:34:36+00:00","og_image":[{"width":1920,"height":2560,"url":"https:\/\/teixitsvicens.com\/wp-content\/uploads\/2025\/10\/bolso-rinonera-media-luna-61-negre.jpg","type":"image\/jpeg"}],"twitter_card":"summary_large_image","twitter_misc":{"Est. reading time":"1 minute"},"schema":{"@context":"https:\/\/schema.org","@graph":[{"@type":"WebPage","@id":"https:\/\/teixitsvicens.com\/es\/producto\/bolsos\/bolso-medialuna-de-tela-mallorquina\/bolso-medialuna-tela-mallorquina-61-negro\/","url":"https:\/\/teixitsvicens.com\/es\/producto\/bolsos\/bolso-medialuna-de-tela-mallorquina\/bolso-medialuna-tela-mallorquina-61-negro\/","name":"Bolso medialuna tela mallorquina 61 negro | Teixits Vicens","isPartOf":{"@id":"https:\/\/teixitsvicens.com\/es\/#website"},"primaryImageOfPage":{"@id":"https:\/\/teixitsvicens.com\/es\/producto\/bolsos\/bolso-medialuna-de-tela-mallorquina\/bolso-medialuna-tela-mallorquina-61-negro\/#primaryimage"},"image":{"@id":"https:\/\/teixitsvicens.com\/es\/producto\/bolsos\/bolso-medialuna-de-tela-mallorquina\/bolso-medialuna-tela-mallorquina-61-negro\/#primaryimage"},"thumbnailUrl":"https:\/\/teixitsvicens.com\/wp-content\/uploads\/2025\/10\/bolso-rinonera-media-luna-61-negre.jpg","datePublished":"2025-10-20T06:25:56+00:00","dateModified":"2025-10-23T16:34:36+00:00","breadcrumb":{"@id":"https:\/\/teixitsvicens.com\/es\/producto\/bolsos\/bolso-medialuna-de-tela-mallorquina\/bolso-medialuna-tela-mallorquina-61-negro\/#breadcrumb"},"inLanguage":"es","potentialAction":[{"@type":"ReadAction","target":["https:\/\/teixitsvicens.com\/es\/producto\/bolsos\/bolso-medialuna-de-tela-mallorquina\/bolso-medialuna-tela-mallorquina-61-negro\/"]}]},{"@type":"ImageObject","inLanguage":"es","@id":"https:\/\/teixitsvicens.com\/es\/producto\/bolsos\/bolso-medialuna-de-tela-mallorquina\/bolso-medialuna-tela-mallorquina-61-negro\/#primaryimage","url":"https:\/\/teixitsvicens.com\/wp-content\/uploads\/2025\/10\/bolso-rinonera-media-luna-61-negre.jpg","contentUrl":"https:\/\/teixitsvicens.com\/wp-content\/uploads\/2025\/10\/bolso-rinonera-media-luna-61-negre.jpg","width":1920,"height":2560},{"@type":"BreadcrumbList","@id":"https:\/\/teixitsvicens.com\/es\/producto\/bolsos\/bolso-medialuna-de-tela-mallorquina\/bolso-medialuna-tela-mallorquina-61-negro\/#breadcrumb","itemListElement":[{"@type":"ListItem","position":1,"name":"Inici","item":"https:\/\/teixitsvicens.com\/es\/home\/"},{"@type":"ListItem","position":2,"name":"Tienda","item":"https:\/\/teixitsvicens.com\/es\/tienda\/"},{"@type":"ListItem","position":3,"name":"Bolso medialuna tela mallorquina 61 negro"}]},{"@type":"WebSite","@id":"https:\/\/teixitsvicens.com\/es\/#website","url":"https:\/\/teixitsvicens.com\/es\/","name":"Teixits Vicens","description":"Taller textil artesano","publisher":{"@id":"https:\/\/teixitsvicens.com\/es\/#organization"},"alternateName":"Teixits Vicens","potentialAction":[{"@type":"SearchAction","target":{"@type":"EntryPoint","urlTemplate":"https:\/\/teixitsvicens.com\/es\/?s={search_term_string}"},"query-input":{"@type":"PropertyValueSpecification","valueRequired":true,"valueName":"search_term_string"}}],"inLanguage":"es"},{"@type":"Organization","@id":"https:\/\/teixitsvicens.com\/es\/#organization","name":"Teixits Vicens","url":"https:\/\/teixitsvicens.com\/es\/","logo":{"@type":"ImageObject","inLanguage":"es","@id":"https:\/\/teixitsvicens.com\/es\/#\/schema\/logo\/image\/","url":"https:\/\/teixitsvicens.com\/wp-content\/uploads\/2025\/10\/logo-teixits-vicents.png","contentUrl":"https:\/\/teixitsvicens.com\/wp-content\/uploads\/2025\/10\/logo-teixits-vicents.png","width":629,"height":131,"caption":"Teixits Vicens"},"image":{"@id":"https:\/\/teixitsvicens.com\/es\/#\/schema\/logo\/image\/"},"sameAs":["https:\/\/www.facebook.com\/TeixitsVicens\/","https:\/\/www.instagram.com\/teixitsvicens\/"]}]}},"_links":{"self":[{"href":"https:\/\/teixitsvicens.com\/es\/wp-json\/wp\/v2\/product\/37675","targetHints":{"allow":["GET"]}}],"collection":[{"href":"https:\/\/teixitsvicens.com\/es\/wp-json\/wp\/v2\/product"}],"about":[{"href":"https:\/\/teixitsvicens.com\/es\/wp-json\/wp\/v2\/types\/product"}],"replies":[{"embeddable":true,"href":"https:\/\/teixitsvicens.com\/es\/wp-json\/wp\/v2\/comments?post=37675"}],"wp:featuredmedia":[{"embeddable":true,"href":"https:\/\/teixitsvicens.com\/es\/wp-json\/wp\/v2\/media\/37670"}],"wp:attachment":[{"href":"https:\/\/teixitsvicens.com\/es\/wp-json\/wp\/v2\/media?parent=37675"}],"wp:term":[{"taxonomy":"product_brand","embeddable":true,"href":"https:\/\/teixitsvicens.com\/es\/wp-json\/wp\/v2\/product_brand?post=37675"},{"taxonomy":"product_cat","embeddable":true,"href":"https:\/\/teixitsvicens.com\/es\/wp-json\/wp\/v2\/product_cat?post=37675"},{"taxonomy":"product_tag","embeddable":true,"href":"https:\/\/teixitsvicens.com\/es\/wp-json\/wp\/v2\/product_tag?post=37675"}],"curies":[{"name":"wp","href":"https:\/\/api.w.org\/{rel}","templated":true}]}}