{"id":37337,"date":"2025-08-25T11:50:34","date_gmt":"2025-08-25T09:50:34","guid":{"rendered":"https:\/\/teixitsvicens.com\/?post_type=product&#038;p=37337"},"modified":"2025-08-26T11:56:03","modified_gmt":"2025-08-26T09:56:03","slug":"plumier-tela-mallorquina-109-azul","status":"publish","type":"product","link":"https:\/\/teixitsvicens.com\/es\/producto\/otros-productos-y-regalos\/plumier-tela-mallorquina\/plumier-tela-mallorquina-109-azul\/","title":{"rendered":"Plumier tela Mallorquina 109 Azul"},"content":{"rendered":"<h3 data-start=\"275\" data-end=\"308\">Plumier de Tela Mallorquina<\/h3>\n<p data-start=\"309\" data-end=\"354\"><strong data-start=\"309\" data-end=\"354\">Dise\u00f1o artesanal \u2013 Elegancia mediterr\u00e1nea<\/strong><\/p>\n<p data-start=\"356\" data-end=\"582\">Organiza tus objetos m\u00e1s preciados con estilo con este plumier confeccionado en aut\u00e9ntica <strong data-start=\"446\" data-end=\"466\">tela mallorquina<\/strong>.<\/p>\n<p data-start=\"356\" data-end=\"582\">Hecho a mano, cada pieza es \u00fanica, combinando la tradici\u00f3n textil de Mallorca con un dise\u00f1o pr\u00e1ctico y vers\u00e1til.<\/p>\n<p data-start=\"584\" data-end=\"775\">Perfecto para guardar l\u00e1pices, bol\u00edgrafos, pinceles, maquillaje o peque\u00f1os accesorios.<\/p>\n<p data-start=\"584\" data-end=\"775\">Un accesorio que lleva consigo el alma del Mediterr\u00e1neo. Ideal para regalar o darte un capricho con car\u00e1cter artesanal.<\/p>\n","protected":false},"excerpt":{"rendered":"<div class=\"woocommerce-product-details__short-description\">\n<div class=\"woocommerce-product-details__short-description\">\n<p>024cm x 014cm<\/p>\n<\/div>\n<\/div>\n","protected":false},"featured_media":37338,"comment_status":"closed","ping_status":"closed","template":"","meta":[],"product_brand":[],"product_cat":[1332],"product_tag":[],"class_list":{"0":"post-37337","1":"product","2":"type-product","3":"status-publish","4":"has-post-thumbnail","6":"product_cat-plumier-tela-mallorquina","8":"first","9":"instock","10":"shipping-taxable","11":"purchasable","12":"product-type-simple"},"yoast_head":"<!-- This site is optimized with the Yoast SEO plugin v27.0 - https:\/\/yoast.com\/product\/yoast-seo-wordpress\/ -->\n<title>Plumier tela Mallorquina 109 Azul | Teixits Vicens<\/title>\n<meta name=\"robots\" content=\"index, follow, max-snippet:-1, max-image-preview:large, max-video-preview:-1\" \/>\n<link rel=\"canonical\" href=\"https:\/\/teixitsvicens.com\/es\/producto\/otros-productos-y-regalos\/plumier-tela-mallorquina\/plumier-tela-mallorquina-109-azul\/\" \/>\n<meta property=\"og:locale\" content=\"es_ES\" \/>\n<meta property=\"og:type\" content=\"article\" \/>\n<meta property=\"og:title\" content=\"Plumier tela Mallorquina 109 Azul | Teixits Vicens\" \/>\n<meta property=\"og:description\" content=\"024cm x 014cm\" \/>\n<meta property=\"og:url\" content=\"https:\/\/teixitsvicens.com\/es\/producto\/otros-productos-y-regalos\/plumier-tela-mallorquina\/plumier-tela-mallorquina-109-azul\/\" \/>\n<meta property=\"og:site_name\" content=\"Teixits Vicens\" \/>\n<meta property=\"article:publisher\" content=\"https:\/\/www.facebook.com\/TeixitsVicens\/\" \/>\n<meta property=\"article:modified_time\" content=\"2025-08-26T09:56:03+00:00\" \/>\n<meta property=\"og:image\" content=\"https:\/\/teixitsvicens.com\/wp-content\/uploads\/2025\/08\/plumier-tela-mallorquina-109-azul.jpg\" \/>\n\t<meta property=\"og:image:width\" content=\"1200\" \/>\n\t<meta property=\"og:image:height\" content=\"1800\" \/>\n\t<meta property=\"og:image:type\" content=\"image\/jpeg\" \/>\n<meta name=\"twitter:card\" content=\"summary_large_image\" \/>\n<!-- \/ Yoast SEO plugin. -->","yoast_head_json":{"title":"Plumier tela Mallorquina 109 Azul | Teixits Vicens","robots":{"index":"index","follow":"follow","max-snippet":"max-snippet:-1","max-image-preview":"max-image-preview:large","max-video-preview":"max-video-preview:-1"},"canonical":"https:\/\/teixitsvicens.com\/es\/producto\/otros-productos-y-regalos\/plumier-tela-mallorquina\/plumier-tela-mallorquina-109-azul\/","og_locale":"es_ES","og_type":"article","og_title":"Plumier tela Mallorquina 109 Azul | Teixits Vicens","og_description":"024cm x 014cm","og_url":"https:\/\/teixitsvicens.com\/es\/producto\/otros-productos-y-regalos\/plumier-tela-mallorquina\/plumier-tela-mallorquina-109-azul\/","og_site_name":"Teixits Vicens","article_publisher":"https:\/\/www.facebook.com\/TeixitsVicens\/","article_modified_time":"2025-08-26T09:56:03+00:00","og_image":[{"width":1200,"height":1800,"url":"https:\/\/teixitsvicens.com\/wp-content\/uploads\/2025\/08\/plumier-tela-mallorquina-109-azul.jpg","type":"image\/jpeg"}],"twitter_card":"summary_large_image","schema":{"@context":"https:\/\/schema.org","@graph":[{"@type":"WebPage","@id":"https:\/\/teixitsvicens.com\/es\/producto\/otros-productos-y-regalos\/plumier-tela-mallorquina\/plumier-tela-mallorquina-109-azul\/","url":"https:\/\/teixitsvicens.com\/es\/producto\/otros-productos-y-regalos\/plumier-tela-mallorquina\/plumier-tela-mallorquina-109-azul\/","name":"Plumier tela Mallorquina 109 Azul | Teixits Vicens","isPartOf":{"@id":"https:\/\/teixitsvicens.com\/es\/#website"},"primaryImageOfPage":{"@id":"https:\/\/teixitsvicens.com\/es\/producto\/otros-productos-y-regalos\/plumier-tela-mallorquina\/plumier-tela-mallorquina-109-azul\/#primaryimage"},"image":{"@id":"https:\/\/teixitsvicens.com\/es\/producto\/otros-productos-y-regalos\/plumier-tela-mallorquina\/plumier-tela-mallorquina-109-azul\/#primaryimage"},"thumbnailUrl":"https:\/\/teixitsvicens.com\/wp-content\/uploads\/2025\/08\/plumier-tela-mallorquina-109-azul.jpg","datePublished":"2025-08-25T09:50:34+00:00","dateModified":"2025-08-26T09:56:03+00:00","breadcrumb":{"@id":"https:\/\/teixitsvicens.com\/es\/producto\/otros-productos-y-regalos\/plumier-tela-mallorquina\/plumier-tela-mallorquina-109-azul\/#breadcrumb"},"inLanguage":"es","potentialAction":[{"@type":"ReadAction","target":["https:\/\/teixitsvicens.com\/es\/producto\/otros-productos-y-regalos\/plumier-tela-mallorquina\/plumier-tela-mallorquina-109-azul\/"]}]},{"@type":"ImageObject","inLanguage":"es","@id":"https:\/\/teixitsvicens.com\/es\/producto\/otros-productos-y-regalos\/plumier-tela-mallorquina\/plumier-tela-mallorquina-109-azul\/#primaryimage","url":"https:\/\/teixitsvicens.com\/wp-content\/uploads\/2025\/08\/plumier-tela-mallorquina-109-azul.jpg","contentUrl":"https:\/\/teixitsvicens.com\/wp-content\/uploads\/2025\/08\/plumier-tela-mallorquina-109-azul.jpg","width":1200,"height":1800},{"@type":"BreadcrumbList","@id":"https:\/\/teixitsvicens.com\/es\/producto\/otros-productos-y-regalos\/plumier-tela-mallorquina\/plumier-tela-mallorquina-109-azul\/#breadcrumb","itemListElement":[{"@type":"ListItem","position":1,"name":"Inici","item":"https:\/\/teixitsvicens.com\/es\/home\/"},{"@type":"ListItem","position":2,"name":"Tienda","item":"https:\/\/teixitsvicens.com\/es\/tienda\/"},{"@type":"ListItem","position":3,"name":"Plumier tela Mallorquina 109 Azul"}]},{"@type":"WebSite","@id":"https:\/\/teixitsvicens.com\/es\/#website","url":"https:\/\/teixitsvicens.com\/es\/","name":"Teixits Vicens","description":"Taller textil artesano","publisher":{"@id":"https:\/\/teixitsvicens.com\/es\/#organization"},"alternateName":"Teixits Vicens","potentialAction":[{"@type":"SearchAction","target":{"@type":"EntryPoint","urlTemplate":"https:\/\/teixitsvicens.com\/es\/?s={search_term_string}"},"query-input":{"@type":"PropertyValueSpecification","valueRequired":true,"valueName":"search_term_string"}}],"inLanguage":"es"},{"@type":"Organization","@id":"https:\/\/teixitsvicens.com\/es\/#organization","name":"Teixits Vicens","url":"https:\/\/teixitsvicens.com\/es\/","logo":{"@type":"ImageObject","inLanguage":"es","@id":"https:\/\/teixitsvicens.com\/es\/#\/schema\/logo\/image\/","url":"https:\/\/teixitsvicens.com\/wp-content\/uploads\/2025\/10\/logo-teixits-vicents.png","contentUrl":"https:\/\/teixitsvicens.com\/wp-content\/uploads\/2025\/10\/logo-teixits-vicents.png","width":629,"height":131,"caption":"Teixits Vicens"},"image":{"@id":"https:\/\/teixitsvicens.com\/es\/#\/schema\/logo\/image\/"},"sameAs":["https:\/\/www.facebook.com\/TeixitsVicens\/","https:\/\/www.instagram.com\/teixitsvicens\/"]}]}},"_links":{"self":[{"href":"https:\/\/teixitsvicens.com\/es\/wp-json\/wp\/v2\/product\/37337","targetHints":{"allow":["GET"]}}],"collection":[{"href":"https:\/\/teixitsvicens.com\/es\/wp-json\/wp\/v2\/product"}],"about":[{"href":"https:\/\/teixitsvicens.com\/es\/wp-json\/wp\/v2\/types\/product"}],"replies":[{"embeddable":true,"href":"https:\/\/teixitsvicens.com\/es\/wp-json\/wp\/v2\/comments?post=37337"}],"wp:featuredmedia":[{"embeddable":true,"href":"https:\/\/teixitsvicens.com\/es\/wp-json\/wp\/v2\/media\/37338"}],"wp:attachment":[{"href":"https:\/\/teixitsvicens.com\/es\/wp-json\/wp\/v2\/media?parent=37337"}],"wp:term":[{"taxonomy":"product_brand","embeddable":true,"href":"https:\/\/teixitsvicens.com\/es\/wp-json\/wp\/v2\/product_brand?post=37337"},{"taxonomy":"product_cat","embeddable":true,"href":"https:\/\/teixitsvicens.com\/es\/wp-json\/wp\/v2\/product_cat?post=37337"},{"taxonomy":"product_tag","embeddable":true,"href":"https:\/\/teixitsvicens.com\/es\/wp-json\/wp\/v2\/product_tag?post=37337"}],"curies":[{"name":"wp","href":"https:\/\/api.w.org\/{rel}","templated":true}]}}