{"id":36381,"date":"2025-05-09T20:24:04","date_gmt":"2025-05-09T18:24:04","guid":{"rendered":"https:\/\/teixitsvicens.com\/?post_type=product&#038;p=36381"},"modified":"2025-06-21T11:36:52","modified_gmt":"2025-06-21T09:36:52","slug":"minibolso-essence-of-mallorca-tela-mallorquina-105-rosa","status":"publish","type":"product","link":"https:\/\/teixitsvicens.com\/es\/producto\/bolsos\/bolso-essence\/minibolso-essence-of-mallorca-tela-mallorquina-105-rosa\/","title":{"rendered":"Minibolso Essence of Mallorca tela Mallorquina 105 Rosa fucsia"},"content":{"rendered":"<pre class=\"tw-data-text tw-text-large tw-ta\" dir=\"ltr\" data-placeholder=\"Traducci\u00f3n\"><span class=\"Y2IQFc\" lang=\"es\">Bolso de tela artesanal de lino y algod\u00f3n.\r\n\r\nElegancia compacta:\r\nA pesar de su tama\u00f1o compacto, el minibolso Essence of Mallorca \r\nofrece un amplio espacio para llevar lo esencial mientras \r\nemana un aire de elegancia. El interior cuidadosamente dise\u00f1ado \r\ngarantiza que sus pertenencias permanezcan organizadas, \r\nlo que lo convierte en el compa\u00f1ero perfecto tanto para las \r\naventuras diurnas como para los eventos nocturnos elegantes.\r\n\r\n<\/span><\/pre>\n<pre class=\"western\">Este minibolso de tela de lenguas mallorquinas es una deliciosa \r\nfusi\u00f3n de moda contempor\u00e1nea y tejido tradicional mallorqu\u00edn, \r\nque refleja el rico patrimonio cultural y el esplendor natural \r\nde la isla.                                                        \r\n\u00bfQui\u00e9n dir\u00eda que un bolso podr\u00eda contener tanta historia?\r\nAbrazar el pasado mientras permanecemos sin esfuerzo a la moda.<\/pre>\n","protected":false},"excerpt":{"rendered":"<p>Bolso de tela artesanal de lino y algod\u00f3n. Elegancia compacta: A pesar de su tama\u00f1o compacto, el minibolso Essence of&#8230;<\/p>\n","protected":false},"featured_media":36382,"comment_status":"closed","ping_status":"closed","template":"","meta":[],"product_brand":[],"product_cat":[814],"product_tag":[],"class_list":{"0":"post-36381","1":"product","2":"type-product","3":"status-publish","4":"has-post-thumbnail","6":"product_cat-bolso-essence","8":"first","9":"instock","10":"shipping-taxable","11":"purchasable","12":"product-type-simple"},"yoast_head":"<!-- This site is optimized with the Yoast SEO plugin v27.0 - https:\/\/yoast.com\/product\/yoast-seo-wordpress\/ -->\n<title>Minibolso Essence of Mallorca tela Mallorquina 105 Rosa fucsia | Teixits Vicens<\/title>\n<meta name=\"robots\" content=\"index, follow, max-snippet:-1, max-image-preview:large, max-video-preview:-1\" \/>\n<link rel=\"canonical\" href=\"https:\/\/teixitsvicens.com\/es\/producto\/bolsos\/bolso-essence\/minibolso-essence-of-mallorca-tela-mallorquina-105-rosa\/\" \/>\n<meta property=\"og:locale\" content=\"es_ES\" \/>\n<meta property=\"og:type\" content=\"article\" \/>\n<meta property=\"og:title\" content=\"Minibolso Essence of Mallorca tela Mallorquina 105 Rosa fucsia | Teixits Vicens\" \/>\n<meta property=\"og:description\" content=\"Bolso de tela artesanal de lino y algod\u00f3n. Elegancia compacta: A pesar de su tama\u00f1o compacto, el minibolso Essence of...\" \/>\n<meta property=\"og:url\" content=\"https:\/\/teixitsvicens.com\/es\/producto\/bolsos\/bolso-essence\/minibolso-essence-of-mallorca-tela-mallorquina-105-rosa\/\" \/>\n<meta property=\"og:site_name\" content=\"Teixits Vicens\" \/>\n<meta property=\"article:publisher\" content=\"https:\/\/www.facebook.com\/TeixitsVicens\/\" \/>\n<meta property=\"article:modified_time\" content=\"2025-06-21T09:36:52+00:00\" \/>\n<meta property=\"og:image\" content=\"https:\/\/teixitsvicens.com\/wp-content\/uploads\/2025\/05\/bolso-essence-tela-mallorquina-105-rosa.jpg\" \/>\n\t<meta property=\"og:image:width\" content=\"1200\" \/>\n\t<meta property=\"og:image:height\" content=\"1800\" \/>\n\t<meta property=\"og:image:type\" content=\"image\/jpeg\" \/>\n<meta name=\"twitter:card\" content=\"summary_large_image\" \/>\n<meta name=\"twitter:label1\" content=\"Est. reading time\" \/>\n\t<meta name=\"twitter:data1\" content=\"1 minute\" \/>\n<!-- \/ Yoast SEO plugin. -->","yoast_head_json":{"title":"Minibolso Essence of Mallorca tela Mallorquina 105 Rosa fucsia | Teixits Vicens","robots":{"index":"index","follow":"follow","max-snippet":"max-snippet:-1","max-image-preview":"max-image-preview:large","max-video-preview":"max-video-preview:-1"},"canonical":"https:\/\/teixitsvicens.com\/es\/producto\/bolsos\/bolso-essence\/minibolso-essence-of-mallorca-tela-mallorquina-105-rosa\/","og_locale":"es_ES","og_type":"article","og_title":"Minibolso Essence of Mallorca tela Mallorquina 105 Rosa fucsia | Teixits Vicens","og_description":"Bolso de tela artesanal de lino y algod\u00f3n. Elegancia compacta: A pesar de su tama\u00f1o compacto, el minibolso Essence of...","og_url":"https:\/\/teixitsvicens.com\/es\/producto\/bolsos\/bolso-essence\/minibolso-essence-of-mallorca-tela-mallorquina-105-rosa\/","og_site_name":"Teixits Vicens","article_publisher":"https:\/\/www.facebook.com\/TeixitsVicens\/","article_modified_time":"2025-06-21T09:36:52+00:00","og_image":[{"width":1200,"height":1800,"url":"https:\/\/teixitsvicens.com\/wp-content\/uploads\/2025\/05\/bolso-essence-tela-mallorquina-105-rosa.jpg","type":"image\/jpeg"}],"twitter_card":"summary_large_image","twitter_misc":{"Est. reading time":"1 minute"},"schema":{"@context":"https:\/\/schema.org","@graph":[{"@type":"WebPage","@id":"https:\/\/teixitsvicens.com\/es\/producto\/bolsos\/bolso-essence\/minibolso-essence-of-mallorca-tela-mallorquina-105-rosa\/","url":"https:\/\/teixitsvicens.com\/es\/producto\/bolsos\/bolso-essence\/minibolso-essence-of-mallorca-tela-mallorquina-105-rosa\/","name":"Minibolso Essence of Mallorca tela Mallorquina 105 Rosa fucsia | Teixits Vicens","isPartOf":{"@id":"https:\/\/teixitsvicens.com\/es\/#website"},"primaryImageOfPage":{"@id":"https:\/\/teixitsvicens.com\/es\/producto\/bolsos\/bolso-essence\/minibolso-essence-of-mallorca-tela-mallorquina-105-rosa\/#primaryimage"},"image":{"@id":"https:\/\/teixitsvicens.com\/es\/producto\/bolsos\/bolso-essence\/minibolso-essence-of-mallorca-tela-mallorquina-105-rosa\/#primaryimage"},"thumbnailUrl":"https:\/\/teixitsvicens.com\/wp-content\/uploads\/2025\/05\/bolso-essence-tela-mallorquina-105-rosa.jpg","datePublished":"2025-05-09T18:24:04+00:00","dateModified":"2025-06-21T09:36:52+00:00","breadcrumb":{"@id":"https:\/\/teixitsvicens.com\/es\/producto\/bolsos\/bolso-essence\/minibolso-essence-of-mallorca-tela-mallorquina-105-rosa\/#breadcrumb"},"inLanguage":"es","potentialAction":[{"@type":"ReadAction","target":["https:\/\/teixitsvicens.com\/es\/producto\/bolsos\/bolso-essence\/minibolso-essence-of-mallorca-tela-mallorquina-105-rosa\/"]}]},{"@type":"ImageObject","inLanguage":"es","@id":"https:\/\/teixitsvicens.com\/es\/producto\/bolsos\/bolso-essence\/minibolso-essence-of-mallorca-tela-mallorquina-105-rosa\/#primaryimage","url":"https:\/\/teixitsvicens.com\/wp-content\/uploads\/2025\/05\/bolso-essence-tela-mallorquina-105-rosa.jpg","contentUrl":"https:\/\/teixitsvicens.com\/wp-content\/uploads\/2025\/05\/bolso-essence-tela-mallorquina-105-rosa.jpg","width":1200,"height":1800},{"@type":"BreadcrumbList","@id":"https:\/\/teixitsvicens.com\/es\/producto\/bolsos\/bolso-essence\/minibolso-essence-of-mallorca-tela-mallorquina-105-rosa\/#breadcrumb","itemListElement":[{"@type":"ListItem","position":1,"name":"Inici","item":"https:\/\/teixitsvicens.com\/es\/home\/"},{"@type":"ListItem","position":2,"name":"Tienda","item":"https:\/\/teixitsvicens.com\/es\/tienda\/"},{"@type":"ListItem","position":3,"name":"Minibolso Essence of Mallorca tela Mallorquina 105 Rosa fucsia"}]},{"@type":"WebSite","@id":"https:\/\/teixitsvicens.com\/es\/#website","url":"https:\/\/teixitsvicens.com\/es\/","name":"Teixits Vicens","description":"Taller textil artesano","publisher":{"@id":"https:\/\/teixitsvicens.com\/es\/#organization"},"alternateName":"Teixits Vicens","potentialAction":[{"@type":"SearchAction","target":{"@type":"EntryPoint","urlTemplate":"https:\/\/teixitsvicens.com\/es\/?s={search_term_string}"},"query-input":{"@type":"PropertyValueSpecification","valueRequired":true,"valueName":"search_term_string"}}],"inLanguage":"es"},{"@type":"Organization","@id":"https:\/\/teixitsvicens.com\/es\/#organization","name":"Teixits Vicens","url":"https:\/\/teixitsvicens.com\/es\/","logo":{"@type":"ImageObject","inLanguage":"es","@id":"https:\/\/teixitsvicens.com\/es\/#\/schema\/logo\/image\/","url":"https:\/\/teixitsvicens.com\/wp-content\/uploads\/2025\/10\/logo-teixits-vicents.png","contentUrl":"https:\/\/teixitsvicens.com\/wp-content\/uploads\/2025\/10\/logo-teixits-vicents.png","width":629,"height":131,"caption":"Teixits Vicens"},"image":{"@id":"https:\/\/teixitsvicens.com\/es\/#\/schema\/logo\/image\/"},"sameAs":["https:\/\/www.facebook.com\/TeixitsVicens\/","https:\/\/www.instagram.com\/teixitsvicens\/"]}]}},"_links":{"self":[{"href":"https:\/\/teixitsvicens.com\/es\/wp-json\/wp\/v2\/product\/36381","targetHints":{"allow":["GET"]}}],"collection":[{"href":"https:\/\/teixitsvicens.com\/es\/wp-json\/wp\/v2\/product"}],"about":[{"href":"https:\/\/teixitsvicens.com\/es\/wp-json\/wp\/v2\/types\/product"}],"replies":[{"embeddable":true,"href":"https:\/\/teixitsvicens.com\/es\/wp-json\/wp\/v2\/comments?post=36381"}],"wp:featuredmedia":[{"embeddable":true,"href":"https:\/\/teixitsvicens.com\/es\/wp-json\/wp\/v2\/media\/36382"}],"wp:attachment":[{"href":"https:\/\/teixitsvicens.com\/es\/wp-json\/wp\/v2\/media?parent=36381"}],"wp:term":[{"taxonomy":"product_brand","embeddable":true,"href":"https:\/\/teixitsvicens.com\/es\/wp-json\/wp\/v2\/product_brand?post=36381"},{"taxonomy":"product_cat","embeddable":true,"href":"https:\/\/teixitsvicens.com\/es\/wp-json\/wp\/v2\/product_cat?post=36381"},{"taxonomy":"product_tag","embeddable":true,"href":"https:\/\/teixitsvicens.com\/es\/wp-json\/wp\/v2\/product_tag?post=36381"}],"curies":[{"name":"wp","href":"https:\/\/api.w.org\/{rel}","templated":true}]}}