{"id":35466,"date":"2024-12-05T10:37:05","date_gmt":"2024-12-05T09:37:05","guid":{"rendered":"https:\/\/teixitsvicens.com\/?post_type=product&#038;p=35466"},"modified":"2025-11-21T11:10:50","modified_gmt":"2025-11-21T10:10:50","slug":"calendario-de-adviento-tela-ikat-109-rojo","status":"publish","type":"product","link":"https:\/\/teixitsvicens.com\/es\/producto\/otros-productos-y-regalos\/calendario-adviento\/calendario-de-adviento-tela-ikat-109-rojo\/","title":{"rendered":"Calendario de adviento tela ikat 109 Rojo"},"content":{"rendered":"<p>Calendario de Adviento de Tela Mallorquina<\/p>\n<p>Ideal para a\u00f1adir un toque de encanto r\u00fastico y mediterr\u00e1neo a tu hogar.<\/p>\n<p>Descubre la magia de la Navidad con nuestro exclusivo Calendario de Adviento<\/p>\n<p>de Tela Mallorquina, una pieza \u00fanica que combina tradici\u00f3n y elegancia.<\/p>\n<p>Este calendario artesanal est\u00e1 elaborado con aut\u00e9ntica tela mallorquina<\/p>\n<p>Perfecto para quienes valoran la tradici\u00f3n y buscan hacer de cada d\u00eda de diciembre un momento especial.<\/p>\n<p>Lleva la calidez y el esp\u00edritu de la isla a tu hogar esta temporada navide\u00f1a.<\/p>\n<p>\ud83c\udf84 Haz que cada d\u00eda cuente con este detalle inolvidable.<\/p>\n<p>\u00a1Cons\u00edguelo ahora y celebra la cuenta regresiva m\u00e1s m\u00e1gica!<\/p>\n<p>&nbsp;<\/p>\n","protected":false},"excerpt":{"rendered":"<p>056x120cm<\/p>\n","protected":false},"featured_media":35467,"comment_status":"closed","ping_status":"closed","template":"","meta":[],"product_brand":[],"product_cat":[1352],"product_tag":[],"class_list":{"0":"post-35466","1":"product","2":"type-product","3":"status-publish","4":"has-post-thumbnail","6":"product_cat-calendario-adviento","8":"first","9":"instock","10":"shipping-taxable","11":"purchasable","12":"product-type-simple"},"yoast_head":"<!-- This site is optimized with the Yoast SEO plugin v27.0 - https:\/\/yoast.com\/product\/yoast-seo-wordpress\/ -->\n<title>Calendario de adviento tela ikat 109 Rojo | Teixits Vicens<\/title>\n<meta name=\"description\" content=\"Calendario de Adviento de Tela Mallorquina\" \/>\n<meta name=\"robots\" content=\"index, follow, max-snippet:-1, max-image-preview:large, max-video-preview:-1\" \/>\n<link rel=\"canonical\" href=\"https:\/\/teixitsvicens.com\/es\/producto\/otros-productos-y-regalos\/calendario-adviento\/calendario-de-adviento-tela-ikat-109-rojo\/\" \/>\n<meta property=\"og:locale\" content=\"es_ES\" \/>\n<meta property=\"og:type\" content=\"article\" \/>\n<meta property=\"og:title\" content=\"Calendario de adviento tela ikat 109 Rojo | Teixits Vicens\" \/>\n<meta property=\"og:description\" content=\"Calendario de Adviento de Tela Mallorquina\" \/>\n<meta property=\"og:url\" content=\"https:\/\/teixitsvicens.com\/es\/producto\/otros-productos-y-regalos\/calendario-adviento\/calendario-de-adviento-tela-ikat-109-rojo\/\" \/>\n<meta property=\"og:site_name\" content=\"Teixits Vicens\" \/>\n<meta property=\"article:publisher\" content=\"https:\/\/www.facebook.com\/TeixitsVicens\/\" \/>\n<meta property=\"article:modified_time\" content=\"2025-11-21T10:10:50+00:00\" \/>\n<meta property=\"og:image\" content=\"https:\/\/teixitsvicens.com\/wp-content\/uploads\/2024\/12\/calendari-advent-109-vermell.jpg\" \/>\n\t<meta property=\"og:image:width\" content=\"2300\" \/>\n\t<meta property=\"og:image:height\" content=\"1533\" \/>\n\t<meta property=\"og:image:type\" content=\"image\/jpeg\" \/>\n<meta name=\"twitter:card\" content=\"summary_large_image\" \/>\n<meta name=\"twitter:label1\" content=\"Est. reading time\" \/>\n\t<meta name=\"twitter:data1\" content=\"1 minute\" \/>\n<!-- \/ Yoast SEO plugin. -->","yoast_head_json":{"title":"Calendario de adviento tela ikat 109 Rojo | Teixits Vicens","description":"Calendario de Adviento de Tela Mallorquina","robots":{"index":"index","follow":"follow","max-snippet":"max-snippet:-1","max-image-preview":"max-image-preview:large","max-video-preview":"max-video-preview:-1"},"canonical":"https:\/\/teixitsvicens.com\/es\/producto\/otros-productos-y-regalos\/calendario-adviento\/calendario-de-adviento-tela-ikat-109-rojo\/","og_locale":"es_ES","og_type":"article","og_title":"Calendario de adviento tela ikat 109 Rojo | Teixits Vicens","og_description":"Calendario de Adviento de Tela Mallorquina","og_url":"https:\/\/teixitsvicens.com\/es\/producto\/otros-productos-y-regalos\/calendario-adviento\/calendario-de-adviento-tela-ikat-109-rojo\/","og_site_name":"Teixits Vicens","article_publisher":"https:\/\/www.facebook.com\/TeixitsVicens\/","article_modified_time":"2025-11-21T10:10:50+00:00","og_image":[{"width":2300,"height":1533,"url":"https:\/\/teixitsvicens.com\/wp-content\/uploads\/2024\/12\/calendari-advent-109-vermell.jpg","type":"image\/jpeg"}],"twitter_card":"summary_large_image","twitter_misc":{"Est. reading time":"1 minute"},"schema":{"@context":"https:\/\/schema.org","@graph":[{"@type":"WebPage","@id":"https:\/\/teixitsvicens.com\/es\/producto\/otros-productos-y-regalos\/calendario-adviento\/calendario-de-adviento-tela-ikat-109-rojo\/","url":"https:\/\/teixitsvicens.com\/es\/producto\/otros-productos-y-regalos\/calendario-adviento\/calendario-de-adviento-tela-ikat-109-rojo\/","name":"Calendario de adviento tela ikat 109 Rojo | Teixits Vicens","isPartOf":{"@id":"https:\/\/teixitsvicens.com\/es\/#website"},"primaryImageOfPage":{"@id":"https:\/\/teixitsvicens.com\/es\/producto\/otros-productos-y-regalos\/calendario-adviento\/calendario-de-adviento-tela-ikat-109-rojo\/#primaryimage"},"image":{"@id":"https:\/\/teixitsvicens.com\/es\/producto\/otros-productos-y-regalos\/calendario-adviento\/calendario-de-adviento-tela-ikat-109-rojo\/#primaryimage"},"thumbnailUrl":"https:\/\/teixitsvicens.com\/wp-content\/uploads\/2024\/12\/calendari-advent-109-vermell.jpg","datePublished":"2024-12-05T09:37:05+00:00","dateModified":"2025-11-21T10:10:50+00:00","description":"Calendario de Adviento de Tela Mallorquina","breadcrumb":{"@id":"https:\/\/teixitsvicens.com\/es\/producto\/otros-productos-y-regalos\/calendario-adviento\/calendario-de-adviento-tela-ikat-109-rojo\/#breadcrumb"},"inLanguage":"es","potentialAction":[{"@type":"ReadAction","target":["https:\/\/teixitsvicens.com\/es\/producto\/otros-productos-y-regalos\/calendario-adviento\/calendario-de-adviento-tela-ikat-109-rojo\/"]}]},{"@type":"ImageObject","inLanguage":"es","@id":"https:\/\/teixitsvicens.com\/es\/producto\/otros-productos-y-regalos\/calendario-adviento\/calendario-de-adviento-tela-ikat-109-rojo\/#primaryimage","url":"https:\/\/teixitsvicens.com\/wp-content\/uploads\/2024\/12\/calendari-advent-109-vermell.jpg","contentUrl":"https:\/\/teixitsvicens.com\/wp-content\/uploads\/2024\/12\/calendari-advent-109-vermell.jpg","width":2300,"height":1533,"caption":"Calendario de Adviento de tela mallorquina modelo 109 en rojo de Teixits Vicens"},{"@type":"BreadcrumbList","@id":"https:\/\/teixitsvicens.com\/es\/producto\/otros-productos-y-regalos\/calendario-adviento\/calendario-de-adviento-tela-ikat-109-rojo\/#breadcrumb","itemListElement":[{"@type":"ListItem","position":1,"name":"Inici","item":"https:\/\/teixitsvicens.com\/es\/home\/"},{"@type":"ListItem","position":2,"name":"Tienda","item":"https:\/\/teixitsvicens.com\/es\/tienda\/"},{"@type":"ListItem","position":3,"name":"Calendario de adviento tela ikat 109 Rojo"}]},{"@type":"WebSite","@id":"https:\/\/teixitsvicens.com\/es\/#website","url":"https:\/\/teixitsvicens.com\/es\/","name":"Teixits Vicens","description":"Taller textil artesano","publisher":{"@id":"https:\/\/teixitsvicens.com\/es\/#organization"},"alternateName":"Teixits Vicens","potentialAction":[{"@type":"SearchAction","target":{"@type":"EntryPoint","urlTemplate":"https:\/\/teixitsvicens.com\/es\/?s={search_term_string}"},"query-input":{"@type":"PropertyValueSpecification","valueRequired":true,"valueName":"search_term_string"}}],"inLanguage":"es"},{"@type":"Organization","@id":"https:\/\/teixitsvicens.com\/es\/#organization","name":"Teixits Vicens","url":"https:\/\/teixitsvicens.com\/es\/","logo":{"@type":"ImageObject","inLanguage":"es","@id":"https:\/\/teixitsvicens.com\/es\/#\/schema\/logo\/image\/","url":"https:\/\/teixitsvicens.com\/wp-content\/uploads\/2025\/10\/logo-teixits-vicents.png","contentUrl":"https:\/\/teixitsvicens.com\/wp-content\/uploads\/2025\/10\/logo-teixits-vicents.png","width":629,"height":131,"caption":"Teixits Vicens"},"image":{"@id":"https:\/\/teixitsvicens.com\/es\/#\/schema\/logo\/image\/"},"sameAs":["https:\/\/www.facebook.com\/TeixitsVicens\/","https:\/\/www.instagram.com\/teixitsvicens\/"]}]}},"_links":{"self":[{"href":"https:\/\/teixitsvicens.com\/es\/wp-json\/wp\/v2\/product\/35466","targetHints":{"allow":["GET"]}}],"collection":[{"href":"https:\/\/teixitsvicens.com\/es\/wp-json\/wp\/v2\/product"}],"about":[{"href":"https:\/\/teixitsvicens.com\/es\/wp-json\/wp\/v2\/types\/product"}],"replies":[{"embeddable":true,"href":"https:\/\/teixitsvicens.com\/es\/wp-json\/wp\/v2\/comments?post=35466"}],"wp:featuredmedia":[{"embeddable":true,"href":"https:\/\/teixitsvicens.com\/es\/wp-json\/wp\/v2\/media\/35467"}],"wp:attachment":[{"href":"https:\/\/teixitsvicens.com\/es\/wp-json\/wp\/v2\/media?parent=35466"}],"wp:term":[{"taxonomy":"product_brand","embeddable":true,"href":"https:\/\/teixitsvicens.com\/es\/wp-json\/wp\/v2\/product_brand?post=35466"},{"taxonomy":"product_cat","embeddable":true,"href":"https:\/\/teixitsvicens.com\/es\/wp-json\/wp\/v2\/product_cat?post=35466"},{"taxonomy":"product_tag","embeddable":true,"href":"https:\/\/teixitsvicens.com\/es\/wp-json\/wp\/v2\/product_tag?post=35466"}],"curies":[{"name":"wp","href":"https:\/\/api.w.org\/{rel}","templated":true}]}}