{"id":35320,"date":"2024-11-18T16:33:56","date_gmt":"2024-11-18T15:33:56","guid":{"rendered":"https:\/\/teixitsvicens.com\/?post_type=product&#038;p=35320"},"modified":"2025-03-07T13:17:17","modified_gmt":"2025-03-07T12:17:17","slug":"bolso-tote-piel-vegana-ikat-61-azul","status":"publish","type":"product","link":"https:\/\/teixitsvicens.com\/es\/producto\/bolsos\/tote-bag-piel-vegana\/bolso-tote-piel-vegana-ikat-61-azul\/","title":{"rendered":"Bolso tote piel vegana tela Mallorquina 61 Azul"},"content":{"rendered":"<p>Bolso tote genderless de tela Mallorquina con piel vegana.<br \/>\nUn bolso pr\u00e1ctico y elegante para el d\u00eda a d\u00eda<\/p>\n","protected":false},"excerpt":{"rendered":"<p><span class=\"Y2IQFc\" lang=\"en\">038cmx x 040cm x 008cm<\/span><\/p>\n","protected":false},"featured_media":31921,"comment_status":"closed","ping_status":"closed","template":"","meta":[],"product_brand":[],"product_cat":[1328],"product_tag":[],"class_list":{"0":"post-35320","1":"product","2":"type-product","3":"status-publish","4":"has-post-thumbnail","6":"product_cat-tote-bag-piel-vegana","8":"first","9":"instock","10":"shipping-taxable","11":"purchasable","12":"product-type-simple"},"yoast_head":"<!-- This site is optimized with the Yoast SEO plugin v27.0 - https:\/\/yoast.com\/product\/yoast-seo-wordpress\/ -->\n<title>Bolso tote piel vegana tela Mallorquina 61 Azul | Teixits Vicens<\/title>\n<meta name=\"description\" content=\"Bolso tote genderless de tela Mallorquina con piel vegana.Un bolso pr\u00e1ctico y elegante para el d\u00eda a d\u00eda\" \/>\n<meta name=\"robots\" content=\"index, follow, max-snippet:-1, max-image-preview:large, max-video-preview:-1\" \/>\n<link rel=\"canonical\" href=\"https:\/\/teixitsvicens.com\/es\/producto\/bolsos\/tote-bag-piel-vegana\/bolso-tote-piel-vegana-ikat-61-azul\/\" \/>\n<meta property=\"og:locale\" content=\"es_ES\" \/>\n<meta property=\"og:type\" content=\"article\" \/>\n<meta property=\"og:title\" content=\"Bolso tote piel vegana tela Mallorquina 61 Azul | Teixits Vicens\" \/>\n<meta property=\"og:description\" content=\"Bolso tote genderless de tela Mallorquina con piel vegana.Un bolso pr\u00e1ctico y elegante para el d\u00eda a d\u00eda\" \/>\n<meta property=\"og:url\" content=\"https:\/\/teixitsvicens.com\/es\/producto\/bolsos\/tote-bag-piel-vegana\/bolso-tote-piel-vegana-ikat-61-azul\/\" \/>\n<meta property=\"og:site_name\" content=\"Teixits Vicens\" \/>\n<meta property=\"article:publisher\" content=\"https:\/\/www.facebook.com\/TeixitsVicens\/\" \/>\n<meta property=\"article:modified_time\" content=\"2025-03-07T12:17:17+00:00\" \/>\n<meta property=\"og:image\" content=\"https:\/\/teixitsvicens.com\/wp-content\/uploads\/2024\/07\/PRODUCTV-0834.jpg\" \/>\n\t<meta property=\"og:image:width\" content=\"2300\" \/>\n\t<meta property=\"og:image:height\" content=\"1533\" \/>\n\t<meta property=\"og:image:type\" content=\"image\/jpeg\" \/>\n<meta name=\"twitter:card\" content=\"summary_large_image\" \/>\n<meta name=\"twitter:label1\" content=\"Est. reading time\" \/>\n\t<meta name=\"twitter:data1\" content=\"1 minute\" \/>\n<!-- \/ Yoast SEO plugin. -->","yoast_head_json":{"title":"Bolso tote piel vegana tela Mallorquina 61 Azul | Teixits Vicens","description":"Bolso tote genderless de tela Mallorquina con piel vegana.Un bolso pr\u00e1ctico y elegante para el d\u00eda a d\u00eda","robots":{"index":"index","follow":"follow","max-snippet":"max-snippet:-1","max-image-preview":"max-image-preview:large","max-video-preview":"max-video-preview:-1"},"canonical":"https:\/\/teixitsvicens.com\/es\/producto\/bolsos\/tote-bag-piel-vegana\/bolso-tote-piel-vegana-ikat-61-azul\/","og_locale":"es_ES","og_type":"article","og_title":"Bolso tote piel vegana tela Mallorquina 61 Azul | Teixits Vicens","og_description":"Bolso tote genderless de tela Mallorquina con piel vegana.Un bolso pr\u00e1ctico y elegante para el d\u00eda a d\u00eda","og_url":"https:\/\/teixitsvicens.com\/es\/producto\/bolsos\/tote-bag-piel-vegana\/bolso-tote-piel-vegana-ikat-61-azul\/","og_site_name":"Teixits Vicens","article_publisher":"https:\/\/www.facebook.com\/TeixitsVicens\/","article_modified_time":"2025-03-07T12:17:17+00:00","og_image":[{"width":2300,"height":1533,"url":"https:\/\/teixitsvicens.com\/wp-content\/uploads\/2024\/07\/PRODUCTV-0834.jpg","type":"image\/jpeg"}],"twitter_card":"summary_large_image","twitter_misc":{"Est. reading time":"1 minute"},"schema":{"@context":"https:\/\/schema.org","@graph":[{"@type":"WebPage","@id":"https:\/\/teixitsvicens.com\/es\/producto\/bolsos\/tote-bag-piel-vegana\/bolso-tote-piel-vegana-ikat-61-azul\/","url":"https:\/\/teixitsvicens.com\/es\/producto\/bolsos\/tote-bag-piel-vegana\/bolso-tote-piel-vegana-ikat-61-azul\/","name":"Bolso tote piel vegana tela Mallorquina 61 Azul | Teixits Vicens","isPartOf":{"@id":"https:\/\/teixitsvicens.com\/es\/#website"},"primaryImageOfPage":{"@id":"https:\/\/teixitsvicens.com\/es\/producto\/bolsos\/tote-bag-piel-vegana\/bolso-tote-piel-vegana-ikat-61-azul\/#primaryimage"},"image":{"@id":"https:\/\/teixitsvicens.com\/es\/producto\/bolsos\/tote-bag-piel-vegana\/bolso-tote-piel-vegana-ikat-61-azul\/#primaryimage"},"thumbnailUrl":"https:\/\/teixitsvicens.com\/wp-content\/uploads\/2024\/07\/PRODUCTV-0834.jpg","datePublished":"2024-11-18T15:33:56+00:00","dateModified":"2025-03-07T12:17:17+00:00","description":"Bolso tote genderless de tela Mallorquina con piel vegana.Un bolso pr\u00e1ctico y elegante para el d\u00eda a d\u00eda","breadcrumb":{"@id":"https:\/\/teixitsvicens.com\/es\/producto\/bolsos\/tote-bag-piel-vegana\/bolso-tote-piel-vegana-ikat-61-azul\/#breadcrumb"},"inLanguage":"es","potentialAction":[{"@type":"ReadAction","target":["https:\/\/teixitsvicens.com\/es\/producto\/bolsos\/tote-bag-piel-vegana\/bolso-tote-piel-vegana-ikat-61-azul\/"]}]},{"@type":"ImageObject","inLanguage":"es","@id":"https:\/\/teixitsvicens.com\/es\/producto\/bolsos\/tote-bag-piel-vegana\/bolso-tote-piel-vegana-ikat-61-azul\/#primaryimage","url":"https:\/\/teixitsvicens.com\/wp-content\/uploads\/2024\/07\/PRODUCTV-0834.jpg","contentUrl":"https:\/\/teixitsvicens.com\/wp-content\/uploads\/2024\/07\/PRODUCTV-0834.jpg","width":2300,"height":1533,"caption":"Bolso tote artesanal con asas oscuras y tejido mallorqu\u00edn ikat azul de Teixits Vicens"},{"@type":"BreadcrumbList","@id":"https:\/\/teixitsvicens.com\/es\/producto\/bolsos\/tote-bag-piel-vegana\/bolso-tote-piel-vegana-ikat-61-azul\/#breadcrumb","itemListElement":[{"@type":"ListItem","position":1,"name":"Inici","item":"https:\/\/teixitsvicens.com\/es\/home\/"},{"@type":"ListItem","position":2,"name":"Tienda","item":"https:\/\/teixitsvicens.com\/es\/tienda\/"},{"@type":"ListItem","position":3,"name":"Bolso tote piel vegana tela Mallorquina 61 Azul"}]},{"@type":"WebSite","@id":"https:\/\/teixitsvicens.com\/es\/#website","url":"https:\/\/teixitsvicens.com\/es\/","name":"Teixits Vicens","description":"Taller textil artesano","publisher":{"@id":"https:\/\/teixitsvicens.com\/es\/#organization"},"alternateName":"Teixits Vicens","potentialAction":[{"@type":"SearchAction","target":{"@type":"EntryPoint","urlTemplate":"https:\/\/teixitsvicens.com\/es\/?s={search_term_string}"},"query-input":{"@type":"PropertyValueSpecification","valueRequired":true,"valueName":"search_term_string"}}],"inLanguage":"es"},{"@type":"Organization","@id":"https:\/\/teixitsvicens.com\/es\/#organization","name":"Teixits Vicens","url":"https:\/\/teixitsvicens.com\/es\/","logo":{"@type":"ImageObject","inLanguage":"es","@id":"https:\/\/teixitsvicens.com\/es\/#\/schema\/logo\/image\/","url":"https:\/\/teixitsvicens.com\/wp-content\/uploads\/2025\/10\/logo-teixits-vicents.png","contentUrl":"https:\/\/teixitsvicens.com\/wp-content\/uploads\/2025\/10\/logo-teixits-vicents.png","width":629,"height":131,"caption":"Teixits Vicens"},"image":{"@id":"https:\/\/teixitsvicens.com\/es\/#\/schema\/logo\/image\/"},"sameAs":["https:\/\/www.facebook.com\/TeixitsVicens\/","https:\/\/www.instagram.com\/teixitsvicens\/"]}]}},"_links":{"self":[{"href":"https:\/\/teixitsvicens.com\/es\/wp-json\/wp\/v2\/product\/35320","targetHints":{"allow":["GET"]}}],"collection":[{"href":"https:\/\/teixitsvicens.com\/es\/wp-json\/wp\/v2\/product"}],"about":[{"href":"https:\/\/teixitsvicens.com\/es\/wp-json\/wp\/v2\/types\/product"}],"replies":[{"embeddable":true,"href":"https:\/\/teixitsvicens.com\/es\/wp-json\/wp\/v2\/comments?post=35320"}],"wp:featuredmedia":[{"embeddable":true,"href":"https:\/\/teixitsvicens.com\/es\/wp-json\/wp\/v2\/media\/31921"}],"wp:attachment":[{"href":"https:\/\/teixitsvicens.com\/es\/wp-json\/wp\/v2\/media?parent=35320"}],"wp:term":[{"taxonomy":"product_brand","embeddable":true,"href":"https:\/\/teixitsvicens.com\/es\/wp-json\/wp\/v2\/product_brand?post=35320"},{"taxonomy":"product_cat","embeddable":true,"href":"https:\/\/teixitsvicens.com\/es\/wp-json\/wp\/v2\/product_cat?post=35320"},{"taxonomy":"product_tag","embeddable":true,"href":"https:\/\/teixitsvicens.com\/es\/wp-json\/wp\/v2\/product_tag?post=35320"}],"curies":[{"name":"wp","href":"https:\/\/api.w.org\/{rel}","templated":true}]}}