{"id":31515,"date":"2024-07-19T00:48:52","date_gmt":"2024-07-18T22:48:52","guid":{"rendered":"https:\/\/teixitsmallorca.com\/?post_type=product&#038;p=31515"},"modified":"2024-12-11T14:26:11","modified_gmt":"2024-12-11T13:26:11","slug":"hamaca-tela-mallorquina-ikat-60-azul","status":"publish","type":"product","link":"https:\/\/teixitsvicens.com\/es\/producto\/decoracion\/sillas-tela-mallorquina\/hamaca-tela-mallorquina-ikat-60-azul\/","title":{"rendered":"Hamaca tela Mallorquina ikat 60 azul"},"content":{"rendered":"<p><span style=\"font-family: Times New Roman, serif;\"><span style=\"font-size: medium;\"><span style=\"font-family: Circular Std Black, serif;\">Decora tu jard\u00edn o terraza con estas tumbonas de madera y telas mallorquinas. <\/span><\/span><\/span><\/p>\n<p><span style=\"font-family: Times New Roman, serif;\"><span style=\"font-size: medium;\"><span style=\"font-family: Circular Std Black, serif;\">El tejido extra\u00edble facilita su mantenimiento y ofrece la posibilidad de cambiar<\/span><\/span><\/span><\/p>\n<p><span style=\"font-family: Times New Roman, serif;\"><span style=\"font-size: medium;\"><span style=\"font-family: Circular Std Black, serif;\"> el dise\u00f1o de la tela. <\/span><\/span><\/span><\/p>\n<p><span style=\"font-family: Times New Roman, serif;\"><span style=\"font-size: medium;\"><span style=\"font-family: Circular Std Black, serif;\">Hamaca reclinable, muy confortable para disfrutar de d\u00edas al aire libre.<\/span><\/span><\/span><\/p>\n","protected":false},"excerpt":{"rendered":"<p>Este producto est\u00e1 <strong>disponible solo bajo pedido<\/strong>.<br \/>\nSi le interesa, puede comunicarse con nosotros por tel\u00e9fono o email, y le responderemos lo antes posible.<\/p>\n<p><a href=\"tel:+34%20971%20530%20450\">+34 971 530 450<\/a><br \/>\n<a href=\"mailto:info@teixitsvicens.com\">info@teixitsvicens.com<\/a><\/p>\n<p>&nbsp;<\/p>\n","protected":false},"featured_media":31516,"comment_status":"closed","ping_status":"closed","template":"","meta":[],"product_brand":[],"product_cat":[690],"product_tag":[],"class_list":{"0":"post-31515","1":"product","2":"type-product","3":"status-publish","4":"has-post-thumbnail","6":"product_cat-sillas-tela-mallorquina","8":"first","9":"outofstock","10":"shipping-taxable","11":"purchasable","12":"product-type-simple"},"yoast_head":"<!-- This site is optimized with the Yoast SEO plugin v27.0 - https:\/\/yoast.com\/product\/yoast-seo-wordpress\/ -->\n<title>Hamaca tela Mallorquina ikat 60 azul | Teixits Vicens<\/title>\n<meta name=\"description\" content=\"Ideas para decorar tu jard\u00edn o terraza con tumbonas de madera y telas ikat mallorquinas.\" \/>\n<meta name=\"robots\" content=\"index, follow, max-snippet:-1, max-image-preview:large, max-video-preview:-1\" \/>\n<link rel=\"canonical\" href=\"https:\/\/teixitsvicens.com\/es\/producto\/decoracion\/sillas-tela-mallorquina\/hamaca-tela-mallorquina-ikat-60-azul\/\" \/>\n<meta property=\"og:locale\" content=\"es_ES\" \/>\n<meta property=\"og:type\" content=\"article\" \/>\n<meta property=\"og:title\" content=\"Hamaca tela Mallorquina ikat 60 azul | Teixits Vicens\" \/>\n<meta property=\"og:description\" content=\"Ideas para decorar tu jard\u00edn o terraza con tumbonas de madera y telas ikat mallorquinas.\" \/>\n<meta property=\"og:url\" content=\"https:\/\/teixitsvicens.com\/es\/producto\/decoracion\/sillas-tela-mallorquina\/hamaca-tela-mallorquina-ikat-60-azul\/\" \/>\n<meta property=\"og:site_name\" content=\"Teixits Vicens\" \/>\n<meta property=\"article:publisher\" content=\"https:\/\/www.facebook.com\/TeixitsVicens\/\" \/>\n<meta property=\"article:modified_time\" content=\"2024-12-11T13:26:11+00:00\" \/>\n<meta property=\"og:image\" content=\"https:\/\/teixitsvicens.com\/wp-content\/uploads\/2024\/07\/t10bSMALL.jpg\" \/>\n\t<meta property=\"og:image:width\" content=\"1200\" \/>\n\t<meta property=\"og:image:height\" content=\"1800\" \/>\n\t<meta property=\"og:image:type\" content=\"image\/jpeg\" \/>\n<meta name=\"twitter:card\" content=\"summary_large_image\" \/>\n<meta name=\"twitter:label1\" content=\"Est. reading time\" \/>\n\t<meta name=\"twitter:data1\" content=\"1 minute\" \/>\n<!-- \/ Yoast SEO plugin. -->","yoast_head_json":{"title":"Hamaca tela Mallorquina ikat 60 azul | Teixits Vicens","description":"Ideas para decorar tu jard\u00edn o terraza con tumbonas de madera y telas ikat mallorquinas.","robots":{"index":"index","follow":"follow","max-snippet":"max-snippet:-1","max-image-preview":"max-image-preview:large","max-video-preview":"max-video-preview:-1"},"canonical":"https:\/\/teixitsvicens.com\/es\/producto\/decoracion\/sillas-tela-mallorquina\/hamaca-tela-mallorquina-ikat-60-azul\/","og_locale":"es_ES","og_type":"article","og_title":"Hamaca tela Mallorquina ikat 60 azul | Teixits Vicens","og_description":"Ideas para decorar tu jard\u00edn o terraza con tumbonas de madera y telas ikat mallorquinas.","og_url":"https:\/\/teixitsvicens.com\/es\/producto\/decoracion\/sillas-tela-mallorquina\/hamaca-tela-mallorquina-ikat-60-azul\/","og_site_name":"Teixits Vicens","article_publisher":"https:\/\/www.facebook.com\/TeixitsVicens\/","article_modified_time":"2024-12-11T13:26:11+00:00","og_image":[{"width":1200,"height":1800,"url":"https:\/\/teixitsvicens.com\/wp-content\/uploads\/2024\/07\/t10bSMALL.jpg","type":"image\/jpeg"}],"twitter_card":"summary_large_image","twitter_misc":{"Est. reading time":"1 minute"},"schema":{"@context":"https:\/\/schema.org","@graph":[{"@type":"WebPage","@id":"https:\/\/teixitsvicens.com\/es\/producto\/decoracion\/sillas-tela-mallorquina\/hamaca-tela-mallorquina-ikat-60-azul\/","url":"https:\/\/teixitsvicens.com\/es\/producto\/decoracion\/sillas-tela-mallorquina\/hamaca-tela-mallorquina-ikat-60-azul\/","name":"Hamaca tela Mallorquina ikat 60 azul | Teixits Vicens","isPartOf":{"@id":"https:\/\/teixitsvicens.com\/es\/#website"},"primaryImageOfPage":{"@id":"https:\/\/teixitsvicens.com\/es\/producto\/decoracion\/sillas-tela-mallorquina\/hamaca-tela-mallorquina-ikat-60-azul\/#primaryimage"},"image":{"@id":"https:\/\/teixitsvicens.com\/es\/producto\/decoracion\/sillas-tela-mallorquina\/hamaca-tela-mallorquina-ikat-60-azul\/#primaryimage"},"thumbnailUrl":"https:\/\/teixitsvicens.com\/wp-content\/uploads\/2024\/07\/t10bSMALL.jpg","datePublished":"2024-07-18T22:48:52+00:00","dateModified":"2024-12-11T13:26:11+00:00","description":"Ideas para decorar tu jard\u00edn o terraza con tumbonas de madera y telas ikat mallorquinas.","breadcrumb":{"@id":"https:\/\/teixitsvicens.com\/es\/producto\/decoracion\/sillas-tela-mallorquina\/hamaca-tela-mallorquina-ikat-60-azul\/#breadcrumb"},"inLanguage":"es","potentialAction":[{"@type":"ReadAction","target":["https:\/\/teixitsvicens.com\/es\/producto\/decoracion\/sillas-tela-mallorquina\/hamaca-tela-mallorquina-ikat-60-azul\/"]}]},{"@type":"ImageObject","inLanguage":"es","@id":"https:\/\/teixitsvicens.com\/es\/producto\/decoracion\/sillas-tela-mallorquina\/hamaca-tela-mallorquina-ikat-60-azul\/#primaryimage","url":"https:\/\/teixitsvicens.com\/wp-content\/uploads\/2024\/07\/t10bSMALL.jpg","contentUrl":"https:\/\/teixitsvicens.com\/wp-content\/uploads\/2024\/07\/t10bSMALL.jpg","width":1200,"height":1800,"caption":"Hamaca y bolsa con dise\u00f1o textil mallorqu\u00edn azul de Teixits Vicens en jard\u00edn r\u00fastico"},{"@type":"BreadcrumbList","@id":"https:\/\/teixitsvicens.com\/es\/producto\/decoracion\/sillas-tela-mallorquina\/hamaca-tela-mallorquina-ikat-60-azul\/#breadcrumb","itemListElement":[{"@type":"ListItem","position":1,"name":"Inici","item":"https:\/\/teixitsvicens.com\/es\/home\/"},{"@type":"ListItem","position":2,"name":"Tienda","item":"https:\/\/teixitsvicens.com\/es\/tienda\/"},{"@type":"ListItem","position":3,"name":"Hamaca tela Mallorquina ikat 60 azul"}]},{"@type":"WebSite","@id":"https:\/\/teixitsvicens.com\/es\/#website","url":"https:\/\/teixitsvicens.com\/es\/","name":"Teixits Vicens","description":"Taller textil artesano","publisher":{"@id":"https:\/\/teixitsvicens.com\/es\/#organization"},"alternateName":"Teixits Vicens","potentialAction":[{"@type":"SearchAction","target":{"@type":"EntryPoint","urlTemplate":"https:\/\/teixitsvicens.com\/es\/?s={search_term_string}"},"query-input":{"@type":"PropertyValueSpecification","valueRequired":true,"valueName":"search_term_string"}}],"inLanguage":"es"},{"@type":"Organization","@id":"https:\/\/teixitsvicens.com\/es\/#organization","name":"Teixits Vicens","url":"https:\/\/teixitsvicens.com\/es\/","logo":{"@type":"ImageObject","inLanguage":"es","@id":"https:\/\/teixitsvicens.com\/es\/#\/schema\/logo\/image\/","url":"https:\/\/teixitsvicens.com\/wp-content\/uploads\/2025\/10\/logo-teixits-vicents.png","contentUrl":"https:\/\/teixitsvicens.com\/wp-content\/uploads\/2025\/10\/logo-teixits-vicents.png","width":629,"height":131,"caption":"Teixits Vicens"},"image":{"@id":"https:\/\/teixitsvicens.com\/es\/#\/schema\/logo\/image\/"},"sameAs":["https:\/\/www.facebook.com\/TeixitsVicens\/","https:\/\/www.instagram.com\/teixitsvicens\/"]}]}},"_links":{"self":[{"href":"https:\/\/teixitsvicens.com\/es\/wp-json\/wp\/v2\/product\/31515","targetHints":{"allow":["GET"]}}],"collection":[{"href":"https:\/\/teixitsvicens.com\/es\/wp-json\/wp\/v2\/product"}],"about":[{"href":"https:\/\/teixitsvicens.com\/es\/wp-json\/wp\/v2\/types\/product"}],"replies":[{"embeddable":true,"href":"https:\/\/teixitsvicens.com\/es\/wp-json\/wp\/v2\/comments?post=31515"}],"wp:featuredmedia":[{"embeddable":true,"href":"https:\/\/teixitsvicens.com\/es\/wp-json\/wp\/v2\/media\/31516"}],"wp:attachment":[{"href":"https:\/\/teixitsvicens.com\/es\/wp-json\/wp\/v2\/media?parent=31515"}],"wp:term":[{"taxonomy":"product_brand","embeddable":true,"href":"https:\/\/teixitsvicens.com\/es\/wp-json\/wp\/v2\/product_brand?post=31515"},{"taxonomy":"product_cat","embeddable":true,"href":"https:\/\/teixitsvicens.com\/es\/wp-json\/wp\/v2\/product_cat?post=31515"},{"taxonomy":"product_tag","embeddable":true,"href":"https:\/\/teixitsvicens.com\/es\/wp-json\/wp\/v2\/product_tag?post=31515"}],"curies":[{"name":"wp","href":"https:\/\/api.w.org\/{rel}","templated":true}]}}