{"id":31301,"date":"2024-07-17T15:15:37","date_gmt":"2024-07-17T13:15:37","guid":{"rendered":"https:\/\/teixitsmallorca.com\/?post_type=product&#038;p=31301"},"modified":"2025-11-06T13:15:16","modified_gmt":"2025-11-06T12:15:16","slug":"cojin-forma-corazon-ikat-101-azul-celeste","status":"publish","type":"product","link":"https:\/\/teixitsvicens.com\/es\/producto\/infantil\/cojines-formas\/cojin-forma-corazon-ikat-101-azul-celeste\/","title":{"rendered":"Coj\u00edn forma coraz\u00f3n ikat tela Mallorquina 101 Azul Celeste"},"content":{"rendered":"<p>Ideas decorativas para una habitaci\u00f3n infantil.<\/p>\n<p>Con este coj\u00edn infantil en forma de coraz\u00f3n de tela de lenguas Mallorquina ikat,<\/p>\n<p>puedes decorar los la habitaci\u00f3n de los m\u00e1s peque\u00f1os de la casa; tambi\u00e9n puedes<\/p>\n<p>usarlos como un elemento para contarles cuentos y muchas otras cosas.<\/p>\n<p>Deja volar tu imaginaci\u00f3n.<\/p>\n","protected":false},"excerpt":{"rendered":"<p>Ideas decorativas para una habitaci\u00f3n infantil. Con este coj\u00edn infantil en forma de coraz\u00f3n de tela de lenguas Mallorquina ikat,&#8230;<\/p>\n","protected":false},"featured_media":37835,"comment_status":"closed","ping_status":"closed","template":"","meta":[],"product_brand":[],"product_cat":[729],"product_tag":[],"class_list":{"0":"post-31301","1":"product","2":"type-product","3":"status-publish","4":"has-post-thumbnail","6":"product_cat-cojines-formas","8":"first","9":"outofstock","10":"shipping-taxable","11":"purchasable","12":"product-type-simple"},"yoast_head":"<!-- This site is optimized with the Yoast SEO plugin v27.0 - https:\/\/yoast.com\/product\/yoast-seo-wordpress\/ -->\n<title>Coj\u00edn forma coraz\u00f3n ikat tela Mallorquina 101 Azul Celeste | Teixits Vicens<\/title>\n<meta name=\"description\" content=\"Ideas decorativas para una habitaci\u00f3n infantil. Coj\u00edn infantil en forma de coraz\u00f3n de tela de lenguas Mallorquina ikat\" \/>\n<meta name=\"robots\" content=\"index, follow, max-snippet:-1, max-image-preview:large, max-video-preview:-1\" \/>\n<link rel=\"canonical\" href=\"https:\/\/teixitsvicens.com\/es\/producto\/infantil\/cojines-formas\/cojin-forma-corazon-ikat-101-azul-celeste\/\" \/>\n<meta property=\"og:locale\" content=\"es_ES\" \/>\n<meta property=\"og:type\" content=\"article\" \/>\n<meta property=\"og:title\" content=\"Coj\u00edn forma coraz\u00f3n ikat tela Mallorquina 101 Azul Celeste | Teixits Vicens\" \/>\n<meta property=\"og:description\" content=\"Ideas decorativas para una habitaci\u00f3n infantil. Coj\u00edn infantil en forma de coraz\u00f3n de tela de lenguas Mallorquina ikat\" \/>\n<meta property=\"og:url\" content=\"https:\/\/teixitsvicens.com\/es\/producto\/infantil\/cojines-formas\/cojin-forma-corazon-ikat-101-azul-celeste\/\" \/>\n<meta property=\"og:site_name\" content=\"Teixits Vicens\" \/>\n<meta property=\"article:publisher\" content=\"https:\/\/www.facebook.com\/TeixitsVicens\/\" \/>\n<meta property=\"article:modified_time\" content=\"2025-11-06T12:15:16+00:00\" \/>\n<meta property=\"og:image\" content=\"https:\/\/teixitsvicens.com\/wp-content\/uploads\/2024\/07\/cojin-forma-corazon-tela-mallorquina-ikat-celeste.jpg\" \/>\n\t<meta property=\"og:image:width\" content=\"1200\" \/>\n\t<meta property=\"og:image:height\" content=\"1800\" \/>\n\t<meta property=\"og:image:type\" content=\"image\/jpeg\" \/>\n<meta name=\"twitter:card\" content=\"summary_large_image\" \/>\n<meta name=\"twitter:label1\" content=\"Est. reading time\" \/>\n\t<meta name=\"twitter:data1\" content=\"1 minute\" \/>\n<!-- \/ Yoast SEO plugin. -->","yoast_head_json":{"title":"Coj\u00edn forma coraz\u00f3n ikat tela Mallorquina 101 Azul Celeste | Teixits Vicens","description":"Ideas decorativas para una habitaci\u00f3n infantil. Coj\u00edn infantil en forma de coraz\u00f3n de tela de lenguas Mallorquina ikat","robots":{"index":"index","follow":"follow","max-snippet":"max-snippet:-1","max-image-preview":"max-image-preview:large","max-video-preview":"max-video-preview:-1"},"canonical":"https:\/\/teixitsvicens.com\/es\/producto\/infantil\/cojines-formas\/cojin-forma-corazon-ikat-101-azul-celeste\/","og_locale":"es_ES","og_type":"article","og_title":"Coj\u00edn forma coraz\u00f3n ikat tela Mallorquina 101 Azul Celeste | Teixits Vicens","og_description":"Ideas decorativas para una habitaci\u00f3n infantil. Coj\u00edn infantil en forma de coraz\u00f3n de tela de lenguas Mallorquina ikat","og_url":"https:\/\/teixitsvicens.com\/es\/producto\/infantil\/cojines-formas\/cojin-forma-corazon-ikat-101-azul-celeste\/","og_site_name":"Teixits Vicens","article_publisher":"https:\/\/www.facebook.com\/TeixitsVicens\/","article_modified_time":"2025-11-06T12:15:16+00:00","og_image":[{"width":1200,"height":1800,"url":"https:\/\/teixitsvicens.com\/wp-content\/uploads\/2024\/07\/cojin-forma-corazon-tela-mallorquina-ikat-celeste.jpg","type":"image\/jpeg"}],"twitter_card":"summary_large_image","twitter_misc":{"Est. reading time":"1 minute"},"schema":{"@context":"https:\/\/schema.org","@graph":[{"@type":"WebPage","@id":"https:\/\/teixitsvicens.com\/es\/producto\/infantil\/cojines-formas\/cojin-forma-corazon-ikat-101-azul-celeste\/","url":"https:\/\/teixitsvicens.com\/es\/producto\/infantil\/cojines-formas\/cojin-forma-corazon-ikat-101-azul-celeste\/","name":"Coj\u00edn forma coraz\u00f3n ikat tela Mallorquina 101 Azul Celeste | Teixits Vicens","isPartOf":{"@id":"https:\/\/teixitsvicens.com\/es\/#website"},"primaryImageOfPage":{"@id":"https:\/\/teixitsvicens.com\/es\/producto\/infantil\/cojines-formas\/cojin-forma-corazon-ikat-101-azul-celeste\/#primaryimage"},"image":{"@id":"https:\/\/teixitsvicens.com\/es\/producto\/infantil\/cojines-formas\/cojin-forma-corazon-ikat-101-azul-celeste\/#primaryimage"},"thumbnailUrl":"https:\/\/teixitsvicens.com\/wp-content\/uploads\/2024\/07\/cojin-forma-corazon-tela-mallorquina-ikat-celeste.jpg","datePublished":"2024-07-17T13:15:37+00:00","dateModified":"2025-11-06T12:15:16+00:00","description":"Ideas decorativas para una habitaci\u00f3n infantil. Coj\u00edn infantil en forma de coraz\u00f3n de tela de lenguas Mallorquina ikat","breadcrumb":{"@id":"https:\/\/teixitsvicens.com\/es\/producto\/infantil\/cojines-formas\/cojin-forma-corazon-ikat-101-azul-celeste\/#breadcrumb"},"inLanguage":"es","potentialAction":[{"@type":"ReadAction","target":["https:\/\/teixitsvicens.com\/es\/producto\/infantil\/cojines-formas\/cojin-forma-corazon-ikat-101-azul-celeste\/"]}]},{"@type":"ImageObject","inLanguage":"es","@id":"https:\/\/teixitsvicens.com\/es\/producto\/infantil\/cojines-formas\/cojin-forma-corazon-ikat-101-azul-celeste\/#primaryimage","url":"https:\/\/teixitsvicens.com\/wp-content\/uploads\/2024\/07\/cojin-forma-corazon-tela-mallorquina-ikat-celeste.jpg","contentUrl":"https:\/\/teixitsvicens.com\/wp-content\/uploads\/2024\/07\/cojin-forma-corazon-tela-mallorquina-ikat-celeste.jpg","width":1200,"height":1800},{"@type":"BreadcrumbList","@id":"https:\/\/teixitsvicens.com\/es\/producto\/infantil\/cojines-formas\/cojin-forma-corazon-ikat-101-azul-celeste\/#breadcrumb","itemListElement":[{"@type":"ListItem","position":1,"name":"Inici","item":"https:\/\/teixitsvicens.com\/es\/home\/"},{"@type":"ListItem","position":2,"name":"Tienda","item":"https:\/\/teixitsvicens.com\/es\/tienda\/"},{"@type":"ListItem","position":3,"name":"Coj\u00edn forma coraz\u00f3n ikat tela Mallorquina 101 Azul Celeste"}]},{"@type":"WebSite","@id":"https:\/\/teixitsvicens.com\/es\/#website","url":"https:\/\/teixitsvicens.com\/es\/","name":"Teixits Vicens","description":"Taller textil artesano","publisher":{"@id":"https:\/\/teixitsvicens.com\/es\/#organization"},"alternateName":"Teixits Vicens","potentialAction":[{"@type":"SearchAction","target":{"@type":"EntryPoint","urlTemplate":"https:\/\/teixitsvicens.com\/es\/?s={search_term_string}"},"query-input":{"@type":"PropertyValueSpecification","valueRequired":true,"valueName":"search_term_string"}}],"inLanguage":"es"},{"@type":"Organization","@id":"https:\/\/teixitsvicens.com\/es\/#organization","name":"Teixits Vicens","url":"https:\/\/teixitsvicens.com\/es\/","logo":{"@type":"ImageObject","inLanguage":"es","@id":"https:\/\/teixitsvicens.com\/es\/#\/schema\/logo\/image\/","url":"https:\/\/teixitsvicens.com\/wp-content\/uploads\/2025\/10\/logo-teixits-vicents.png","contentUrl":"https:\/\/teixitsvicens.com\/wp-content\/uploads\/2025\/10\/logo-teixits-vicents.png","width":629,"height":131,"caption":"Teixits Vicens"},"image":{"@id":"https:\/\/teixitsvicens.com\/es\/#\/schema\/logo\/image\/"},"sameAs":["https:\/\/www.facebook.com\/TeixitsVicens\/","https:\/\/www.instagram.com\/teixitsvicens\/"]}]}},"_links":{"self":[{"href":"https:\/\/teixitsvicens.com\/es\/wp-json\/wp\/v2\/product\/31301","targetHints":{"allow":["GET"]}}],"collection":[{"href":"https:\/\/teixitsvicens.com\/es\/wp-json\/wp\/v2\/product"}],"about":[{"href":"https:\/\/teixitsvicens.com\/es\/wp-json\/wp\/v2\/types\/product"}],"replies":[{"embeddable":true,"href":"https:\/\/teixitsvicens.com\/es\/wp-json\/wp\/v2\/comments?post=31301"}],"wp:featuredmedia":[{"embeddable":true,"href":"https:\/\/teixitsvicens.com\/es\/wp-json\/wp\/v2\/media\/37835"}],"wp:attachment":[{"href":"https:\/\/teixitsvicens.com\/es\/wp-json\/wp\/v2\/media?parent=31301"}],"wp:term":[{"taxonomy":"product_brand","embeddable":true,"href":"https:\/\/teixitsvicens.com\/es\/wp-json\/wp\/v2\/product_brand?post=31301"},{"taxonomy":"product_cat","embeddable":true,"href":"https:\/\/teixitsvicens.com\/es\/wp-json\/wp\/v2\/product_cat?post=31301"},{"taxonomy":"product_tag","embeddable":true,"href":"https:\/\/teixitsvicens.com\/es\/wp-json\/wp\/v2\/product_tag?post=31301"}],"curies":[{"name":"wp","href":"https:\/\/api.w.org\/{rel}","templated":true}]}}