{"id":30841,"date":"2024-07-09T10:38:22","date_gmt":"2024-07-09T08:38:22","guid":{"rendered":"https:\/\/teixitsmallorca.com\/?post_type=product&#038;p=30841"},"modified":"2026-02-03T12:38:33","modified_gmt":"2026-02-03T11:38:33","slug":"tote-bag-ikat-109-azul","status":"publish","type":"product","link":"https:\/\/teixitsvicens.com\/es\/producto\/bolsos\/tote-bag\/tote-bag-ikat-109-azul\/","title":{"rendered":"Tote bag tela Mallorquina 109 Azul"},"content":{"rendered":"<p class=\"\" data-start=\"225\" data-end=\"326\"><strong data-start=\"225\" data-end=\"326\">Bolsa de algod\u00f3n y lino hecha a mano con telas mallorquinas \u2013 bolso tote unisex para el d\u00eda a d\u00eda<\/strong><\/p>\n<p class=\"\" data-start=\"328\" data-end=\"707\">Descubre nuestra <strong data-start=\"345\" data-end=\"372\">bolsa de algod\u00f3n y lino<\/strong>, confeccionada a mano con aut\u00e9nticas <strong data-start=\"410\" data-end=\"443\">telas de lenguas mallorquinas<\/strong>. Un <strong data-start=\"448\" data-end=\"469\">bolso tote unisex<\/strong><\/p>\n<p class=\"\" data-start=\"328\" data-end=\"707\">ideal para llevar todo lo que necesitas con estilo y comodidad. Perfecta como <strong data-start=\"548\" data-end=\"571\">bolsa de uso diario<\/strong>, combina dise\u00f1o tradicional y funcionalidad<\/p>\n<p class=\"\" data-start=\"328\" data-end=\"707\">en una pieza \u00fanica y sostenible.<\/p>\n<p class=\"\" data-start=\"328\" data-end=\"707\">\u00a1A\u00f1ade un toque artesanal y mediterr\u00e1neo a tu d\u00eda a d\u00eda!<\/p>\n","protected":false},"excerpt":{"rendered":"<p><span data-olk-copy-source=\"MessageBody\">040&#215;042 <\/span>cm<\/p>\n","protected":false},"featured_media":30842,"comment_status":"closed","ping_status":"closed","template":"","meta":[],"product_brand":[],"product_cat":[716],"product_tag":[],"class_list":{"0":"post-30841","1":"product","2":"type-product","3":"status-publish","4":"has-post-thumbnail","6":"product_cat-tote-bag","8":"first","9":"instock","10":"shipping-taxable","11":"purchasable","12":"product-type-simple"},"yoast_head":"<!-- This site is optimized with the Yoast SEO plugin v27.0 - https:\/\/yoast.com\/product\/yoast-seo-wordpress\/ -->\n<title>Tote bag tela Mallorquina 109 Azul | Teixits Vicens<\/title>\n<meta name=\"description\" content=\"Bolsa de algod\u00f3n y lino, hecha a mano con telas de lenguas Mallorquinas.\" \/>\n<meta name=\"robots\" content=\"index, follow, max-snippet:-1, max-image-preview:large, max-video-preview:-1\" \/>\n<link rel=\"canonical\" href=\"https:\/\/teixitsvicens.com\/es\/producto\/bolsos\/tote-bag\/tote-bag-ikat-109-azul\/\" \/>\n<meta property=\"og:locale\" content=\"es_ES\" \/>\n<meta property=\"og:type\" content=\"article\" \/>\n<meta property=\"og:title\" content=\"Tote bag tela Mallorquina 109 Azul | Teixits Vicens\" \/>\n<meta property=\"og:description\" content=\"Bolsa de algod\u00f3n y lino, hecha a mano con telas de lenguas Mallorquinas.\" \/>\n<meta property=\"og:url\" content=\"https:\/\/teixitsvicens.com\/es\/producto\/bolsos\/tote-bag\/tote-bag-ikat-109-azul\/\" \/>\n<meta property=\"og:site_name\" content=\"Teixits Vicens\" \/>\n<meta property=\"article:publisher\" content=\"https:\/\/www.facebook.com\/TeixitsVicens\/\" \/>\n<meta property=\"article:modified_time\" content=\"2026-02-03T11:38:33+00:00\" \/>\n<meta property=\"og:image\" content=\"https:\/\/teixitsvicens.com\/wp-content\/uploads\/2024\/07\/ss-84small.jpg\" \/>\n\t<meta property=\"og:image:width\" content=\"1200\" \/>\n\t<meta property=\"og:image:height\" content=\"1800\" \/>\n\t<meta property=\"og:image:type\" content=\"image\/jpeg\" \/>\n<meta name=\"twitter:card\" content=\"summary_large_image\" \/>\n<meta name=\"twitter:label1\" content=\"Est. reading time\" \/>\n\t<meta name=\"twitter:data1\" content=\"1 minute\" \/>\n<!-- \/ Yoast SEO plugin. -->","yoast_head_json":{"title":"Tote bag tela Mallorquina 109 Azul | Teixits Vicens","description":"Bolsa de algod\u00f3n y lino, hecha a mano con telas de lenguas Mallorquinas.","robots":{"index":"index","follow":"follow","max-snippet":"max-snippet:-1","max-image-preview":"max-image-preview:large","max-video-preview":"max-video-preview:-1"},"canonical":"https:\/\/teixitsvicens.com\/es\/producto\/bolsos\/tote-bag\/tote-bag-ikat-109-azul\/","og_locale":"es_ES","og_type":"article","og_title":"Tote bag tela Mallorquina 109 Azul | Teixits Vicens","og_description":"Bolsa de algod\u00f3n y lino, hecha a mano con telas de lenguas Mallorquinas.","og_url":"https:\/\/teixitsvicens.com\/es\/producto\/bolsos\/tote-bag\/tote-bag-ikat-109-azul\/","og_site_name":"Teixits Vicens","article_publisher":"https:\/\/www.facebook.com\/TeixitsVicens\/","article_modified_time":"2026-02-03T11:38:33+00:00","og_image":[{"width":1200,"height":1800,"url":"https:\/\/teixitsvicens.com\/wp-content\/uploads\/2024\/07\/ss-84small.jpg","type":"image\/jpeg"}],"twitter_card":"summary_large_image","twitter_misc":{"Est. reading time":"1 minute"},"schema":{"@context":"https:\/\/schema.org","@graph":[{"@type":"WebPage","@id":"https:\/\/teixitsvicens.com\/es\/producto\/bolsos\/tote-bag\/tote-bag-ikat-109-azul\/","url":"https:\/\/teixitsvicens.com\/es\/producto\/bolsos\/tote-bag\/tote-bag-ikat-109-azul\/","name":"Tote bag tela Mallorquina 109 Azul | Teixits Vicens","isPartOf":{"@id":"https:\/\/teixitsvicens.com\/es\/#website"},"primaryImageOfPage":{"@id":"https:\/\/teixitsvicens.com\/es\/producto\/bolsos\/tote-bag\/tote-bag-ikat-109-azul\/#primaryimage"},"image":{"@id":"https:\/\/teixitsvicens.com\/es\/producto\/bolsos\/tote-bag\/tote-bag-ikat-109-azul\/#primaryimage"},"thumbnailUrl":"https:\/\/teixitsvicens.com\/wp-content\/uploads\/2024\/07\/ss-84small.jpg","datePublished":"2024-07-09T08:38:22+00:00","dateModified":"2026-02-03T11:38:33+00:00","description":"Bolsa de algod\u00f3n y lino, hecha a mano con telas de lenguas Mallorquinas.","breadcrumb":{"@id":"https:\/\/teixitsvicens.com\/es\/producto\/bolsos\/tote-bag\/tote-bag-ikat-109-azul\/#breadcrumb"},"inLanguage":"es","potentialAction":[{"@type":"ReadAction","target":["https:\/\/teixitsvicens.com\/es\/producto\/bolsos\/tote-bag\/tote-bag-ikat-109-azul\/"]}]},{"@type":"ImageObject","inLanguage":"es","@id":"https:\/\/teixitsvicens.com\/es\/producto\/bolsos\/tote-bag\/tote-bag-ikat-109-azul\/#primaryimage","url":"https:\/\/teixitsvicens.com\/wp-content\/uploads\/2024\/07\/ss-84small.jpg","contentUrl":"https:\/\/teixitsvicens.com\/wp-content\/uploads\/2024\/07\/ss-84small.jpg","width":1200,"height":1800,"caption":"Modelo luciendo bolso artesanal de Teixits Vicens en entorno natural"},{"@type":"BreadcrumbList","@id":"https:\/\/teixitsvicens.com\/es\/producto\/bolsos\/tote-bag\/tote-bag-ikat-109-azul\/#breadcrumb","itemListElement":[{"@type":"ListItem","position":1,"name":"Inici","item":"https:\/\/teixitsvicens.com\/es\/home\/"},{"@type":"ListItem","position":2,"name":"Tienda","item":"https:\/\/teixitsvicens.com\/es\/tienda\/"},{"@type":"ListItem","position":3,"name":"Tote bag tela Mallorquina 109 Azul"}]},{"@type":"WebSite","@id":"https:\/\/teixitsvicens.com\/es\/#website","url":"https:\/\/teixitsvicens.com\/es\/","name":"Teixits Vicens","description":"Taller textil artesano","publisher":{"@id":"https:\/\/teixitsvicens.com\/es\/#organization"},"alternateName":"Teixits Vicens","potentialAction":[{"@type":"SearchAction","target":{"@type":"EntryPoint","urlTemplate":"https:\/\/teixitsvicens.com\/es\/?s={search_term_string}"},"query-input":{"@type":"PropertyValueSpecification","valueRequired":true,"valueName":"search_term_string"}}],"inLanguage":"es"},{"@type":"Organization","@id":"https:\/\/teixitsvicens.com\/es\/#organization","name":"Teixits Vicens","url":"https:\/\/teixitsvicens.com\/es\/","logo":{"@type":"ImageObject","inLanguage":"es","@id":"https:\/\/teixitsvicens.com\/es\/#\/schema\/logo\/image\/","url":"https:\/\/teixitsvicens.com\/wp-content\/uploads\/2025\/10\/logo-teixits-vicents.png","contentUrl":"https:\/\/teixitsvicens.com\/wp-content\/uploads\/2025\/10\/logo-teixits-vicents.png","width":629,"height":131,"caption":"Teixits Vicens"},"image":{"@id":"https:\/\/teixitsvicens.com\/es\/#\/schema\/logo\/image\/"},"sameAs":["https:\/\/www.facebook.com\/TeixitsVicens\/","https:\/\/www.instagram.com\/teixitsvicens\/"]}]}},"_links":{"self":[{"href":"https:\/\/teixitsvicens.com\/es\/wp-json\/wp\/v2\/product\/30841","targetHints":{"allow":["GET"]}}],"collection":[{"href":"https:\/\/teixitsvicens.com\/es\/wp-json\/wp\/v2\/product"}],"about":[{"href":"https:\/\/teixitsvicens.com\/es\/wp-json\/wp\/v2\/types\/product"}],"replies":[{"embeddable":true,"href":"https:\/\/teixitsvicens.com\/es\/wp-json\/wp\/v2\/comments?post=30841"}],"wp:featuredmedia":[{"embeddable":true,"href":"https:\/\/teixitsvicens.com\/es\/wp-json\/wp\/v2\/media\/30842"}],"wp:attachment":[{"href":"https:\/\/teixitsvicens.com\/es\/wp-json\/wp\/v2\/media?parent=30841"}],"wp:term":[{"taxonomy":"product_brand","embeddable":true,"href":"https:\/\/teixitsvicens.com\/es\/wp-json\/wp\/v2\/product_brand?post=30841"},{"taxonomy":"product_cat","embeddable":true,"href":"https:\/\/teixitsvicens.com\/es\/wp-json\/wp\/v2\/product_cat?post=30841"},{"taxonomy":"product_tag","embeddable":true,"href":"https:\/\/teixitsvicens.com\/es\/wp-json\/wp\/v2\/product_tag?post=30841"}],"curies":[{"name":"wp","href":"https:\/\/api.w.org\/{rel}","templated":true}]}}