{"id":29400,"date":"2024-06-28T14:39:15","date_gmt":"2024-06-28T12:39:15","guid":{"rendered":"https:\/\/teixitsmallorca.com\/?post_type=product&#038;p=29400"},"modified":"2025-03-07T13:52:50","modified_gmt":"2025-03-07T12:52:50","slug":"cojin-platabanda-ikat-101-azul","status":"publish","type":"product","link":"https:\/\/teixitsvicens.com\/es\/producto\/decoracion\/cojines\/cojines-platabanda\/cojin-platabanda-ikat-101-azul\/","title":{"rendered":"Coj\u00edn platabanda tela Mallorquina ikat 101 Azul"},"content":{"rendered":"<p>Funda de coj\u00edn decorativo de tela de lenguas Mallorquinas , para decorar la cama, el sof\u00e1, el jard\u00edn o terraza.<\/p>\n<p>Estos cojines con platabanda son perfectos para bancos de material, madera, etc\u2026<\/p>\n<p>Ideas decorativas para espacios Mediterr\u00e0neos.<\/p>\n<p>Nuestros dise\u00f1os fusionan la tradici\u00f3n con lo contempor\u00e1neo y permiten combinarlos para adaptarse a cualquier entorno.<\/p>\n<p>Producci\u00f3n local. Cojines hechos a mano en Mallorca artesanalmente en nuestro taller de Pollen\u00e7a.<\/p>\n<p>Esta pieza es un dise\u00f1o exclusivo dise\u00f1ado por el equipo de Teixits Vicens.<\/p>\n","protected":false},"excerpt":{"rendered":"<p>050x050cm<\/p>\n","protected":false},"featured_media":29401,"comment_status":"closed","ping_status":"closed","template":"","meta":[],"product_brand":[],"product_cat":[792],"product_tag":[],"class_list":{"0":"post-29400","1":"product","2":"type-product","3":"status-publish","4":"has-post-thumbnail","6":"product_cat-cojines-platabanda","8":"first","9":"instock","10":"shipping-taxable","11":"purchasable","12":"product-type-simple"},"yoast_head":"<!-- This site is optimized with the Yoast SEO plugin v27.0 - https:\/\/yoast.com\/product\/yoast-seo-wordpress\/ -->\n<title>Coj\u00edn platabanda tela Mallorquina ikat 101 Azul | Teixits Vicens<\/title>\n<meta name=\"description\" content=\"Cojines con platabanda son para bancos de material, madera, etc... Ideas decorativas para espacios Mediterr\u00e0neos con telas Mallorquinas.\" \/>\n<meta name=\"robots\" content=\"index, follow, max-snippet:-1, max-image-preview:large, max-video-preview:-1\" \/>\n<link rel=\"canonical\" href=\"https:\/\/teixitsvicens.com\/es\/producto\/decoracion\/cojines\/cojines-platabanda\/cojin-platabanda-ikat-101-azul\/\" \/>\n<meta property=\"og:locale\" content=\"es_ES\" \/>\n<meta property=\"og:type\" content=\"article\" \/>\n<meta property=\"og:title\" content=\"Coj\u00edn platabanda tela Mallorquina ikat 101 Azul | Teixits Vicens\" \/>\n<meta property=\"og:description\" content=\"Cojines con platabanda son para bancos de material, madera, etc... Ideas decorativas para espacios Mediterr\u00e0neos con telas Mallorquinas.\" \/>\n<meta property=\"og:url\" content=\"https:\/\/teixitsvicens.com\/es\/producto\/decoracion\/cojines\/cojines-platabanda\/cojin-platabanda-ikat-101-azul\/\" \/>\n<meta property=\"og:site_name\" content=\"Teixits Vicens\" \/>\n<meta property=\"article:publisher\" content=\"https:\/\/www.facebook.com\/TeixitsVicens\/\" \/>\n<meta property=\"article:modified_time\" content=\"2025-03-07T12:52:50+00:00\" \/>\n<meta property=\"og:image\" content=\"https:\/\/teixitsvicens.com\/wp-content\/uploads\/2024\/06\/PRODUCTV-0444small.jpg\" \/>\n\t<meta property=\"og:image:width\" content=\"1200\" \/>\n\t<meta property=\"og:image:height\" content=\"800\" \/>\n\t<meta property=\"og:image:type\" content=\"image\/jpeg\" \/>\n<meta name=\"twitter:card\" content=\"summary_large_image\" \/>\n<meta name=\"twitter:label1\" content=\"Est. reading time\" \/>\n\t<meta name=\"twitter:data1\" content=\"1 minute\" \/>\n<!-- \/ Yoast SEO plugin. -->","yoast_head_json":{"title":"Coj\u00edn platabanda tela Mallorquina ikat 101 Azul | Teixits Vicens","description":"Cojines con platabanda son para bancos de material, madera, etc... Ideas decorativas para espacios Mediterr\u00e0neos con telas Mallorquinas.","robots":{"index":"index","follow":"follow","max-snippet":"max-snippet:-1","max-image-preview":"max-image-preview:large","max-video-preview":"max-video-preview:-1"},"canonical":"https:\/\/teixitsvicens.com\/es\/producto\/decoracion\/cojines\/cojines-platabanda\/cojin-platabanda-ikat-101-azul\/","og_locale":"es_ES","og_type":"article","og_title":"Coj\u00edn platabanda tela Mallorquina ikat 101 Azul | Teixits Vicens","og_description":"Cojines con platabanda son para bancos de material, madera, etc... Ideas decorativas para espacios Mediterr\u00e0neos con telas Mallorquinas.","og_url":"https:\/\/teixitsvicens.com\/es\/producto\/decoracion\/cojines\/cojines-platabanda\/cojin-platabanda-ikat-101-azul\/","og_site_name":"Teixits Vicens","article_publisher":"https:\/\/www.facebook.com\/TeixitsVicens\/","article_modified_time":"2025-03-07T12:52:50+00:00","og_image":[{"width":1200,"height":800,"url":"https:\/\/teixitsvicens.com\/wp-content\/uploads\/2024\/06\/PRODUCTV-0444small.jpg","type":"image\/jpeg"}],"twitter_card":"summary_large_image","twitter_misc":{"Est. reading time":"1 minute"},"schema":{"@context":"https:\/\/schema.org","@graph":[{"@type":"WebPage","@id":"https:\/\/teixitsvicens.com\/es\/producto\/decoracion\/cojines\/cojines-platabanda\/cojin-platabanda-ikat-101-azul\/","url":"https:\/\/teixitsvicens.com\/es\/producto\/decoracion\/cojines\/cojines-platabanda\/cojin-platabanda-ikat-101-azul\/","name":"Coj\u00edn platabanda tela Mallorquina ikat 101 Azul | Teixits Vicens","isPartOf":{"@id":"https:\/\/teixitsvicens.com\/es\/#website"},"primaryImageOfPage":{"@id":"https:\/\/teixitsvicens.com\/es\/producto\/decoracion\/cojines\/cojines-platabanda\/cojin-platabanda-ikat-101-azul\/#primaryimage"},"image":{"@id":"https:\/\/teixitsvicens.com\/es\/producto\/decoracion\/cojines\/cojines-platabanda\/cojin-platabanda-ikat-101-azul\/#primaryimage"},"thumbnailUrl":"https:\/\/teixitsvicens.com\/wp-content\/uploads\/2024\/06\/PRODUCTV-0444small.jpg","datePublished":"2024-06-28T12:39:15+00:00","dateModified":"2025-03-07T12:52:50+00:00","description":"Cojines con platabanda son para bancos de material, madera, etc... Ideas decorativas para espacios Mediterr\u00e0neos con telas Mallorquinas.","breadcrumb":{"@id":"https:\/\/teixitsvicens.com\/es\/producto\/decoracion\/cojines\/cojines-platabanda\/cojin-platabanda-ikat-101-azul\/#breadcrumb"},"inLanguage":"es","potentialAction":[{"@type":"ReadAction","target":["https:\/\/teixitsvicens.com\/es\/producto\/decoracion\/cojines\/cojines-platabanda\/cojin-platabanda-ikat-101-azul\/"]}]},{"@type":"ImageObject","inLanguage":"es","@id":"https:\/\/teixitsvicens.com\/es\/producto\/decoracion\/cojines\/cojines-platabanda\/cojin-platabanda-ikat-101-azul\/#primaryimage","url":"https:\/\/teixitsvicens.com\/wp-content\/uploads\/2024\/06\/PRODUCTV-0444small.jpg","contentUrl":"https:\/\/teixitsvicens.com\/wp-content\/uploads\/2024\/06\/PRODUCTV-0444small.jpg","width":1200,"height":800,"caption":"Coj\u00edn decorativo artesanal azul y blanco de Teixits Vicens con dise\u00f1o tradicional mallorqu\u00edn"},{"@type":"BreadcrumbList","@id":"https:\/\/teixitsvicens.com\/es\/producto\/decoracion\/cojines\/cojines-platabanda\/cojin-platabanda-ikat-101-azul\/#breadcrumb","itemListElement":[{"@type":"ListItem","position":1,"name":"Inici","item":"https:\/\/teixitsvicens.com\/es\/home\/"},{"@type":"ListItem","position":2,"name":"Tienda","item":"https:\/\/teixitsvicens.com\/es\/tienda\/"},{"@type":"ListItem","position":3,"name":"Coj\u00edn platabanda tela Mallorquina ikat 101 Azul"}]},{"@type":"WebSite","@id":"https:\/\/teixitsvicens.com\/es\/#website","url":"https:\/\/teixitsvicens.com\/es\/","name":"Teixits Vicens","description":"Taller textil artesano","publisher":{"@id":"https:\/\/teixitsvicens.com\/es\/#organization"},"alternateName":"Teixits Vicens","potentialAction":[{"@type":"SearchAction","target":{"@type":"EntryPoint","urlTemplate":"https:\/\/teixitsvicens.com\/es\/?s={search_term_string}"},"query-input":{"@type":"PropertyValueSpecification","valueRequired":true,"valueName":"search_term_string"}}],"inLanguage":"es"},{"@type":"Organization","@id":"https:\/\/teixitsvicens.com\/es\/#organization","name":"Teixits Vicens","url":"https:\/\/teixitsvicens.com\/es\/","logo":{"@type":"ImageObject","inLanguage":"es","@id":"https:\/\/teixitsvicens.com\/es\/#\/schema\/logo\/image\/","url":"https:\/\/teixitsvicens.com\/wp-content\/uploads\/2025\/10\/logo-teixits-vicents.png","contentUrl":"https:\/\/teixitsvicens.com\/wp-content\/uploads\/2025\/10\/logo-teixits-vicents.png","width":629,"height":131,"caption":"Teixits Vicens"},"image":{"@id":"https:\/\/teixitsvicens.com\/es\/#\/schema\/logo\/image\/"},"sameAs":["https:\/\/www.facebook.com\/TeixitsVicens\/","https:\/\/www.instagram.com\/teixitsvicens\/"]}]}},"_links":{"self":[{"href":"https:\/\/teixitsvicens.com\/es\/wp-json\/wp\/v2\/product\/29400","targetHints":{"allow":["GET"]}}],"collection":[{"href":"https:\/\/teixitsvicens.com\/es\/wp-json\/wp\/v2\/product"}],"about":[{"href":"https:\/\/teixitsvicens.com\/es\/wp-json\/wp\/v2\/types\/product"}],"replies":[{"embeddable":true,"href":"https:\/\/teixitsvicens.com\/es\/wp-json\/wp\/v2\/comments?post=29400"}],"wp:featuredmedia":[{"embeddable":true,"href":"https:\/\/teixitsvicens.com\/es\/wp-json\/wp\/v2\/media\/29401"}],"wp:attachment":[{"href":"https:\/\/teixitsvicens.com\/es\/wp-json\/wp\/v2\/media?parent=29400"}],"wp:term":[{"taxonomy":"product_brand","embeddable":true,"href":"https:\/\/teixitsvicens.com\/es\/wp-json\/wp\/v2\/product_brand?post=29400"},{"taxonomy":"product_cat","embeddable":true,"href":"https:\/\/teixitsvicens.com\/es\/wp-json\/wp\/v2\/product_cat?post=29400"},{"taxonomy":"product_tag","embeddable":true,"href":"https:\/\/teixitsvicens.com\/es\/wp-json\/wp\/v2\/product_tag?post=29400"}],"curies":[{"name":"wp","href":"https:\/\/api.w.org\/{rel}","templated":true}]}}