{"id":29373,"date":"2024-06-28T10:42:13","date_gmt":"2024-06-28T08:42:13","guid":{"rendered":"https:\/\/teixitsmallorca.com\/?post_type=product&#038;p=29373"},"modified":"2026-01-14T15:17:39","modified_gmt":"2026-01-14T14:17:39","slug":"cojin-flequito-ikat-104-azul","status":"publish","type":"product","link":"https:\/\/teixitsvicens.com\/es\/producto\/decoracion\/cojines\/cojines-flequito\/cojin-flequito-ikat-104-azul\/","title":{"rendered":"Coj\u00edn flequito tela Mallorquina ikat 104 Azul"},"content":{"rendered":"<p>A\u00f1ade un toque de elegancia y tradici\u00f3n a cualquier espacio con nuestro <strong>Coj\u00edn Flequito Ikat 104 Azul<\/strong>, hecho de tela de lenguas mallorquinas. Perfecto para decorar la cama, el sof\u00e1, el jard\u00edn o la terraza, este coj\u00edn combina lo mejor de la tradici\u00f3n y el dise\u00f1o contempor\u00e1neo.<\/p>\n<p>Nuestros cojines son producidos localmente y hechos a mano en nuestro taller artesanal en Pollen\u00e7a, Mallorca. Cada pieza es un dise\u00f1o exclusivo creado por el equipo de Teixits Vicens, asegurando que cada coj\u00edn es \u00fanico y de la m\u00e1s alta calidad.<\/p>\n<p>El <strong>Coj\u00edn Flequito Ikat 104 Azul<\/strong> no solo aporta un estilo distintivo a cualquier entorno, sino que tambi\u00e9n refleja nuestro compromiso con la artesan\u00eda y la producci\u00f3n local. Descubre c\u00f3mo nuestros dise\u00f1os pueden transformar tu hogar con un toque de elegancia y autenticidad.<\/p>\n","protected":false},"excerpt":{"rendered":"<p>A\u00f1ade un toque de elegancia y tradici\u00f3n a cualquier espacio con nuestro Coj\u00edn Flequito Ikat 104 Azul, hecho de tela&#8230;<\/p>\n","protected":false},"featured_media":29374,"comment_status":"closed","ping_status":"closed","template":"","meta":[],"product_brand":[],"product_cat":[785],"product_tag":[],"class_list":{"0":"post-29373","1":"product","2":"type-product","3":"status-publish","4":"has-post-thumbnail","6":"product_cat-cojines-flequito","8":"first","9":"instock","10":"shipping-taxable","11":"purchasable","12":"product-type-simple"},"yoast_head":"<!-- This site is optimized with the Yoast SEO plugin v27.0 - https:\/\/yoast.com\/product\/yoast-seo-wordpress\/ -->\n<title>Coj\u00edn flequito tela Mallorquina ikat 104 Azul | Teixits Vicens<\/title>\n<meta name=\"description\" content=\"Coj\u00edn flequito ikat 104 Azul en Teixits Vicens: estilo artesanal que a\u00f1ade un toque de elegancia a tus espacios. Transforma tu hogar con nuestras telas.\" \/>\n<meta name=\"robots\" content=\"index, follow, max-snippet:-1, max-image-preview:large, max-video-preview:-1\" \/>\n<link rel=\"canonical\" href=\"https:\/\/teixitsvicens.com\/es\/producto\/decoracion\/cojines\/cojines-flequito\/cojin-flequito-ikat-104-azul\/\" \/>\n<meta property=\"og:locale\" content=\"es_ES\" \/>\n<meta property=\"og:type\" content=\"article\" \/>\n<meta property=\"og:title\" content=\"Coj\u00edn flequito tela Mallorquina ikat 104 Azul | Teixits Vicens\" \/>\n<meta property=\"og:description\" content=\"Coj\u00edn flequito ikat 104 Azul en Teixits Vicens: estilo artesanal que a\u00f1ade un toque de elegancia a tus espacios. Transforma tu hogar con nuestras telas.\" \/>\n<meta property=\"og:url\" content=\"https:\/\/teixitsvicens.com\/es\/producto\/decoracion\/cojines\/cojines-flequito\/cojin-flequito-ikat-104-azul\/\" \/>\n<meta property=\"og:site_name\" content=\"Teixits Vicens\" \/>\n<meta property=\"article:publisher\" content=\"https:\/\/www.facebook.com\/TeixitsVicens\/\" \/>\n<meta property=\"article:modified_time\" content=\"2026-01-14T14:17:39+00:00\" \/>\n<meta property=\"og:image\" content=\"https:\/\/teixitsvicens.com\/wp-content\/uploads\/2024\/06\/PRODUCTV-0466.jpg\" \/>\n\t<meta property=\"og:image:width\" content=\"1200\" \/>\n\t<meta property=\"og:image:height\" content=\"800\" \/>\n\t<meta property=\"og:image:type\" content=\"image\/jpeg\" \/>\n<meta name=\"twitter:card\" content=\"summary_large_image\" \/>\n<meta name=\"twitter:label1\" content=\"Est. reading time\" \/>\n\t<meta name=\"twitter:data1\" content=\"1 minute\" \/>\n<!-- \/ Yoast SEO plugin. -->","yoast_head_json":{"title":"Coj\u00edn flequito tela Mallorquina ikat 104 Azul | Teixits Vicens","description":"Coj\u00edn flequito ikat 104 Azul en Teixits Vicens: estilo artesanal que a\u00f1ade un toque de elegancia a tus espacios. Transforma tu hogar con nuestras telas.","robots":{"index":"index","follow":"follow","max-snippet":"max-snippet:-1","max-image-preview":"max-image-preview:large","max-video-preview":"max-video-preview:-1"},"canonical":"https:\/\/teixitsvicens.com\/es\/producto\/decoracion\/cojines\/cojines-flequito\/cojin-flequito-ikat-104-azul\/","og_locale":"es_ES","og_type":"article","og_title":"Coj\u00edn flequito tela Mallorquina ikat 104 Azul | Teixits Vicens","og_description":"Coj\u00edn flequito ikat 104 Azul en Teixits Vicens: estilo artesanal que a\u00f1ade un toque de elegancia a tus espacios. Transforma tu hogar con nuestras telas.","og_url":"https:\/\/teixitsvicens.com\/es\/producto\/decoracion\/cojines\/cojines-flequito\/cojin-flequito-ikat-104-azul\/","og_site_name":"Teixits Vicens","article_publisher":"https:\/\/www.facebook.com\/TeixitsVicens\/","article_modified_time":"2026-01-14T14:17:39+00:00","og_image":[{"width":1200,"height":800,"url":"https:\/\/teixitsvicens.com\/wp-content\/uploads\/2024\/06\/PRODUCTV-0466.jpg","type":"image\/jpeg"}],"twitter_card":"summary_large_image","twitter_misc":{"Est. reading time":"1 minute"},"schema":{"@context":"https:\/\/schema.org","@graph":[{"@type":"WebPage","@id":"https:\/\/teixitsvicens.com\/es\/producto\/decoracion\/cojines\/cojines-flequito\/cojin-flequito-ikat-104-azul\/","url":"https:\/\/teixitsvicens.com\/es\/producto\/decoracion\/cojines\/cojines-flequito\/cojin-flequito-ikat-104-azul\/","name":"Coj\u00edn flequito tela Mallorquina ikat 104 Azul | Teixits Vicens","isPartOf":{"@id":"https:\/\/teixitsvicens.com\/es\/#website"},"primaryImageOfPage":{"@id":"https:\/\/teixitsvicens.com\/es\/producto\/decoracion\/cojines\/cojines-flequito\/cojin-flequito-ikat-104-azul\/#primaryimage"},"image":{"@id":"https:\/\/teixitsvicens.com\/es\/producto\/decoracion\/cojines\/cojines-flequito\/cojin-flequito-ikat-104-azul\/#primaryimage"},"thumbnailUrl":"https:\/\/teixitsvicens.com\/wp-content\/uploads\/2024\/06\/PRODUCTV-0466.jpg","datePublished":"2024-06-28T08:42:13+00:00","dateModified":"2026-01-14T14:17:39+00:00","description":"Coj\u00edn flequito ikat 104 Azul en Teixits Vicens: estilo artesanal que a\u00f1ade un toque de elegancia a tus espacios. Transforma tu hogar con nuestras telas.","breadcrumb":{"@id":"https:\/\/teixitsvicens.com\/es\/producto\/decoracion\/cojines\/cojines-flequito\/cojin-flequito-ikat-104-azul\/#breadcrumb"},"inLanguage":"es","potentialAction":[{"@type":"ReadAction","target":["https:\/\/teixitsvicens.com\/es\/producto\/decoracion\/cojines\/cojines-flequito\/cojin-flequito-ikat-104-azul\/"]}]},{"@type":"ImageObject","inLanguage":"es","@id":"https:\/\/teixitsvicens.com\/es\/producto\/decoracion\/cojines\/cojines-flequito\/cojin-flequito-ikat-104-azul\/#primaryimage","url":"https:\/\/teixitsvicens.com\/wp-content\/uploads\/2024\/06\/PRODUCTV-0466.jpg","contentUrl":"https:\/\/teixitsvicens.com\/wp-content\/uploads\/2024\/06\/PRODUCTV-0466.jpg","width":1200,"height":800,"caption":"Coj\u00edn artesanal en color azul de Teixits Vicens, tejido mallorqu\u00edn tradicional"},{"@type":"BreadcrumbList","@id":"https:\/\/teixitsvicens.com\/es\/producto\/decoracion\/cojines\/cojines-flequito\/cojin-flequito-ikat-104-azul\/#breadcrumb","itemListElement":[{"@type":"ListItem","position":1,"name":"Inici","item":"https:\/\/teixitsvicens.com\/es\/home\/"},{"@type":"ListItem","position":2,"name":"Tienda","item":"https:\/\/teixitsvicens.com\/es\/tienda\/"},{"@type":"ListItem","position":3,"name":"Coj\u00edn flequito tela Mallorquina ikat 104 Azul"}]},{"@type":"WebSite","@id":"https:\/\/teixitsvicens.com\/es\/#website","url":"https:\/\/teixitsvicens.com\/es\/","name":"Teixits Vicens","description":"Taller textil artesano","publisher":{"@id":"https:\/\/teixitsvicens.com\/es\/#organization"},"alternateName":"Teixits Vicens","potentialAction":[{"@type":"SearchAction","target":{"@type":"EntryPoint","urlTemplate":"https:\/\/teixitsvicens.com\/es\/?s={search_term_string}"},"query-input":{"@type":"PropertyValueSpecification","valueRequired":true,"valueName":"search_term_string"}}],"inLanguage":"es"},{"@type":"Organization","@id":"https:\/\/teixitsvicens.com\/es\/#organization","name":"Teixits Vicens","url":"https:\/\/teixitsvicens.com\/es\/","logo":{"@type":"ImageObject","inLanguage":"es","@id":"https:\/\/teixitsvicens.com\/es\/#\/schema\/logo\/image\/","url":"https:\/\/teixitsvicens.com\/wp-content\/uploads\/2025\/10\/logo-teixits-vicents.png","contentUrl":"https:\/\/teixitsvicens.com\/wp-content\/uploads\/2025\/10\/logo-teixits-vicents.png","width":629,"height":131,"caption":"Teixits Vicens"},"image":{"@id":"https:\/\/teixitsvicens.com\/es\/#\/schema\/logo\/image\/"},"sameAs":["https:\/\/www.facebook.com\/TeixitsVicens\/","https:\/\/www.instagram.com\/teixitsvicens\/"]}]}},"_links":{"self":[{"href":"https:\/\/teixitsvicens.com\/es\/wp-json\/wp\/v2\/product\/29373","targetHints":{"allow":["GET"]}}],"collection":[{"href":"https:\/\/teixitsvicens.com\/es\/wp-json\/wp\/v2\/product"}],"about":[{"href":"https:\/\/teixitsvicens.com\/es\/wp-json\/wp\/v2\/types\/product"}],"replies":[{"embeddable":true,"href":"https:\/\/teixitsvicens.com\/es\/wp-json\/wp\/v2\/comments?post=29373"}],"wp:featuredmedia":[{"embeddable":true,"href":"https:\/\/teixitsvicens.com\/es\/wp-json\/wp\/v2\/media\/29374"}],"wp:attachment":[{"href":"https:\/\/teixitsvicens.com\/es\/wp-json\/wp\/v2\/media?parent=29373"}],"wp:term":[{"taxonomy":"product_brand","embeddable":true,"href":"https:\/\/teixitsvicens.com\/es\/wp-json\/wp\/v2\/product_brand?post=29373"},{"taxonomy":"product_cat","embeddable":true,"href":"https:\/\/teixitsvicens.com\/es\/wp-json\/wp\/v2\/product_cat?post=29373"},{"taxonomy":"product_tag","embeddable":true,"href":"https:\/\/teixitsvicens.com\/es\/wp-json\/wp\/v2\/product_tag?post=29373"}],"curies":[{"name":"wp","href":"https:\/\/api.w.org\/{rel}","templated":true}]}}