{"id":28752,"date":"2024-06-21T18:01:49","date_gmt":"2024-06-21T16:01:49","guid":{"rendered":"https:\/\/teixitsmallorca.com\/?post_type=product&#038;p=28752"},"modified":"2025-06-23T13:14:06","modified_gmt":"2025-06-23T11:14:06","slug":"cojin-rayas-213-verde-oliva","status":"publish","type":"product","link":"https:\/\/teixitsvicens.com\/es\/producto\/decoracion\/cojines\/cojines-simple\/cojin-rayas-213-verde-oliva\/","title":{"rendered":"Cojin tela Mallorquina rayas 213 Verde Oliva"},"content":{"rendered":"<p>Funda de coj\u00edn decorativo de tela de lenguas Mallorquinas , para decorar la cama, el sof\u00e1, el jard\u00edn o terraza.<\/p>\n<p>Nuestros dise\u00f1os fusionan la tradici\u00f3n con lo contempor\u00e1neo y permiten combinarlos para adaptarse a cualquier entorno.<\/p>\n<p>Producci\u00f3n local. Cojines hechos a mano en Mallorca artesanalmente en nuestro taller de Pollen\u00e7a.<\/p>\n<p>Esta pieza es un dise\u00f1o exclusivo dise\u00f1ado por el equipo de Teixits Vicens.<\/p>\n","protected":false},"excerpt":{"rendered":"<p>Funda de coj\u00edn decorativo de tela de lenguas Mallorquinas , para decorar la cama, el sof\u00e1, el jard\u00edn o terraza&#8230;.<\/p>\n","protected":false},"featured_media":28753,"comment_status":"closed","ping_status":"closed","template":"","meta":[],"product_brand":[],"product_cat":[783],"product_tag":[],"class_list":{"0":"post-28752","1":"product","2":"type-product","3":"status-publish","4":"has-post-thumbnail","6":"product_cat-cojines-simple","8":"first","9":"instock","10":"shipping-taxable","11":"purchasable","12":"product-type-variable"},"yoast_head":"<!-- This site is optimized with the Yoast SEO plugin v27.0 - https:\/\/yoast.com\/product\/yoast-seo-wordpress\/ -->\n<title>Cojin tela Mallorquina rayas 213 Verde Oliva | Teixits Vicens<\/title>\n<meta name=\"description\" content=\"Funda de coj\u00edn decorativo de tela de lenguas Mallorquinas , para decorar la cama, el sof\u00e1, el jard\u00edn o terraza.\" \/>\n<meta name=\"robots\" content=\"index, follow, max-snippet:-1, max-image-preview:large, max-video-preview:-1\" \/>\n<link rel=\"canonical\" href=\"https:\/\/teixitsvicens.com\/es\/producto\/decoracion\/cojines\/cojines-simple\/cojin-rayas-213-verde-oliva\/\" \/>\n<meta property=\"og:locale\" content=\"es_ES\" \/>\n<meta property=\"og:type\" content=\"article\" \/>\n<meta property=\"og:title\" content=\"Cojin tela Mallorquina rayas 213 Verde Oliva | Teixits Vicens\" \/>\n<meta property=\"og:description\" content=\"Funda de coj\u00edn decorativo de tela de lenguas Mallorquinas , para decorar la cama, el sof\u00e1, el jard\u00edn o terraza.\" \/>\n<meta property=\"og:url\" content=\"https:\/\/teixitsvicens.com\/es\/producto\/decoracion\/cojines\/cojines-simple\/cojin-rayas-213-verde-oliva\/\" \/>\n<meta property=\"og:site_name\" content=\"Teixits Vicens\" \/>\n<meta property=\"article:publisher\" content=\"https:\/\/www.facebook.com\/TeixitsVicens\/\" \/>\n<meta property=\"article:modified_time\" content=\"2025-06-23T11:14:06+00:00\" \/>\n<meta property=\"og:image\" content=\"https:\/\/teixitsvicens.com\/wp-content\/uploads\/2024\/06\/COIXI-213-verd-oliva-small.jpg\" \/>\n\t<meta property=\"og:image:width\" content=\"1200\" \/>\n\t<meta property=\"og:image:height\" content=\"900\" \/>\n\t<meta property=\"og:image:type\" content=\"image\/jpeg\" \/>\n<meta name=\"twitter:card\" content=\"summary_large_image\" \/>\n<meta name=\"twitter:label1\" content=\"Est. reading time\" \/>\n\t<meta name=\"twitter:data1\" content=\"1 minute\" \/>\n<!-- \/ Yoast SEO plugin. -->","yoast_head_json":{"title":"Cojin tela Mallorquina rayas 213 Verde Oliva | Teixits Vicens","description":"Funda de coj\u00edn decorativo de tela de lenguas Mallorquinas , para decorar la cama, el sof\u00e1, el jard\u00edn o terraza.","robots":{"index":"index","follow":"follow","max-snippet":"max-snippet:-1","max-image-preview":"max-image-preview:large","max-video-preview":"max-video-preview:-1"},"canonical":"https:\/\/teixitsvicens.com\/es\/producto\/decoracion\/cojines\/cojines-simple\/cojin-rayas-213-verde-oliva\/","og_locale":"es_ES","og_type":"article","og_title":"Cojin tela Mallorquina rayas 213 Verde Oliva | Teixits Vicens","og_description":"Funda de coj\u00edn decorativo de tela de lenguas Mallorquinas , para decorar la cama, el sof\u00e1, el jard\u00edn o terraza.","og_url":"https:\/\/teixitsvicens.com\/es\/producto\/decoracion\/cojines\/cojines-simple\/cojin-rayas-213-verde-oliva\/","og_site_name":"Teixits Vicens","article_publisher":"https:\/\/www.facebook.com\/TeixitsVicens\/","article_modified_time":"2025-06-23T11:14:06+00:00","og_image":[{"width":1200,"height":900,"url":"https:\/\/teixitsvicens.com\/wp-content\/uploads\/2024\/06\/COIXI-213-verd-oliva-small.jpg","type":"image\/jpeg"}],"twitter_card":"summary_large_image","twitter_misc":{"Est. reading time":"1 minute"},"schema":{"@context":"https:\/\/schema.org","@graph":[{"@type":"WebPage","@id":"https:\/\/teixitsvicens.com\/es\/producto\/decoracion\/cojines\/cojines-simple\/cojin-rayas-213-verde-oliva\/","url":"https:\/\/teixitsvicens.com\/es\/producto\/decoracion\/cojines\/cojines-simple\/cojin-rayas-213-verde-oliva\/","name":"Cojin tela Mallorquina rayas 213 Verde Oliva | Teixits Vicens","isPartOf":{"@id":"https:\/\/teixitsvicens.com\/es\/#website"},"primaryImageOfPage":{"@id":"https:\/\/teixitsvicens.com\/es\/producto\/decoracion\/cojines\/cojines-simple\/cojin-rayas-213-verde-oliva\/#primaryimage"},"image":{"@id":"https:\/\/teixitsvicens.com\/es\/producto\/decoracion\/cojines\/cojines-simple\/cojin-rayas-213-verde-oliva\/#primaryimage"},"thumbnailUrl":"https:\/\/teixitsvicens.com\/wp-content\/uploads\/2024\/06\/COIXI-213-verd-oliva-small.jpg","datePublished":"2024-06-21T16:01:49+00:00","dateModified":"2025-06-23T11:14:06+00:00","description":"Funda de coj\u00edn decorativo de tela de lenguas Mallorquinas , para decorar la cama, el sof\u00e1, el jard\u00edn o terraza.","breadcrumb":{"@id":"https:\/\/teixitsvicens.com\/es\/producto\/decoracion\/cojines\/cojines-simple\/cojin-rayas-213-verde-oliva\/#breadcrumb"},"inLanguage":"es","potentialAction":[{"@type":"ReadAction","target":["https:\/\/teixitsvicens.com\/es\/producto\/decoracion\/cojines\/cojines-simple\/cojin-rayas-213-verde-oliva\/"]}]},{"@type":"ImageObject","inLanguage":"es","@id":"https:\/\/teixitsvicens.com\/es\/producto\/decoracion\/cojines\/cojines-simple\/cojin-rayas-213-verde-oliva\/#primaryimage","url":"https:\/\/teixitsvicens.com\/wp-content\/uploads\/2024\/06\/COIXI-213-verd-oliva-small.jpg","contentUrl":"https:\/\/teixitsvicens.com\/wp-content\/uploads\/2024\/06\/COIXI-213-verd-oliva-small.jpg","width":1200,"height":900,"caption":"Coj\u00edn artesanal modelo 213 en verde oliva con dise\u00f1o de lleng\u00fces de Teixits Vicens"},{"@type":"BreadcrumbList","@id":"https:\/\/teixitsvicens.com\/es\/producto\/decoracion\/cojines\/cojines-simple\/cojin-rayas-213-verde-oliva\/#breadcrumb","itemListElement":[{"@type":"ListItem","position":1,"name":"Inici","item":"https:\/\/teixitsvicens.com\/es\/home\/"},{"@type":"ListItem","position":2,"name":"Tienda","item":"https:\/\/teixitsvicens.com\/es\/tienda\/"},{"@type":"ListItem","position":3,"name":"Cojin tela Mallorquina rayas 213 Verde Oliva"}]},{"@type":"WebSite","@id":"https:\/\/teixitsvicens.com\/es\/#website","url":"https:\/\/teixitsvicens.com\/es\/","name":"Teixits Vicens","description":"Taller textil artesano","publisher":{"@id":"https:\/\/teixitsvicens.com\/es\/#organization"},"alternateName":"Teixits Vicens","potentialAction":[{"@type":"SearchAction","target":{"@type":"EntryPoint","urlTemplate":"https:\/\/teixitsvicens.com\/es\/?s={search_term_string}"},"query-input":{"@type":"PropertyValueSpecification","valueRequired":true,"valueName":"search_term_string"}}],"inLanguage":"es"},{"@type":"Organization","@id":"https:\/\/teixitsvicens.com\/es\/#organization","name":"Teixits Vicens","url":"https:\/\/teixitsvicens.com\/es\/","logo":{"@type":"ImageObject","inLanguage":"es","@id":"https:\/\/teixitsvicens.com\/es\/#\/schema\/logo\/image\/","url":"https:\/\/teixitsvicens.com\/wp-content\/uploads\/2025\/10\/logo-teixits-vicents.png","contentUrl":"https:\/\/teixitsvicens.com\/wp-content\/uploads\/2025\/10\/logo-teixits-vicents.png","width":629,"height":131,"caption":"Teixits Vicens"},"image":{"@id":"https:\/\/teixitsvicens.com\/es\/#\/schema\/logo\/image\/"},"sameAs":["https:\/\/www.facebook.com\/TeixitsVicens\/","https:\/\/www.instagram.com\/teixitsvicens\/"]}]}},"_links":{"self":[{"href":"https:\/\/teixitsvicens.com\/es\/wp-json\/wp\/v2\/product\/28752","targetHints":{"allow":["GET"]}}],"collection":[{"href":"https:\/\/teixitsvicens.com\/es\/wp-json\/wp\/v2\/product"}],"about":[{"href":"https:\/\/teixitsvicens.com\/es\/wp-json\/wp\/v2\/types\/product"}],"replies":[{"embeddable":true,"href":"https:\/\/teixitsvicens.com\/es\/wp-json\/wp\/v2\/comments?post=28752"}],"wp:featuredmedia":[{"embeddable":true,"href":"https:\/\/teixitsvicens.com\/es\/wp-json\/wp\/v2\/media\/28753"}],"wp:attachment":[{"href":"https:\/\/teixitsvicens.com\/es\/wp-json\/wp\/v2\/media?parent=28752"}],"wp:term":[{"taxonomy":"product_brand","embeddable":true,"href":"https:\/\/teixitsvicens.com\/es\/wp-json\/wp\/v2\/product_brand?post=28752"},{"taxonomy":"product_cat","embeddable":true,"href":"https:\/\/teixitsvicens.com\/es\/wp-json\/wp\/v2\/product_cat?post=28752"},{"taxonomy":"product_tag","embeddable":true,"href":"https:\/\/teixitsvicens.com\/es\/wp-json\/wp\/v2\/product_tag?post=28752"}],"curies":[{"name":"wp","href":"https:\/\/api.w.org\/{rel}","templated":true}]}}