{"id":27808,"date":"2024-05-31T12:53:56","date_gmt":"2024-05-31T10:53:56","guid":{"rendered":"https:\/\/teixitsmallorca.com\/?post_type=product&#038;p=27808"},"modified":"2026-02-09T11:22:45","modified_gmt":"2026-02-09T10:22:45","slug":"tela-ikat-104-azul","status":"publish","type":"product","link":"https:\/\/teixitsvicens.com\/es\/producto\/telas-mallorquinas\/telas-ikat\/telas-ikat-azul\/tela-ikat-104-azul\/","title":{"rendered":"Tela ikat 104 azul"},"content":{"rendered":"<p>Descubre la elegancia de nuestra <strong>Tela Ikat 104 Azul<\/strong>, una pieza artesanal elaborada con la <strong>t\u00e9cnica tradicional del ikat<\/strong>. Perfecta para proyectos decorativos como tapicer\u00eda, cortinas, cubrecamas y cojines, esta tela mallorquina se adapta a cualquier ambiente: mediterr\u00e1neo, r\u00fastico, cl\u00e1sico o moderno.<\/p>\n<p>Hecha a mano en nuestro taller de Pollensa, Mallorca, la <strong>Tela Ikat 104 Azul<\/strong> combina lino y algod\u00f3n de alta calidad, garantizando durabilidad y belleza. Decora tu hogar con esta tela t\u00edpica mallorquina y logra un ambiente mediterr\u00e1neo aut\u00e9ntico y encantador.<\/p>\n","protected":false},"excerpt":{"rendered":"<p>Descubre la elegancia de nuestra Tela Ikat 104 Azul, una pieza artesanal elaborada con la t\u00e9cnica tradicional del ikat. Perfecta&#8230;<\/p>\n","protected":false},"featured_media":27809,"comment_status":"closed","ping_status":"closed","template":"","meta":[],"product_brand":[],"product_cat":[826],"product_tag":[],"class_list":{"0":"post-27808","1":"product","2":"type-product","3":"status-publish","4":"has-post-thumbnail","6":"product_cat-telas-ikat-azul","8":"first","9":"instock","10":"shipping-taxable","11":"purchasable","12":"product-type-variable","13":"has-default-attributes"},"yoast_head":"<!-- This site is optimized with the Yoast SEO plugin v27.0 - https:\/\/yoast.com\/product\/yoast-seo-wordpress\/ -->\n<title>Tela ikat 104 azul | Teixits Vicens<\/title>\n<meta name=\"description\" content=\"Descubre nuestras aut\u00e9nticas telas ikat artesanales en Teixits Vicens: \u00a1Compra en l\u00ednea la Tela ikat 104 azul y a\u00f1ade un toque de elegancia a tus proyectos!\" \/>\n<meta name=\"robots\" content=\"index, follow, max-snippet:-1, max-image-preview:large, max-video-preview:-1\" \/>\n<link rel=\"canonical\" href=\"https:\/\/teixitsvicens.com\/es\/producto\/telas-mallorquinas\/telas-ikat\/telas-ikat-azul\/tela-ikat-104-azul\/\" \/>\n<meta property=\"og:locale\" content=\"es_ES\" \/>\n<meta property=\"og:type\" content=\"article\" \/>\n<meta property=\"og:title\" content=\"Tela ikat 104 azul | Teixits Vicens\" \/>\n<meta property=\"og:description\" content=\"Descubre nuestras aut\u00e9nticas telas ikat artesanales en Teixits Vicens: \u00a1Compra en l\u00ednea la Tela ikat 104 azul y a\u00f1ade un toque de elegancia a tus proyectos!\" \/>\n<meta property=\"og:url\" content=\"https:\/\/teixitsvicens.com\/es\/producto\/telas-mallorquinas\/telas-ikat\/telas-ikat-azul\/tela-ikat-104-azul\/\" \/>\n<meta property=\"og:site_name\" content=\"Teixits Vicens\" \/>\n<meta property=\"article:publisher\" content=\"https:\/\/www.facebook.com\/TeixitsVicens\/\" \/>\n<meta property=\"article:modified_time\" content=\"2026-02-09T10:22:45+00:00\" \/>\n<meta property=\"og:image\" content=\"https:\/\/teixitsvicens.com\/wp-content\/uploads\/2024\/05\/TELESV-0068.jpg\" \/>\n\t<meta property=\"og:image:width\" content=\"1200\" \/>\n\t<meta property=\"og:image:height\" content=\"800\" \/>\n\t<meta property=\"og:image:type\" content=\"image\/jpeg\" \/>\n<meta name=\"twitter:card\" content=\"summary_large_image\" \/>\n<meta name=\"twitter:label1\" content=\"Est. reading time\" \/>\n\t<meta name=\"twitter:data1\" content=\"1 minute\" \/>\n<!-- \/ Yoast SEO plugin. -->","yoast_head_json":{"title":"Tela ikat 104 azul | Teixits Vicens","description":"Descubre nuestras aut\u00e9nticas telas ikat artesanales en Teixits Vicens: \u00a1Compra en l\u00ednea la Tela ikat 104 azul y a\u00f1ade un toque de elegancia a tus proyectos!","robots":{"index":"index","follow":"follow","max-snippet":"max-snippet:-1","max-image-preview":"max-image-preview:large","max-video-preview":"max-video-preview:-1"},"canonical":"https:\/\/teixitsvicens.com\/es\/producto\/telas-mallorquinas\/telas-ikat\/telas-ikat-azul\/tela-ikat-104-azul\/","og_locale":"es_ES","og_type":"article","og_title":"Tela ikat 104 azul | Teixits Vicens","og_description":"Descubre nuestras aut\u00e9nticas telas ikat artesanales en Teixits Vicens: \u00a1Compra en l\u00ednea la Tela ikat 104 azul y a\u00f1ade un toque de elegancia a tus proyectos!","og_url":"https:\/\/teixitsvicens.com\/es\/producto\/telas-mallorquinas\/telas-ikat\/telas-ikat-azul\/tela-ikat-104-azul\/","og_site_name":"Teixits Vicens","article_publisher":"https:\/\/www.facebook.com\/TeixitsVicens\/","article_modified_time":"2026-02-09T10:22:45+00:00","og_image":[{"width":1200,"height":800,"url":"https:\/\/teixitsvicens.com\/wp-content\/uploads\/2024\/05\/TELESV-0068.jpg","type":"image\/jpeg"}],"twitter_card":"summary_large_image","twitter_misc":{"Est. reading time":"1 minute"},"schema":{"@context":"https:\/\/schema.org","@graph":[{"@type":"WebPage","@id":"https:\/\/teixitsvicens.com\/es\/producto\/telas-mallorquinas\/telas-ikat\/telas-ikat-azul\/tela-ikat-104-azul\/","url":"https:\/\/teixitsvicens.com\/es\/producto\/telas-mallorquinas\/telas-ikat\/telas-ikat-azul\/tela-ikat-104-azul\/","name":"Tela ikat 104 azul | Teixits Vicens","isPartOf":{"@id":"https:\/\/teixitsvicens.com\/es\/#website"},"primaryImageOfPage":{"@id":"https:\/\/teixitsvicens.com\/es\/producto\/telas-mallorquinas\/telas-ikat\/telas-ikat-azul\/tela-ikat-104-azul\/#primaryimage"},"image":{"@id":"https:\/\/teixitsvicens.com\/es\/producto\/telas-mallorquinas\/telas-ikat\/telas-ikat-azul\/tela-ikat-104-azul\/#primaryimage"},"thumbnailUrl":"https:\/\/teixitsvicens.com\/wp-content\/uploads\/2024\/05\/TELESV-0068.jpg","datePublished":"2024-05-31T10:53:56+00:00","dateModified":"2026-02-09T10:22:45+00:00","description":"Descubre nuestras aut\u00e9nticas telas ikat artesanales en Teixits Vicens: \u00a1Compra en l\u00ednea la Tela ikat 104 azul y a\u00f1ade un toque de elegancia a tus proyectos!","breadcrumb":{"@id":"https:\/\/teixitsvicens.com\/es\/producto\/telas-mallorquinas\/telas-ikat\/telas-ikat-azul\/tela-ikat-104-azul\/#breadcrumb"},"inLanguage":"es","potentialAction":[{"@type":"ReadAction","target":["https:\/\/teixitsvicens.com\/es\/producto\/telas-mallorquinas\/telas-ikat\/telas-ikat-azul\/tela-ikat-104-azul\/"]}]},{"@type":"ImageObject","inLanguage":"es","@id":"https:\/\/teixitsvicens.com\/es\/producto\/telas-mallorquinas\/telas-ikat\/telas-ikat-azul\/tela-ikat-104-azul\/#primaryimage","url":"https:\/\/teixitsvicens.com\/wp-content\/uploads\/2024\/05\/TELESV-0068.jpg","contentUrl":"https:\/\/teixitsvicens.com\/wp-content\/uploads\/2024\/05\/TELESV-0068.jpg","width":1200,"height":800,"caption":"Muestra de tejido artesanal modelo 068 de Teixits Vicens"},{"@type":"BreadcrumbList","@id":"https:\/\/teixitsvicens.com\/es\/producto\/telas-mallorquinas\/telas-ikat\/telas-ikat-azul\/tela-ikat-104-azul\/#breadcrumb","itemListElement":[{"@type":"ListItem","position":1,"name":"Inici","item":"https:\/\/teixitsvicens.com\/es\/home\/"},{"@type":"ListItem","position":2,"name":"Tienda","item":"https:\/\/teixitsvicens.com\/es\/tienda\/"},{"@type":"ListItem","position":3,"name":"Tela ikat 104 azul"}]},{"@type":"WebSite","@id":"https:\/\/teixitsvicens.com\/es\/#website","url":"https:\/\/teixitsvicens.com\/es\/","name":"Teixits Vicens","description":"Taller textil artesano","publisher":{"@id":"https:\/\/teixitsvicens.com\/es\/#organization"},"alternateName":"Teixits Vicens","potentialAction":[{"@type":"SearchAction","target":{"@type":"EntryPoint","urlTemplate":"https:\/\/teixitsvicens.com\/es\/?s={search_term_string}"},"query-input":{"@type":"PropertyValueSpecification","valueRequired":true,"valueName":"search_term_string"}}],"inLanguage":"es"},{"@type":"Organization","@id":"https:\/\/teixitsvicens.com\/es\/#organization","name":"Teixits Vicens","url":"https:\/\/teixitsvicens.com\/es\/","logo":{"@type":"ImageObject","inLanguage":"es","@id":"https:\/\/teixitsvicens.com\/es\/#\/schema\/logo\/image\/","url":"https:\/\/teixitsvicens.com\/wp-content\/uploads\/2025\/10\/logo-teixits-vicents.png","contentUrl":"https:\/\/teixitsvicens.com\/wp-content\/uploads\/2025\/10\/logo-teixits-vicents.png","width":629,"height":131,"caption":"Teixits Vicens"},"image":{"@id":"https:\/\/teixitsvicens.com\/es\/#\/schema\/logo\/image\/"},"sameAs":["https:\/\/www.facebook.com\/TeixitsVicens\/","https:\/\/www.instagram.com\/teixitsvicens\/"]}]}},"_links":{"self":[{"href":"https:\/\/teixitsvicens.com\/es\/wp-json\/wp\/v2\/product\/27808","targetHints":{"allow":["GET"]}}],"collection":[{"href":"https:\/\/teixitsvicens.com\/es\/wp-json\/wp\/v2\/product"}],"about":[{"href":"https:\/\/teixitsvicens.com\/es\/wp-json\/wp\/v2\/types\/product"}],"replies":[{"embeddable":true,"href":"https:\/\/teixitsvicens.com\/es\/wp-json\/wp\/v2\/comments?post=27808"}],"wp:featuredmedia":[{"embeddable":true,"href":"https:\/\/teixitsvicens.com\/es\/wp-json\/wp\/v2\/media\/27809"}],"wp:attachment":[{"href":"https:\/\/teixitsvicens.com\/es\/wp-json\/wp\/v2\/media?parent=27808"}],"wp:term":[{"taxonomy":"product_brand","embeddable":true,"href":"https:\/\/teixitsvicens.com\/es\/wp-json\/wp\/v2\/product_brand?post=27808"},{"taxonomy":"product_cat","embeddable":true,"href":"https:\/\/teixitsvicens.com\/es\/wp-json\/wp\/v2\/product_cat?post=27808"},{"taxonomy":"product_tag","embeddable":true,"href":"https:\/\/teixitsvicens.com\/es\/wp-json\/wp\/v2\/product_tag?post=27808"}],"curies":[{"name":"wp","href":"https:\/\/api.w.org\/{rel}","templated":true}]}}