{"id":3526,"date":"2015-05-26T02:54:27","date_gmt":"2015-05-26T00:54:27","guid":{"rendered":"http:\/\/localhost\/TeixitsVicensS2\/?page_id=3526"},"modified":"2025-10-15T20:46:26","modified_gmt":"2025-10-15T18:46:26","slug":"terminos-condiciones","status":"publish","type":"page","link":"https:\/\/teixitsvicens.com\/es\/terminos-condiciones\/","title":{"rendered":"T\u00e9rminos y condiciones"},"content":{"rendered":"\t\t<div data-elementor-type=\"wp-page\" data-elementor-id=\"3526\" class=\"elementor elementor-3526 elementor-2738\" data-elementor-post-type=\"page\">\n\t\t\t\t<div class=\"elementor-element elementor-element-46759d96 e-con-full e-flex e-con e-parent\" data-id=\"46759d96\" data-element_type=\"container\" data-e-type=\"container\">\n\t\t<div class=\"elementor-element elementor-element-4e143182 e-con-full e-flex e-con e-child\" data-id=\"4e143182\" data-element_type=\"container\" data-e-type=\"container\">\n\t\t<div class=\"elementor-element elementor-element-741568c9 e-con-full e-flex e-con e-child\" data-id=\"741568c9\" data-element_type=\"container\" data-e-type=\"container\">\n\t\t\t\t<div class=\"elementor-element elementor-element-46d285de elementor-widget__width-auto elementor-widget elementor-widget-woocommerce-breadcrumb\" data-id=\"46d285de\" data-element_type=\"widget\" data-e-type=\"widget\" data-widget_type=\"woocommerce-breadcrumb.default\">\n\t\t\t\t\t<nav class=\"woocommerce-breadcrumb\" aria-label=\"Breadcrumb\"><span class=\"listaproducto\"><img decoding=\"async\" src=\"https:\/\/teixitsvicens.com\/\/wp-content\/themes\/teixitsvicens\/assets\/images\/imagotipo_teixits_vicens.svg\" width=\"85px;\" style=\"vertical-align: middle;padding-left:20px;padding-right:20px;\" alt=\"undefined - Teixits Vicens\"><\/span>Home<\/nav>\t\t\t\t<\/div>\n\t\t\t\t<\/div>\n\t\t\t\t<\/div>\n\t\t\t\t<\/div>\n\t\t<div class=\"elementor-element elementor-element-443b363 e-flex e-con-boxed e-con e-parent\" data-id=\"443b363\" data-element_type=\"container\" data-e-type=\"container\" data-settings=\"{&quot;background_background&quot;:&quot;classic&quot;}\">\n\t\t\t\t\t<div class=\"e-con-inner\">\n\t\t<div class=\"elementor-element elementor-element-1a41d09 e-flex e-con-boxed e-con e-child\" data-id=\"1a41d09\" data-element_type=\"container\" data-e-type=\"container\">\n\t\t\t\t\t<div class=\"e-con-inner\">\n\t\t\t\t<div class=\"elementor-element elementor-element-056b10b elementor-widget elementor-widget-heading\" data-id=\"056b10b\" data-element_type=\"widget\" data-e-type=\"widget\" data-widget_type=\"heading.default\">\n\t\t\t\t\t<div class=\"elementor-heading-title elementor-size-default\">Teixits Vicens<\/div>\t\t\t\t<\/div>\n\t\t\t\t<div class=\"elementor-element elementor-element-dc6e5b8 elementor-widget elementor-widget-heading\" data-id=\"dc6e5b8\" data-element_type=\"widget\" data-e-type=\"widget\" data-widget_type=\"heading.default\">\n\t\t\t\t\t<div class=\"elementor-heading-title elementor-size-default\">T\u00e9rminos y condiciones<\/div>\t\t\t\t<\/div>\n\t\t\t\t<div class=\"elementor-element elementor-element-e122ef1 elementor-widget elementor-widget-text-editor\" data-id=\"e122ef1\" data-element_type=\"widget\" data-e-type=\"widget\" data-widget_type=\"text-editor.default\">\n\t\t\t\t\t\t\t\t\tUsted Acepta que la venta de todos los productos presentados en la p\u00e1gina web <a href=\"http:\/\/localhost\/TeixitsVicens\">www.teixitsvicens.com<\/a> se encuentra sujeta a las condiciones generales que se exponen a continuaci\u00f3n. Por favor, lea atentamente las presentes condiciones, ya que ser\u00e1n aplicables a su pedido a trav\u00e9s de nuestra tienda online. Si tiene alguna pregunta relacionada con estas condiciones puede ponerse en contacto con nosotros enviando un email a <a href=\"mailto:teixitsvicens@teixitsvicens.com\">teixitsvicens@teixitsvicens.com<\/a>.\r\n\r\n<ul>\r\n \t<li><b>1. Identificaci\u00f3n. <\/b>TEIXITS VICENS, marca registrada de GALERIES VICENS S.A.U. sociedad espa\u00f1ola con domicilio en Rotonda Can Berenguer, Pollen\u00e7a, Mallorca (07460 \u2013 Illes Balears), inscrita en el Registro Mercantil de Palma de Mallorca, folio 93, tomo 620, libro 536 secci\u00f3n 3\u00aa hoja 13744, inscripci\u00f3n primera y N\u00famero de Identificaci\u00f3n Fiscal A-07210263. Nuestros datos de contacto son Tel\u00e9fono: (+34) 971 53 44 42 y Correo electr\u00f3nico: <a href=\"mailto:teixitsvicens@teixitsvicens.com\">teixitsvicens@teixitsvicens.com<\/a>.<\/li>\r\n \t<li><b>2. \u00c1mbito de aplicaci\u00f3n. <\/b>Las presentes condiciones ser\u00e1n de aplicaci\u00f3n a todos los pedidos cursados a trav\u00e9s la p\u00e1gina web <a href=\"http:\/\/localhost\/TeixitsVicens\">www.teixitsvicens.com<\/a>. De este modo, la realizaci\u00f3n de un pedido supone la aceptaci\u00f3n por su parte de las presentes condiciones y de la pol\u00edtica de privacidad disponible en nuestra p\u00e1gina web, constituyen el acuerdo \u00edntegro existente entre usted como adquirente y TEIXITS VICENS y sustituyen a cualquier otro acuerdo anterior. TEIXITS VICENS se reserva la facultad de modificar estas condiciones en cualquier momento, con la finalidad de adaptarlas a circunstancias legales, econ\u00f3micas u operativas. Las modificaciones introducidas no tendr\u00e1n car\u00e1cter retroactivo y entrar\u00e1n en vigor una vez publicadas.<\/li>\r\n \t<li><b>3. Informaci\u00f3n de los productos. <\/b>Usted podr\u00e1 adquirir dos tipos de productos: \u201cProductos Acabados\u201d. Telas, productos de decoraci\u00f3n, mobiliario, prendas de vestir o cualesquiera otros que se pongan a la venta por TEIXITS VICENS que se encuentran en stock para ser adquiridos sin posibilidad de adaptaci\u00f3n o personalizaci\u00f3n por parte de los usuarios. \u201cProductos Personalizados\u201d. Productos fabricados a medida con diferentes opciones de telas, tapizados, acabados y dimensiones, entre otros, en atenci\u00f3n a la personalizaci\u00f3n y encargos requeridos por los clientes. Ambos productos pueden tener diferentes condiciones de venta, devoluci\u00f3n, gastos y plazos, que estar\u00e1n especificadas a lo largo de las presentes condiciones o se comunicar\u00e1n con car\u00e1cter previo a su contrataci\u00f3n. TEIXITS VICENS no tiene obligaci\u00f3n de aceptar cualquier pedido.\r\nTEIXITS VICENS pone todos los medios a su alcance para garantizar la fiel correspondencia entre los productos y los presentados en nuestra p\u00e1gina web, si bien pueden producirse peque\u00f1as variaciones, debidas a su car\u00e1cter artesanal o a las peticiones de los clientes y sobre las que no cabe exigir responsabilidad alguna. Usted acepta que, al tratarse de productos artesanales, existir\u00e1n posibles variaciones, las cuales ser\u00e1n aceptadas como parte de la apariencia individual de los productos. Los cuidados espec\u00edficos de cada producto se comunican en la web.<\/li>\r\n<li><b>4. Confirmaci\u00f3n del pedido. <\/b>Los pedidos realizados a trav\u00e9s de la p\u00e1gina web est\u00e1n sujetos a la aceptaci\u00f3n por parte de TEIXITS VICENS si se trata de Productos Personalizados, dado que se trata de productos totalmente artesanales y cuya fabricaci\u00f3n requiere de un tiempo sustancial. Por lo dem\u00e1s, TEIXITS VICENS confirmar\u00e1 la recepci\u00f3n de su pedido a trav\u00e9s de correo electr\u00f3nico a la direcci\u00f3n de e-mail facilitada durante el proceso de compra en el plazo m\u00e1ximo de 24 horas. En caso de que excepcionalmente TEIXITS VICENS no pudiera atender un pedido, se le informar\u00e1 de las circunstancias y si el pago se hubiera realizado le ser\u00e1 reembolsado mediante abono en su tarjeta de cr\u00e9dito o cuenta corriente. El usuario podr\u00e1 solicitar m\u00e1s informaci\u00f3n sobre la disponibilidad de los productos a trav\u00e9s la direcci\u00f3n de e-mail de contacto facilitado.<\/li>\r\n<li><b>5. Precio y gastos de env\u00edo. <\/b>Los gastos de env\u00edo, corresponder\u00e1n al pa\u00eds que usted haya seleccionado como destino, variar\u00e1n en funci\u00f3n del tama\u00f1o, peso y caracter\u00edsticas de los productos y le ser\u00e1n comunicados al realizar el pedido, al igual que si el env\u00edo es gratuito.\r\nLos precios de env\u00edo indicados incluyen impuestos, gastos de transporte, embalaje y seguro, pero no incluyen en su caso la retirada de muebles ni su montaje.\r\nEl precio de los productos incluye los impuestos, pero no aranceles o despachos de aduanas si fueran de aplicaci\u00f3n, que ser\u00e1n pagados en destino por el receptor de los productos.\r\nEl precio de los productos y los gastos de env\u00edo podr\u00e1n ser modificados sin necesidad de previo aviso, si bien a usted se le facturar\u00e1 seg\u00fan el precio vigente en el momento de realizar su pedido.<\/li>\r\n<li><b>6. Formas de pago. <\/b>Los pagos se efectuar\u00e1n en el momento de realizaci\u00f3n del pedido y podr\u00e1n realizarse a trav\u00e9s de Tarjeta de Cr\u00e9dito, PayPal o transferencia bancaria.<\/li>\r\n \t<li><b>7. Entrega. <\/b>Sin perjuicio de lo establecido en el apartado 4 respecto de la disponibilidad de los productos, el plazo de entrega ser\u00e1 el que se comunique una vez realizado el pedido en caso de Productos Personalizados y en un m\u00e1ximo de una semana desde la realizaci\u00f3n del pedido en el caso de Productos Acabados. En caso de no localiz\u00e1rsele en su direcci\u00f3n, el servicio de mensajer\u00eda le contactar\u00e1 en el n\u00famero de tel\u00e9fono que haya proporcionado. De no ser posible la entrega en tal caso, para remitirle de nuevo el env\u00edo deber\u00e1 pagar los costes de reenv\u00edo correspondientes.<\/li>\r\n \t<li><b>8. Transmisi\u00f3n del riesgo. <\/b>TEIXITS VICENS asumir\u00e1 el riesgo de p\u00e9rdida o da\u00f1o sobre los productos hasta que el Cliente los reciba, salvo en los casos en los que no hayan sido recibidos por motivos ajenos a TEIXITS VICENS. Los productos adquiridos pasar\u00e1n a su propiedad cuando los haya recibido y abonado en su totalidad.<\/li>\r\n \t<li><b>9. Derecho de desistimiento.<\/b> Usted podr\u00e1 desistir del contrato en cualquier momento dentro del plazo de 14 d\u00edas naturales desde la fecha en que usted reciba su pedido si es usted un consumidor. En este caso, se le reembolsar\u00e1n todos los pagos que hayamos recibido de su parte, si bien se har\u00e1 cargo de los costes de devoluci\u00f3n. Usted podr\u00e1 acreditar el ejercicio del derecho de desistimiento dentro del plazo indicado mediante email a <a href=\"mailto:teixitsvicens@teixitsvicens.com\">teixitsvicens@teixitsvicens.com<\/a> y nuestro departamento de atenci\u00f3n al cliente se pondr\u00e1 en contacto con usted para informarle de c\u00f3mo proceder a la devoluci\u00f3n de los productos en nuestra domicilio sito en Rotonda Can Berenguer, Pollen\u00e7a, Mallorca (07460 \u2013 Illes Balears). No se har\u00e1 ning\u00fan reembolso si los productos son un \u201cProducto Personalizado\u201d, si ha sido usado m\u00e1s all\u00e1 de su mera apertura, si no est\u00e1 en las mismas condiciones en las que se entreg\u00f3 o si ha sufrido alg\u00fan da\u00f1o. Hasta que se reciba el art\u00edculo en nuestro domicilio est\u00e1 bajo su responsabilidad, por lo que le recomendamos que nos env\u00ede el art\u00edculo por mensajero o correo certificado y que conserve el comprobante de env\u00edo. Despu\u00e9s de examinar el art\u00edculo, se le informar\u00e1 de si tiene derecho al reembolso, el cual en su caso se efectuar\u00e1 lo antes posible y, en cualquier caso, dentro del plazo de 14 d\u00edas naturales desde la fecha en que usted nos comunic\u00f3 su intenci\u00f3n de desistir si ya se han recibido los productos. El reembolso se efectuar\u00e1 siempre a trav\u00e9s del mismo medio de pago que usted utiliz\u00f3 para pagar la compra.\r\nPuede utilizar este modelo de desistimiento, si bien no es obligatorio:\r\n<i>Por la presente le comunico que desisto de mi contrato de venta del siguiente bien: Pedido el\/recibido el: Nombre del consumidor: DNI del consumidor: Direcci\u00f3n del consumidor: Firma del consumidor (solo si el presente formulario se presenta en papel) Fecha: <\/i><\/li>\r\n \t<li><b>10. Conformidad de los productos. <\/b>La calidad es una prioridad para TEIXITS VICENS, por lo que admitir\u00e1 la devoluci\u00f3n de cualquier producto que presente alg\u00fan defecto de acuerdo con lo establecido en la legislaci\u00f3n aplicable. En los casos en los que as\u00ed se establezca legalmente, el plazo de garant\u00eda es de dos a\u00f1os desde la entrega del producto. Salvo prueba en contrario, se presumir\u00e1 que las faltas de conformidad que se manifiesten en los seis meses posteriores a la entrega del producto, ya exist\u00edan cuando la cosa se entreg\u00f3, excepto cuando esta presunci\u00f3n sea incompatible con la naturaleza del producto o la \u00edndole de la falta de conformidad. As\u00ed, en los casos en los que usted considere que en el momento de la entrega, los productos no se ajustan a lo estipulado en el contrato, deber\u00e1 ponerse en contacto con nosotros de forma inmediata a trav\u00e9s de nuestra direcci\u00f3n postal o el correo electr\u00f3nico <a href=\"mailto:teixitsvicens@teixitsvicens.com\">teixitsvicens@teixitsvicens.com<\/a> donde le comunicaremos el procedimiento para realizar la devoluci\u00f3n de la mercanc\u00eda. Se entiende que los productos son conformes con el contrato siempre que (i) se ajusten a la descripci\u00f3n realizada por cualquier medio tom\u00e1ndose en consideraci\u00f3n que se trata de productos artesanales (ii) sean aptos para los usos a que ordinariamente se destinan los productos del mismo tipo y (iii) presenten la calidad y prestaciones habituales de un producto del mismo tipo que sean fundadamente esperables.\r\nLas garant\u00edas legales de los productos no ser\u00e1n v\u00e1lidas si se producen da\u00f1os debidos a un trato incorrecto del producto o una falta de mantenimiento contrario a sus instrucciones de uso.\r\nAl cursar los pedidos de \u201c<i>Productos Personalizados<\/i>\u201d TEIXITS VICENS se basar\u00e1 en la exactitud de sus requerimientos y no se har\u00e1 responsable de las imprecisiones en que puedan incurrir.<\/li>\r\n \t<li><b>11. Responsabilidad. <\/b>Salvo en aquellos supuestos en los que legalmente se limite la exclusi\u00f3n de responsabilidad -por ejemplo, si es Usted consumidor-, la responsabilidad de TEIXITS VICENS en relaci\u00f3n con cualquier producto adquirido estar\u00e1 limitada estrictamente al precio de compra de los productos. El cumplimiento por TEIXITS VICENS de la totalidad o de parte de sus obligaciones ser\u00e1 suspendida en caso de que sobrevenga caso fortuito o de fuerza mayor que impida o retrase el cumplimiento. En tal caso, TEIXITS VICENS informar\u00e1 al cliente de la situaci\u00f3n y de la fecha en la que podr\u00e1 cumplir de nuevo con sus obligaciones.<\/li>\r\n \t<li><b>12. Propiedad intelectual e industrial.<\/b> Los productos de TEIXITS VICENS est\u00e1n protegidos por la propiedad intelectual e industrial, por lo que no est\u00e1 autorizada su reproducci\u00f3n, distribuci\u00f3n, comunicaci\u00f3n p\u00fablica y transformaci\u00f3n por terceros.<\/li>\r\n \t<li><b>13. Legislaci\u00f3n aplicable. <\/b>Las presentes condiciones se regir\u00e1n por la legislaci\u00f3n espa\u00f1ola. Las partes se someten, a su elecci\u00f3n, para la resoluci\u00f3n de los conflictos y con renuncia a cualquier otro fuero, a los Juzgados y Tribunales de Mallorca, salvo en aquellos supuestos en los que legalmente no sea posible.<\/li>\r\n \t<li><b>14. Resoluci\u00f3n extrajudicial de conflictos en l\u00ednea<\/b> Como consumidor, si tiene quejas o reclamaciones puedes dirig\u00edrnoslas a la siguiente direcci\u00f3n de correo electr\u00f3nico:\u00a0<a href=\"mailto:teixitsvicens@teixitsvicens.com\">teixitsvicens@teixitsvicens.com<\/a>. \u00a0Adem\u00e1s, en el supuesto de que haya adquirido un art\u00edculo de forma online a trav\u00e9s de nuestra p\u00e1gina web y considere que sus derechos han sido vulnerados, de acuerdo con el Reglamento (UE) 524\/2013 del Parlamento Europeo y del Consejo de 21 de mayo de 2013, \u00a0le informamos de que tiene derecho a acudir a un procedimiento de resoluci\u00f3n alternativa de conflictos en l\u00ednea en materia de consumo. Podr\u00e1s solicitar dicho procedimiento en la plataforma que encontrar\u00e1 en la siguiente direcci\u00f3n:\u00a0<a href=\"https:\/\/ec.europa.eu\/consumers\/odr\/main\/index.cfm?event=main.home.show&amp;lng=ES\">https:\/\/ec.europa.eu\/consumers\/odr\/main\/index.cfm?event=main.home.show&amp;lng=ES<\/a>. El uso de la plataforma en l\u00ednea no es necesario ni obligatorio. Por lo tanto, los consumidores son libres de hacer valer sus reclamaciones sin usar previamente la plataforma.<\/li>\r\n \t<li><b>15. Protecci\u00f3n de datos. <\/b>TEIXITS VICENS cumple con el nuevo Reglamento General de Protecci\u00f3n de Datos de la Uni\u00f3n Europea UE 2016\/679. En cumplimiento de lo establecido en el art\u00edculo 14 del Reglamento Europeo 679\/2016 de protecci\u00f3n de datos, le informamos que los datos personales obtenidos, son incorporados a un tratamiento de datos del que es responsable GALERIES VICENS, S.A.U. Para m\u00e1s informaci\u00f3n sobre el tratamiento de sus datos, puede consultar en nuestra web el apartado de Pol\u00edtica de Privacidad.<\/li>\r\n \t<li><b>16. Lenguas. <\/b>Estas condiciones se encuentran traducidas al catal\u00e1n, ingl\u00e9s y alem\u00e1n.<\/li>\r\n<\/ul>\t\t\t\t\t\t\t\t<\/div>\n\t\t\t\t\t<\/div>\n\t\t\t\t<\/div>\n\t\t\t\t\t<\/div>\n\t\t\t\t<\/div>\n\t\t\t\t<\/div>\n\t\t","protected":false},"excerpt":{"rendered":"<p>Teixits Vicens T\u00e9rminos y condiciones Usted Acepta que la venta de todos los productos presentados en la p\u00e1gina web www.teixitsvicens.com&#8230;<\/p>\n","protected":false},"author":1,"featured_media":0,"parent":0,"menu_order":0,"comment_status":"closed","ping_status":"closed","template":"elementor_header_footer","meta":{"footnotes":""},"class_list":["post-3526","page","type-page","status-publish","hentry"],"yoast_head":"<!-- This site is optimized with the Yoast SEO plugin v27.0 - https:\/\/yoast.com\/product\/yoast-seo-wordpress\/ -->\n<title>T\u00e9rminos y condiciones | Teixits Vicens<\/title>\n<meta name=\"robots\" content=\"index, follow, max-snippet:-1, max-image-preview:large, max-video-preview:-1\" \/>\n<link rel=\"canonical\" href=\"https:\/\/teixitsvicens.com\/es\/terminos-condiciones\/\" \/>\n<meta property=\"og:locale\" content=\"es_ES\" \/>\n<meta property=\"og:type\" content=\"article\" \/>\n<meta property=\"og:title\" content=\"T\u00e9rminos y condiciones | Teixits Vicens\" \/>\n<meta property=\"og:description\" content=\"Teixits Vicens T\u00e9rminos y condiciones Usted Acepta que la venta de todos los productos presentados en la p\u00e1gina web www.teixitsvicens.com...\" \/>\n<meta property=\"og:url\" content=\"https:\/\/teixitsvicens.com\/es\/terminos-condiciones\/\" \/>\n<meta property=\"og:site_name\" content=\"Teixits Vicens\" \/>\n<meta property=\"article:publisher\" content=\"https:\/\/www.facebook.com\/TeixitsVicens\/\" \/>\n<meta property=\"article:modified_time\" content=\"2025-10-15T18:46:26+00:00\" \/>\n<meta property=\"og:image\" content=\"https:\/\/teixitsvicens.com\/wp-content\/uploads\/2017\/09\/logo-teixits-vicens-2.png\" \/>\n\t<meta property=\"og:image:width\" content=\"800\" \/>\n\t<meta property=\"og:image:height\" content=\"800\" \/>\n\t<meta property=\"og:image:type\" content=\"image\/png\" \/>\n<meta name=\"twitter:card\" content=\"summary_large_image\" \/>\n<meta name=\"twitter:label1\" content=\"Est. reading time\" \/>\n\t<meta name=\"twitter:data1\" content=\"9 minutes\" \/>\n<!-- \/ Yoast SEO plugin. -->","yoast_head_json":{"title":"T\u00e9rminos y condiciones | Teixits Vicens","robots":{"index":"index","follow":"follow","max-snippet":"max-snippet:-1","max-image-preview":"max-image-preview:large","max-video-preview":"max-video-preview:-1"},"canonical":"https:\/\/teixitsvicens.com\/es\/terminos-condiciones\/","og_locale":"es_ES","og_type":"article","og_title":"T\u00e9rminos y condiciones | Teixits Vicens","og_description":"Teixits Vicens T\u00e9rminos y condiciones Usted Acepta que la venta de todos los productos presentados en la p\u00e1gina web www.teixitsvicens.com...","og_url":"https:\/\/teixitsvicens.com\/es\/terminos-condiciones\/","og_site_name":"Teixits Vicens","article_publisher":"https:\/\/www.facebook.com\/TeixitsVicens\/","article_modified_time":"2025-10-15T18:46:26+00:00","og_image":[{"width":800,"height":800,"url":"https:\/\/teixitsvicens.com\/wp-content\/uploads\/2017\/09\/logo-teixits-vicens-2.png","type":"image\/png"}],"twitter_card":"summary_large_image","twitter_misc":{"Est. reading time":"9 minutes"},"schema":{"@context":"https:\/\/schema.org","@graph":[{"@type":"WebPage","@id":"https:\/\/teixitsvicens.com\/es\/terminos-condiciones\/","url":"https:\/\/teixitsvicens.com\/es\/terminos-condiciones\/","name":"T\u00e9rminos y condiciones | Teixits Vicens","isPartOf":{"@id":"https:\/\/teixitsvicens.com\/es\/#website"},"datePublished":"2015-05-26T00:54:27+00:00","dateModified":"2025-10-15T18:46:26+00:00","breadcrumb":{"@id":"https:\/\/teixitsvicens.com\/es\/terminos-condiciones\/#breadcrumb"},"inLanguage":"es","potentialAction":[{"@type":"ReadAction","target":["https:\/\/teixitsvicens.com\/es\/terminos-condiciones\/"]}]},{"@type":"BreadcrumbList","@id":"https:\/\/teixitsvicens.com\/es\/terminos-condiciones\/#breadcrumb","itemListElement":[{"@type":"ListItem","position":1,"name":"Inici","item":"https:\/\/teixitsvicens.com\/es\/home\/"},{"@type":"ListItem","position":2,"name":"T\u00e9rminos y condiciones"}]},{"@type":"WebSite","@id":"https:\/\/teixitsvicens.com\/es\/#website","url":"https:\/\/teixitsvicens.com\/es\/","name":"Teixits Vicens","description":"Taller textil artesano","publisher":{"@id":"https:\/\/teixitsvicens.com\/es\/#organization"},"alternateName":"Teixits Vicens","potentialAction":[{"@type":"SearchAction","target":{"@type":"EntryPoint","urlTemplate":"https:\/\/teixitsvicens.com\/es\/?s={search_term_string}"},"query-input":{"@type":"PropertyValueSpecification","valueRequired":true,"valueName":"search_term_string"}}],"inLanguage":"es"},{"@type":"Organization","@id":"https:\/\/teixitsvicens.com\/es\/#organization","name":"Teixits Vicens","url":"https:\/\/teixitsvicens.com\/es\/","logo":{"@type":"ImageObject","inLanguage":"es","@id":"https:\/\/teixitsvicens.com\/es\/#\/schema\/logo\/image\/","url":"https:\/\/teixitsvicens.com\/wp-content\/uploads\/2025\/10\/logo-teixits-vicents.png","contentUrl":"https:\/\/teixitsvicens.com\/wp-content\/uploads\/2025\/10\/logo-teixits-vicents.png","width":629,"height":131,"caption":"Teixits Vicens"},"image":{"@id":"https:\/\/teixitsvicens.com\/es\/#\/schema\/logo\/image\/"},"sameAs":["https:\/\/www.facebook.com\/TeixitsVicens\/","https:\/\/www.instagram.com\/teixitsvicens\/"]}]}},"_links":{"self":[{"href":"https:\/\/teixitsvicens.com\/es\/wp-json\/wp\/v2\/pages\/3526","targetHints":{"allow":["GET"]}}],"collection":[{"href":"https:\/\/teixitsvicens.com\/es\/wp-json\/wp\/v2\/pages"}],"about":[{"href":"https:\/\/teixitsvicens.com\/es\/wp-json\/wp\/v2\/types\/page"}],"author":[{"embeddable":true,"href":"https:\/\/teixitsvicens.com\/es\/wp-json\/wp\/v2\/users\/1"}],"replies":[{"embeddable":true,"href":"https:\/\/teixitsvicens.com\/es\/wp-json\/wp\/v2\/comments?post=3526"}],"version-history":[{"count":0,"href":"https:\/\/teixitsvicens.com\/es\/wp-json\/wp\/v2\/pages\/3526\/revisions"}],"wp:attachment":[{"href":"https:\/\/teixitsvicens.com\/es\/wp-json\/wp\/v2\/media?parent=3526"}],"curies":[{"name":"wp","href":"https:\/\/api.w.org\/{rel}","templated":true}]}}