{"id":26391,"date":"2024-02-15T13:11:16","date_gmt":"2024-02-15T12:11:16","guid":{"rendered":"http:\/\/localhost\/TeixitsVicensS2\/?page_id=26391"},"modified":"2025-10-16T11:05:20","modified_gmt":"2025-10-16T09:05:20","slug":"metodos-de-pago","status":"publish","type":"page","link":"https:\/\/teixitsvicens.com\/es\/metodos-de-pago\/","title":{"rendered":"Metodos de pago"},"content":{"rendered":"\t\t<div data-elementor-type=\"wp-page\" data-elementor-id=\"26391\" class=\"elementor elementor-26391\" data-elementor-post-type=\"page\">\n\t\t\t\t<div class=\"elementor-element elementor-element-4a5afd7b e-con-full e-flex e-con e-parent\" data-id=\"4a5afd7b\" data-element_type=\"container\" data-e-type=\"container\">\n\t\t<div class=\"elementor-element elementor-element-44c9bd46 e-con-full e-flex e-con e-child\" data-id=\"44c9bd46\" data-element_type=\"container\" data-e-type=\"container\">\n\t\t<div class=\"elementor-element elementor-element-4c715fa9 e-con-full e-flex e-con e-child\" data-id=\"4c715fa9\" data-element_type=\"container\" data-e-type=\"container\">\n\t\t\t\t<div class=\"elementor-element elementor-element-1873bf96 elementor-widget__width-auto elementor-widget elementor-widget-woocommerce-breadcrumb\" data-id=\"1873bf96\" data-element_type=\"widget\" data-e-type=\"widget\" data-widget_type=\"woocommerce-breadcrumb.default\">\n\t\t\t\t\t<nav class=\"woocommerce-breadcrumb\" aria-label=\"Breadcrumb\"><span class=\"listaproducto\"><img decoding=\"async\" src=\"https:\/\/teixitsvicens.com\/\/wp-content\/themes\/teixitsvicens\/assets\/images\/imagotipo_teixits_vicens.svg\" width=\"85px;\" style=\"vertical-align: middle;padding-left:20px;padding-right:20px;\" alt=\"undefined - Teixits Vicens\"><\/span>Home<\/nav>\t\t\t\t<\/div>\n\t\t\t\t<\/div>\n\t\t\t\t<\/div>\n\t\t\t\t<\/div>\n\t\t<div class=\"elementor-element elementor-element-ffcdd98 e-flex e-con-boxed e-con e-parent\" data-id=\"ffcdd98\" data-element_type=\"container\" data-e-type=\"container\" data-settings=\"{&quot;background_background&quot;:&quot;classic&quot;}\">\n\t\t\t\t\t<div class=\"e-con-inner\">\n\t\t<div class=\"elementor-element elementor-element-cbdd9e4 e-flex e-con-boxed e-con e-child\" data-id=\"cbdd9e4\" data-element_type=\"container\" data-e-type=\"container\">\n\t\t\t\t\t<div class=\"e-con-inner\">\n\t\t\t\t<div class=\"elementor-element elementor-element-7776808 elementor-widget elementor-widget-heading\" data-id=\"7776808\" data-element_type=\"widget\" data-e-type=\"widget\" data-widget_type=\"heading.default\">\n\t\t\t\t\t<span class=\"elementor-heading-title elementor-size-default\">Tienda online Teixits Vicens<\/span>\t\t\t\t<\/div>\n\t\t\t\t<div class=\"elementor-element elementor-element-f31cee4 elementor-widget elementor-widget-heading\" data-id=\"f31cee4\" data-element_type=\"widget\" data-e-type=\"widget\" data-widget_type=\"heading.default\">\n\t\t\t\t\t<h1 class=\"elementor-heading-title elementor-size-default\">Metodos de pago<\/h1>\t\t\t\t<\/div>\n\t\t\t\t<div class=\"elementor-element elementor-element-5b4dd17 elementor-widget elementor-widget-text-editor\" data-id=\"5b4dd17\" data-element_type=\"widget\" data-e-type=\"widget\" data-widget_type=\"text-editor.default\">\n\t\t\t\t\t\t\t\t\t<p>La seguridad en las transacciones con nuestros clientes es un tema prioritario para nosotros. Una vez validada la informaci\u00f3n b\u00e1sica sobre la compra en nuestra tienda online (productos, datos de contacto e informaci\u00f3n de env\u00edo) ser\u00e1 necesario seleccionar la modalidad de pago deseada.<\/p><p>El cliente puede pagar a trav\u00e9s de cualquiera de estos tres m\u00e9todos:<\/p>\t\t\t\t\t\t\t\t<\/div>\n\t\t\t\t<div class=\"elementor-element elementor-element-5a3fd18 elementor-widget elementor-widget-heading\" data-id=\"5a3fd18\" data-element_type=\"widget\" data-e-type=\"widget\" data-widget_type=\"heading.default\">\n\t\t\t\t\t<h2 class=\"elementor-heading-title elementor-size-default\">PayPal<\/h2>\t\t\t\t<\/div>\n\t\t\t\t<div class=\"elementor-element elementor-element-b7d3aec elementor-widget elementor-widget-text-editor\" data-id=\"b7d3aec\" data-element_type=\"widget\" data-e-type=\"widget\" data-widget_type=\"text-editor.default\">\n\t\t\t\t\t\t\t\t\t<p>Los pagos se realizan de forma segura e inmediata a trav\u00e9s del servicio ofrecido por PayPal, uno de los sistemas m\u00e1s extendidos para la realizaci\u00f3n de transacciones online. PayPal cumple los est\u00e1ndares de seguridad de datos del sector de las tarjetas de cr\u00e9dito para protegerle en todo momento de los delitos inform\u00e1ticos y salvaguardar su informaci\u00f3n financiera.<\/p><p>Para poder pagar en nuestra tienda a trav\u00e9s de PayPal no es necesario disponer de una cuenta con este servicio, aunque si ya dispone de una (es gratuito), podr\u00e1 realizar el pago \u00fanicamente con su direcci\u00f3n de correo electr\u00f3nico.<\/p><p>PayPal acepta las principales tarjetas existentes.<\/p>\t\t\t\t\t\t\t\t<\/div>\n\t\t\t\t<div class=\"elementor-element elementor-element-4fcc8d1 elementor-widget elementor-widget-heading\" data-id=\"4fcc8d1\" data-element_type=\"widget\" data-e-type=\"widget\" data-widget_type=\"heading.default\">\n\t\t\t\t\t<h2 class=\"elementor-heading-title elementor-size-default\">Transferencia bancaria<\/h2>\t\t\t\t<\/div>\n\t\t\t\t<div class=\"elementor-element elementor-element-bcc6874 elementor-widget elementor-widget-text-editor\" data-id=\"bcc6874\" data-element_type=\"widget\" data-e-type=\"widget\" data-widget_type=\"text-editor.default\">\n\t\t\t\t\t\t\t\t\t<p>Si selecciona esta modalidad de pago, tenga en cuenta que el pedido no se considerar\u00e1 efectivo hasta que hayamos confirmado el ingreso correspondiente.<\/p><p>La transferencia se realizar\u00e1 por el importe total del pedido (gastos de env\u00edo inclu\u00eddos), a la siguiente cuenta bancaria:<\/p><p><b>Entidad bancaria:<\/b>\u00a0Colonya Caixa Pollen\u00e7a<br \/><b>N\u00famero de cuenta:<\/b> 2056 0000 6110 0014 8922<br \/><b>Nombre del beneficiario:<\/b>\u00a0GALERIES VICENS S.A.U.<br \/><b>IBAN:<\/b> ES95 2056 0000 6110 0014 8922 <br \/><b>BIC\/Swif<\/b>\u00a0(C\u00f3digo Internacional de Identificaci\u00f3n Bancaria en el sistema SWIFT): CECA ES MM 056<\/p><p>Por favor, para que podamos identificar correctamente el pedido,\u00a0<b>es muy importante indicar el n\u00famero de pedido<\/b>\u00a0que habr\u00e1 recibido al finalizar la compra.<\/p><p>Una vez seleccionada esta modalidad de pago, recibir\u00e1 un mensaje de correo en la direcci\u00f3n de email que nos haya proporcionado con las instrucciones a seguir para completar el pago.<\/p><p>Tenga en cuenta que los pagos mediante transferencia bancaria pueden tardar hasta tres d\u00edas laborables en recibirse.<\/p>\t\t\t\t\t\t\t\t<\/div>\n\t\t\t\t<div class=\"elementor-element elementor-element-c7a4acd elementor-widget elementor-widget-heading\" data-id=\"c7a4acd\" data-element_type=\"widget\" data-e-type=\"widget\" data-widget_type=\"heading.default\">\n\t\t\t\t\t<h2 class=\"elementor-heading-title elementor-size-default\">Tarjeta de cr\u00e9dito<\/h2>\t\t\t\t<\/div>\n\t\t\t\t<div class=\"elementor-element elementor-element-a802ec4 elementor-widget elementor-widget-text-editor\" data-id=\"a802ec4\" data-element_type=\"widget\" data-e-type=\"widget\" data-widget_type=\"text-editor.default\">\n\t\t\t\t\t\t\t\t\t<p>Puede pagar con tarjeta de cr\u00e9dito o d\u00e9bito: VISA (cr\u00e9dito y d\u00e9bito), MasterCard o American Express.<\/p><p>Para garantizar la seguridad de los pagos realizados desde nuestra web, \u00e9stos se realizan directamente y de forma segura a trav\u00e9s de la plataforma de\u00a0<b>Pago Seguro del Banco Sabadell<\/b>.<\/p><p>TEIXTIS VICENS no tiene acceso en ning\u00fan momento a la informaci\u00f3n confidencial relacionada con el pago (nombre, n\u00famero de tarjeta, fecha de caducidad, etc.), ya que \u00e9ste se realiza directamente a trav\u00e9s de la pasarela bancaria y no pasa en ning\u00fan momento por nuestros servidores. Los datos de la tarjeta, por tanto, no quedan registrados en nuestra base de datos sin\u00f3 que pasan directamente al terminal de punto de venta del banco (TPV). Por este motivo, cada vez que un cliente realice un nuevo pedido con tarjeta, ser\u00e1 necesario volver a introducir los datos de \u00e9sta.<\/p><p>La plataforma del Banco Sabadell integra CES (Compra Electr\u00f3nica Segura) que, bajo los protocolos internacionales\u00a0<i>Verified by Visa<\/i>\u00a0y\u00a0<i>MasterCard SecureCode<\/i>, aporta una alta seguridad y protecci\u00f3n en los pagos.<\/p>\t\t\t\t\t\t\t\t<\/div>\n\t\t\t\t\t<\/div>\n\t\t\t\t<\/div>\n\t\t\t\t\t<\/div>\n\t\t\t\t<\/div>\n\t\t\t\t<\/div>\n\t\t","protected":false},"excerpt":{"rendered":"<p>Tienda online Teixits Vicens Metodos de pago La seguridad en las transacciones con nuestros clientes es un tema prioritario para&#8230;<\/p>\n","protected":false},"author":13,"featured_media":0,"parent":0,"menu_order":0,"comment_status":"closed","ping_status":"closed","template":"elementor_header_footer","meta":{"footnotes":""},"class_list":["post-26391","page","type-page","status-publish","hentry"],"yoast_head":"<!-- This site is optimized with the Yoast SEO plugin v27.0 - https:\/\/yoast.com\/product\/yoast-seo-wordpress\/ -->\n<title>Metodos de pago | Teixits Vicens<\/title>\n<meta name=\"description\" content=\"Descubre los m\u00e9todos de pago disponibles en Teixits Vicens. Compra con total seguridad mediante tarjeta, transferencia o PayPal.\" \/>\n<meta name=\"robots\" content=\"noindex, follow\" \/>\n<meta property=\"og:locale\" content=\"es_ES\" \/>\n<meta property=\"og:type\" content=\"article\" \/>\n<meta property=\"og:title\" content=\"Metodos de pago | Teixits Vicens\" \/>\n<meta property=\"og:description\" content=\"Descubre los m\u00e9todos de pago disponibles en Teixits Vicens. Compra con total seguridad mediante tarjeta, transferencia o PayPal.\" \/>\n<meta property=\"og:url\" content=\"https:\/\/teixitsvicens.com\/es\/metodos-de-pago\/\" \/>\n<meta property=\"og:site_name\" content=\"Teixits Vicens\" \/>\n<meta property=\"article:publisher\" content=\"https:\/\/www.facebook.com\/TeixitsVicens\/\" \/>\n<meta property=\"article:modified_time\" content=\"2025-10-16T09:05:20+00:00\" \/>\n<meta property=\"og:image\" content=\"https:\/\/teixitsvicens.com\/wp-content\/uploads\/2017\/09\/logo-teixits-vicens-2.png\" \/>\n\t<meta property=\"og:image:width\" content=\"800\" \/>\n\t<meta property=\"og:image:height\" content=\"800\" \/>\n\t<meta property=\"og:image:type\" content=\"image\/png\" \/>\n<meta name=\"twitter:card\" content=\"summary_large_image\" \/>\n<meta name=\"twitter:label1\" content=\"Est. reading time\" \/>\n\t<meta name=\"twitter:data1\" content=\"3 minutes\" \/>\n<!-- \/ Yoast SEO plugin. -->","yoast_head_json":{"title":"Metodos de pago | Teixits Vicens","description":"Descubre los m\u00e9todos de pago disponibles en Teixits Vicens. Compra con total seguridad mediante tarjeta, transferencia o PayPal.","robots":{"index":"noindex","follow":"follow"},"og_locale":"es_ES","og_type":"article","og_title":"Metodos de pago | Teixits Vicens","og_description":"Descubre los m\u00e9todos de pago disponibles en Teixits Vicens. Compra con total seguridad mediante tarjeta, transferencia o PayPal.","og_url":"https:\/\/teixitsvicens.com\/es\/metodos-de-pago\/","og_site_name":"Teixits Vicens","article_publisher":"https:\/\/www.facebook.com\/TeixitsVicens\/","article_modified_time":"2025-10-16T09:05:20+00:00","og_image":[{"width":800,"height":800,"url":"https:\/\/teixitsvicens.com\/wp-content\/uploads\/2017\/09\/logo-teixits-vicens-2.png","type":"image\/png"}],"twitter_card":"summary_large_image","twitter_misc":{"Est. reading time":"3 minutes"},"schema":{"@context":"https:\/\/schema.org","@graph":[{"@type":"WebPage","@id":"https:\/\/teixitsvicens.com\/es\/metodos-de-pago\/","url":"https:\/\/teixitsvicens.com\/es\/metodos-de-pago\/","name":"Metodos de pago | Teixits Vicens","isPartOf":{"@id":"https:\/\/teixitsvicens.com\/es\/#website"},"datePublished":"2024-02-15T12:11:16+00:00","dateModified":"2025-10-16T09:05:20+00:00","description":"Descubre los m\u00e9todos de pago disponibles en Teixits Vicens. Compra con total seguridad mediante tarjeta, transferencia o PayPal.","breadcrumb":{"@id":"https:\/\/teixitsvicens.com\/es\/metodos-de-pago\/#breadcrumb"},"inLanguage":"es","potentialAction":[{"@type":"ReadAction","target":["https:\/\/teixitsvicens.com\/es\/metodos-de-pago\/"]}]},{"@type":"BreadcrumbList","@id":"https:\/\/teixitsvicens.com\/es\/metodos-de-pago\/#breadcrumb","itemListElement":[{"@type":"ListItem","position":1,"name":"Inici","item":"https:\/\/teixitsvicens.com\/es\/home\/"},{"@type":"ListItem","position":2,"name":"Metodos de pago"}]},{"@type":"WebSite","@id":"https:\/\/teixitsvicens.com\/es\/#website","url":"https:\/\/teixitsvicens.com\/es\/","name":"Teixits Vicens","description":"Taller textil artesano","publisher":{"@id":"https:\/\/teixitsvicens.com\/es\/#organization"},"alternateName":"Teixits Vicens","potentialAction":[{"@type":"SearchAction","target":{"@type":"EntryPoint","urlTemplate":"https:\/\/teixitsvicens.com\/es\/?s={search_term_string}"},"query-input":{"@type":"PropertyValueSpecification","valueRequired":true,"valueName":"search_term_string"}}],"inLanguage":"es"},{"@type":"Organization","@id":"https:\/\/teixitsvicens.com\/es\/#organization","name":"Teixits Vicens","url":"https:\/\/teixitsvicens.com\/es\/","logo":{"@type":"ImageObject","inLanguage":"es","@id":"https:\/\/teixitsvicens.com\/es\/#\/schema\/logo\/image\/","url":"https:\/\/teixitsvicens.com\/wp-content\/uploads\/2025\/10\/logo-teixits-vicents.png","contentUrl":"https:\/\/teixitsvicens.com\/wp-content\/uploads\/2025\/10\/logo-teixits-vicents.png","width":629,"height":131,"caption":"Teixits Vicens"},"image":{"@id":"https:\/\/teixitsvicens.com\/es\/#\/schema\/logo\/image\/"},"sameAs":["https:\/\/www.facebook.com\/TeixitsVicens\/","https:\/\/www.instagram.com\/teixitsvicens\/"]}]}},"_links":{"self":[{"href":"https:\/\/teixitsvicens.com\/es\/wp-json\/wp\/v2\/pages\/26391","targetHints":{"allow":["GET"]}}],"collection":[{"href":"https:\/\/teixitsvicens.com\/es\/wp-json\/wp\/v2\/pages"}],"about":[{"href":"https:\/\/teixitsvicens.com\/es\/wp-json\/wp\/v2\/types\/page"}],"author":[{"embeddable":true,"href":"https:\/\/teixitsvicens.com\/es\/wp-json\/wp\/v2\/users\/13"}],"replies":[{"embeddable":true,"href":"https:\/\/teixitsvicens.com\/es\/wp-json\/wp\/v2\/comments?post=26391"}],"version-history":[{"count":0,"href":"https:\/\/teixitsvicens.com\/es\/wp-json\/wp\/v2\/pages\/26391\/revisions"}],"wp:attachment":[{"href":"https:\/\/teixitsvicens.com\/es\/wp-json\/wp\/v2\/media?parent=26391"}],"curies":[{"name":"wp","href":"https:\/\/api.w.org\/{rel}","templated":true}]}}