{"id":25254,"date":"2023-11-07T13:00:37","date_gmt":"2023-11-07T12:00:37","guid":{"rendered":"http:\/\/localhost\/TeixitsVicensS2\/?page_id=25254"},"modified":"2025-11-14T07:22:51","modified_gmt":"2025-11-14T06:22:51","slug":"politica-de-privacidad","status":"publish","type":"page","link":"https:\/\/teixitsvicens.com\/es\/politica-de-privacidad\/","title":{"rendered":"Pol\u00edtica de privacidad"},"content":{"rendered":"\t\t<div data-elementor-type=\"wp-page\" data-elementor-id=\"25254\" class=\"elementor elementor-25254\" data-elementor-post-type=\"page\">\n\t\t\t\t<div class=\"elementor-element elementor-element-4a5afd7b e-con-full e-flex e-con e-parent\" data-id=\"4a5afd7b\" data-element_type=\"container\" data-e-type=\"container\">\n\t\t<div class=\"elementor-element elementor-element-44c9bd46 e-con-full e-flex e-con e-child\" data-id=\"44c9bd46\" data-element_type=\"container\" data-e-type=\"container\">\n\t\t<div class=\"elementor-element elementor-element-4c715fa9 e-con-full e-flex e-con e-child\" data-id=\"4c715fa9\" data-element_type=\"container\" data-e-type=\"container\">\n\t\t\t\t<div class=\"elementor-element elementor-element-1873bf96 elementor-widget__width-auto elementor-widget elementor-widget-woocommerce-breadcrumb\" data-id=\"1873bf96\" data-element_type=\"widget\" data-e-type=\"widget\" data-widget_type=\"woocommerce-breadcrumb.default\">\n\t\t\t\t\t<nav class=\"woocommerce-breadcrumb\" aria-label=\"Breadcrumb\"><span class=\"listaproducto\"><img decoding=\"async\" src=\"https:\/\/teixitsvicens.com\/\/wp-content\/themes\/teixitsvicens\/assets\/images\/imagotipo_teixits_vicens.svg\" width=\"85px;\" style=\"vertical-align: middle;padding-left:20px;padding-right:20px;\" alt=\"undefined - Teixits Vicens\"><\/span>Home<\/nav>\t\t\t\t<\/div>\n\t\t\t\t<\/div>\n\t\t\t\t<\/div>\n\t\t\t\t<\/div>\n\t\t<div class=\"elementor-element elementor-element-ffcdd98 e-flex e-con-boxed e-con e-parent\" data-id=\"ffcdd98\" data-element_type=\"container\" data-e-type=\"container\" data-settings=\"{&quot;background_background&quot;:&quot;classic&quot;}\">\n\t\t\t\t\t<div class=\"e-con-inner\">\n\t\t<div class=\"elementor-element elementor-element-e079b5f e-flex e-con-boxed e-con e-child\" data-id=\"e079b5f\" data-element_type=\"container\" data-e-type=\"container\" id=\"privacy-policy\">\n\t\t\t\t\t<div class=\"e-con-inner\">\n\t\t\t\t<div class=\"elementor-element elementor-element-7776808 elementor-widget elementor-widget-heading\" data-id=\"7776808\" data-element_type=\"widget\" data-e-type=\"widget\" data-widget_type=\"heading.default\">\n\t\t\t\t\t<div class=\"elementor-heading-title elementor-size-default\">T\u00e9rminos y condiciones<\/div>\t\t\t\t<\/div>\n\t\t\t\t<div class=\"elementor-element elementor-element-69c4037 elementor-widget elementor-widget-heading\" data-id=\"69c4037\" data-element_type=\"widget\" data-e-type=\"widget\" data-widget_type=\"heading.default\">\n\t\t\t\t\t<div class=\"elementor-heading-title elementor-size-default\">Pol\u00edtica de privacidad<\/div>\t\t\t\t<\/div>\n\t\t\t\t<div class=\"elementor-element elementor-element-b3de430 elementor-widget elementor-widget-heading\" data-id=\"b3de430\" data-element_type=\"widget\" data-e-type=\"widget\" data-widget_type=\"heading.default\">\n\t\t\t\t\t<div class=\"elementor-heading-title elementor-size-default\">Ley de los servicios de la sociedad de la informaci\u00f3n (LSSI)<\/div>\t\t\t\t<\/div>\n\t\t\t\t<div class=\"elementor-element elementor-element-7f4b64b elementor-widget elementor-widget-text-editor\" data-id=\"7f4b64b\" data-element_type=\"widget\" data-e-type=\"widget\" data-widget_type=\"text-editor.default\">\n\t\t\t\t\t\t\t\t\t<p>En Teixits Vicens valoramos tu confianza y privacidad, por este motivo, te explicamos, a continuaci\u00f3n, de forma sencilla y transparente, c\u00f3mo utilizamos exactamente tus datos.<\/p><p>Te animamos a que leas con detenimiento esta pol\u00edtica de privacidad y, adem\u00e1s, si te surge alguna duda o quieres m\u00e1s informaci\u00f3n a este respecto, puedes escribirnos a\u00a0<a href=\"mailto:comptabilitat@teixitvicens.com\">comptabilitat@teixitvicens.com<\/a>\u00a0y, como siempre, trataremos de ayudarte de la mejor manera posible.<\/p><p><strong>\u00bfQui\u00e9n es el responsable del tratamiento?<\/strong><\/p><p>El responsable del tratamiento es quien decide la finalidad para la que se utilizan tus datos que, en este caso, es GALER\u00cdES VICENS, S.A.U., con C.I.F. A07210263 y domicilio en Rotonda Can Berenguer 07460, Pollen\u00e7a, Mallorca (en adelante, Teixits Vicens).<\/p><p><strong>\u00bfQu\u00e9 datos tuyos recogemos y con qu\u00e9 finalidad?<\/strong><\/p><p>En caso de que compres alguno de nuestros productos, te pediremos los datos necesarios para gestionar tu pedido: nombre y apellidos, direcci\u00f3n de entrega, tel\u00e9fono, correo electr\u00f3nico, datos necesarios para gestionar el pago de los productos adquiridos y, en su caso, los datos necesarios para la emisi\u00f3n de facturas. Concretamente, utilizaremos tus datos para:<\/p><ul><li>Formalizar el pedido, gestionar adecuadamente tu compra y hac\u00e9rtela llegar.<\/li><li>Informarte, en su caso, del estado del pedido y de cualquier otra cuesti\u00f3n que sea necesaria para asegurar la entrega efectiva.<\/li><li>Gestionar los pagos.<\/li><li>Enviarte la factura de compra.<\/li><li>Mantener tu historial de compras para ofrecerte una mejor asistencia.<\/li><li>Enviarte comunicaciones informativas y, en su caso, comunicaciones comerciales sobre productos o servicios de Teixits Vicens que puedan ser de tu inter\u00e9s.<\/li><\/ul><p>La base legal que nos permite llevar a cabo este tratamiento de tus datos es la relaci\u00f3n contractual entre las partes y, en algunos casos concretos, tu consentimiento.<\/p><ul><li>En caso de que utilices cualquiera de las v\u00edas que te ofrecemos para contactar con nosotros, utilizaremos tus datos de contacto para atender y resolver tu consulta de acuerdo con la naturaleza de la misma, lo que incluye contactar contigo (por la misma v\u00eda) en caso de ser necesario.<\/li><\/ul><p>La base legal que nos permite llevar a cabo este tratamiento de tus datos es tu consentimiento, que nos prestas de forma expresa al enviar tu solicitud de contacto, y nuestro inter\u00e9s leg\u00edtimo en resolver la cuesti\u00f3n que nos plantees.<\/p><ul><li>En caso de que te interese trabajar con nosotros y nos hagas llegar tu candidatura, utilizaremos los datos para gestionar la misma, evaluar tu perfil y, en su caso, conservar tu curr\u00edculum en nuestra base de datos de candidatos potenciales.<\/li><\/ul><p>La base legal que nos permite llevar a cabo este tratamiento de tus datos es tu consentimiento, que nos prestas de forma expresa al enviar tu candidatura.<\/p><ul><li>Cuando navegas por nuestra p\u00e1gina web, podemos realizar mediciones y, en su caso, analizar, tus h\u00e1bitos de navegaci\u00f3n de forma an\u00f3nima.<\/li><\/ul><p>La base legal que nos permite llevar a cabo este tratamiento de tus datos es tu consentimiento, que prestas cuando aceptas la instalaci\u00f3n de nuestras cookies y que puedes revocar o configurar en cualquier momento. Puedes encontrar m\u00e1s informaci\u00f3n sobre el uso de las cookies en nuestra\u00a0<a href=\"https:\/\/teixitsvicens.com\/es\/politica-de-cookies\/\">Pol\u00edtica de cookies<\/a>.<\/p><p><strong>\u00bfCu\u00e1nto tiempo conservamos tus datos?<\/strong><\/p><p>El tiempo estrictamente necesario para cumplir con la finalidad a la que sirven en cada caso, tras ello, permanecer\u00e1n bloqueados a los solos efectos de atender cualquier responsabilidad u obligaciones que pudieran derivarse del tratamiento de los mismos:<\/p><p><strong>\u00bfA qui\u00e9n comunicamos tus datos?<\/strong><\/p><p>Cualquier comunicaci\u00f3n de datos que hagamos ser\u00e1 siempre respetando tus derechos y en cumplimiento de la normativa de protecci\u00f3n de datos. En este sentido, s\u00f3lo comunicaremos tus datos:<\/p><ul><li>A proveedores de servicios que nos ayudan a llevar a cabo nuestra actividad, por ejemplo, plataformas de pago online, herramientas inform\u00e1ticas, servicios de soporte t\u00e9cnico, servicios de mensajer\u00eda, etc. Algunos de estos proveedores, pueden transferir datos fuera del Espacio Econ\u00f3mico Europeo. No obstante, estas comunicaciones se llevan a cabo con las garant\u00edas necesarias y cuentan con el nivel de protecci\u00f3n de los datos requerido por la normativa.<\/li><li>En los casos en que sea necesario para cumplir con nuestras obligaciones legales, los datos podr\u00e1n comunicarse a las autoridades p\u00fablicas y a las Fuerzas y Cuerpos de Seguridad del Estado.<\/li><li>A las empresas que forman parte de nuestro grupo de sociedades, para asegurar el adecuado funcionamiento de todos nuestros procesos.<\/li><\/ul><p><strong>\u00bfCu\u00e1les son tus derechos cuando nos facilitas tus datos personales?<\/strong><\/p><p>Como titular de tu informaci\u00f3n personal, tienes derecho a:<\/p><ul><li>Acceder a los datos que tratamos sobre ti y a informaci\u00f3n detallada sobre el tratamiento que realizamos.<\/li><li>Puedes solicitar que se rectifique tu informaci\u00f3n, si consideras que es inexacta.<\/li><li>En algunos casos puedes solicitar que tus datos sean suprimidos, puedes oponerte a que los usemos y puedes limitar el tratamiento que hacemos de ellos.<\/li><li>Tienes derecho a la portabilidad de tus datos, es decir, a recibir tus datos o que se los entreguemos a un tercero en un formato que permita que \u00e9ste los trate.<\/li><li>Por supuesto, si consideras que no hemos atendido correctamente tus derechos o quieres m\u00e1s informaci\u00f3n al respecto, puedes acudir a la Agencia Espa\u00f1ola de Protecci\u00f3n de Datos dirigi\u00e9ndote a\u00a0<a href=\"http:\/\/www.aepd.es\/\">aepd.es<\/a>.<\/li><\/ul><p>Si tuvieras cualquier duda respecto al ejercicio de tus derechos, antes de dirigirte a la Autoridad de control, te recordamos que, si lo deseas, puedes consult\u00e1rnosla directamente escribi\u00e9ndonos a\u00a0<a href=\"mailto:comptabilitat@teixitsvicens.com\">comptabilitat@teixitsvicens.com<\/a>\u00a0y trataremos de ayudarte de la mejor manera posible.<\/p>\t\t\t\t\t\t\t\t<\/div>\n\t\t\t\t\t<\/div>\n\t\t\t\t<\/div>\n\t\t\t\t\t<\/div>\n\t\t\t\t<\/div>\n\t\t\t\t<\/div>\n\t\t","protected":false},"excerpt":{"rendered":"<p>T\u00e9rminos y condiciones Pol\u00edtica de privacidad Ley de los servicios de la sociedad de la informaci\u00f3n (LSSI) En Teixits Vicens&#8230;<\/p>\n","protected":false},"author":13,"featured_media":0,"parent":0,"menu_order":0,"comment_status":"closed","ping_status":"closed","template":"elementor_header_footer","meta":{"footnotes":""},"class_list":["post-25254","page","type-page","status-publish","hentry"],"yoast_head":"<!-- This site is optimized with the Yoast SEO plugin v27.0 - https:\/\/yoast.com\/product\/yoast-seo-wordpress\/ -->\n<title>Pol\u00edtica de privacidad | Teixits Vicens<\/title>\n<meta name=\"robots\" content=\"index, follow, max-snippet:-1, max-image-preview:large, max-video-preview:-1\" \/>\n<link rel=\"canonical\" href=\"https:\/\/teixitsvicens.com\/es\/politica-de-privacidad\/\" \/>\n<meta property=\"og:locale\" content=\"es_ES\" \/>\n<meta property=\"og:type\" content=\"article\" \/>\n<meta property=\"og:title\" content=\"Pol\u00edtica de privacidad | Teixits Vicens\" \/>\n<meta property=\"og:description\" content=\"T\u00e9rminos y condiciones Pol\u00edtica de privacidad Ley de los servicios de la sociedad de la informaci\u00f3n (LSSI) En Teixits Vicens...\" \/>\n<meta property=\"og:url\" content=\"https:\/\/teixitsvicens.com\/es\/politica-de-privacidad\/\" \/>\n<meta property=\"og:site_name\" content=\"Teixits Vicens\" \/>\n<meta property=\"article:publisher\" content=\"https:\/\/www.facebook.com\/TeixitsVicens\/\" \/>\n<meta property=\"article:modified_time\" content=\"2025-11-14T06:22:51+00:00\" \/>\n<meta property=\"og:image\" content=\"https:\/\/teixitsvicens.com\/wp-content\/uploads\/2017\/09\/logo-teixits-vicens-2.png\" \/>\n\t<meta property=\"og:image:width\" content=\"800\" \/>\n\t<meta property=\"og:image:height\" content=\"800\" \/>\n\t<meta property=\"og:image:type\" content=\"image\/png\" \/>\n<meta name=\"twitter:card\" content=\"summary_large_image\" \/>\n<meta name=\"twitter:label1\" content=\"Est. reading time\" \/>\n\t<meta name=\"twitter:data1\" content=\"5 minutes\" \/>\n<!-- \/ Yoast SEO plugin. -->","yoast_head_json":{"title":"Pol\u00edtica de privacidad | Teixits Vicens","robots":{"index":"index","follow":"follow","max-snippet":"max-snippet:-1","max-image-preview":"max-image-preview:large","max-video-preview":"max-video-preview:-1"},"canonical":"https:\/\/teixitsvicens.com\/es\/politica-de-privacidad\/","og_locale":"es_ES","og_type":"article","og_title":"Pol\u00edtica de privacidad | Teixits Vicens","og_description":"T\u00e9rminos y condiciones Pol\u00edtica de privacidad Ley de los servicios de la sociedad de la informaci\u00f3n (LSSI) En Teixits Vicens...","og_url":"https:\/\/teixitsvicens.com\/es\/politica-de-privacidad\/","og_site_name":"Teixits Vicens","article_publisher":"https:\/\/www.facebook.com\/TeixitsVicens\/","article_modified_time":"2025-11-14T06:22:51+00:00","og_image":[{"width":800,"height":800,"url":"https:\/\/teixitsvicens.com\/wp-content\/uploads\/2017\/09\/logo-teixits-vicens-2.png","type":"image\/png"}],"twitter_card":"summary_large_image","twitter_misc":{"Est. reading time":"5 minutes"},"schema":{"@context":"https:\/\/schema.org","@graph":[{"@type":"WebPage","@id":"https:\/\/teixitsvicens.com\/es\/politica-de-privacidad\/","url":"https:\/\/teixitsvicens.com\/es\/politica-de-privacidad\/","name":"Pol\u00edtica de privacidad | Teixits Vicens","isPartOf":{"@id":"https:\/\/teixitsvicens.com\/es\/#website"},"datePublished":"2023-11-07T12:00:37+00:00","dateModified":"2025-11-14T06:22:51+00:00","breadcrumb":{"@id":"https:\/\/teixitsvicens.com\/es\/politica-de-privacidad\/#breadcrumb"},"inLanguage":"es","potentialAction":[{"@type":"ReadAction","target":["https:\/\/teixitsvicens.com\/es\/politica-de-privacidad\/"]}]},{"@type":"BreadcrumbList","@id":"https:\/\/teixitsvicens.com\/es\/politica-de-privacidad\/#breadcrumb","itemListElement":[{"@type":"ListItem","position":1,"name":"Inici","item":"https:\/\/teixitsvicens.com\/es\/home\/"},{"@type":"ListItem","position":2,"name":"Pol\u00edtica de privacidad"}]},{"@type":"WebSite","@id":"https:\/\/teixitsvicens.com\/es\/#website","url":"https:\/\/teixitsvicens.com\/es\/","name":"Teixits Vicens","description":"Taller textil artesano","publisher":{"@id":"https:\/\/teixitsvicens.com\/es\/#organization"},"alternateName":"Teixits Vicens","potentialAction":[{"@type":"SearchAction","target":{"@type":"EntryPoint","urlTemplate":"https:\/\/teixitsvicens.com\/es\/?s={search_term_string}"},"query-input":{"@type":"PropertyValueSpecification","valueRequired":true,"valueName":"search_term_string"}}],"inLanguage":"es"},{"@type":"Organization","@id":"https:\/\/teixitsvicens.com\/es\/#organization","name":"Teixits Vicens","url":"https:\/\/teixitsvicens.com\/es\/","logo":{"@type":"ImageObject","inLanguage":"es","@id":"https:\/\/teixitsvicens.com\/es\/#\/schema\/logo\/image\/","url":"https:\/\/teixitsvicens.com\/wp-content\/uploads\/2025\/10\/logo-teixits-vicents.png","contentUrl":"https:\/\/teixitsvicens.com\/wp-content\/uploads\/2025\/10\/logo-teixits-vicents.png","width":629,"height":131,"caption":"Teixits Vicens"},"image":{"@id":"https:\/\/teixitsvicens.com\/es\/#\/schema\/logo\/image\/"},"sameAs":["https:\/\/www.facebook.com\/TeixitsVicens\/","https:\/\/www.instagram.com\/teixitsvicens\/"]}]}},"_links":{"self":[{"href":"https:\/\/teixitsvicens.com\/es\/wp-json\/wp\/v2\/pages\/25254","targetHints":{"allow":["GET"]}}],"collection":[{"href":"https:\/\/teixitsvicens.com\/es\/wp-json\/wp\/v2\/pages"}],"about":[{"href":"https:\/\/teixitsvicens.com\/es\/wp-json\/wp\/v2\/types\/page"}],"author":[{"embeddable":true,"href":"https:\/\/teixitsvicens.com\/es\/wp-json\/wp\/v2\/users\/13"}],"replies":[{"embeddable":true,"href":"https:\/\/teixitsvicens.com\/es\/wp-json\/wp\/v2\/comments?post=25254"}],"version-history":[{"count":0,"href":"https:\/\/teixitsvicens.com\/es\/wp-json\/wp\/v2\/pages\/25254\/revisions"}],"wp:attachment":[{"href":"https:\/\/teixitsvicens.com\/es\/wp-json\/wp\/v2\/media?parent=25254"}],"curies":[{"name":"wp","href":"https:\/\/api.w.org\/{rel}","templated":true}]}}