{"id":26708,"date":"2024-05-13T16:57:58","date_gmt":"2024-05-13T14:57:58","guid":{"rendered":"https:\/\/teixitsmallorca.com\/?post_type=product&#038;p=26708"},"modified":"2026-02-25T11:09:31","modified_gmt":"2026-02-25T10:09:31","slug":"ikat-fabric-103-blue","status":"publish","type":"product","link":"https:\/\/teixitsvicens.com\/en\/product\/mallorcan-fabrics\/ikat-fabrics\/blue-ikat-fabrics\/ikat-fabric-103-blue\/","title":{"rendered":"Mallorcan fabric Ikat 103 blue"},"content":{"rendered":"<p>Artisan fabric by the meter, made with the ikat technique. Online fabric to make your decorative project ideas come true.<\/p>\n<p>The Mallorquina fabric is ideal for upholstering, curtains, bedspreads, making your own cushions, and an infinite number of creative possibilities; adapting to all types of atmospheres, Mediterranean, rustic, classic, modern&#8230;<\/p>\n<p>All this, with a common denominator: quality. A final quality that is only obtained after many years of effort, maintaining the best of tradition, using the best materials, natural fibers and beautiful colors, which give our fabrics this unique character. Creating pleasant environments beauty. So that dressing your home is a pleasure.<\/p>\n<p>Decorate with typical Mallorcan fabrics or tongue fabrics and achieve a Mediterranean atmosphere with these natural fiber fabrics.<\/p>\n<p>Linen and cotton fabrics, handmade in our workshop in Pollensa, Mallorca.<\/p>\n","protected":false},"excerpt":{"rendered":"<p>Artisan fabric by the meter, made with the ikat technique. Online fabric to make your decorative project ideas come true&#8230;.<\/p>\n","protected":false},"featured_media":26704,"comment_status":"closed","ping_status":"closed","template":"","meta":[],"product_brand":[],"product_cat":[1156],"product_tag":[],"class_list":{"0":"post-26708","1":"product","2":"type-product","3":"status-publish","4":"has-post-thumbnail","6":"product_cat-blue-ikat-fabrics","8":"first","9":"instock","10":"shipping-taxable","11":"purchasable","12":"product-type-variable","13":"has-default-attributes"},"yoast_head":"<!-- This site is optimized with the Yoast SEO plugin v27.0 - https:\/\/yoast.com\/product\/yoast-seo-wordpress\/ -->\n<title>Mallorcan fabric Ikat 103 blue | Teixits Vicens<\/title>\n<meta name=\"description\" content=\"Tela per metres elaborada artesanalment mitjan\u00e7ant la t\u00e8cnica de l&#039;ikat. Un teixit molt vers\u00e0til i resistent. La tela t\u00edpica Mallorquina \u00e9s perfecta per entapissar cadires, entapissar sof\u00e0s, fer coixins a mida, confeccionar cortines, estovalles, i dur a terme tots els teus projectes de decoraci\u00f3. Infinitat d&#039;idees per decorar amb les teles de lleng\u00fces mallorquines, fins i tot pots decorar les parets de casa teva folrant-les amb aquesta tela artesana. Tela online de lli i cot\u00f3 per a ambients amb estil Mediterrani mitjan\u00e7ant teixits de fibres naturals. Amb els nostres teixits artesanals contribu\u00efm a preservar la cultura i tradici\u00f3 de l&#039;illa de Mallorca.\" \/>\n<meta name=\"robots\" content=\"index, follow, max-snippet:-1, max-image-preview:large, max-video-preview:-1\" \/>\n<link rel=\"canonical\" href=\"https:\/\/teixitsvicens.com\/en\/product\/mallorcan-fabrics\/ikat-fabrics\/blue-ikat-fabrics\/ikat-fabric-103-blue\/\" \/>\n<meta property=\"og:locale\" content=\"en_US\" \/>\n<meta property=\"og:type\" content=\"article\" \/>\n<meta property=\"og:title\" content=\"Mallorcan fabric Ikat 103 blue | Teixits Vicens\" \/>\n<meta property=\"og:description\" content=\"Tela per metres elaborada artesanalment mitjan\u00e7ant la t\u00e8cnica de l&#039;ikat. Un teixit molt vers\u00e0til i resistent. La tela t\u00edpica Mallorquina \u00e9s perfecta per entapissar cadires, entapissar sof\u00e0s, fer coixins a mida, confeccionar cortines, estovalles, i dur a terme tots els teus projectes de decoraci\u00f3. Infinitat d&#039;idees per decorar amb les teles de lleng\u00fces mallorquines, fins i tot pots decorar les parets de casa teva folrant-les amb aquesta tela artesana. Tela online de lli i cot\u00f3 per a ambients amb estil Mediterrani mitjan\u00e7ant teixits de fibres naturals. Amb els nostres teixits artesanals contribu\u00efm a preservar la cultura i tradici\u00f3 de l&#039;illa de Mallorca.\" \/>\n<meta property=\"og:url\" content=\"https:\/\/teixitsvicens.com\/en\/product\/mallorcan-fabrics\/ikat-fabrics\/blue-ikat-fabrics\/ikat-fabric-103-blue\/\" \/>\n<meta property=\"og:site_name\" content=\"Teixits Vicens\" \/>\n<meta property=\"article:publisher\" content=\"https:\/\/www.facebook.com\/TeixitsVicens\/\" \/>\n<meta property=\"article:modified_time\" content=\"2026-02-25T10:09:31+00:00\" \/>\n<meta property=\"og:image\" content=\"https:\/\/teixitsvicens.com\/wp-content\/uploads\/2024\/05\/TELESV-0075.jpg\" \/>\n\t<meta property=\"og:image:width\" content=\"1200\" \/>\n\t<meta property=\"og:image:height\" content=\"800\" \/>\n\t<meta property=\"og:image:type\" content=\"image\/jpeg\" \/>\n<meta name=\"twitter:card\" content=\"summary_large_image\" \/>\n<meta name=\"twitter:label1\" content=\"Est. reading time\" \/>\n\t<meta name=\"twitter:data1\" content=\"1 minute\" \/>\n<!-- \/ Yoast SEO plugin. -->","yoast_head_json":{"title":"Mallorcan fabric Ikat 103 blue | Teixits Vicens","description":"Tela per metres elaborada artesanalment mitjan\u00e7ant la t\u00e8cnica de l'ikat. Un teixit molt vers\u00e0til i resistent. La tela t\u00edpica Mallorquina \u00e9s perfecta per entapissar cadires, entapissar sof\u00e0s, fer coixins a mida, confeccionar cortines, estovalles, i dur a terme tots els teus projectes de decoraci\u00f3. Infinitat d'idees per decorar amb les teles de lleng\u00fces mallorquines, fins i tot pots decorar les parets de casa teva folrant-les amb aquesta tela artesana. Tela online de lli i cot\u00f3 per a ambients amb estil Mediterrani mitjan\u00e7ant teixits de fibres naturals. Amb els nostres teixits artesanals contribu\u00efm a preservar la cultura i tradici\u00f3 de l'illa de Mallorca.","robots":{"index":"index","follow":"follow","max-snippet":"max-snippet:-1","max-image-preview":"max-image-preview:large","max-video-preview":"max-video-preview:-1"},"canonical":"https:\/\/teixitsvicens.com\/en\/product\/mallorcan-fabrics\/ikat-fabrics\/blue-ikat-fabrics\/ikat-fabric-103-blue\/","og_locale":"en_US","og_type":"article","og_title":"Mallorcan fabric Ikat 103 blue | Teixits Vicens","og_description":"Tela per metres elaborada artesanalment mitjan\u00e7ant la t\u00e8cnica de l'ikat. Un teixit molt vers\u00e0til i resistent. La tela t\u00edpica Mallorquina \u00e9s perfecta per entapissar cadires, entapissar sof\u00e0s, fer coixins a mida, confeccionar cortines, estovalles, i dur a terme tots els teus projectes de decoraci\u00f3. Infinitat d'idees per decorar amb les teles de lleng\u00fces mallorquines, fins i tot pots decorar les parets de casa teva folrant-les amb aquesta tela artesana. Tela online de lli i cot\u00f3 per a ambients amb estil Mediterrani mitjan\u00e7ant teixits de fibres naturals. Amb els nostres teixits artesanals contribu\u00efm a preservar la cultura i tradici\u00f3 de l'illa de Mallorca.","og_url":"https:\/\/teixitsvicens.com\/en\/product\/mallorcan-fabrics\/ikat-fabrics\/blue-ikat-fabrics\/ikat-fabric-103-blue\/","og_site_name":"Teixits Vicens","article_publisher":"https:\/\/www.facebook.com\/TeixitsVicens\/","article_modified_time":"2026-02-25T10:09:31+00:00","og_image":[{"width":1200,"height":800,"url":"https:\/\/teixitsvicens.com\/wp-content\/uploads\/2024\/05\/TELESV-0075.jpg","type":"image\/jpeg"}],"twitter_card":"summary_large_image","twitter_misc":{"Est. reading time":"1 minute"},"schema":{"@context":"https:\/\/schema.org","@graph":[{"@type":"WebPage","@id":"https:\/\/teixitsvicens.com\/en\/product\/mallorcan-fabrics\/ikat-fabrics\/blue-ikat-fabrics\/ikat-fabric-103-blue\/","url":"https:\/\/teixitsvicens.com\/en\/product\/mallorcan-fabrics\/ikat-fabrics\/blue-ikat-fabrics\/ikat-fabric-103-blue\/","name":"Mallorcan fabric Ikat 103 blue | Teixits Vicens","isPartOf":{"@id":"https:\/\/teixitsvicens.com\/en\/#website"},"primaryImageOfPage":{"@id":"https:\/\/teixitsvicens.com\/en\/product\/mallorcan-fabrics\/ikat-fabrics\/blue-ikat-fabrics\/ikat-fabric-103-blue\/#primaryimage"},"image":{"@id":"https:\/\/teixitsvicens.com\/en\/product\/mallorcan-fabrics\/ikat-fabrics\/blue-ikat-fabrics\/ikat-fabric-103-blue\/#primaryimage"},"thumbnailUrl":"https:\/\/teixitsvicens.com\/wp-content\/uploads\/2024\/05\/TELESV-0075.jpg","datePublished":"2024-05-13T14:57:58+00:00","dateModified":"2026-02-25T10:09:31+00:00","description":"Tela per metres elaborada artesanalment mitjan\u00e7ant la t\u00e8cnica de l'ikat. Un teixit molt vers\u00e0til i resistent. La tela t\u00edpica Mallorquina \u00e9s perfecta per entapissar cadires, entapissar sof\u00e0s, fer coixins a mida, confeccionar cortines, estovalles, i dur a terme tots els teus projectes de decoraci\u00f3. Infinitat d'idees per decorar amb les teles de lleng\u00fces mallorquines, fins i tot pots decorar les parets de casa teva folrant-les amb aquesta tela artesana. Tela online de lli i cot\u00f3 per a ambients amb estil Mediterrani mitjan\u00e7ant teixits de fibres naturals. Amb els nostres teixits artesanals contribu\u00efm a preservar la cultura i tradici\u00f3 de l'illa de Mallorca.","breadcrumb":{"@id":"https:\/\/teixitsvicens.com\/en\/product\/mallorcan-fabrics\/ikat-fabrics\/blue-ikat-fabrics\/ikat-fabric-103-blue\/#breadcrumb"},"inLanguage":"en","potentialAction":[{"@type":"ReadAction","target":["https:\/\/teixitsvicens.com\/en\/product\/mallorcan-fabrics\/ikat-fabrics\/blue-ikat-fabrics\/ikat-fabric-103-blue\/"]}]},{"@type":"ImageObject","inLanguage":"en","@id":"https:\/\/teixitsvicens.com\/en\/product\/mallorcan-fabrics\/ikat-fabrics\/blue-ikat-fabrics\/ikat-fabric-103-blue\/#primaryimage","url":"https:\/\/teixitsvicens.com\/wp-content\/uploads\/2024\/05\/TELESV-0075.jpg","contentUrl":"https:\/\/teixitsvicens.com\/wp-content\/uploads\/2024\/05\/TELESV-0075.jpg","width":1200,"height":800},{"@type":"BreadcrumbList","@id":"https:\/\/teixitsvicens.com\/en\/product\/mallorcan-fabrics\/ikat-fabrics\/blue-ikat-fabrics\/ikat-fabric-103-blue\/#breadcrumb","itemListElement":[{"@type":"ListItem","position":1,"name":"Inici","item":"https:\/\/teixitsvicens.com\/en\/"},{"@type":"ListItem","position":2,"name":"Shop Online","item":"https:\/\/teixitsvicens.com\/en\/onlineshop\/"},{"@type":"ListItem","position":3,"name":"Mallorcan fabric Ikat 103 blue"}]},{"@type":"WebSite","@id":"https:\/\/teixitsvicens.com\/en\/#website","url":"https:\/\/teixitsvicens.com\/en\/","name":"Teixits Vicens","description":"Taller textil artesano","publisher":{"@id":"https:\/\/teixitsvicens.com\/en\/#organization"},"alternateName":"Teixits Vicens","potentialAction":[{"@type":"SearchAction","target":{"@type":"EntryPoint","urlTemplate":"https:\/\/teixitsvicens.com\/en\/?s={search_term_string}"},"query-input":{"@type":"PropertyValueSpecification","valueRequired":true,"valueName":"search_term_string"}}],"inLanguage":"en"},{"@type":"Organization","@id":"https:\/\/teixitsvicens.com\/en\/#organization","name":"Teixits Vicens","url":"https:\/\/teixitsvicens.com\/en\/","logo":{"@type":"ImageObject","inLanguage":"en","@id":"https:\/\/teixitsvicens.com\/en\/#\/schema\/logo\/image\/","url":"https:\/\/teixitsvicens.com\/wp-content\/uploads\/2025\/10\/logo-teixits-vicents.png","contentUrl":"https:\/\/teixitsvicens.com\/wp-content\/uploads\/2025\/10\/logo-teixits-vicents.png","width":629,"height":131,"caption":"Teixits Vicens"},"image":{"@id":"https:\/\/teixitsvicens.com\/en\/#\/schema\/logo\/image\/"},"sameAs":["https:\/\/www.facebook.com\/TeixitsVicens\/","https:\/\/www.instagram.com\/teixitsvicens\/"]}]}},"_links":{"self":[{"href":"https:\/\/teixitsvicens.com\/en\/wp-json\/wp\/v2\/product\/26708","targetHints":{"allow":["GET"]}}],"collection":[{"href":"https:\/\/teixitsvicens.com\/en\/wp-json\/wp\/v2\/product"}],"about":[{"href":"https:\/\/teixitsvicens.com\/en\/wp-json\/wp\/v2\/types\/product"}],"replies":[{"embeddable":true,"href":"https:\/\/teixitsvicens.com\/en\/wp-json\/wp\/v2\/comments?post=26708"}],"wp:featuredmedia":[{"embeddable":true,"href":"https:\/\/teixitsvicens.com\/en\/wp-json\/wp\/v2\/media\/26704"}],"wp:attachment":[{"href":"https:\/\/teixitsvicens.com\/en\/wp-json\/wp\/v2\/media?parent=26708"}],"wp:term":[{"taxonomy":"product_brand","embeddable":true,"href":"https:\/\/teixitsvicens.com\/en\/wp-json\/wp\/v2\/product_brand?post=26708"},{"taxonomy":"product_cat","embeddable":true,"href":"https:\/\/teixitsvicens.com\/en\/wp-json\/wp\/v2\/product_cat?post=26708"},{"taxonomy":"product_tag","embeddable":true,"href":"https:\/\/teixitsvicens.com\/en\/wp-json\/wp\/v2\/product_tag?post=26708"}],"curies":[{"name":"wp","href":"https:\/\/api.w.org\/{rel}","templated":true}]}}