{"id":26733,"date":"2024-02-15T13:10:48","date_gmt":"2024-02-15T12:10:48","guid":{"rendered":"https:\/\/teixitsmallorca.com\/garantia\/"},"modified":"2025-10-15T20:38:12","modified_gmt":"2025-10-15T18:38:12","slug":"warranty","status":"publish","type":"page","link":"https:\/\/teixitsvicens.com\/en\/warranty\/","title":{"rendered":"Warranty"},"content":{"rendered":"\t\t<div data-elementor-type=\"wp-page\" data-elementor-id=\"26733\" class=\"elementor elementor-26733 elementor-26390\" data-elementor-post-type=\"page\">\n\t\t\t\t<div class=\"elementor-element elementor-element-4a5afd7b e-con-full e-flex e-con e-parent\" data-id=\"4a5afd7b\" data-element_type=\"container\" data-e-type=\"container\">\n\t\t<div class=\"elementor-element elementor-element-44c9bd46 e-con-full e-flex e-con e-child\" data-id=\"44c9bd46\" data-element_type=\"container\" data-e-type=\"container\">\n\t\t<div class=\"elementor-element elementor-element-4c715fa9 e-con-full e-flex e-con e-child\" data-id=\"4c715fa9\" data-element_type=\"container\" data-e-type=\"container\">\n\t\t\t\t<div class=\"elementor-element elementor-element-1873bf96 elementor-widget__width-auto elementor-widget elementor-widget-woocommerce-breadcrumb\" data-id=\"1873bf96\" data-element_type=\"widget\" data-e-type=\"widget\" data-widget_type=\"woocommerce-breadcrumb.default\">\n\t\t\t\t\t<nav class=\"woocommerce-breadcrumb\" aria-label=\"Breadcrumb\"><span class=\"listaproducto\"><img decoding=\"async\" src=\"https:\/\/teixitsvicens.com\/\/wp-content\/themes\/teixitsvicens\/assets\/images\/imagotipo_teixits_vicens.svg\" width=\"85px;\" style=\"vertical-align: middle;padding-left:20px;padding-right:20px;\" alt=\"undefined - Teixits Vicens\"><\/span>Home<\/nav>\t\t\t\t<\/div>\n\t\t\t\t<\/div>\n\t\t\t\t<\/div>\n\t\t\t\t<\/div>\n\t\t<div class=\"elementor-element elementor-element-ced4a24 e-flex e-con-boxed e-con e-parent\" data-id=\"ced4a24\" data-element_type=\"container\" data-e-type=\"container\" data-settings=\"{&quot;background_background&quot;:&quot;classic&quot;}\">\n\t\t\t\t\t<div class=\"e-con-inner\">\n\t\t<div class=\"elementor-element elementor-element-9db9d0c e-flex e-con-boxed e-con e-child\" data-id=\"9db9d0c\" data-element_type=\"container\" data-e-type=\"container\">\n\t\t\t\t\t<div class=\"e-con-inner\">\n\t\t\t\t<div class=\"elementor-element elementor-element-e8eb657 elementor-widget elementor-widget-heading\" data-id=\"e8eb657\" data-element_type=\"widget\" data-e-type=\"widget\" data-widget_type=\"heading.default\">\n\t\t\t\t\t<div class=\"elementor-heading-title elementor-size-default\">Products Teixits Vicens<\/div>\t\t\t\t<\/div>\n\t\t\t\t<div class=\"elementor-element elementor-element-2b035ab elementor-widget elementor-widget-heading\" data-id=\"2b035ab\" data-element_type=\"widget\" data-e-type=\"widget\" data-widget_type=\"heading.default\">\n\t\t\t\t\t<div class=\"elementor-heading-title elementor-size-default\">Warranty Teixits Vicens<\/div>\t\t\t\t<\/div>\n\t\t\t\t<div class=\"elementor-element elementor-element-252093c elementor-widget elementor-widget-text-editor\" data-id=\"252093c\" data-element_type=\"widget\" data-e-type=\"widget\" data-widget_type=\"text-editor.default\">\n\t\t\t\t\t\t\t\t\t<p>Esta web es propiedad de GALERIAS VICENS S.A.U. (\u201cTeixits Vicens\u201d), con CIF A-07210263, inscrita en el Registro mercantil de Palma de Mallorca, folio 93, tomo 620, libro 536, secci\u00f3n 3\u00aa, hoja 13744, inscripci\u00f3n primera con direcci\u00f3n en Rotonda Can Berenguer, Pollen\u00e7a, Mallorca (07460 Illes Balears), tel\u00e9fono (+34) 971 530 450, fax (+34) 971 53 44 42 y direcci\u00f3n de correo electr\u00f3nico <a href=\"mailto:teixitsvicens@teixitsvicens.com\">teixitsvicens@teixitsvicens.com<\/a> .<\/p>\t\t\t\t\t\t\t\t<\/div>\n\t\t\t\t\t<\/div>\n\t\t\t\t<\/div>\n\t\t\t\t\t<\/div>\n\t\t\t\t<\/div>\n\t\t\t\t<\/div>\n\t\t","protected":false},"excerpt":{"rendered":"<p>Products Teixits Vicens Warranty Teixits Vicens Esta web es propiedad de GALERIAS VICENS S.A.U. (\u201cTeixits Vicens\u201d), con CIF A-07210263, inscrita&#8230;<\/p>\n","protected":false},"author":13,"featured_media":0,"parent":0,"menu_order":0,"comment_status":"closed","ping_status":"closed","template":"elementor_header_footer","meta":{"footnotes":""},"class_list":["post-26733","page","type-page","status-publish","hentry"],"yoast_head":"<!-- This site is optimized with the Yoast SEO plugin v27.0 - https:\/\/yoast.com\/product\/yoast-seo-wordpress\/ -->\n<title>Warranty | Teixits Vicens<\/title>\n<meta name=\"robots\" content=\"noindex, nofollow\" \/>\n<meta property=\"og:locale\" content=\"en_US\" \/>\n<meta property=\"og:type\" content=\"article\" \/>\n<meta property=\"og:title\" content=\"Warranty | Teixits Vicens\" \/>\n<meta property=\"og:description\" content=\"Products Teixits Vicens Warranty Teixits Vicens Esta web es propiedad de GALERIAS VICENS S.A.U. (\u201cTeixits Vicens\u201d), con CIF A-07210263, inscrita...\" \/>\n<meta property=\"og:url\" content=\"https:\/\/teixitsvicens.com\/en\/warranty\/\" \/>\n<meta property=\"og:site_name\" content=\"Teixits Vicens\" \/>\n<meta property=\"article:publisher\" content=\"https:\/\/www.facebook.com\/TeixitsVicens\/\" \/>\n<meta property=\"article:modified_time\" content=\"2025-10-15T18:38:12+00:00\" \/>\n<meta property=\"og:image\" content=\"https:\/\/teixitsvicens.com\/wp-content\/uploads\/2017\/09\/logo-teixits-vicens-2.png\" \/>\n\t<meta property=\"og:image:width\" content=\"800\" \/>\n\t<meta property=\"og:image:height\" content=\"800\" \/>\n\t<meta property=\"og:image:type\" content=\"image\/png\" \/>\n<meta name=\"twitter:card\" content=\"summary_large_image\" \/>\n<meta name=\"twitter:label1\" content=\"Est. reading time\" \/>\n\t<meta name=\"twitter:data1\" content=\"1 minute\" \/>\n<!-- \/ Yoast SEO plugin. -->","yoast_head_json":{"title":"Warranty | Teixits Vicens","robots":{"index":"noindex","follow":"nofollow"},"og_locale":"en_US","og_type":"article","og_title":"Warranty | Teixits Vicens","og_description":"Products Teixits Vicens Warranty Teixits Vicens Esta web es propiedad de GALERIAS VICENS S.A.U. (\u201cTeixits Vicens\u201d), con CIF A-07210263, inscrita...","og_url":"https:\/\/teixitsvicens.com\/en\/warranty\/","og_site_name":"Teixits Vicens","article_publisher":"https:\/\/www.facebook.com\/TeixitsVicens\/","article_modified_time":"2025-10-15T18:38:12+00:00","og_image":[{"width":800,"height":800,"url":"https:\/\/teixitsvicens.com\/wp-content\/uploads\/2017\/09\/logo-teixits-vicens-2.png","type":"image\/png"}],"twitter_card":"summary_large_image","twitter_misc":{"Est. reading time":"1 minute"},"schema":{"@context":"https:\/\/schema.org","@graph":[{"@type":"WebPage","@id":"https:\/\/teixitsvicens.com\/en\/warranty\/","url":"https:\/\/teixitsvicens.com\/en\/warranty\/","name":"Warranty | Teixits Vicens","isPartOf":{"@id":"https:\/\/teixitsvicens.com\/en\/#website"},"datePublished":"2024-02-15T12:10:48+00:00","dateModified":"2025-10-15T18:38:12+00:00","breadcrumb":{"@id":"https:\/\/teixitsvicens.com\/en\/warranty\/#breadcrumb"},"inLanguage":"en","potentialAction":[{"@type":"ReadAction","target":["https:\/\/teixitsvicens.com\/en\/warranty\/"]}]},{"@type":"BreadcrumbList","@id":"https:\/\/teixitsvicens.com\/en\/warranty\/#breadcrumb","itemListElement":[{"@type":"ListItem","position":1,"name":"Inici","item":"https:\/\/teixitsvicens.com\/en\/"},{"@type":"ListItem","position":2,"name":"Warranty"}]},{"@type":"WebSite","@id":"https:\/\/teixitsvicens.com\/en\/#website","url":"https:\/\/teixitsvicens.com\/en\/","name":"Teixits Vicens","description":"Taller textil artesano","publisher":{"@id":"https:\/\/teixitsvicens.com\/en\/#organization"},"alternateName":"Teixits Vicens","potentialAction":[{"@type":"SearchAction","target":{"@type":"EntryPoint","urlTemplate":"https:\/\/teixitsvicens.com\/en\/?s={search_term_string}"},"query-input":{"@type":"PropertyValueSpecification","valueRequired":true,"valueName":"search_term_string"}}],"inLanguage":"en"},{"@type":"Organization","@id":"https:\/\/teixitsvicens.com\/en\/#organization","name":"Teixits Vicens","url":"https:\/\/teixitsvicens.com\/en\/","logo":{"@type":"ImageObject","inLanguage":"en","@id":"https:\/\/teixitsvicens.com\/en\/#\/schema\/logo\/image\/","url":"https:\/\/teixitsvicens.com\/wp-content\/uploads\/2025\/10\/logo-teixits-vicents.png","contentUrl":"https:\/\/teixitsvicens.com\/wp-content\/uploads\/2025\/10\/logo-teixits-vicents.png","width":629,"height":131,"caption":"Teixits Vicens"},"image":{"@id":"https:\/\/teixitsvicens.com\/en\/#\/schema\/logo\/image\/"},"sameAs":["https:\/\/www.facebook.com\/TeixitsVicens\/","https:\/\/www.instagram.com\/teixitsvicens\/"]}]}},"_links":{"self":[{"href":"https:\/\/teixitsvicens.com\/en\/wp-json\/wp\/v2\/pages\/26733","targetHints":{"allow":["GET"]}}],"collection":[{"href":"https:\/\/teixitsvicens.com\/en\/wp-json\/wp\/v2\/pages"}],"about":[{"href":"https:\/\/teixitsvicens.com\/en\/wp-json\/wp\/v2\/types\/page"}],"author":[{"embeddable":true,"href":"https:\/\/teixitsvicens.com\/en\/wp-json\/wp\/v2\/users\/13"}],"replies":[{"embeddable":true,"href":"https:\/\/teixitsvicens.com\/en\/wp-json\/wp\/v2\/comments?post=26733"}],"version-history":[{"count":0,"href":"https:\/\/teixitsvicens.com\/en\/wp-json\/wp\/v2\/pages\/26733\/revisions"}],"wp:attachment":[{"href":"https:\/\/teixitsvicens.com\/en\/wp-json\/wp\/v2\/media?parent=26733"}],"curies":[{"name":"wp","href":"https:\/\/api.w.org\/{rel}","templated":true}]}}