{"id":25141,"date":"2023-10-06T14:12:39","date_gmt":"2023-10-06T12:12:39","guid":{"rendered":"http:\/\/localhost\/TeixitsVicensS2\/politica-de-cookies\/"},"modified":"2025-11-14T07:11:21","modified_gmt":"2025-11-14T06:11:21","slug":"politica-de-cookies","status":"publish","type":"page","link":"https:\/\/teixitsvicens.com\/en\/politica-de-cookies\/","title":{"rendered":"Cookies Policy"},"content":{"rendered":"\t\t<div data-elementor-type=\"wp-page\" data-elementor-id=\"25141\" class=\"elementor elementor-25141 elementor-25138\" data-elementor-post-type=\"page\">\n\t\t\t\t<div class=\"elementor-element elementor-element-451c6d6a e-con-full e-flex e-con e-parent\" data-id=\"451c6d6a\" data-element_type=\"container\" data-e-type=\"container\">\n\t\t<div class=\"elementor-element elementor-element-b7211b7 e-con-full e-flex e-con e-child\" data-id=\"b7211b7\" data-element_type=\"container\" data-e-type=\"container\">\n\t\t<div class=\"elementor-element elementor-element-26b49ed8 e-con-full e-flex e-con e-child\" data-id=\"26b49ed8\" data-element_type=\"container\" data-e-type=\"container\">\n\t\t\t\t<div class=\"elementor-element elementor-element-7af50472 elementor-widget__width-auto elementor-widget elementor-widget-woocommerce-breadcrumb\" data-id=\"7af50472\" data-element_type=\"widget\" data-e-type=\"widget\" data-widget_type=\"woocommerce-breadcrumb.default\">\n\t\t\t\t\t<nav class=\"woocommerce-breadcrumb\" aria-label=\"Breadcrumb\"><span class=\"listaproducto\"><img decoding=\"async\" src=\"https:\/\/teixitsvicens.com\/\/wp-content\/themes\/teixitsvicens\/assets\/images\/imagotipo_teixits_vicens.svg\" width=\"85px;\" style=\"vertical-align: middle;padding-left:20px;padding-right:20px;\" alt=\"undefined - Teixits Vicens\"><\/span>Home<\/nav>\t\t\t\t<\/div>\n\t\t\t\t<\/div>\n\t\t\t\t<\/div>\n\t\t\t\t<\/div>\n\t\t<div class=\"elementor-element elementor-element-f440fee e-flex e-con-boxed e-con e-parent\" data-id=\"f440fee\" data-element_type=\"container\" data-e-type=\"container\" data-settings=\"{&quot;background_background&quot;:&quot;classic&quot;}\">\n\t\t\t\t\t<div class=\"e-con-inner\">\n\t\t<div class=\"elementor-element elementor-element-f2b4428 e-flex e-con-boxed e-con e-child\" data-id=\"f2b4428\" data-element_type=\"container\" data-e-type=\"container\">\n\t\t\t\t\t<div class=\"e-con-inner\">\n\t\t\t\t<div class=\"elementor-element elementor-element-d8b186a elementor-widget elementor-widget-heading\" data-id=\"d8b186a\" data-element_type=\"widget\" data-e-type=\"widget\" data-widget_type=\"heading.default\">\n\t\t\t\t\t<div class=\"elementor-heading-title elementor-size-default\">Pol\u00edtica de cookies<\/div>\t\t\t\t<\/div>\n\t\t\t\t<div class=\"elementor-element elementor-element-6faceaf elementor-widget elementor-widget-text-editor\" data-id=\"6faceaf\" data-element_type=\"widget\" data-e-type=\"widget\" data-widget_type=\"text-editor.default\">\n\t\t\t\t\t\t\t\t\t<p>En Teixits Vicens, utilizamos\u00a0<em>cookies<\/em>\u00a0por diversos motivos: garantizar el funcionamiento del sitio web y mejorar su calidad y contenidos a trav\u00e9s del an\u00e1lisis de los h\u00e1bitos de navegaci\u00f3n de los usuarios, mejorar nuestra eficiencia publicitaria y ofrecerte productos conforme a tus intereses, proporcion\u00e1ndote as\u00ed una excelente experiencia de navegaci\u00f3n.<\/p><p>Te invitamos a leer atentamente nuestra Pol\u00edtica de Cookies para que entiendas qu\u00e9 son las\u00a0<em>cookies<\/em>, para qu\u00e9 sirven, qu\u00e9 tipo de\u00a0<em>cookies<\/em>\u00a0utilizamos, con qu\u00e9 finalidad lo hacemos y c\u00f3mo puedes configurarlas o desactivarlas, si as\u00ed lo deseas.<\/p>\t\t\t\t\t\t\t\t<\/div>\n\t\t\t\t<div class=\"elementor-element elementor-element-222ee2f elementor-widget__width-inherit elementor-widget elementor-widget-heading\" data-id=\"222ee2f\" data-element_type=\"widget\" data-e-type=\"widget\" data-widget_type=\"heading.default\">\n\t\t\t\t\t<div class=\"elementor-heading-title elementor-size-default\">\u00bfQu\u00e9 son las cookies y para qu\u00e9 sirven?<\/div>\t\t\t\t<\/div>\n\t\t\t\t<div class=\"elementor-element elementor-element-a571e9d elementor-widget elementor-widget-text-editor\" data-id=\"a571e9d\" data-element_type=\"widget\" data-e-type=\"widget\" data-widget_type=\"text-editor.default\">\n\t\t\t\t\t\t\t\t\t<p>Son ficheros que se instalan en tu dispositivo cuando visitas un sitio web. Se utilizan para garantizar la calidad, usabilidad y correcto funcionamiento de los sitios web, adem\u00e1s de para almacenar y recuperar informaci\u00f3n sobre los h\u00e1bitos de navegaci\u00f3n en los mismos y, personalizar sus contenidos, pudiendo utilizarse en ocasiones, para reconocer al usuario de un sitio web.<\/p>\t\t\t\t\t\t\t\t<\/div>\n\t\t\t\t<div class=\"elementor-element elementor-element-69eb71d elementor-widget__width-inherit elementor-widget elementor-widget-heading\" data-id=\"69eb71d\" data-element_type=\"widget\" data-e-type=\"widget\" data-widget_type=\"heading.default\">\n\t\t\t\t\t<div class=\"elementor-heading-title elementor-size-default\">\u00bfQu\u00e9 tipo de cookies existen?<\/div>\t\t\t\t<\/div>\n\t\t\t\t<div class=\"elementor-element elementor-element-b9df38e elementor-widget elementor-widget-text-editor\" data-id=\"b9df38e\" data-element_type=\"widget\" data-e-type=\"widget\" data-widget_type=\"text-editor.default\">\n\t\t\t\t\t\t\t\t\t<p>Las\u00a0<em>cookies<\/em>\u00a0pueden clasificarse en diversos tipos, seg\u00fan diferentes criterios:<\/p><p>\u2013 Seg\u00fan la entidad que las gestiona<\/p><ul><li><strong>Propias:\u00a0<\/strong>son aquellas que se env\u00edan a tu equipo o dispositivo desde el sitio web gestionado por el propio editor y desde el que se le presta el servicio solicitado por el usuario.<\/li><li><strong>De terceros:<\/strong>\u00a0son aquellas que se env\u00edan a tu equipo desde un equipo o dominio que no es gestionado por el propio editor, sino por otra entidad, que trata la informaci\u00f3n obtenida a trav\u00e9s de las\u00a0<em>cookies<\/em>.<\/li><\/ul><p>\u2013 Seg\u00fan el per\u00edodo de tiempo que permanecen activadas en tu dispositivo<\/p><ul><li><strong>De sesi\u00f3n:<\/strong>\u00a0son aquellas dise\u00f1adas para recabar y almacenar informaci\u00f3n \u00fanicamente durante la duraci\u00f3n de tu visita al sitio web, y desaparecen al terminar la sesi\u00f3n.<\/li><li><strong>Persistentes:<\/strong>\u00a0estas\u00a0<em>cookies<\/em>\u00a0almacenan tu informaci\u00f3n por un per\u00edodo de tiempo m\u00e1s largo, que puede ser accedida y tratada por el responsable de cada\u00a0<em>cookie<\/em>\u00a0durante dicho per\u00edodo. Este per\u00edodo var\u00eda seg\u00fan cada\u00a0<em>cookie<\/em>, y puede ir de unos minutos a varios a\u00f1os.<\/li><\/ul><p>\u2013 Seg\u00fan su finalidad<\/p><ul><li><strong>Cookies de preferencia o de personalizaci\u00f3n:\u00a0<\/strong>son aquellas que permiten recordar informaci\u00f3n, para que puedas acceder al sitio web, con caracter\u00edsticas que pueden diferenciar tu experiencia de las de otros usuarios, como, por ejemplo, el aspecto o contenido del sitio web, que podr\u00e1 variar en funci\u00f3n del tipo de navegador que utilizas.<\/li><li><strong>Cookies de an\u00e1lisis o medici\u00f3n:\u00a0<\/strong>son\u00a0<em>cookies<\/em>\u00a0que permiten cuantificar el n\u00famero de usuarios y el tiempo de conexi\u00f3n de los mismos, con el objetivo de realizar la medici\u00f3n y, an\u00e1lisis estad\u00edstico de la utilizaci\u00f3n que hacen de los servicios ofertados.<\/li><li><strong>Cookies publicitarias:\u00a0<\/strong>son aquellas que permiten la gesti\u00f3n, de la forma m\u00e1s eficaz posible, de los espacios publicitarios que, en su caso, se hayan incluido en el Sitio web.<\/li><li><strong>Cookies de publicidad comportamental:<\/strong>\u00a0son aquellas que permiten, la gesti\u00f3n eficaz de los espacios publicitarios que se hayan podido incluir en el sitio web, a trav\u00e9s del almacenamiento de informaci\u00f3n de tu comportamiento, obtenida gracias a la observaci\u00f3n continuada de tus h\u00e1bitos de navegaci\u00f3n, lo que permite desarrollar un perfil espec\u00edfico para mostrar publicidad en funci\u00f3n del mismo.<\/li><\/ul>\t\t\t\t\t\t\t\t<\/div>\n\t\t\t\t<div class=\"elementor-element elementor-element-49def93 elementor-widget__width-inherit elementor-widget elementor-widget-heading\" data-id=\"49def93\" data-element_type=\"widget\" data-e-type=\"widget\" data-widget_type=\"heading.default\">\n\t\t\t\t\t<div class=\"elementor-heading-title elementor-size-default\">\u00bfQu\u00e9 cookies utilizamos en Teixits Vicens?<\/div>\t\t\t\t<\/div>\n\t\t\t\t<div class=\"elementor-element elementor-element-b8c2ca9 elementor-widget elementor-widget-text-editor\" data-id=\"b8c2ca9\" data-element_type=\"widget\" data-e-type=\"widget\" data-widget_type=\"text-editor.default\">\n\t\t\t\t\t\t\t\t\t<p>A continuaci\u00f3n, te explicamos qu\u00e9\u00a0<em>cookies<\/em>\u00a0utilizamos en nuestro sitio web y, con qu\u00e9 finalidad lo hacemos. Tambi\u00e9n detallamos las caracter\u00edsticas de cada una de ellas.<\/p><p><span style=\"text-decoration: underline;\">Cookies propias<\/span><\/p><table><tbody><tr><td><strong>Cookie<\/strong><\/td><td><strong>Tipo y Proveedor<\/strong><\/td><td><strong>Finalidad<\/strong><\/td><td><strong>Duraci\u00f3n<\/strong><\/td><\/tr><tr><td>tv_cookie_warn<\/td><td>Preferencia, Teixits Vicens<\/td><td>Recordar preferencias<\/td><td>1 mes<\/td><\/tr><\/tbody><\/table><p><span style=\"text-decoration: underline;\">Cookies de terceros<\/span><\/p><table><tbody><tr><td><strong>Cookie<\/strong><\/td><td><strong>Tipo y Proveedor<\/strong><\/td><td><strong>Finalidad<\/strong><\/td><td><strong>Duraci\u00f3n<\/strong><\/td><\/tr><tr><td>_ga<\/td><td>Anal\u00edtica, Google Analytics<\/td><td>Habilitar la funci\u00f3n de control de visitas \u00fanicas y realizar an\u00e1lisis estad\u00edsticos de las visitas.<\/td><td>2 a\u00f1os<\/td><\/tr><tr><td>_gid<\/td><td>Anal\u00edtica, Google Analytics<\/td><td>Seguimiento de la actividad del usuario en la web. Se utiliza para identificar al mismo usuario durante un \u00fanico d\u00eda<\/td><td>1 d\u00eda<\/td><\/tr><tr><td>_fbp<\/td><td>Publicitaria, Facebook<\/td><td>Recogida de informaci\u00f3n sobre las visitas con motivos publicitarios.<\/td><td>1 a\u00f1o<\/td><\/tr><tr><td>fr<\/td><td>Anal\u00edtica, Facebook<\/td><td>Integraci\u00f3n de la p\u00e1gina web con Facebook.<\/td><td>3 meses<\/td><\/tr><tr><td>woocommerce_cart_hash<\/td><td>Preferencia,Woocomerce<\/td><td>Almacenar informaci\u00f3n sobre el carrito de la compra y sus art\u00edculos.<\/td><td>Al finalizar la sesi\u00f3n<\/td><\/tr><tr><td>woocommerce_items_in_cart<\/td><td>Preferencia, Woocomerce<\/td><td>Almacenar informaci\u00f3n sobre el carrito de la compra y sus art\u00edculos.<\/td><td>Al finalizar la sesi\u00f3n<\/td><\/tr><tr><td>wp_woocommerce_session_<\/td><td>Preferencia, Woocomerce<\/td><td>Guardar un c\u00f3digo \u00fanico de cada cliente para obtener la informaci\u00f3n de su carrito de la compra.<\/td><td>2 d\u00edas<\/td><\/tr><tr><td>wordpress_test_cookie<\/td><td>Preferencia, WordPress<\/td><td>Comprobar preferencias sobre cookies<\/td><td>Al finalizar la sesi\u00f3n<\/td><\/tr><\/tbody><\/table>\t\t\t\t\t\t\t\t<\/div>\n\t\t\t\t<div class=\"elementor-element elementor-element-24faf9a elementor-widget__width-inherit elementor-widget elementor-widget-heading\" data-id=\"24faf9a\" data-element_type=\"widget\" data-e-type=\"widget\" data-widget_type=\"heading.default\">\n\t\t\t\t\t<div class=\"elementor-heading-title elementor-size-default\">\u00bfC\u00f3mo puedes configurar las cookies?<\/div>\t\t\t\t<\/div>\n\t\t\t\t<div class=\"elementor-element elementor-element-81a8683 elementor-widget elementor-widget-text-editor\" data-id=\"81a8683\" data-element_type=\"widget\" data-e-type=\"widget\" data-widget_type=\"text-editor.default\">\n\t\t\t\t\t\t\t\t\t<p><span style=\"text-decoration: underline;\"><strong>Panel de configuraci\u00f3n de\u00a0<em>cookies<\/em><\/strong><\/span><\/p><p>Nuestro\u00a0<a href=\"https:\/\/teixitsvicens.com\/es\/politica-de-cookies\/#gdpr_cookie_modal\">panel de configuraci\u00f3n<\/a>\u00a0de\u00a0<em>cookies<\/em>\u00a0te permite gestionar la instalaci\u00f3n de\u00a0<em>cookies<\/em>, as\u00ed como rechazar su utilizaci\u00f3n o retirar cualquier consentimiento ya otorgado, en cualquier momento y tantas veces como desees.<\/p><p>Tienes que tener en cuenta que, si aceptas las\u00a0<em>cookies<\/em>\u00a0de terceros y posteriormente deseas eliminarlas, deber\u00e1s hacerlo por medio de las opciones de gesti\u00f3n de\u00a0<em>cookies<\/em>\u00a0de tu navegador, tal y como explicamos en el siguiente punto.<\/p><p><span style=\"text-decoration: underline;\">Configuraci\u00f3n navegadores<\/span><\/p><p>Puedes permitir, bloquear o eliminar las cookies instaladas en tu equipo en cualquier momento mediante las opciones de personalizaci\u00f3n que ofrece el navegador que utilizas. Ten en cuenta que, si deshabilitas la totalidad de las cookies, algunas funcionalidades o contenidos del sitio web de Teixits Vicens pueden verse afectados y, por tanto, la calidad de tu experiencia web podr\u00eda disminuir.<\/p><p>A continuaci\u00f3n, te explicamos c\u00f3mo realizar estas acciones:<\/p><ul><li>Si utilizas\u00a0<strong>Microsoft Internet Explorer:<\/strong>\u00a0pulsa en el bot\u00f3n Herramientas de Internet Explorer y, despu\u00e9s, en Opciones de Internet &gt; Privacidad &gt; Configuraci\u00f3n &gt; Aceptar. M\u00e1s informaci\u00f3n\u00a0<a href=\"https:\/\/support.microsoft.com\/es-es\/help\/17442\/windows-internet-explorer-delete-manage-cookies\">aqu\u00ed<\/a>.<\/li><li>Si utilizas\u00a0<strong>Firefox:<\/strong>\u00a0pulsa en el bot\u00f3n Firefox y selecciona Opciones &gt; Privacidad &gt; Usar una configuraci\u00f3n personalizada para el historial &gt; Marca la opci\u00f3n Aceptar\u00a0<em>cookies<\/em>\u00a0para activarlas, y desm\u00e1rcala para desactivarlas &gt; Elige durante cu\u00e1nto tiempo las\u00a0<em>cookies<\/em>\u00a0ser\u00e1n almacenadas &gt; Aceptar. M\u00e1s informaci\u00f3n\u00a0<a href=\"https:\/\/support.mozilla.org\/es\/kb\/Borrar%20cookies\">aqu\u00ed<\/a>.<\/li><li>Si utilizas\u00a0<strong>Chrome:<\/strong>\u00a0pulsa en el men\u00fa de Chrome en la barra de herramientas del navegador &gt; Configuraci\u00f3n &gt; Mostrar opciones avanzadas &gt; En la secci\u00f3n \u201cPrivacidad\u201d, pulsa en Configuraci\u00f3n de contenido &gt; En la secci\u00f3n \u201cCookies\u201d, puedes configurar las\u00a0<em>cookies<\/em>. M\u00e1s informaci\u00f3n\u00a0<a href=\"https:\/\/support.google.com\/chrome\/answer\/95647?co=GENIE.Platform%3DDesktop&amp;hl=es\">aqu\u00ed<\/a>.<\/li><li>Si utilizas\u00a0<strong>Safari:<\/strong>\u00a0ve a Preferencias y, en el panel Privacidad, elige Bloquear Cookies, y selecciona la opci\u00f3n que prefieras de las que el navegador te ofrece. M\u00e1s informaci\u00f3n\u00a0<a href=\"https:\/\/support.apple.com\/es-es\/guide\/safari\/sfri11471\/mac\">aqu\u00ed<\/a>.<\/li><li>Si utilizas\u00a0<strong>Opera:<\/strong>\u00a0pulsa en Configuraci\u00f3n &gt; Opciones &gt; Avanzado &gt; Cookies. M\u00e1s informaci\u00f3n\u00a0<a href=\"https:\/\/help.opera.com\/en\/latest\/web-preferences\/#cookies\">aqu\u00ed<\/a>.<\/li><li>Si utilizas\u00a0<strong>iPhone o un iPad:<\/strong>\u00a0en la pantalla de inicio, selecciona Ajustes &gt; Safari y, a continuaci\u00f3n, elige la opci\u00f3n de configuraci\u00f3n que prefieras. M\u00e1s informaci\u00f3n\u00a0<a href=\"https:\/\/support.apple.com\/es-es\/HT201265\">aqu\u00ed<\/a>.<\/li><li>Si utilizas\u00a0<strong>Android:<\/strong>\u00a0pulsa en Men\u00fa &gt; Ajustes &gt; Seguridad y Privacidad &gt; activa o desactiva la casilla \u201cAceptar\u00a0<em>cookies<\/em>\u201d &gt; Reinicia el navegador para que lo cambios sean efectivos.<\/li><li>Si utilizas\u00a0<strong>Windows Phone:<\/strong>\u00a0en Internet Explorer, pulsa en M\u00e1s &gt; Configuraci\u00f3n. Tambi\u00e9n puedes obtener acceso a la configuraci\u00f3n de Internet Explorer a trav\u00e9s de Configuraci\u00f3n, en la lista de aplicaciones. Selecciona o desactiva la opci\u00f3n Permitir\u00a0<em>cookies<\/em>.<\/li><\/ul>\t\t\t\t\t\t\t\t<\/div>\n\t\t\t\t<div class=\"elementor-element elementor-element-4838efd elementor-widget__width-inherit elementor-widget elementor-widget-heading\" data-id=\"4838efd\" data-element_type=\"widget\" data-e-type=\"widget\" data-widget_type=\"heading.default\">\n\t\t\t\t\t<div class=\"elementor-heading-title elementor-size-default\">Informaci\u00f3n adicional<\/div>\t\t\t\t<\/div>\n\t\t\t\t<div class=\"elementor-element elementor-element-332e49f elementor-widget elementor-widget-text-editor\" data-id=\"332e49f\" data-element_type=\"widget\" data-e-type=\"widget\" data-widget_type=\"text-editor.default\">\n\t\t\t\t\t\t\t\t\t<p>Es posible que actualicemos nuestra Pol\u00edtica de Cookies, por ello, cada vez que accedas a nuestro sitio web, te recomendamos revisarla con el objetivo de quedar adecuadamente informado sobre c\u00f3mo y para qu\u00e9 podemos utilizar las\u00a0<em>cookies<\/em>.<\/p>\t\t\t\t\t\t\t\t<\/div>\n\t\t\t\t\t<\/div>\n\t\t\t\t<\/div>\n\t\t\t\t\t<\/div>\n\t\t\t\t<\/div>\n\t\t\t\t<\/div>\n\t\t","protected":false},"excerpt":{"rendered":"<p>Pol\u00edtica de cookies En Teixits Vicens, utilizamos\u00a0cookies\u00a0por diversos motivos: garantizar el funcionamiento del sitio web y mejorar su calidad y&#8230;<\/p>\n","protected":false},"author":13,"featured_media":0,"parent":0,"menu_order":0,"comment_status":"closed","ping_status":"closed","template":"elementor_header_footer","meta":{"footnotes":""},"class_list":["post-25141","page","type-page","status-publish","hentry"],"yoast_head":"<!-- This site is optimized with the Yoast SEO plugin v27.0 - https:\/\/yoast.com\/product\/yoast-seo-wordpress\/ -->\n<title>Cookies Policy | Teixits Vicens<\/title>\n<meta name=\"robots\" content=\"noindex, nofollow\" \/>\n<meta property=\"og:locale\" content=\"en_US\" \/>\n<meta property=\"og:type\" content=\"article\" \/>\n<meta property=\"og:title\" content=\"Cookies Policy | Teixits Vicens\" \/>\n<meta property=\"og:description\" content=\"Pol\u00edtica de cookies En Teixits Vicens, utilizamos\u00a0cookies\u00a0por diversos motivos: garantizar el funcionamiento del sitio web y mejorar su calidad y...\" \/>\n<meta property=\"og:url\" content=\"https:\/\/teixitsvicens.com\/en\/politica-de-cookies\/\" \/>\n<meta property=\"og:site_name\" content=\"Teixits Vicens\" \/>\n<meta property=\"article:publisher\" content=\"https:\/\/www.facebook.com\/TeixitsVicens\/\" \/>\n<meta property=\"article:modified_time\" content=\"2025-11-14T06:11:21+00:00\" \/>\n<meta property=\"og:image\" content=\"https:\/\/teixitsvicens.com\/wp-content\/uploads\/2017\/09\/logo-teixits-vicens-2.png\" \/>\n\t<meta property=\"og:image:width\" content=\"800\" \/>\n\t<meta property=\"og:image:height\" content=\"800\" \/>\n\t<meta property=\"og:image:type\" content=\"image\/png\" \/>\n<meta name=\"twitter:card\" content=\"summary_large_image\" \/>\n<meta name=\"twitter:label1\" content=\"Est. reading time\" \/>\n\t<meta name=\"twitter:data1\" content=\"6 minutes\" \/>\n<!-- \/ Yoast SEO plugin. -->","yoast_head_json":{"title":"Cookies Policy | Teixits Vicens","robots":{"index":"noindex","follow":"nofollow"},"og_locale":"en_US","og_type":"article","og_title":"Cookies Policy | Teixits Vicens","og_description":"Pol\u00edtica de cookies En Teixits Vicens, utilizamos\u00a0cookies\u00a0por diversos motivos: garantizar el funcionamiento del sitio web y mejorar su calidad y...","og_url":"https:\/\/teixitsvicens.com\/en\/politica-de-cookies\/","og_site_name":"Teixits Vicens","article_publisher":"https:\/\/www.facebook.com\/TeixitsVicens\/","article_modified_time":"2025-11-14T06:11:21+00:00","og_image":[{"width":800,"height":800,"url":"https:\/\/teixitsvicens.com\/wp-content\/uploads\/2017\/09\/logo-teixits-vicens-2.png","type":"image\/png"}],"twitter_card":"summary_large_image","twitter_misc":{"Est. reading time":"6 minutes"},"schema":{"@context":"https:\/\/schema.org","@graph":[{"@type":"WebPage","@id":"https:\/\/teixitsvicens.com\/en\/politica-de-cookies\/","url":"https:\/\/teixitsvicens.com\/en\/politica-de-cookies\/","name":"Cookies Policy | Teixits Vicens","isPartOf":{"@id":"https:\/\/teixitsvicens.com\/en\/#website"},"datePublished":"2023-10-06T12:12:39+00:00","dateModified":"2025-11-14T06:11:21+00:00","breadcrumb":{"@id":"https:\/\/teixitsvicens.com\/en\/politica-de-cookies\/#breadcrumb"},"inLanguage":"en","potentialAction":[{"@type":"ReadAction","target":["https:\/\/teixitsvicens.com\/en\/politica-de-cookies\/"]}]},{"@type":"BreadcrumbList","@id":"https:\/\/teixitsvicens.com\/en\/politica-de-cookies\/#breadcrumb","itemListElement":[{"@type":"ListItem","position":1,"name":"Inici","item":"https:\/\/teixitsvicens.com\/en\/"},{"@type":"ListItem","position":2,"name":"Cookies Policy"}]},{"@type":"WebSite","@id":"https:\/\/teixitsvicens.com\/en\/#website","url":"https:\/\/teixitsvicens.com\/en\/","name":"Teixits Vicens","description":"Taller textil artesano","publisher":{"@id":"https:\/\/teixitsvicens.com\/en\/#organization"},"alternateName":"Teixits Vicens","potentialAction":[{"@type":"SearchAction","target":{"@type":"EntryPoint","urlTemplate":"https:\/\/teixitsvicens.com\/en\/?s={search_term_string}"},"query-input":{"@type":"PropertyValueSpecification","valueRequired":true,"valueName":"search_term_string"}}],"inLanguage":"en"},{"@type":"Organization","@id":"https:\/\/teixitsvicens.com\/en\/#organization","name":"Teixits Vicens","url":"https:\/\/teixitsvicens.com\/en\/","logo":{"@type":"ImageObject","inLanguage":"en","@id":"https:\/\/teixitsvicens.com\/en\/#\/schema\/logo\/image\/","url":"https:\/\/teixitsvicens.com\/wp-content\/uploads\/2025\/10\/logo-teixits-vicents.png","contentUrl":"https:\/\/teixitsvicens.com\/wp-content\/uploads\/2025\/10\/logo-teixits-vicents.png","width":629,"height":131,"caption":"Teixits Vicens"},"image":{"@id":"https:\/\/teixitsvicens.com\/en\/#\/schema\/logo\/image\/"},"sameAs":["https:\/\/www.facebook.com\/TeixitsVicens\/","https:\/\/www.instagram.com\/teixitsvicens\/"]}]}},"_links":{"self":[{"href":"https:\/\/teixitsvicens.com\/en\/wp-json\/wp\/v2\/pages\/25141","targetHints":{"allow":["GET"]}}],"collection":[{"href":"https:\/\/teixitsvicens.com\/en\/wp-json\/wp\/v2\/pages"}],"about":[{"href":"https:\/\/teixitsvicens.com\/en\/wp-json\/wp\/v2\/types\/page"}],"author":[{"embeddable":true,"href":"https:\/\/teixitsvicens.com\/en\/wp-json\/wp\/v2\/users\/13"}],"replies":[{"embeddable":true,"href":"https:\/\/teixitsvicens.com\/en\/wp-json\/wp\/v2\/comments?post=25141"}],"version-history":[{"count":0,"href":"https:\/\/teixitsvicens.com\/en\/wp-json\/wp\/v2\/pages\/25141\/revisions"}],"wp:attachment":[{"href":"https:\/\/teixitsvicens.com\/en\/wp-json\/wp\/v2\/media?parent=25141"}],"curies":[{"name":"wp","href":"https:\/\/api.w.org\/{rel}","templated":true}]}}