{"id":38957,"date":"2026-03-27T12:30:15","date_gmt":"2026-03-27T11:30:15","guid":{"rendered":"https:\/\/teixitsvicens.com\/?post_type=product&#038;p=38957"},"modified":"2026-03-27T12:30:16","modified_gmt":"2026-03-27T11:30:16","slug":"ringkissen-aus-mallorquinischem-ikat-stoff-61-toasted","status":"publish","type":"product","link":"https:\/\/teixitsvicens.com\/de\/produkt\/andere-produkte-und-geschenke\/hochzeit\/ringkissen-aus-mallorquinischem-ikat-stoff-61-toasted\/","title":{"rendered":"Ringkissen aus mallorquinischem Ikat-Stoff \u2013 61 Toasted"},"content":{"rendered":"<pre id=\"tw-target-text\" class=\"tw-data-text tw-text-large tw-ta\" dir=\"ltr\" tabindex=\"-1\" role=\"text\" data-placeholder=\"Traducci\u00f3\" data-ved=\"2ahUKEwiq04_U97-TAxWGxQIHHTIOLWUQ3ewLegQIDBAV\" aria-label=\"Text tradu\u00eft: Ringkissen aus mallorquinischem Ikat-Stoff \u2013 61 Toasted\r\n\r\nMachen Sie Ihren Ringtausch mit unserem Ringkissen aus authentischen mallorquinischen Stoffen zu einem unvergesslichen Moment. Jedes Kissen vereint Tradition und Stil und verleiht Ihrer Feier eine einzigartige, farbenfrohe Note, inspiriert vom reichen textilen Erbe Mallorcas. Ideal f\u00fcr romantische Zeremonien, rustikale Hochzeiten oder Themenfeiern \u2013 dieses Kissen setzt Akzente und besticht durch handgefertigte Details, die Ihren G\u00e4sten in Erinnerung bleiben werden.\r\n\r\nHeiratringkissen im Patchwork-Stil\r\n\r\nMaterial: Original mallorquinischer Stoff, strapazierf\u00e4hig und elegant.\r\n\r\nPerfekte Gr\u00f6\u00dfe f\u00fcr sicheren Halt der Eheringe.\r\n\r\nDesign: Eine Mischung aus typischen mallorquinischen Farben und Mustern, die Ihrer Zeremonie eine pers\u00f6nliche Note verleiht.\r\n\r\nDetails: B\u00e4nder und Stickereien unterstreichen die handgefertigte Sch\u00f6nheit des Produkts.\r\n\r\nMit diesem Ringkissen spiegelt jedes Detail Ihrer Zeremonie guten Geschmack, Tradition und mediterrane Eleganz wider. Perfekt als Geschenk f\u00fcr Ihre Hochzeitsgesellschaft oder als authentische und stilvolle Erg\u00e4nzung Ihrer Hochzeitsdekoration.\"><span class=\"Y2IQFc\" lang=\"de\">Machen Sie Ihren Ringtausch mit unserem Ringkissen aus authentischen mallorquinischen Stoffen zu einem \r\nunvergesslichen Moment. Jedes Kissen vereint Tradition und Stil und verleiht Ihrer Feier eine einzigartige, \r\nfarbenfrohe Note, inspiriert vom reichen textilen Erbe Mallorcas. Ideal f\u00fcr romantische Zeremonien, rustikale \r\nHochzeiten oder Themenfeiern \u2013 dieses Kissen setzt Akzente und besticht durch handgefertigte Details, die Ihren \r\nG\u00e4sten in Erinnerung bleiben werden.\r\n\r\nHeiratringkissen im Patchwork-Stil\r\n\r\nMaterial: Original mallorquinischer Stoff, strapazierf\u00e4hig und elegant.\r\n\r\nPerfekte Gr\u00f6\u00dfe f\u00fcr sicheren Halt der Eheringe.\r\n\r\nDesign: Eine Mischung aus typischen mallorquinischen Farben und Mustern, die Ihrer Zeremonie eine pers\u00f6nliche \r\nNote verleiht.\r\n\r\nDetails: B\u00e4nder und Stickereien unterstreichen die handgefertigte Sch\u00f6nheit des Produkts.\r\n\r\nMit diesem Ringkissen spiegelt jedes Detail Ihrer Zeremonie guten Geschmack, Tradition und mediterrane \r\nEleganz wider. Perfekt als Geschenk f\u00fcr Ihre Hochzeitsgesellschaft oder als authentische und stilvolle \r\nErg\u00e4nzung Ihrer Hochzeitsdekoration.<\/span><\/pre>\n","protected":false},"excerpt":{"rendered":"<p><span data-olk-copy-source=\"MessageBody\">015X015\u00a0 <\/span>cm<\/p>\n","protected":false},"featured_media":38954,"comment_status":"closed","ping_status":"closed","template":"","meta":[],"product_brand":[],"product_cat":[1625],"product_tag":[],"class_list":{"0":"post-38957","1":"product","2":"type-product","3":"status-publish","4":"has-post-thumbnail","6":"product_cat-hochzeit","8":"first","9":"instock","10":"shipping-taxable","11":"purchasable","12":"product-type-simple"},"yoast_head":"<!-- This site is optimized with the Yoast SEO plugin v27.0 - https:\/\/yoast.com\/product\/yoast-seo-wordpress\/ -->\n<title>Ringkissen aus mallorquinischem Ikat-Stoff \u2013 61 Toasted | Teixits Vicens<\/title>\n<meta name=\"robots\" content=\"index, follow, max-snippet:-1, max-image-preview:large, max-video-preview:-1\" \/>\n<link rel=\"canonical\" href=\"https:\/\/teixitsvicens.com\/de\/produkt\/andere-produkte-und-geschenke\/hochzeit\/ringkissen-aus-mallorquinischem-ikat-stoff-61-toasted\/\" \/>\n<meta property=\"og:locale\" content=\"de_DE\" \/>\n<meta property=\"og:type\" content=\"article\" \/>\n<meta property=\"og:title\" content=\"Ringkissen aus mallorquinischem Ikat-Stoff \u2013 61 Toasted | Teixits Vicens\" \/>\n<meta property=\"og:description\" content=\"015X015\u00a0 cm\" \/>\n<meta property=\"og:url\" content=\"https:\/\/teixitsvicens.com\/de\/produkt\/andere-produkte-und-geschenke\/hochzeit\/ringkissen-aus-mallorquinischem-ikat-stoff-61-toasted\/\" \/>\n<meta property=\"og:site_name\" content=\"Teixits Vicens\" \/>\n<meta property=\"article:publisher\" content=\"https:\/\/www.facebook.com\/TeixitsVicens\/\" \/>\n<meta property=\"article:modified_time\" content=\"2026-03-27T11:30:16+00:00\" \/>\n<meta property=\"og:image\" content=\"https:\/\/teixitsvicens.com\/wp-content\/uploads\/2026\/03\/cojin-anillos-boda-mallorca.jpg\" \/>\n\t<meta property=\"og:image:width\" content=\"842\" \/>\n\t<meta property=\"og:image:height\" content=\"1264\" \/>\n\t<meta property=\"og:image:type\" content=\"image\/jpeg\" \/>\n<meta name=\"twitter:card\" content=\"summary_large_image\" \/>\n<!-- \/ Yoast SEO plugin. -->","yoast_head_json":{"title":"Ringkissen aus mallorquinischem Ikat-Stoff \u2013 61 Toasted | Teixits Vicens","robots":{"index":"index","follow":"follow","max-snippet":"max-snippet:-1","max-image-preview":"max-image-preview:large","max-video-preview":"max-video-preview:-1"},"canonical":"https:\/\/teixitsvicens.com\/de\/produkt\/andere-produkte-und-geschenke\/hochzeit\/ringkissen-aus-mallorquinischem-ikat-stoff-61-toasted\/","og_locale":"de_DE","og_type":"article","og_title":"Ringkissen aus mallorquinischem Ikat-Stoff \u2013 61 Toasted | Teixits Vicens","og_description":"015X015\u00a0 cm","og_url":"https:\/\/teixitsvicens.com\/de\/produkt\/andere-produkte-und-geschenke\/hochzeit\/ringkissen-aus-mallorquinischem-ikat-stoff-61-toasted\/","og_site_name":"Teixits Vicens","article_publisher":"https:\/\/www.facebook.com\/TeixitsVicens\/","article_modified_time":"2026-03-27T11:30:16+00:00","og_image":[{"width":842,"height":1264,"url":"https:\/\/teixitsvicens.com\/wp-content\/uploads\/2026\/03\/cojin-anillos-boda-mallorca.jpg","type":"image\/jpeg"}],"twitter_card":"summary_large_image","schema":{"@context":"https:\/\/schema.org","@graph":[{"@type":"WebPage","@id":"https:\/\/teixitsvicens.com\/de\/produkt\/andere-produkte-und-geschenke\/hochzeit\/ringkissen-aus-mallorquinischem-ikat-stoff-61-toasted\/","url":"https:\/\/teixitsvicens.com\/de\/produkt\/andere-produkte-und-geschenke\/hochzeit\/ringkissen-aus-mallorquinischem-ikat-stoff-61-toasted\/","name":"Ringkissen aus mallorquinischem Ikat-Stoff \u2013 61 Toasted | Teixits Vicens","isPartOf":{"@id":"https:\/\/teixitsvicens.com\/de\/#website"},"primaryImageOfPage":{"@id":"https:\/\/teixitsvicens.com\/de\/produkt\/andere-produkte-und-geschenke\/hochzeit\/ringkissen-aus-mallorquinischem-ikat-stoff-61-toasted\/#primaryimage"},"image":{"@id":"https:\/\/teixitsvicens.com\/de\/produkt\/andere-produkte-und-geschenke\/hochzeit\/ringkissen-aus-mallorquinischem-ikat-stoff-61-toasted\/#primaryimage"},"thumbnailUrl":"https:\/\/teixitsvicens.com\/wp-content\/uploads\/2026\/03\/cojin-anillos-boda-mallorca.jpg","datePublished":"2026-03-27T11:30:15+00:00","dateModified":"2026-03-27T11:30:16+00:00","breadcrumb":{"@id":"https:\/\/teixitsvicens.com\/de\/produkt\/andere-produkte-und-geschenke\/hochzeit\/ringkissen-aus-mallorquinischem-ikat-stoff-61-toasted\/#breadcrumb"},"inLanguage":"de","potentialAction":[{"@type":"ReadAction","target":["https:\/\/teixitsvicens.com\/de\/produkt\/andere-produkte-und-geschenke\/hochzeit\/ringkissen-aus-mallorquinischem-ikat-stoff-61-toasted\/"]}]},{"@type":"ImageObject","inLanguage":"de","@id":"https:\/\/teixitsvicens.com\/de\/produkt\/andere-produkte-und-geschenke\/hochzeit\/ringkissen-aus-mallorquinischem-ikat-stoff-61-toasted\/#primaryimage","url":"https:\/\/teixitsvicens.com\/wp-content\/uploads\/2026\/03\/cojin-anillos-boda-mallorca.jpg","contentUrl":"https:\/\/teixitsvicens.com\/wp-content\/uploads\/2026\/03\/cojin-anillos-boda-mallorca.jpg","width":842,"height":1264},{"@type":"BreadcrumbList","@id":"https:\/\/teixitsvicens.com\/de\/produkt\/andere-produkte-und-geschenke\/hochzeit\/ringkissen-aus-mallorquinischem-ikat-stoff-61-toasted\/#breadcrumb","itemListElement":[{"@type":"ListItem","position":1,"name":"Inici","item":"https:\/\/teixitsvicens.com\/de\/home\/"},{"@type":"ListItem","position":2,"name":"Online-Shop","item":"https:\/\/teixitsvicens.com\/de\/online-shop\/"},{"@type":"ListItem","position":3,"name":"Ringkissen aus mallorquinischem Ikat-Stoff \u2013 61 Toasted"}]},{"@type":"WebSite","@id":"https:\/\/teixitsvicens.com\/de\/#website","url":"https:\/\/teixitsvicens.com\/de\/","name":"Teixits Vicens","description":"Taller textil artesano","publisher":{"@id":"https:\/\/teixitsvicens.com\/de\/#organization"},"alternateName":"Teixits Vicens","potentialAction":[{"@type":"SearchAction","target":{"@type":"EntryPoint","urlTemplate":"https:\/\/teixitsvicens.com\/de\/?s={search_term_string}"},"query-input":{"@type":"PropertyValueSpecification","valueRequired":true,"valueName":"search_term_string"}}],"inLanguage":"de"},{"@type":"Organization","@id":"https:\/\/teixitsvicens.com\/de\/#organization","name":"Teixits Vicens","url":"https:\/\/teixitsvicens.com\/de\/","logo":{"@type":"ImageObject","inLanguage":"de","@id":"https:\/\/teixitsvicens.com\/de\/#\/schema\/logo\/image\/","url":"https:\/\/teixitsvicens.com\/wp-content\/uploads\/2025\/10\/logo-teixits-vicents.png","contentUrl":"https:\/\/teixitsvicens.com\/wp-content\/uploads\/2025\/10\/logo-teixits-vicents.png","width":629,"height":131,"caption":"Teixits Vicens"},"image":{"@id":"https:\/\/teixitsvicens.com\/de\/#\/schema\/logo\/image\/"},"sameAs":["https:\/\/www.facebook.com\/TeixitsVicens\/","https:\/\/www.instagram.com\/teixitsvicens\/"]}]}},"_links":{"self":[{"href":"https:\/\/teixitsvicens.com\/de\/wp-json\/wp\/v2\/product\/38957","targetHints":{"allow":["GET"]}}],"collection":[{"href":"https:\/\/teixitsvicens.com\/de\/wp-json\/wp\/v2\/product"}],"about":[{"href":"https:\/\/teixitsvicens.com\/de\/wp-json\/wp\/v2\/types\/product"}],"replies":[{"embeddable":true,"href":"https:\/\/teixitsvicens.com\/de\/wp-json\/wp\/v2\/comments?post=38957"}],"wp:featuredmedia":[{"embeddable":true,"href":"https:\/\/teixitsvicens.com\/de\/wp-json\/wp\/v2\/media\/38954"}],"wp:attachment":[{"href":"https:\/\/teixitsvicens.com\/de\/wp-json\/wp\/v2\/media?parent=38957"}],"wp:term":[{"taxonomy":"product_brand","embeddable":true,"href":"https:\/\/teixitsvicens.com\/de\/wp-json\/wp\/v2\/product_brand?post=38957"},{"taxonomy":"product_cat","embeddable":true,"href":"https:\/\/teixitsvicens.com\/de\/wp-json\/wp\/v2\/product_cat?post=38957"},{"taxonomy":"product_tag","embeddable":true,"href":"https:\/\/teixitsvicens.com\/de\/wp-json\/wp\/v2\/product_tag?post=38957"}],"curies":[{"name":"wp","href":"https:\/\/api.w.org\/{rel}","templated":true}]}}