{"id":38309,"date":"2025-12-04T19:28:29","date_gmt":"2025-12-04T18:28:29","guid":{"rendered":"https:\/\/teixitsvicens.com\/?post_type=product&#038;p=38309"},"modified":"2025-12-04T19:28:29","modified_gmt":"2025-12-04T18:28:29","slug":"besteckhalter-stoff-107-schwartz","status":"publish","type":"product","link":"https:\/\/teixitsvicens.com\/de\/produkt\/kueche\/besteckhalter\/besteckhalter-stoff-107-schwartz\/","title":{"rendered":"Besteckhalter Stoff 107 schwartz"},"content":{"rendered":"<pre id=\"tw-target-text\" class=\"tw-data-text tw-text-large tw-ta\" dir=\"ltr\" data-placeholder=\"Traducci\u00f3n\" data-ved=\"2ahUKEwiU1Pj8tbOJAxUcTKQEHX-PGVQQ3ewLegQICRAT\" aria-label=\"Texto traducido: Besteckhalter aus mallorquinischem Stoff.\r\nDekorieren Sie Ihren Tisch f\u00fcr besondere Anl\u00e4sse mit diesen Besteckbez\u00fcgen aus Leinen und Baumwolle, einem zu 100 % handgefertigten Accessoire.\r\n\r\nMa\u00dfe: 021x014 cm\r\n\r\nScharlach\"><span class=\"Y2IQFc\" lang=\"de\">Besteckhalter aus mallorquinischem Stoff.\r\nDekorieren Sie Ihren Tisch f\u00fcr besondere Anl\u00e4sse mit diesen Besteckbez\u00fcgen \r\naus Leinen und Baumwolle, einem zu 100 % handgefertigten Accessoire.\r\n\r\nMa\u00dfe: 021x014 cm<\/span><\/pre>\n","protected":false},"excerpt":{"rendered":"<p>Besteckhalter aus mallorquinischem Stoff. Dekorieren Sie Ihren Tisch f\u00fcr besondere Anl\u00e4sse mit diesen Besteckbez\u00fcgen aus Leinen und Baumwolle, einem zu&#8230;<\/p>\n","protected":false},"featured_media":38304,"comment_status":"closed","ping_status":"closed","template":"","meta":[],"product_brand":[],"product_cat":[950],"product_tag":[],"class_list":{"0":"post-38309","1":"product","2":"type-product","3":"status-publish","4":"has-post-thumbnail","6":"product_cat-besteckhalter","8":"first","9":"instock","10":"shipping-taxable","11":"purchasable","12":"product-type-simple"},"yoast_head":"<!-- This site is optimized with the Yoast SEO plugin v27.0 - https:\/\/yoast.com\/product\/yoast-seo-wordpress\/ -->\n<title>Besteckhalter Stoff 107 schwartz | Teixits Vicens<\/title>\n<meta name=\"robots\" content=\"index, follow, max-snippet:-1, max-image-preview:large, max-video-preview:-1\" \/>\n<link rel=\"canonical\" href=\"https:\/\/teixitsvicens.com\/de\/produkt\/kueche\/besteckhalter\/besteckhalter-stoff-107-schwartz\/\" \/>\n<meta property=\"og:locale\" content=\"de_DE\" \/>\n<meta property=\"og:type\" content=\"article\" \/>\n<meta property=\"og:title\" content=\"Besteckhalter Stoff 107 schwartz | Teixits Vicens\" \/>\n<meta property=\"og:description\" content=\"Besteckhalter aus mallorquinischem Stoff. Dekorieren Sie Ihren Tisch f\u00fcr besondere Anl\u00e4sse mit diesen Besteckbez\u00fcgen aus Leinen und Baumwolle, einem zu...\" \/>\n<meta property=\"og:url\" content=\"https:\/\/teixitsvicens.com\/de\/produkt\/kueche\/besteckhalter\/besteckhalter-stoff-107-schwartz\/\" \/>\n<meta property=\"og:site_name\" content=\"Teixits Vicens\" \/>\n<meta property=\"article:publisher\" content=\"https:\/\/www.facebook.com\/TeixitsVicens\/\" \/>\n<meta property=\"og:image\" content=\"https:\/\/teixitsvicens.com\/wp-content\/uploads\/2025\/12\/portacubiertos-tela-mallorquina-107-negre.jpg\" \/>\n\t<meta property=\"og:image:width\" content=\"1200\" \/>\n\t<meta property=\"og:image:height\" content=\"1800\" \/>\n\t<meta property=\"og:image:type\" content=\"image\/jpeg\" \/>\n<meta name=\"twitter:card\" content=\"summary_large_image\" \/>\n<!-- \/ Yoast SEO plugin. -->","yoast_head_json":{"title":"Besteckhalter Stoff 107 schwartz | Teixits Vicens","robots":{"index":"index","follow":"follow","max-snippet":"max-snippet:-1","max-image-preview":"max-image-preview:large","max-video-preview":"max-video-preview:-1"},"canonical":"https:\/\/teixitsvicens.com\/de\/produkt\/kueche\/besteckhalter\/besteckhalter-stoff-107-schwartz\/","og_locale":"de_DE","og_type":"article","og_title":"Besteckhalter Stoff 107 schwartz | Teixits Vicens","og_description":"Besteckhalter aus mallorquinischem Stoff. Dekorieren Sie Ihren Tisch f\u00fcr besondere Anl\u00e4sse mit diesen Besteckbez\u00fcgen aus Leinen und Baumwolle, einem zu...","og_url":"https:\/\/teixitsvicens.com\/de\/produkt\/kueche\/besteckhalter\/besteckhalter-stoff-107-schwartz\/","og_site_name":"Teixits Vicens","article_publisher":"https:\/\/www.facebook.com\/TeixitsVicens\/","og_image":[{"width":1200,"height":1800,"url":"https:\/\/teixitsvicens.com\/wp-content\/uploads\/2025\/12\/portacubiertos-tela-mallorquina-107-negre.jpg","type":"image\/jpeg"}],"twitter_card":"summary_large_image","schema":{"@context":"https:\/\/schema.org","@graph":[{"@type":"WebPage","@id":"https:\/\/teixitsvicens.com\/de\/produkt\/kueche\/besteckhalter\/besteckhalter-stoff-107-schwartz\/","url":"https:\/\/teixitsvicens.com\/de\/produkt\/kueche\/besteckhalter\/besteckhalter-stoff-107-schwartz\/","name":"Besteckhalter Stoff 107 schwartz | Teixits Vicens","isPartOf":{"@id":"https:\/\/teixitsvicens.com\/de\/#website"},"primaryImageOfPage":{"@id":"https:\/\/teixitsvicens.com\/de\/produkt\/kueche\/besteckhalter\/besteckhalter-stoff-107-schwartz\/#primaryimage"},"image":{"@id":"https:\/\/teixitsvicens.com\/de\/produkt\/kueche\/besteckhalter\/besteckhalter-stoff-107-schwartz\/#primaryimage"},"thumbnailUrl":"https:\/\/teixitsvicens.com\/wp-content\/uploads\/2025\/12\/portacubiertos-tela-mallorquina-107-negre.jpg","datePublished":"2025-12-04T18:28:29+00:00","breadcrumb":{"@id":"https:\/\/teixitsvicens.com\/de\/produkt\/kueche\/besteckhalter\/besteckhalter-stoff-107-schwartz\/#breadcrumb"},"inLanguage":"de","potentialAction":[{"@type":"ReadAction","target":["https:\/\/teixitsvicens.com\/de\/produkt\/kueche\/besteckhalter\/besteckhalter-stoff-107-schwartz\/"]}]},{"@type":"ImageObject","inLanguage":"de","@id":"https:\/\/teixitsvicens.com\/de\/produkt\/kueche\/besteckhalter\/besteckhalter-stoff-107-schwartz\/#primaryimage","url":"https:\/\/teixitsvicens.com\/wp-content\/uploads\/2025\/12\/portacubiertos-tela-mallorquina-107-negre.jpg","contentUrl":"https:\/\/teixitsvicens.com\/wp-content\/uploads\/2025\/12\/portacubiertos-tela-mallorquina-107-negre.jpg","width":1200,"height":1800},{"@type":"BreadcrumbList","@id":"https:\/\/teixitsvicens.com\/de\/produkt\/kueche\/besteckhalter\/besteckhalter-stoff-107-schwartz\/#breadcrumb","itemListElement":[{"@type":"ListItem","position":1,"name":"Inici","item":"https:\/\/teixitsvicens.com\/de\/home\/"},{"@type":"ListItem","position":2,"name":"Online-Shop","item":"https:\/\/teixitsvicens.com\/de\/online-shop\/"},{"@type":"ListItem","position":3,"name":"Besteckhalter Stoff 107 schwartz"}]},{"@type":"WebSite","@id":"https:\/\/teixitsvicens.com\/de\/#website","url":"https:\/\/teixitsvicens.com\/de\/","name":"Teixits Vicens","description":"Taller textil artesano","publisher":{"@id":"https:\/\/teixitsvicens.com\/de\/#organization"},"alternateName":"Teixits Vicens","potentialAction":[{"@type":"SearchAction","target":{"@type":"EntryPoint","urlTemplate":"https:\/\/teixitsvicens.com\/de\/?s={search_term_string}"},"query-input":{"@type":"PropertyValueSpecification","valueRequired":true,"valueName":"search_term_string"}}],"inLanguage":"de"},{"@type":"Organization","@id":"https:\/\/teixitsvicens.com\/de\/#organization","name":"Teixits Vicens","url":"https:\/\/teixitsvicens.com\/de\/","logo":{"@type":"ImageObject","inLanguage":"de","@id":"https:\/\/teixitsvicens.com\/de\/#\/schema\/logo\/image\/","url":"https:\/\/teixitsvicens.com\/wp-content\/uploads\/2025\/10\/logo-teixits-vicents.png","contentUrl":"https:\/\/teixitsvicens.com\/wp-content\/uploads\/2025\/10\/logo-teixits-vicents.png","width":629,"height":131,"caption":"Teixits Vicens"},"image":{"@id":"https:\/\/teixitsvicens.com\/de\/#\/schema\/logo\/image\/"},"sameAs":["https:\/\/www.facebook.com\/TeixitsVicens\/","https:\/\/www.instagram.com\/teixitsvicens\/"]}]}},"_links":{"self":[{"href":"https:\/\/teixitsvicens.com\/de\/wp-json\/wp\/v2\/product\/38309","targetHints":{"allow":["GET"]}}],"collection":[{"href":"https:\/\/teixitsvicens.com\/de\/wp-json\/wp\/v2\/product"}],"about":[{"href":"https:\/\/teixitsvicens.com\/de\/wp-json\/wp\/v2\/types\/product"}],"replies":[{"embeddable":true,"href":"https:\/\/teixitsvicens.com\/de\/wp-json\/wp\/v2\/comments?post=38309"}],"wp:featuredmedia":[{"embeddable":true,"href":"https:\/\/teixitsvicens.com\/de\/wp-json\/wp\/v2\/media\/38304"}],"wp:attachment":[{"href":"https:\/\/teixitsvicens.com\/de\/wp-json\/wp\/v2\/media?parent=38309"}],"wp:term":[{"taxonomy":"product_brand","embeddable":true,"href":"https:\/\/teixitsvicens.com\/de\/wp-json\/wp\/v2\/product_brand?post=38309"},{"taxonomy":"product_cat","embeddable":true,"href":"https:\/\/teixitsvicens.com\/de\/wp-json\/wp\/v2\/product_cat?post=38309"},{"taxonomy":"product_tag","embeddable":true,"href":"https:\/\/teixitsvicens.com\/de\/wp-json\/wp\/v2\/product_tag?post=38309"}],"curies":[{"name":"wp","href":"https:\/\/api.w.org\/{rel}","templated":true}]}}