{"id":38210,"date":"2025-11-22T12:09:14","date_gmt":"2025-11-22T11:09:14","guid":{"rendered":"https:\/\/teixitsvicens.com\/?post_type=product&#038;p=38210"},"modified":"2025-11-22T12:13:23","modified_gmt":"2025-11-22T11:13:23","slug":"rot-mallorquina-stofe-ikat-sternengirlande-pack","status":"publish","type":"product","link":"https:\/\/teixitsvicens.com\/de\/produkt\/dekorative-girlanden\/rot-mallorquina-stofe-ikat-sternengirlande-pack\/","title":{"rendered":"Rot Mallorquina stofe Ikat-Sternengirlande &#8211; Pack"},"content":{"rendered":"<pre id=\"tw-target-text\" class=\"tw-data-text tw-text-large tw-ta\" dir=\"ltr\" tabindex=\"-1\" role=\"text\" data-placeholder=\"Traducci\u00f3\" data-ved=\"2ahUKEwia3NTN5_2QAxVi3wIHHey_C4MQ3ewLegQIDRAU\" aria-label=\"Text tradu\u00eft: Gelbe Ikat-Sternengirlande Versch\u00f6nern Sie Ihre R\u00e4ume mit der W\u00e4rme und Authentizit\u00e4t unserer mallorquinischen Stoffgirlande. Gefertigt aus dem traditionellen Ikat- oder Lleng\u00fces-Webmuster, einem Symbol mallorquinischer Handwerkskunst, wird jedes St\u00fcck in Handarbeit hergestellt. So werden jahrhundertealte Techniken bewahrt, die Geschichte, Farbe und mediterranes Design vereinen. Diese Girlande ist perfekt, um Wohnzimmer, Schlafzimmer, Eingangsbereiche oder Feierlichkeiten eine besondere Note zu verleihen und jedem Ambiente ein handgefertigtes und elegantes Flair zu geben. Dank ihrer Leichtigkeit und Strapazierf\u00e4higkeit l\u00e4sst sie sich einfach an W\u00e4nden, Fenstern, Regalen oder Weihnachtsb\u00e4umen aufh\u00e4ngen. Ein einzigartiges Dekorationselement, das Tradition, Charme und Stil vereint \u2013 ideal f\u00fcr alle, die St\u00fccke mit Charakter und mediterranem Flair suchen.\"><span class=\"Y2IQFc\" lang=\"de\">Versch\u00f6nern Sie Ihre R\u00e4ume mit der W\u00e4rme und Authentizit\u00e4t unserer mallorquinischen \r\nStoffgirlande. Gefertigt aus dem traditionellen Ikat- oder Lleng\u00fces-Webmuster, \r\neinem Symbol mallorquinischer Handwerkskunst, wird jedes St\u00fcck in Handarbeit hergestellt. \r\nSo werden jahrhundertealte Techniken bewahrt, die Geschichte, Farbe und mediterranes \r\nDesign vereinen.\r\n\r\nDiese Girlande ist perfekt, um Wohnzimmer, Schlafzimmer, Eingangsbereiche oder Feierlichkeiten \r\neine besondere Note zu verleihen und jedem Ambiente ein handgefertigtes und elegantes \r\nFlair zu geben. \r\nDank ihrer Leichtigkeit und Strapazierf\u00e4higkeit l\u00e4sst sie sich einfach an W\u00e4nden, Fenstern, Regalen \r\noder Weihnachtsb\u00e4umen aufh\u00e4ngen.\r\n\r\nEin einzigartiges Dekorationselement, das Tradition, Charme und Stil vereint \u2013 ideal f\u00fcr alle, \r\ndie St\u00fccke mit Charakter und mediterranem Flair suchen.<\/span><\/pre>\n","protected":false},"excerpt":{"rendered":"<div id=\"tw-target-text-container\" class=\"tw-ta-container tw-nfl\" tabindex=\"0\" role=\"text\">\n<pre id=\"tw-target-text\" class=\"tw-data-text tw-text-large tw-ta\" dir=\"ltr\" tabindex=\"-1\" role=\"text\" data-placeholder=\"Traducci\u00f3\" data-ved=\"2ahUKEwiWxazpz4WRAxVAVKQEHTjiDRMQ3ewLegQIDhAU\" aria-label=\"Text tradu\u00eft: 4er-Pack Girlanden\"><span class=\"Y2IQFc\" lang=\"de\">Pack 4 Girlanden<\/span><\/pre>\n<\/div>\n<div id=\"tw-target-rmn-container\" class=\"tw-target-rmn tw-ta-container tw-nfl\" tabindex=\"-1\" role=\"text\">\n<pre id=\"tw-target-rmn\" class=\"tw-data-placeholder tw-text-small tw-ta\" dir=\"ltr\" tabindex=\"-1\" role=\"text\" data-placeholder=\"\"><\/pre>\n<\/div>\n","protected":false},"featured_media":38207,"comment_status":"closed","ping_status":"closed","template":"","meta":[],"product_brand":[],"product_cat":[1585],"product_tag":[],"class_list":{"0":"post-38210","1":"product","2":"type-product","3":"status-publish","4":"has-post-thumbnail","6":"product_cat-dekorative-girlanden","8":"first","9":"instock","10":"shipping-taxable","11":"purchasable","12":"product-type-simple"},"yoast_head":"<!-- This site is optimized with the Yoast SEO plugin v27.6 - https:\/\/yoast.com\/product\/yoast-seo-wordpress\/ -->\n<title>Rot Mallorquina stofe Ikat-Sternengirlande - Pack | Teixits Vicens<\/title>\n<meta name=\"robots\" content=\"index, follow, max-snippet:-1, max-image-preview:large, max-video-preview:-1\" \/>\n<link rel=\"canonical\" href=\"https:\/\/teixitsvicens.com\/de\/produkt\/dekorative-girlanden\/rot-mallorquina-stofe-ikat-sternengirlande-pack\/\" \/>\n<meta property=\"og:locale\" content=\"de_DE\" \/>\n<meta property=\"og:type\" content=\"article\" \/>\n<meta property=\"og:title\" content=\"Rot Mallorquina stofe Ikat-Sternengirlande - Pack | Teixits Vicens\" \/>\n<meta property=\"og:description\" content=\"Pack 4 Girlanden\" \/>\n<meta property=\"og:url\" content=\"https:\/\/teixitsvicens.com\/de\/produkt\/dekorative-girlanden\/rot-mallorquina-stofe-ikat-sternengirlande-pack\/\" \/>\n<meta property=\"og:site_name\" content=\"Teixits Vicens\" \/>\n<meta property=\"article:publisher\" content=\"https:\/\/www.facebook.com\/TeixitsVicens\/\" \/>\n<meta property=\"article:modified_time\" content=\"2025-11-22T11:13:23+00:00\" \/>\n<meta property=\"og:image\" content=\"https:\/\/teixitsvicens.com\/wp-content\/uploads\/2025\/11\/guirnaldes-Nadal-1.jpg\" \/>\n\t<meta property=\"og:image:width\" content=\"1200\" \/>\n\t<meta property=\"og:image:height\" content=\"1800\" \/>\n\t<meta property=\"og:image:type\" content=\"image\/jpeg\" \/>\n<meta name=\"twitter:card\" content=\"summary_large_image\" \/>\n<meta name=\"twitter:label1\" content=\"Est. reading time\" \/>\n\t<meta name=\"twitter:data1\" content=\"1 minute\" \/>\n<!-- \/ Yoast SEO plugin. -->","yoast_head_json":{"title":"Rot Mallorquina stofe Ikat-Sternengirlande - Pack | Teixits Vicens","robots":{"index":"index","follow":"follow","max-snippet":"max-snippet:-1","max-image-preview":"max-image-preview:large","max-video-preview":"max-video-preview:-1"},"canonical":"https:\/\/teixitsvicens.com\/de\/produkt\/dekorative-girlanden\/rot-mallorquina-stofe-ikat-sternengirlande-pack\/","og_locale":"de_DE","og_type":"article","og_title":"Rot Mallorquina stofe Ikat-Sternengirlande - Pack | Teixits Vicens","og_description":"Pack 4 Girlanden","og_url":"https:\/\/teixitsvicens.com\/de\/produkt\/dekorative-girlanden\/rot-mallorquina-stofe-ikat-sternengirlande-pack\/","og_site_name":"Teixits Vicens","article_publisher":"https:\/\/www.facebook.com\/TeixitsVicens\/","article_modified_time":"2025-11-22T11:13:23+00:00","og_image":[{"width":1200,"height":1800,"url":"https:\/\/teixitsvicens.com\/wp-content\/uploads\/2025\/11\/guirnaldes-Nadal-1.jpg","type":"image\/jpeg"}],"twitter_card":"summary_large_image","twitter_misc":{"Est. reading time":"1 minute"},"schema":{"@context":"https:\/\/schema.org","@graph":[{"@type":"WebPage","@id":"https:\/\/teixitsvicens.com\/de\/produkt\/dekorative-girlanden\/rot-mallorquina-stofe-ikat-sternengirlande-pack\/","url":"https:\/\/teixitsvicens.com\/de\/produkt\/dekorative-girlanden\/rot-mallorquina-stofe-ikat-sternengirlande-pack\/","name":"Rot Mallorquina stofe Ikat-Sternengirlande - Pack | Teixits Vicens","isPartOf":{"@id":"https:\/\/teixitsvicens.com\/de\/#website"},"primaryImageOfPage":{"@id":"https:\/\/teixitsvicens.com\/de\/produkt\/dekorative-girlanden\/rot-mallorquina-stofe-ikat-sternengirlande-pack\/#primaryimage"},"image":{"@id":"https:\/\/teixitsvicens.com\/de\/produkt\/dekorative-girlanden\/rot-mallorquina-stofe-ikat-sternengirlande-pack\/#primaryimage"},"thumbnailUrl":"https:\/\/teixitsvicens.com\/wp-content\/uploads\/2025\/11\/guirnaldes-Nadal-1.jpg","datePublished":"2025-11-22T11:09:14+00:00","dateModified":"2025-11-22T11:13:23+00:00","breadcrumb":{"@id":"https:\/\/teixitsvicens.com\/de\/produkt\/dekorative-girlanden\/rot-mallorquina-stofe-ikat-sternengirlande-pack\/#breadcrumb"},"inLanguage":"de","potentialAction":[{"@type":"ReadAction","target":["https:\/\/teixitsvicens.com\/de\/produkt\/dekorative-girlanden\/rot-mallorquina-stofe-ikat-sternengirlande-pack\/"]}]},{"@type":"ImageObject","inLanguage":"de","@id":"https:\/\/teixitsvicens.com\/de\/produkt\/dekorative-girlanden\/rot-mallorquina-stofe-ikat-sternengirlande-pack\/#primaryimage","url":"https:\/\/teixitsvicens.com\/wp-content\/uploads\/2025\/11\/guirnaldes-Nadal-1.jpg","contentUrl":"https:\/\/teixitsvicens.com\/wp-content\/uploads\/2025\/11\/guirnaldes-Nadal-1.jpg","width":1200,"height":1800},{"@type":"BreadcrumbList","@id":"https:\/\/teixitsvicens.com\/de\/produkt\/dekorative-girlanden\/rot-mallorquina-stofe-ikat-sternengirlande-pack\/#breadcrumb","itemListElement":[{"@type":"ListItem","position":1,"name":"Inici","item":"https:\/\/teixitsvicens.com\/de\/"},{"@type":"ListItem","position":2,"name":"Online-Shop","item":"https:\/\/teixitsvicens.com\/de\/online-shop\/"},{"@type":"ListItem","position":3,"name":"Rot Mallorquina stofe Ikat-Sternengirlande &#8211; Pack"}]},{"@type":"WebSite","@id":"https:\/\/teixitsvicens.com\/de\/#website","url":"https:\/\/teixitsvicens.com\/de\/","name":"Teixits Vicens","description":"Taller textil artesano","publisher":{"@id":"https:\/\/teixitsvicens.com\/de\/#organization"},"alternateName":"Teixits Vicens","potentialAction":[{"@type":"SearchAction","target":{"@type":"EntryPoint","urlTemplate":"https:\/\/teixitsvicens.com\/de\/?s={search_term_string}"},"query-input":{"@type":"PropertyValueSpecification","valueRequired":true,"valueName":"search_term_string"}}],"inLanguage":"de"},{"@type":"Organization","@id":"https:\/\/teixitsvicens.com\/de\/#organization","name":"Teixits Vicens","url":"https:\/\/teixitsvicens.com\/de\/","logo":{"@type":"ImageObject","inLanguage":"de","@id":"https:\/\/teixitsvicens.com\/de\/#\/schema\/logo\/image\/","url":"https:\/\/teixitsvicens.com\/wp-content\/uploads\/2025\/10\/logo-teixits-vicents.png","contentUrl":"https:\/\/teixitsvicens.com\/wp-content\/uploads\/2025\/10\/logo-teixits-vicents.png","width":629,"height":131,"caption":"Teixits Vicens"},"image":{"@id":"https:\/\/teixitsvicens.com\/de\/#\/schema\/logo\/image\/"},"sameAs":["https:\/\/www.facebook.com\/TeixitsVicens\/","https:\/\/www.instagram.com\/teixitsvicens\/"]}]}},"_links":{"self":[{"href":"https:\/\/teixitsvicens.com\/de\/wp-json\/wp\/v2\/product\/38210","targetHints":{"allow":["GET"]}}],"collection":[{"href":"https:\/\/teixitsvicens.com\/de\/wp-json\/wp\/v2\/product"}],"about":[{"href":"https:\/\/teixitsvicens.com\/de\/wp-json\/wp\/v2\/types\/product"}],"replies":[{"embeddable":true,"href":"https:\/\/teixitsvicens.com\/de\/wp-json\/wp\/v2\/comments?post=38210"}],"wp:featuredmedia":[{"embeddable":true,"href":"https:\/\/teixitsvicens.com\/de\/wp-json\/wp\/v2\/media\/38207"}],"wp:attachment":[{"href":"https:\/\/teixitsvicens.com\/de\/wp-json\/wp\/v2\/media?parent=38210"}],"wp:term":[{"taxonomy":"product_brand","embeddable":true,"href":"https:\/\/teixitsvicens.com\/de\/wp-json\/wp\/v2\/product_brand?post=38210"},{"taxonomy":"product_cat","embeddable":true,"href":"https:\/\/teixitsvicens.com\/de\/wp-json\/wp\/v2\/product_cat?post=38210"},{"taxonomy":"product_tag","embeddable":true,"href":"https:\/\/teixitsvicens.com\/de\/wp-json\/wp\/v2\/product_tag?post=38210"}],"curies":[{"name":"wp","href":"https:\/\/api.w.org\/{rel}","templated":true}]}}