{"id":38172,"date":"2025-11-21T11:49:09","date_gmt":"2025-11-21T10:49:09","guid":{"rendered":"https:\/\/teixitsvicens.com\/?post_type=product&#038;p=38172"},"modified":"2025-11-21T11:49:09","modified_gmt":"2025-11-21T10:49:09","slug":"mallorquinische-stoffrassel-101-gelb","status":"publish","type":"product","link":"https:\/\/teixitsvicens.com\/de\/produkt\/kindisch\/rasseln-und-pluschtiere\/mallorquinische-stoffrassel-101-gelb\/","title":{"rendered":"Mallorquinische Stoffrassel 101 Gelb"},"content":{"rendered":"<pre class=\"tw-data-text tw-text-large tw-ta\" dir=\"ltr\" tabindex=\"-1\" role=\"text\" data-placeholder=\"Traducci\u00f3\" data-ved=\"2ahUKEwiOgd30-YKRAxUDZqQEHbpMHuAQ3ewLegQIAxAU\" aria-label=\"Text tradu\u00eft: Mallorquinische Stoffrassel 61 T\u00fcrkis Handgefertigte mallorquinische Stoffrassel mit originellen Designs von Mag_d'alena. Leicht, weich und ideal zur F\u00f6rderung der kindlichen Entwicklung und Sinneswahrnehmung. Diese Rassel aus mallorquinischem Ikat-Stoff (Roba de Lleng\u00fces) beeindruckt durch ihr authentisches Design und ihre Farben und ist somit das perfekte Geschenk f\u00fcr Neugeborene.\"><span class=\"Y2IQFc\" lang=\"de\">Handgefertigte mallorquinische Stoffrassel mit originellen Designs von Mag_d'alena.\r\n\r\nLeicht, weich und ideal zur F\u00f6rderung der kindlichen Entwicklung und Sinneswahrnehmung.\r\n\r\nDiese Rassel aus mallorquinischem Ikat-Stoff (Roba de Lleng\u00fces)\r\n\r\nbeeindruckt durch ihr authentisches Design und ihre Farben und ist somit das \r\nperfekte Geschenk f\u00fcr <\/span><span class=\"Y2IQFc\" lang=\"de\">Neugeborene.<\/span><\/pre>\n","protected":false},"excerpt":{"rendered":"<p>Handgefertigte mallorquinische Stoffrassel mit originellen Designs von Mag_d&#8217;alena. Leicht, weich und ideal zur F\u00f6rderung der kindlichen Entwicklung und Sinneswahrnehmung. Diese&#8230;<\/p>\n","protected":false},"featured_media":38176,"comment_status":"closed","ping_status":"closed","template":"","meta":[],"product_brand":[],"product_cat":[1591],"product_tag":[],"class_list":{"0":"post-38172","1":"product","2":"type-product","3":"status-publish","4":"has-post-thumbnail","6":"product_cat-rasseln-und-pluschtiere","8":"first","9":"instock","10":"shipping-taxable","11":"purchasable","12":"product-type-simple"},"yoast_head":"<!-- This site is optimized with the Yoast SEO plugin v27.0 - https:\/\/yoast.com\/product\/yoast-seo-wordpress\/ -->\n<title>Mallorquinische Stoffrassel 101 Gelb | Teixits Vicens<\/title>\n<meta name=\"robots\" content=\"index, follow, max-snippet:-1, max-image-preview:large, max-video-preview:-1\" \/>\n<link rel=\"canonical\" href=\"https:\/\/teixitsvicens.com\/de\/produkt\/kindisch\/rasseln-und-pluschtiere\/mallorquinische-stoffrassel-101-gelb\/\" \/>\n<meta property=\"og:locale\" content=\"de_DE\" \/>\n<meta property=\"og:type\" content=\"article\" \/>\n<meta property=\"og:title\" content=\"Mallorquinische Stoffrassel 101 Gelb | Teixits Vicens\" \/>\n<meta property=\"og:description\" content=\"Handgefertigte mallorquinische Stoffrassel mit originellen Designs von Mag_d&#039;alena. Leicht, weich und ideal zur F\u00f6rderung der kindlichen Entwicklung und Sinneswahrnehmung. Diese...\" \/>\n<meta property=\"og:url\" content=\"https:\/\/teixitsvicens.com\/de\/produkt\/kindisch\/rasseln-und-pluschtiere\/mallorquinische-stoffrassel-101-gelb\/\" \/>\n<meta property=\"og:site_name\" content=\"Teixits Vicens\" \/>\n<meta property=\"article:publisher\" content=\"https:\/\/www.facebook.com\/TeixitsVicens\/\" \/>\n<meta property=\"og:image\" content=\"https:\/\/teixitsvicens.com\/wp-content\/uploads\/2025\/11\/sonall-tela-mallorquina-101-groc.jpg\" \/>\n\t<meta property=\"og:image:width\" content=\"1200\" \/>\n\t<meta property=\"og:image:height\" content=\"1800\" \/>\n\t<meta property=\"og:image:type\" content=\"image\/jpeg\" \/>\n<meta name=\"twitter:card\" content=\"summary_large_image\" \/>\n<!-- \/ Yoast SEO plugin. -->","yoast_head_json":{"title":"Mallorquinische Stoffrassel 101 Gelb | Teixits Vicens","robots":{"index":"index","follow":"follow","max-snippet":"max-snippet:-1","max-image-preview":"max-image-preview:large","max-video-preview":"max-video-preview:-1"},"canonical":"https:\/\/teixitsvicens.com\/de\/produkt\/kindisch\/rasseln-und-pluschtiere\/mallorquinische-stoffrassel-101-gelb\/","og_locale":"de_DE","og_type":"article","og_title":"Mallorquinische Stoffrassel 101 Gelb | Teixits Vicens","og_description":"Handgefertigte mallorquinische Stoffrassel mit originellen Designs von Mag_d'alena. Leicht, weich und ideal zur F\u00f6rderung der kindlichen Entwicklung und Sinneswahrnehmung. Diese...","og_url":"https:\/\/teixitsvicens.com\/de\/produkt\/kindisch\/rasseln-und-pluschtiere\/mallorquinische-stoffrassel-101-gelb\/","og_site_name":"Teixits Vicens","article_publisher":"https:\/\/www.facebook.com\/TeixitsVicens\/","og_image":[{"width":1200,"height":1800,"url":"https:\/\/teixitsvicens.com\/wp-content\/uploads\/2025\/11\/sonall-tela-mallorquina-101-groc.jpg","type":"image\/jpeg"}],"twitter_card":"summary_large_image","schema":{"@context":"https:\/\/schema.org","@graph":[{"@type":"WebPage","@id":"https:\/\/teixitsvicens.com\/de\/produkt\/kindisch\/rasseln-und-pluschtiere\/mallorquinische-stoffrassel-101-gelb\/","url":"https:\/\/teixitsvicens.com\/de\/produkt\/kindisch\/rasseln-und-pluschtiere\/mallorquinische-stoffrassel-101-gelb\/","name":"Mallorquinische Stoffrassel 101 Gelb | Teixits Vicens","isPartOf":{"@id":"https:\/\/teixitsvicens.com\/de\/#website"},"primaryImageOfPage":{"@id":"https:\/\/teixitsvicens.com\/de\/produkt\/kindisch\/rasseln-und-pluschtiere\/mallorquinische-stoffrassel-101-gelb\/#primaryimage"},"image":{"@id":"https:\/\/teixitsvicens.com\/de\/produkt\/kindisch\/rasseln-und-pluschtiere\/mallorquinische-stoffrassel-101-gelb\/#primaryimage"},"thumbnailUrl":"https:\/\/teixitsvicens.com\/wp-content\/uploads\/2025\/11\/sonall-tela-mallorquina-101-groc.jpg","datePublished":"2025-11-21T10:49:09+00:00","breadcrumb":{"@id":"https:\/\/teixitsvicens.com\/de\/produkt\/kindisch\/rasseln-und-pluschtiere\/mallorquinische-stoffrassel-101-gelb\/#breadcrumb"},"inLanguage":"de","potentialAction":[{"@type":"ReadAction","target":["https:\/\/teixitsvicens.com\/de\/produkt\/kindisch\/rasseln-und-pluschtiere\/mallorquinische-stoffrassel-101-gelb\/"]}]},{"@type":"ImageObject","inLanguage":"de","@id":"https:\/\/teixitsvicens.com\/de\/produkt\/kindisch\/rasseln-und-pluschtiere\/mallorquinische-stoffrassel-101-gelb\/#primaryimage","url":"https:\/\/teixitsvicens.com\/wp-content\/uploads\/2025\/11\/sonall-tela-mallorquina-101-groc.jpg","contentUrl":"https:\/\/teixitsvicens.com\/wp-content\/uploads\/2025\/11\/sonall-tela-mallorquina-101-groc.jpg","width":1200,"height":1800},{"@type":"BreadcrumbList","@id":"https:\/\/teixitsvicens.com\/de\/produkt\/kindisch\/rasseln-und-pluschtiere\/mallorquinische-stoffrassel-101-gelb\/#breadcrumb","itemListElement":[{"@type":"ListItem","position":1,"name":"Inici","item":"https:\/\/teixitsvicens.com\/de\/home\/"},{"@type":"ListItem","position":2,"name":"Online-Shop","item":"https:\/\/teixitsvicens.com\/de\/online-shop\/"},{"@type":"ListItem","position":3,"name":"Mallorquinische Stoffrassel 101 Gelb"}]},{"@type":"WebSite","@id":"https:\/\/teixitsvicens.com\/de\/#website","url":"https:\/\/teixitsvicens.com\/de\/","name":"Teixits Vicens","description":"Taller textil artesano","publisher":{"@id":"https:\/\/teixitsvicens.com\/de\/#organization"},"alternateName":"Teixits Vicens","potentialAction":[{"@type":"SearchAction","target":{"@type":"EntryPoint","urlTemplate":"https:\/\/teixitsvicens.com\/de\/?s={search_term_string}"},"query-input":{"@type":"PropertyValueSpecification","valueRequired":true,"valueName":"search_term_string"}}],"inLanguage":"de"},{"@type":"Organization","@id":"https:\/\/teixitsvicens.com\/de\/#organization","name":"Teixits Vicens","url":"https:\/\/teixitsvicens.com\/de\/","logo":{"@type":"ImageObject","inLanguage":"de","@id":"https:\/\/teixitsvicens.com\/de\/#\/schema\/logo\/image\/","url":"https:\/\/teixitsvicens.com\/wp-content\/uploads\/2025\/10\/logo-teixits-vicents.png","contentUrl":"https:\/\/teixitsvicens.com\/wp-content\/uploads\/2025\/10\/logo-teixits-vicents.png","width":629,"height":131,"caption":"Teixits Vicens"},"image":{"@id":"https:\/\/teixitsvicens.com\/de\/#\/schema\/logo\/image\/"},"sameAs":["https:\/\/www.facebook.com\/TeixitsVicens\/","https:\/\/www.instagram.com\/teixitsvicens\/"]}]}},"_links":{"self":[{"href":"https:\/\/teixitsvicens.com\/de\/wp-json\/wp\/v2\/product\/38172","targetHints":{"allow":["GET"]}}],"collection":[{"href":"https:\/\/teixitsvicens.com\/de\/wp-json\/wp\/v2\/product"}],"about":[{"href":"https:\/\/teixitsvicens.com\/de\/wp-json\/wp\/v2\/types\/product"}],"replies":[{"embeddable":true,"href":"https:\/\/teixitsvicens.com\/de\/wp-json\/wp\/v2\/comments?post=38172"}],"wp:featuredmedia":[{"embeddable":true,"href":"https:\/\/teixitsvicens.com\/de\/wp-json\/wp\/v2\/media\/38176"}],"wp:attachment":[{"href":"https:\/\/teixitsvicens.com\/de\/wp-json\/wp\/v2\/media?parent=38172"}],"wp:term":[{"taxonomy":"product_brand","embeddable":true,"href":"https:\/\/teixitsvicens.com\/de\/wp-json\/wp\/v2\/product_brand?post=38172"},{"taxonomy":"product_cat","embeddable":true,"href":"https:\/\/teixitsvicens.com\/de\/wp-json\/wp\/v2\/product_cat?post=38172"},{"taxonomy":"product_tag","embeddable":true,"href":"https:\/\/teixitsvicens.com\/de\/wp-json\/wp\/v2\/product_tag?post=38172"}],"curies":[{"name":"wp","href":"https:\/\/api.w.org\/{rel}","templated":true}]}}