{"id":37997,"date":"2025-11-19T12:55:26","date_gmt":"2025-11-19T11:55:26","guid":{"rendered":"https:\/\/teixitsvicens.com\/?post_type=product&#038;p=37997"},"modified":"2025-11-19T12:55:27","modified_gmt":"2025-11-19T11:55:27","slug":"hundebett-aus-mallorquinischem-stoff-ikat-302-blau","status":"publish","type":"product","link":"https:\/\/teixitsvicens.com\/de\/produkt\/haustiere\/betthund\/hundebett-aus-mallorquinischem-stoff-ikat-302-blau\/","title":{"rendered":"Hundebett aus mallorquinischem Stoff Ikat 302 Blau"},"content":{"rendered":"<p>L: 80x60x28 \u2013 352\u20ac<\/p>\n<p>M: 65x50x25 \u2013\u00a0230\u20ac<\/p>\n<p id=\"tw-target-text\" class=\"tw-data-text tw-text-large tw-ta\" dir=\"ltr\" data-placeholder=\"Traducci\u00f3n\"><span class=\"Y2IQFc\" lang=\"de\">Bequemes Hundebett aus strapazierf\u00e4higen mallorquinischen Stoffen mit einer Innenf\u00fcllung, die sich dem K\u00f6rper Ihres Haustiers anpasst, f\u00fcr eine entspannte Ruhe. Dies ist ein leichtes Bett, das Ihrem Zuhause einen Hauch von Farbe und Eleganz verleiht. Und Ihr geliebter tierischer Freund wird sich wie der K\u00f6nig (oder die K\u00f6nigin) des Hauses f\u00fchlen. Separates Innenkissen und leicht zu reinigender, abnehmbarer Au\u00dfenbezug. <\/span><\/p>\n","protected":false},"excerpt":{"rendered":"<p>L: 80x60x28 \u2013 352\u20ac M: 65x50x25 \u2013\u00a0230\u20ac Bequemes Hundebett aus strapazierf\u00e4higen mallorquinischen Stoffen mit einer Innenf\u00fcllung, die sich dem K\u00f6rper&#8230;<\/p>\n","protected":false},"featured_media":37989,"comment_status":"closed","ping_status":"closed","template":"","meta":[],"product_brand":[],"product_cat":[1132],"product_tag":[],"class_list":{"0":"post-37997","1":"product","2":"type-product","3":"status-publish","4":"has-post-thumbnail","6":"product_cat-betthund","8":"first","9":"instock","10":"shipping-taxable","11":"purchasable","12":"product-type-variable"},"yoast_head":"<!-- This site is optimized with the Yoast SEO plugin v27.0 - https:\/\/yoast.com\/product\/yoast-seo-wordpress\/ -->\n<title>Hundebett aus mallorquinischem Stoff Ikat 302 Blau | Teixits Vicens<\/title>\n<meta name=\"robots\" content=\"index, follow, max-snippet:-1, max-image-preview:large, max-video-preview:-1\" \/>\n<link rel=\"canonical\" href=\"https:\/\/teixitsvicens.com\/de\/produkt\/haustiere\/betthund\/hundebett-aus-mallorquinischem-stoff-ikat-302-blau\/\" \/>\n<meta property=\"og:locale\" content=\"de_DE\" \/>\n<meta property=\"og:type\" content=\"article\" \/>\n<meta property=\"og:title\" content=\"Hundebett aus mallorquinischem Stoff Ikat 302 Blau | Teixits Vicens\" \/>\n<meta property=\"og:description\" content=\"L: 80x60x28 \u2013 352\u20ac M: 65x50x25 \u2013\u00a0230\u20ac Bequemes Hundebett aus strapazierf\u00e4higen mallorquinischen Stoffen mit einer Innenf\u00fcllung, die sich dem K\u00f6rper...\" \/>\n<meta property=\"og:url\" content=\"https:\/\/teixitsvicens.com\/de\/produkt\/haustiere\/betthund\/hundebett-aus-mallorquinischem-stoff-ikat-302-blau\/\" \/>\n<meta property=\"og:site_name\" content=\"Teixits Vicens\" \/>\n<meta property=\"article:publisher\" content=\"https:\/\/www.facebook.com\/TeixitsVicens\/\" \/>\n<meta property=\"article:modified_time\" content=\"2025-11-19T11:55:27+00:00\" \/>\n<meta property=\"og:image\" content=\"https:\/\/teixitsvicens.com\/wp-content\/uploads\/2025\/11\/Llit-cus-tela-mallorquina-302-blau.jpg\" \/>\n\t<meta property=\"og:image:width\" content=\"1200\" \/>\n\t<meta property=\"og:image:height\" content=\"1800\" \/>\n\t<meta property=\"og:image:type\" content=\"image\/jpeg\" \/>\n<meta name=\"twitter:card\" content=\"summary_large_image\" \/>\n<!-- \/ Yoast SEO plugin. -->","yoast_head_json":{"title":"Hundebett aus mallorquinischem Stoff Ikat 302 Blau | Teixits Vicens","robots":{"index":"index","follow":"follow","max-snippet":"max-snippet:-1","max-image-preview":"max-image-preview:large","max-video-preview":"max-video-preview:-1"},"canonical":"https:\/\/teixitsvicens.com\/de\/produkt\/haustiere\/betthund\/hundebett-aus-mallorquinischem-stoff-ikat-302-blau\/","og_locale":"de_DE","og_type":"article","og_title":"Hundebett aus mallorquinischem Stoff Ikat 302 Blau | Teixits Vicens","og_description":"L: 80x60x28 \u2013 352\u20ac M: 65x50x25 \u2013\u00a0230\u20ac Bequemes Hundebett aus strapazierf\u00e4higen mallorquinischen Stoffen mit einer Innenf\u00fcllung, die sich dem K\u00f6rper...","og_url":"https:\/\/teixitsvicens.com\/de\/produkt\/haustiere\/betthund\/hundebett-aus-mallorquinischem-stoff-ikat-302-blau\/","og_site_name":"Teixits Vicens","article_publisher":"https:\/\/www.facebook.com\/TeixitsVicens\/","article_modified_time":"2025-11-19T11:55:27+00:00","og_image":[{"width":1200,"height":1800,"url":"https:\/\/teixitsvicens.com\/wp-content\/uploads\/2025\/11\/Llit-cus-tela-mallorquina-302-blau.jpg","type":"image\/jpeg"}],"twitter_card":"summary_large_image","schema":{"@context":"https:\/\/schema.org","@graph":[{"@type":"WebPage","@id":"https:\/\/teixitsvicens.com\/de\/produkt\/haustiere\/betthund\/hundebett-aus-mallorquinischem-stoff-ikat-302-blau\/","url":"https:\/\/teixitsvicens.com\/de\/produkt\/haustiere\/betthund\/hundebett-aus-mallorquinischem-stoff-ikat-302-blau\/","name":"Hundebett aus mallorquinischem Stoff Ikat 302 Blau | Teixits Vicens","isPartOf":{"@id":"https:\/\/teixitsvicens.com\/de\/#website"},"primaryImageOfPage":{"@id":"https:\/\/teixitsvicens.com\/de\/produkt\/haustiere\/betthund\/hundebett-aus-mallorquinischem-stoff-ikat-302-blau\/#primaryimage"},"image":{"@id":"https:\/\/teixitsvicens.com\/de\/produkt\/haustiere\/betthund\/hundebett-aus-mallorquinischem-stoff-ikat-302-blau\/#primaryimage"},"thumbnailUrl":"https:\/\/teixitsvicens.com\/wp-content\/uploads\/2025\/11\/Llit-cus-tela-mallorquina-302-blau.jpg","datePublished":"2025-11-19T11:55:26+00:00","dateModified":"2025-11-19T11:55:27+00:00","breadcrumb":{"@id":"https:\/\/teixitsvicens.com\/de\/produkt\/haustiere\/betthund\/hundebett-aus-mallorquinischem-stoff-ikat-302-blau\/#breadcrumb"},"inLanguage":"de","potentialAction":[{"@type":"ReadAction","target":["https:\/\/teixitsvicens.com\/de\/produkt\/haustiere\/betthund\/hundebett-aus-mallorquinischem-stoff-ikat-302-blau\/"]}]},{"@type":"ImageObject","inLanguage":"de","@id":"https:\/\/teixitsvicens.com\/de\/produkt\/haustiere\/betthund\/hundebett-aus-mallorquinischem-stoff-ikat-302-blau\/#primaryimage","url":"https:\/\/teixitsvicens.com\/wp-content\/uploads\/2025\/11\/Llit-cus-tela-mallorquina-302-blau.jpg","contentUrl":"https:\/\/teixitsvicens.com\/wp-content\/uploads\/2025\/11\/Llit-cus-tela-mallorquina-302-blau.jpg","width":1200,"height":1800},{"@type":"BreadcrumbList","@id":"https:\/\/teixitsvicens.com\/de\/produkt\/haustiere\/betthund\/hundebett-aus-mallorquinischem-stoff-ikat-302-blau\/#breadcrumb","itemListElement":[{"@type":"ListItem","position":1,"name":"Inici","item":"https:\/\/teixitsvicens.com\/de\/home\/"},{"@type":"ListItem","position":2,"name":"Online-Shop","item":"https:\/\/teixitsvicens.com\/de\/online-shop\/"},{"@type":"ListItem","position":3,"name":"Hundebett aus mallorquinischem Stoff Ikat 302 Blau"}]},{"@type":"WebSite","@id":"https:\/\/teixitsvicens.com\/de\/#website","url":"https:\/\/teixitsvicens.com\/de\/","name":"Teixits Vicens","description":"Taller textil artesano","publisher":{"@id":"https:\/\/teixitsvicens.com\/de\/#organization"},"alternateName":"Teixits Vicens","potentialAction":[{"@type":"SearchAction","target":{"@type":"EntryPoint","urlTemplate":"https:\/\/teixitsvicens.com\/de\/?s={search_term_string}"},"query-input":{"@type":"PropertyValueSpecification","valueRequired":true,"valueName":"search_term_string"}}],"inLanguage":"de"},{"@type":"Organization","@id":"https:\/\/teixitsvicens.com\/de\/#organization","name":"Teixits Vicens","url":"https:\/\/teixitsvicens.com\/de\/","logo":{"@type":"ImageObject","inLanguage":"de","@id":"https:\/\/teixitsvicens.com\/de\/#\/schema\/logo\/image\/","url":"https:\/\/teixitsvicens.com\/wp-content\/uploads\/2025\/10\/logo-teixits-vicents.png","contentUrl":"https:\/\/teixitsvicens.com\/wp-content\/uploads\/2025\/10\/logo-teixits-vicents.png","width":629,"height":131,"caption":"Teixits Vicens"},"image":{"@id":"https:\/\/teixitsvicens.com\/de\/#\/schema\/logo\/image\/"},"sameAs":["https:\/\/www.facebook.com\/TeixitsVicens\/","https:\/\/www.instagram.com\/teixitsvicens\/"]}]}},"_links":{"self":[{"href":"https:\/\/teixitsvicens.com\/de\/wp-json\/wp\/v2\/product\/37997","targetHints":{"allow":["GET"]}}],"collection":[{"href":"https:\/\/teixitsvicens.com\/de\/wp-json\/wp\/v2\/product"}],"about":[{"href":"https:\/\/teixitsvicens.com\/de\/wp-json\/wp\/v2\/types\/product"}],"replies":[{"embeddable":true,"href":"https:\/\/teixitsvicens.com\/de\/wp-json\/wp\/v2\/comments?post=37997"}],"wp:featuredmedia":[{"embeddable":true,"href":"https:\/\/teixitsvicens.com\/de\/wp-json\/wp\/v2\/media\/37989"}],"wp:attachment":[{"href":"https:\/\/teixitsvicens.com\/de\/wp-json\/wp\/v2\/media?parent=37997"}],"wp:term":[{"taxonomy":"product_brand","embeddable":true,"href":"https:\/\/teixitsvicens.com\/de\/wp-json\/wp\/v2\/product_brand?post=37997"},{"taxonomy":"product_cat","embeddable":true,"href":"https:\/\/teixitsvicens.com\/de\/wp-json\/wp\/v2\/product_cat?post=37997"},{"taxonomy":"product_tag","embeddable":true,"href":"https:\/\/teixitsvicens.com\/de\/wp-json\/wp\/v2\/product_tag?post=37997"}],"curies":[{"name":"wp","href":"https:\/\/api.w.org\/{rel}","templated":true}]}}