{"id":37919,"date":"2025-11-18T19:56:15","date_gmt":"2025-11-18T18:56:15","guid":{"rendered":"https:\/\/teixitsvicens.com\/?post_type=product&#038;p=37919"},"modified":"2025-11-18T19:56:15","modified_gmt":"2025-11-18T18:56:15","slug":"runder-pouf-aus-mallorquinischem-stoff-225-olivgruen","status":"publish","type":"product","link":"https:\/\/teixitsvicens.com\/de\/produkt\/dekor\/pouff-de\/runder-pouf-aus-mallorquinischem-stoff-225-olivgruen\/","title":{"rendered":"Runder Pouf aus mallorquinischem Stoff 225 Olivgr\u00fcn"},"content":{"rendered":"<p>Verleihen Sie Ihrem Zuhause mediterranen Charakter mit unserem Pouf aus authentischem mallorquinischem Stoff.<br data-start=\"1696\" data-end=\"1699\" \/>Jedes St\u00fcck wird von Hand gefertigt und verwendet die traditionelle <em data-start=\"1767\" data-end=\"1773\">Ikat<\/em>&#8211; oder <em data-start=\"1780\" data-end=\"1790\">Lleng\u00fces<\/em>-Technik, ein emblematisches<\/p>\n<p>Design des mallorquinischen Kunsthandwerks, das Geschichte, Farbe und Eleganz vereint.<br data-start=\"1905\" data-end=\"1908\" \/>Seine robuste Struktur und die bequeme F\u00fcllung machen ihn zu einem perfekten Element als zus\u00e4tzlicher Sitz, Fu\u00dfst\u00fctze<\/p>\n<p>oder dekoratives Detail in jedem Raum. Dank der Strapazierf\u00e4higkeit und Qualit\u00e4t des handwerklich hergestellten Stoffes<\/p>\n<p>ist dieser Pouf ideal f\u00fcr den t\u00e4glichen Gebrauch und um Wohnzimmern, Schlafzimmern oder \u00fcberdachten Terrassen eine<\/p>\n<p>besondere Note zu verleihen.<br data-start=\"2289\" data-end=\"2292\" \/>Einzigartiges Design, edle Materialien und mediterrane Tradition vereinen sich in einem St\u00fcck, das jedes Ambiente verwandelt.<\/p>\n","protected":false},"excerpt":{"rendered":"<div class=\"woocommerce-product-details__short-description\">\n<p>Dieses Produkt <strong>ist nur auf Bestellung erh\u00e4ltlich<\/strong>.<br \/>\nWenn Sie interessiert sind, k\u00f6nnen Sie uns per Telefon oder E-Mail kontaktieren, und wir werden uns so schnell wie m\u00f6glich bei Ihnen melden<\/p>\n<p><a href=\"tel:+34%20971%20530%20450\">+34 971 530 450<\/a><br \/>\n<a href=\"mailto:info@teixitsvicens.com\">info@teixitsvicens.com<\/a><\/p>\n<\/div>\n","protected":false},"featured_media":37915,"comment_status":"closed","ping_status":"closed","template":"","meta":[],"product_brand":[],"product_cat":[1033],"product_tag":[],"class_list":{"0":"post-37919","1":"product","2":"type-product","3":"status-publish","4":"has-post-thumbnail","6":"product_cat-pouff-de","8":"first","9":"outofstock","10":"shipping-taxable","11":"purchasable","12":"product-type-simple"},"yoast_head":"<!-- This site is optimized with the Yoast SEO plugin v27.0 - https:\/\/yoast.com\/product\/yoast-seo-wordpress\/ -->\n<title>Runder Pouf aus mallorquinischem Stoff 225 Olivgr\u00fcn | Teixits Vicens<\/title>\n<meta name=\"robots\" content=\"index, follow, max-snippet:-1, max-image-preview:large, max-video-preview:-1\" \/>\n<link rel=\"canonical\" href=\"https:\/\/teixitsvicens.com\/de\/produkt\/dekor\/pouff-de\/runder-pouf-aus-mallorquinischem-stoff-225-olivgruen\/\" \/>\n<meta property=\"og:locale\" content=\"de_DE\" \/>\n<meta property=\"og:type\" content=\"article\" \/>\n<meta property=\"og:title\" content=\"Runder Pouf aus mallorquinischem Stoff 225 Olivgr\u00fcn | Teixits Vicens\" \/>\n<meta property=\"og:description\" content=\"Dieses Produkt ist nur auf Bestellung erh\u00e4ltlich. Wenn Sie interessiert sind, k\u00f6nnen Sie uns per Telefon oder E-Mail kontaktieren, und wir werden uns so schnell wie m\u00f6glich bei Ihnen melden  +34 971 530 450 info@teixitsvicens.com\" \/>\n<meta property=\"og:url\" content=\"https:\/\/teixitsvicens.com\/de\/produkt\/dekor\/pouff-de\/runder-pouf-aus-mallorquinischem-stoff-225-olivgruen\/\" \/>\n<meta property=\"og:site_name\" content=\"Teixits Vicens\" \/>\n<meta property=\"article:publisher\" content=\"https:\/\/www.facebook.com\/TeixitsVicens\/\" \/>\n<meta property=\"og:image\" content=\"https:\/\/teixitsvicens.com\/wp-content\/uploads\/2025\/11\/Pouf-tela-mallorquina-redondo-683x1024.jpg\" \/>\n\t<meta property=\"og:image:width\" content=\"683\" \/>\n\t<meta property=\"og:image:height\" content=\"1024\" \/>\n\t<meta property=\"og:image:type\" content=\"image\/jpeg\" \/>\n<meta name=\"twitter:card\" content=\"summary_large_image\" \/>\n<meta name=\"twitter:label1\" content=\"Est. reading time\" \/>\n\t<meta name=\"twitter:data1\" content=\"1 minute\" \/>\n<!-- \/ Yoast SEO plugin. -->","yoast_head_json":{"title":"Runder Pouf aus mallorquinischem Stoff 225 Olivgr\u00fcn | Teixits Vicens","robots":{"index":"index","follow":"follow","max-snippet":"max-snippet:-1","max-image-preview":"max-image-preview:large","max-video-preview":"max-video-preview:-1"},"canonical":"https:\/\/teixitsvicens.com\/de\/produkt\/dekor\/pouff-de\/runder-pouf-aus-mallorquinischem-stoff-225-olivgruen\/","og_locale":"de_DE","og_type":"article","og_title":"Runder Pouf aus mallorquinischem Stoff 225 Olivgr\u00fcn | Teixits Vicens","og_description":"Dieses Produkt ist nur auf Bestellung erh\u00e4ltlich. Wenn Sie interessiert sind, k\u00f6nnen Sie uns per Telefon oder E-Mail kontaktieren, und wir werden uns so schnell wie m\u00f6glich bei Ihnen melden  +34 971 530 450 info@teixitsvicens.com","og_url":"https:\/\/teixitsvicens.com\/de\/produkt\/dekor\/pouff-de\/runder-pouf-aus-mallorquinischem-stoff-225-olivgruen\/","og_site_name":"Teixits Vicens","article_publisher":"https:\/\/www.facebook.com\/TeixitsVicens\/","og_image":[{"width":683,"height":1024,"url":"https:\/\/teixitsvicens.com\/wp-content\/uploads\/2025\/11\/Pouf-tela-mallorquina-redondo-683x1024.jpg","type":"image\/jpeg"}],"twitter_card":"summary_large_image","twitter_misc":{"Est. reading time":"1 minute"},"schema":{"@context":"https:\/\/schema.org","@graph":[{"@type":"WebPage","@id":"https:\/\/teixitsvicens.com\/de\/produkt\/dekor\/pouff-de\/runder-pouf-aus-mallorquinischem-stoff-225-olivgruen\/","url":"https:\/\/teixitsvicens.com\/de\/produkt\/dekor\/pouff-de\/runder-pouf-aus-mallorquinischem-stoff-225-olivgruen\/","name":"Runder Pouf aus mallorquinischem Stoff 225 Olivgr\u00fcn | Teixits Vicens","isPartOf":{"@id":"https:\/\/teixitsvicens.com\/de\/#website"},"primaryImageOfPage":{"@id":"https:\/\/teixitsvicens.com\/de\/produkt\/dekor\/pouff-de\/runder-pouf-aus-mallorquinischem-stoff-225-olivgruen\/#primaryimage"},"image":{"@id":"https:\/\/teixitsvicens.com\/de\/produkt\/dekor\/pouff-de\/runder-pouf-aus-mallorquinischem-stoff-225-olivgruen\/#primaryimage"},"thumbnailUrl":"https:\/\/teixitsvicens.com\/wp-content\/uploads\/2025\/11\/Pouf-tela-mallorquina-redondo.jpg","datePublished":"2025-11-18T18:56:15+00:00","breadcrumb":{"@id":"https:\/\/teixitsvicens.com\/de\/produkt\/dekor\/pouff-de\/runder-pouf-aus-mallorquinischem-stoff-225-olivgruen\/#breadcrumb"},"inLanguage":"de","potentialAction":[{"@type":"ReadAction","target":["https:\/\/teixitsvicens.com\/de\/produkt\/dekor\/pouff-de\/runder-pouf-aus-mallorquinischem-stoff-225-olivgruen\/"]}]},{"@type":"ImageObject","inLanguage":"de","@id":"https:\/\/teixitsvicens.com\/de\/produkt\/dekor\/pouff-de\/runder-pouf-aus-mallorquinischem-stoff-225-olivgruen\/#primaryimage","url":"https:\/\/teixitsvicens.com\/wp-content\/uploads\/2025\/11\/Pouf-tela-mallorquina-redondo.jpg","contentUrl":"https:\/\/teixitsvicens.com\/wp-content\/uploads\/2025\/11\/Pouf-tela-mallorquina-redondo.jpg","width":1200,"height":1800},{"@type":"BreadcrumbList","@id":"https:\/\/teixitsvicens.com\/de\/produkt\/dekor\/pouff-de\/runder-pouf-aus-mallorquinischem-stoff-225-olivgruen\/#breadcrumb","itemListElement":[{"@type":"ListItem","position":1,"name":"Inici","item":"https:\/\/teixitsvicens.com\/de\/home\/"},{"@type":"ListItem","position":2,"name":"Online-Shop","item":"https:\/\/teixitsvicens.com\/de\/online-shop\/"},{"@type":"ListItem","position":3,"name":"Runder Pouf aus mallorquinischem Stoff 225 Olivgr\u00fcn"}]},{"@type":"WebSite","@id":"https:\/\/teixitsvicens.com\/de\/#website","url":"https:\/\/teixitsvicens.com\/de\/","name":"Teixits Vicens","description":"Taller textil artesano","publisher":{"@id":"https:\/\/teixitsvicens.com\/de\/#organization"},"alternateName":"Teixits Vicens","potentialAction":[{"@type":"SearchAction","target":{"@type":"EntryPoint","urlTemplate":"https:\/\/teixitsvicens.com\/de\/?s={search_term_string}"},"query-input":{"@type":"PropertyValueSpecification","valueRequired":true,"valueName":"search_term_string"}}],"inLanguage":"de"},{"@type":"Organization","@id":"https:\/\/teixitsvicens.com\/de\/#organization","name":"Teixits Vicens","url":"https:\/\/teixitsvicens.com\/de\/","logo":{"@type":"ImageObject","inLanguage":"de","@id":"https:\/\/teixitsvicens.com\/de\/#\/schema\/logo\/image\/","url":"https:\/\/teixitsvicens.com\/wp-content\/uploads\/2025\/10\/logo-teixits-vicents.png","contentUrl":"https:\/\/teixitsvicens.com\/wp-content\/uploads\/2025\/10\/logo-teixits-vicents.png","width":629,"height":131,"caption":"Teixits Vicens"},"image":{"@id":"https:\/\/teixitsvicens.com\/de\/#\/schema\/logo\/image\/"},"sameAs":["https:\/\/www.facebook.com\/TeixitsVicens\/","https:\/\/www.instagram.com\/teixitsvicens\/"]}]}},"_links":{"self":[{"href":"https:\/\/teixitsvicens.com\/de\/wp-json\/wp\/v2\/product\/37919","targetHints":{"allow":["GET"]}}],"collection":[{"href":"https:\/\/teixitsvicens.com\/de\/wp-json\/wp\/v2\/product"}],"about":[{"href":"https:\/\/teixitsvicens.com\/de\/wp-json\/wp\/v2\/types\/product"}],"replies":[{"embeddable":true,"href":"https:\/\/teixitsvicens.com\/de\/wp-json\/wp\/v2\/comments?post=37919"}],"wp:featuredmedia":[{"embeddable":true,"href":"https:\/\/teixitsvicens.com\/de\/wp-json\/wp\/v2\/media\/37915"}],"wp:attachment":[{"href":"https:\/\/teixitsvicens.com\/de\/wp-json\/wp\/v2\/media?parent=37919"}],"wp:term":[{"taxonomy":"product_brand","embeddable":true,"href":"https:\/\/teixitsvicens.com\/de\/wp-json\/wp\/v2\/product_brand?post=37919"},{"taxonomy":"product_cat","embeddable":true,"href":"https:\/\/teixitsvicens.com\/de\/wp-json\/wp\/v2\/product_cat?post=37919"},{"taxonomy":"product_tag","embeddable":true,"href":"https:\/\/teixitsvicens.com\/de\/wp-json\/wp\/v2\/product_tag?post=37919"}],"curies":[{"name":"wp","href":"https:\/\/api.w.org\/{rel}","templated":true}]}}