{"id":37681,"date":"2025-10-20T11:41:42","date_gmt":"2025-10-20T09:41:42","guid":{"rendered":"https:\/\/teixitsvicens.com\/?post_type=product&#038;p=37681"},"modified":"2025-10-20T11:41:43","modified_gmt":"2025-10-20T09:41:43","slug":"halbmond-tasche-mallorquinischer-ikat-stoff-61-schwarz","status":"publish","type":"product","link":"https:\/\/teixitsvicens.com\/de\/produkt\/taschen\/halbmondformige-tasche-aus-mallorquinischem-stoff\/halbmond-tasche-mallorquinischer-ikat-stoff-61-schwarz\/","title":{"rendered":"Halbmond-Tasche Mallorquinischer Ikat-Stoff 61 Schwarz"},"content":{"rendered":"<pre id=\"tw-target-text\" class=\"tw-data-text tw-text-large tw-ta\" dir=\"ltr\" tabindex=\"-1\" role=\"text\" data-placeholder=\"Traducci\u00f3n\" data-ved=\"2ahUKEwi9queZu7KQAxVIgP0HHfM5DnoQ3ewLegQIChAV\" aria-label=\"Texto traducido: Halbmondtasche aus mallorquinischem Stoff \u2013 Handwerkskunst mit mediterranem Charme\r\n\r\nDiese halbmondf\u00f6rmige Umh\u00e4ngetasche ist handgefertigt aus authentischem mallorquinischem Stoff, auch bekannt als \u201elleng\u00fces\u201c, einem traditionellen Stoff der Insel, der sich durch seine leuchtenden Farben und seinen charakteristischen Druck in Form von Feuerzungen auszeichnet.\r\n\r\nMit seinem komfortablen und leichten Design passt sich seine halbrunde Form perfekt dem K\u00f6rper an und ist somit das ideale Accessoire f\u00fcr den t\u00e4glichen Gebrauch. Sie verf\u00fcgt \u00fcber einen Rei\u00dfverschluss und ein Innenfutter, und dank des verstellbaren Griffs k\u00f6nnen Sie sie je nach Stil \u00fcber der Schulter oder als Umh\u00e4ngetasche tragen.\r\n\r\nJedes St\u00fcck ist ein Unikat, das liebevoll in lokalen Werkst\u00e4tten hergestellt wird und textile Tradition mit zeitgen\u00f6ssischem Design verbindet.\r\n\r\nEigenschaften:\r\n\r\nMaterial: Mallorquinischer Stoff 100 % Baumwolle\r\n\r\nInnenfutter aus Baumwolle\r\n\r\nRei\u00dfverschluss\r\n\r\nVerstellbarer Griff\r\n\r\nUngef\u00e4hre Ma\u00dfe: [Ma\u00dfe hinzuf\u00fcgen]\r\n\r\nHandgefertigt auf Mallorca\r\n\r\nNehmen Sie ein kleines St\u00fcck der Insel mit, wohin Sie auch gehen.\"><span class=\"Y2IQFc\" lang=\"de\">Halbmondtasche aus mallorquinischem Stoff \u2013 Handwerkskunst mit mediterranem Charme\r\n\r\nDiese halbmondf\u00f6rmige Umh\u00e4ngetasche ist handgefertigt aus authentischem mallorquinischem Stoff, auch bekannt als \u201elleng\u00fces\u201c, einem traditionellen Stoff der Insel, der sich durch seine leuchtenden Farben und seinen charakteristischen Druck in Form von Feuerzungen auszeichnet.\r\n\r\nMit seinem komfortablen und leichten Design passt sich seine halbrunde Form perfekt dem K\u00f6rper an und ist somit das ideale Accessoire f\u00fcr den t\u00e4glichen Gebrauch. Sie verf\u00fcgt \u00fcber einen Rei\u00dfverschluss und ein Innenfutter, und dank des verstellbaren Griffs k\u00f6nnen Sie sie je nach Stil \u00fcber der Schulter oder als Umh\u00e4ngetasche tragen.\r\n\r\nJedes St\u00fcck ist ein Unikat, das liebevoll in lokalen Werkst\u00e4tten hergestellt wird und textile Tradition mit zeitgen\u00f6ssischem Design verbindet.\r\n\r\nEigenschaften:\r\n\r\nMaterial: Mallorquinischer Stoff 100 % Baumwolle\r\n\r\nInnenfutter aus Baumwolle\r\n\r\nRei\u00dfverschluss\r\n\r\nVerstellbarer Griff\r\n\r\nHandgefertigt auf Mallorca\r\n\r\nNehmen Sie ein kleines St\u00fcck der Insel mit, wohin Sie auch gehen.<\/span><\/pre>\n","protected":false},"excerpt":{"rendered":"<p>26x17x6cm<\/p>\n","protected":false},"featured_media":37673,"comment_status":"closed","ping_status":"closed","template":"","meta":[],"product_brand":[],"product_cat":[1575],"product_tag":[],"class_list":{"0":"post-37681","1":"product","2":"type-product","3":"status-publish","4":"has-post-thumbnail","6":"product_cat-halbmondformige-tasche-aus-mallorquinischem-stoff","8":"first","9":"instock","10":"shipping-taxable","11":"purchasable","12":"product-type-simple"},"yoast_head":"<!-- This site is optimized with the Yoast SEO plugin v27.0 - https:\/\/yoast.com\/product\/yoast-seo-wordpress\/ -->\n<title>Halbmond-Tasche Mallorquinischer Ikat-Stoff 61 Schwarz | Teixits Vicens<\/title>\n<meta name=\"robots\" content=\"index, follow, max-snippet:-1, max-image-preview:large, max-video-preview:-1\" \/>\n<link rel=\"canonical\" href=\"https:\/\/teixitsvicens.com\/de\/produkt\/taschen\/halbmondformige-tasche-aus-mallorquinischem-stoff\/halbmond-tasche-mallorquinischer-ikat-stoff-61-schwarz\/\" \/>\n<meta property=\"og:locale\" content=\"de_DE\" \/>\n<meta property=\"og:type\" content=\"article\" \/>\n<meta property=\"og:title\" content=\"Halbmond-Tasche Mallorquinischer Ikat-Stoff 61 Schwarz | Teixits Vicens\" \/>\n<meta property=\"og:description\" content=\"26x17x6cm\" \/>\n<meta property=\"og:url\" content=\"https:\/\/teixitsvicens.com\/de\/produkt\/taschen\/halbmondformige-tasche-aus-mallorquinischem-stoff\/halbmond-tasche-mallorquinischer-ikat-stoff-61-schwarz\/\" \/>\n<meta property=\"og:site_name\" content=\"Teixits Vicens\" \/>\n<meta property=\"article:publisher\" content=\"https:\/\/www.facebook.com\/TeixitsVicens\/\" \/>\n<meta property=\"article:modified_time\" content=\"2025-10-20T09:41:43+00:00\" \/>\n<meta property=\"og:image\" content=\"https:\/\/teixitsvicens.com\/wp-content\/uploads\/2025\/10\/bolso-rinonera-media-luna-61-negre.jpg\" \/>\n\t<meta property=\"og:image:width\" content=\"1920\" \/>\n\t<meta property=\"og:image:height\" content=\"2560\" \/>\n\t<meta property=\"og:image:type\" content=\"image\/jpeg\" \/>\n<meta name=\"twitter:card\" content=\"summary_large_image\" \/>\n<!-- \/ Yoast SEO plugin. -->","yoast_head_json":{"title":"Halbmond-Tasche Mallorquinischer Ikat-Stoff 61 Schwarz | Teixits Vicens","robots":{"index":"index","follow":"follow","max-snippet":"max-snippet:-1","max-image-preview":"max-image-preview:large","max-video-preview":"max-video-preview:-1"},"canonical":"https:\/\/teixitsvicens.com\/de\/produkt\/taschen\/halbmondformige-tasche-aus-mallorquinischem-stoff\/halbmond-tasche-mallorquinischer-ikat-stoff-61-schwarz\/","og_locale":"de_DE","og_type":"article","og_title":"Halbmond-Tasche Mallorquinischer Ikat-Stoff 61 Schwarz | Teixits Vicens","og_description":"26x17x6cm","og_url":"https:\/\/teixitsvicens.com\/de\/produkt\/taschen\/halbmondformige-tasche-aus-mallorquinischem-stoff\/halbmond-tasche-mallorquinischer-ikat-stoff-61-schwarz\/","og_site_name":"Teixits Vicens","article_publisher":"https:\/\/www.facebook.com\/TeixitsVicens\/","article_modified_time":"2025-10-20T09:41:43+00:00","og_image":[{"width":1920,"height":2560,"url":"https:\/\/teixitsvicens.com\/wp-content\/uploads\/2025\/10\/bolso-rinonera-media-luna-61-negre.jpg","type":"image\/jpeg"}],"twitter_card":"summary_large_image","schema":{"@context":"https:\/\/schema.org","@graph":[{"@type":"WebPage","@id":"https:\/\/teixitsvicens.com\/de\/produkt\/taschen\/halbmondformige-tasche-aus-mallorquinischem-stoff\/halbmond-tasche-mallorquinischer-ikat-stoff-61-schwarz\/","url":"https:\/\/teixitsvicens.com\/de\/produkt\/taschen\/halbmondformige-tasche-aus-mallorquinischem-stoff\/halbmond-tasche-mallorquinischer-ikat-stoff-61-schwarz\/","name":"Halbmond-Tasche Mallorquinischer Ikat-Stoff 61 Schwarz | Teixits Vicens","isPartOf":{"@id":"https:\/\/teixitsvicens.com\/de\/#website"},"primaryImageOfPage":{"@id":"https:\/\/teixitsvicens.com\/de\/produkt\/taschen\/halbmondformige-tasche-aus-mallorquinischem-stoff\/halbmond-tasche-mallorquinischer-ikat-stoff-61-schwarz\/#primaryimage"},"image":{"@id":"https:\/\/teixitsvicens.com\/de\/produkt\/taschen\/halbmondformige-tasche-aus-mallorquinischem-stoff\/halbmond-tasche-mallorquinischer-ikat-stoff-61-schwarz\/#primaryimage"},"thumbnailUrl":"https:\/\/teixitsvicens.com\/wp-content\/uploads\/2025\/10\/bolso-rinonera-media-luna-61-negre.jpg","datePublished":"2025-10-20T09:41:42+00:00","dateModified":"2025-10-20T09:41:43+00:00","breadcrumb":{"@id":"https:\/\/teixitsvicens.com\/de\/produkt\/taschen\/halbmondformige-tasche-aus-mallorquinischem-stoff\/halbmond-tasche-mallorquinischer-ikat-stoff-61-schwarz\/#breadcrumb"},"inLanguage":"de","potentialAction":[{"@type":"ReadAction","target":["https:\/\/teixitsvicens.com\/de\/produkt\/taschen\/halbmondformige-tasche-aus-mallorquinischem-stoff\/halbmond-tasche-mallorquinischer-ikat-stoff-61-schwarz\/"]}]},{"@type":"ImageObject","inLanguage":"de","@id":"https:\/\/teixitsvicens.com\/de\/produkt\/taschen\/halbmondformige-tasche-aus-mallorquinischem-stoff\/halbmond-tasche-mallorquinischer-ikat-stoff-61-schwarz\/#primaryimage","url":"https:\/\/teixitsvicens.com\/wp-content\/uploads\/2025\/10\/bolso-rinonera-media-luna-61-negre.jpg","contentUrl":"https:\/\/teixitsvicens.com\/wp-content\/uploads\/2025\/10\/bolso-rinonera-media-luna-61-negre.jpg","width":1920,"height":2560},{"@type":"BreadcrumbList","@id":"https:\/\/teixitsvicens.com\/de\/produkt\/taschen\/halbmondformige-tasche-aus-mallorquinischem-stoff\/halbmond-tasche-mallorquinischer-ikat-stoff-61-schwarz\/#breadcrumb","itemListElement":[{"@type":"ListItem","position":1,"name":"Inici","item":"https:\/\/teixitsvicens.com\/de\/home\/"},{"@type":"ListItem","position":2,"name":"Online-Shop","item":"https:\/\/teixitsvicens.com\/de\/online-shop\/"},{"@type":"ListItem","position":3,"name":"Halbmond-Tasche Mallorquinischer Ikat-Stoff 61 Schwarz"}]},{"@type":"WebSite","@id":"https:\/\/teixitsvicens.com\/de\/#website","url":"https:\/\/teixitsvicens.com\/de\/","name":"Teixits Vicens","description":"Taller textil artesano","publisher":{"@id":"https:\/\/teixitsvicens.com\/de\/#organization"},"alternateName":"Teixits Vicens","potentialAction":[{"@type":"SearchAction","target":{"@type":"EntryPoint","urlTemplate":"https:\/\/teixitsvicens.com\/de\/?s={search_term_string}"},"query-input":{"@type":"PropertyValueSpecification","valueRequired":true,"valueName":"search_term_string"}}],"inLanguage":"de"},{"@type":"Organization","@id":"https:\/\/teixitsvicens.com\/de\/#organization","name":"Teixits Vicens","url":"https:\/\/teixitsvicens.com\/de\/","logo":{"@type":"ImageObject","inLanguage":"de","@id":"https:\/\/teixitsvicens.com\/de\/#\/schema\/logo\/image\/","url":"https:\/\/teixitsvicens.com\/wp-content\/uploads\/2025\/10\/logo-teixits-vicents.png","contentUrl":"https:\/\/teixitsvicens.com\/wp-content\/uploads\/2025\/10\/logo-teixits-vicents.png","width":629,"height":131,"caption":"Teixits Vicens"},"image":{"@id":"https:\/\/teixitsvicens.com\/de\/#\/schema\/logo\/image\/"},"sameAs":["https:\/\/www.facebook.com\/TeixitsVicens\/","https:\/\/www.instagram.com\/teixitsvicens\/"]}]}},"_links":{"self":[{"href":"https:\/\/teixitsvicens.com\/de\/wp-json\/wp\/v2\/product\/37681","targetHints":{"allow":["GET"]}}],"collection":[{"href":"https:\/\/teixitsvicens.com\/de\/wp-json\/wp\/v2\/product"}],"about":[{"href":"https:\/\/teixitsvicens.com\/de\/wp-json\/wp\/v2\/types\/product"}],"replies":[{"embeddable":true,"href":"https:\/\/teixitsvicens.com\/de\/wp-json\/wp\/v2\/comments?post=37681"}],"wp:featuredmedia":[{"embeddable":true,"href":"https:\/\/teixitsvicens.com\/de\/wp-json\/wp\/v2\/media\/37673"}],"wp:attachment":[{"href":"https:\/\/teixitsvicens.com\/de\/wp-json\/wp\/v2\/media?parent=37681"}],"wp:term":[{"taxonomy":"product_brand","embeddable":true,"href":"https:\/\/teixitsvicens.com\/de\/wp-json\/wp\/v2\/product_brand?post=37681"},{"taxonomy":"product_cat","embeddable":true,"href":"https:\/\/teixitsvicens.com\/de\/wp-json\/wp\/v2\/product_cat?post=37681"},{"taxonomy":"product_tag","embeddable":true,"href":"https:\/\/teixitsvicens.com\/de\/wp-json\/wp\/v2\/product_tag?post=37681"}],"curies":[{"name":"wp","href":"https:\/\/api.w.org\/{rel}","templated":true}]}}