{"id":37505,"date":"2025-10-14T15:46:16","date_gmt":"2025-10-14T13:46:16","guid":{"rendered":"https:\/\/teixitsvicens.com\/?post_type=product&#038;p=37505"},"modified":"2025-10-18T12:31:36","modified_gmt":"2025-10-18T10:31:36","slug":"tischdecke-aus-mallorquinischem-stoff-mit-gehrungsschnitt-235-olivgruen","status":"publish","type":"product","link":"https:\/\/teixitsvicens.com\/de\/produkt\/kueche\/tischdecken\/tischdecke-mit-gehrungskante\/tischdecke-aus-mallorquinischem-stoff-mit-gehrungsschnitt-235-olivgruen\/","title":{"rendered":"Tischdecke aus mallorquinischem Stoff mit Gehrungsschnitt 235 Olivgr\u00fcn"},"content":{"rendered":"<div id=\"tw-target-text-container\" class=\"tw-ta-container tw-nfl\" tabindex=\"0\" role=\"text\">\n<pre id=\"tw-target-text\" class=\"tw-data-text tw-text-large tw-ta\" dir=\"ltr\" tabindex=\"-1\" role=\"text\" data-placeholder=\"Traducci\u00f3\" data-ved=\"2ahUKEwjIusK1uKOQAxW8NfsDHXENOukQ3ewLegQIDhAU\" aria-label=\"Text tradu\u00eft: Tischdecke aus mallorquinischem Stoff mit Gehrungsschnitt, 235, Olivgr\u00fcn Verleihen Sie Ihrem Tisch eine authentische Note mit dieser handgefertigten Tischdecke aus mallorquinischem Stoff mit Gehrungsschnitt \u2013 f\u00fcr ein klares, elegantes und langlebiges Finish. Diese Tischdecke wird auf Mallorca aus traditionellen Stoffen hergestellt und vereint mediterranes Design, Qualit\u00e4t und Funktionalit\u00e4t. Ideal f\u00fcr Zuhause, Restaurants oder als Geschenk mit lokalem Flair \u2013 dieses St\u00fcck vereint Tradition und zeitlosen Stil. 30 % Leinen, 70 % Baumwolle\"><span class=\"Y2IQFc\" lang=\"de\">Verleihen Sie Ihrem Tisch eine authentische Note mit dieser handgefertigten Tischdecke aus mallorquinischem \r\nStoff mit Gehrungsschnitt \u2013 f\u00fcr ein klares, elegantes und langlebiges Finish.\r\n\r\nDiese Tischdecke wird auf Mallorca aus traditionellen Stoffen hergestellt und vereint mediterranes Design, \r\nQualit\u00e4t und Funktionalit\u00e4t.\r\n\r\nIdeal f\u00fcr Zuhause, Restaurants oder als Geschenk mit lokalem Flair \u2013 dieses St\u00fcck vereint Tradition und zeitlosen Stil.\r\n\r\n30 % Leinen, 70 % Baumwolle<\/span><\/pre>\n<\/div>\n<div id=\"tw-target-rmn-container\" class=\"tw-target-rmn tw-ta-container tw-nfl\" tabindex=\"-1\" role=\"text\">\n<pre id=\"tw-target-rmn\" class=\"tw-data-placeholder tw-text-small tw-ta\" dir=\"ltr\" tabindex=\"-1\" role=\"text\" data-placeholder=\"\"><\/pre>\n<\/div>\n","protected":false},"excerpt":{"rendered":"<p>250cmx150cm<\/p>\n","protected":false},"featured_media":37669,"comment_status":"closed","ping_status":"closed","template":"","meta":[],"product_brand":[],"product_cat":[1555],"product_tag":[],"class_list":{"0":"post-37505","1":"product","2":"type-product","3":"status-publish","4":"has-post-thumbnail","6":"product_cat-tischdecke-mit-gehrungskante","8":"first","9":"instock","10":"shipping-taxable","11":"purchasable","12":"product-type-simple"},"yoast_head":"<!-- This site is optimized with the Yoast SEO plugin v27.0 - https:\/\/yoast.com\/product\/yoast-seo-wordpress\/ -->\n<title>Tischdecke aus mallorquinischem Stoff mit Gehrungsschnitt 235 Olivgr\u00fcn | Teixits Vicens<\/title>\n<meta name=\"robots\" content=\"index, follow, max-snippet:-1, max-image-preview:large, max-video-preview:-1\" \/>\n<link rel=\"canonical\" href=\"https:\/\/teixitsvicens.com\/de\/produkt\/kueche\/tischdecken\/tischdecke-mit-gehrungskante\/tischdecke-aus-mallorquinischem-stoff-mit-gehrungsschnitt-235-olivgruen\/\" \/>\n<meta property=\"og:locale\" content=\"de_DE\" \/>\n<meta property=\"og:type\" content=\"article\" \/>\n<meta property=\"og:title\" content=\"Tischdecke aus mallorquinischem Stoff mit Gehrungsschnitt 235 Olivgr\u00fcn | Teixits Vicens\" \/>\n<meta property=\"og:description\" content=\"250cmx150cm\" \/>\n<meta property=\"og:url\" content=\"https:\/\/teixitsvicens.com\/de\/produkt\/kueche\/tischdecken\/tischdecke-mit-gehrungskante\/tischdecke-aus-mallorquinischem-stoff-mit-gehrungsschnitt-235-olivgruen\/\" \/>\n<meta property=\"og:site_name\" content=\"Teixits Vicens\" \/>\n<meta property=\"article:publisher\" content=\"https:\/\/www.facebook.com\/TeixitsVicens\/\" \/>\n<meta property=\"article:modified_time\" content=\"2025-10-18T10:31:36+00:00\" \/>\n<meta property=\"og:image\" content=\"https:\/\/teixitsvicens.com\/wp-content\/uploads\/2025\/10\/detall-mantel-inglete-235-verd-oliva-tela-mallorquina.jpg\" \/>\n\t<meta property=\"og:image:width\" content=\"1200\" \/>\n\t<meta property=\"og:image:height\" content=\"1800\" \/>\n\t<meta property=\"og:image:type\" content=\"image\/jpeg\" \/>\n<meta name=\"twitter:card\" content=\"summary_large_image\" \/>\n<meta name=\"twitter:label1\" content=\"Est. reading time\" \/>\n\t<meta name=\"twitter:data1\" content=\"1 minute\" \/>\n<!-- \/ Yoast SEO plugin. -->","yoast_head_json":{"title":"Tischdecke aus mallorquinischem Stoff mit Gehrungsschnitt 235 Olivgr\u00fcn | Teixits Vicens","robots":{"index":"index","follow":"follow","max-snippet":"max-snippet:-1","max-image-preview":"max-image-preview:large","max-video-preview":"max-video-preview:-1"},"canonical":"https:\/\/teixitsvicens.com\/de\/produkt\/kueche\/tischdecken\/tischdecke-mit-gehrungskante\/tischdecke-aus-mallorquinischem-stoff-mit-gehrungsschnitt-235-olivgruen\/","og_locale":"de_DE","og_type":"article","og_title":"Tischdecke aus mallorquinischem Stoff mit Gehrungsschnitt 235 Olivgr\u00fcn | Teixits Vicens","og_description":"250cmx150cm","og_url":"https:\/\/teixitsvicens.com\/de\/produkt\/kueche\/tischdecken\/tischdecke-mit-gehrungskante\/tischdecke-aus-mallorquinischem-stoff-mit-gehrungsschnitt-235-olivgruen\/","og_site_name":"Teixits Vicens","article_publisher":"https:\/\/www.facebook.com\/TeixitsVicens\/","article_modified_time":"2025-10-18T10:31:36+00:00","og_image":[{"width":1200,"height":1800,"url":"https:\/\/teixitsvicens.com\/wp-content\/uploads\/2025\/10\/detall-mantel-inglete-235-verd-oliva-tela-mallorquina.jpg","type":"image\/jpeg"}],"twitter_card":"summary_large_image","twitter_misc":{"Est. reading time":"1 minute"},"schema":{"@context":"https:\/\/schema.org","@graph":[{"@type":"WebPage","@id":"https:\/\/teixitsvicens.com\/de\/produkt\/kueche\/tischdecken\/tischdecke-mit-gehrungskante\/tischdecke-aus-mallorquinischem-stoff-mit-gehrungsschnitt-235-olivgruen\/","url":"https:\/\/teixitsvicens.com\/de\/produkt\/kueche\/tischdecken\/tischdecke-mit-gehrungskante\/tischdecke-aus-mallorquinischem-stoff-mit-gehrungsschnitt-235-olivgruen\/","name":"Tischdecke aus mallorquinischem Stoff mit Gehrungsschnitt 235 Olivgr\u00fcn | Teixits Vicens","isPartOf":{"@id":"https:\/\/teixitsvicens.com\/de\/#website"},"primaryImageOfPage":{"@id":"https:\/\/teixitsvicens.com\/de\/produkt\/kueche\/tischdecken\/tischdecke-mit-gehrungskante\/tischdecke-aus-mallorquinischem-stoff-mit-gehrungsschnitt-235-olivgruen\/#primaryimage"},"image":{"@id":"https:\/\/teixitsvicens.com\/de\/produkt\/kueche\/tischdecken\/tischdecke-mit-gehrungskante\/tischdecke-aus-mallorquinischem-stoff-mit-gehrungsschnitt-235-olivgruen\/#primaryimage"},"thumbnailUrl":"https:\/\/teixitsvicens.com\/wp-content\/uploads\/2025\/10\/detall-mantel-inglete-235-verd-oliva-tela-mallorquina.jpg","datePublished":"2025-10-14T13:46:16+00:00","dateModified":"2025-10-18T10:31:36+00:00","breadcrumb":{"@id":"https:\/\/teixitsvicens.com\/de\/produkt\/kueche\/tischdecken\/tischdecke-mit-gehrungskante\/tischdecke-aus-mallorquinischem-stoff-mit-gehrungsschnitt-235-olivgruen\/#breadcrumb"},"inLanguage":"de","potentialAction":[{"@type":"ReadAction","target":["https:\/\/teixitsvicens.com\/de\/produkt\/kueche\/tischdecken\/tischdecke-mit-gehrungskante\/tischdecke-aus-mallorquinischem-stoff-mit-gehrungsschnitt-235-olivgruen\/"]}]},{"@type":"ImageObject","inLanguage":"de","@id":"https:\/\/teixitsvicens.com\/de\/produkt\/kueche\/tischdecken\/tischdecke-mit-gehrungskante\/tischdecke-aus-mallorquinischem-stoff-mit-gehrungsschnitt-235-olivgruen\/#primaryimage","url":"https:\/\/teixitsvicens.com\/wp-content\/uploads\/2025\/10\/detall-mantel-inglete-235-verd-oliva-tela-mallorquina.jpg","contentUrl":"https:\/\/teixitsvicens.com\/wp-content\/uploads\/2025\/10\/detall-mantel-inglete-235-verd-oliva-tela-mallorquina.jpg","width":1200,"height":1800},{"@type":"BreadcrumbList","@id":"https:\/\/teixitsvicens.com\/de\/produkt\/kueche\/tischdecken\/tischdecke-mit-gehrungskante\/tischdecke-aus-mallorquinischem-stoff-mit-gehrungsschnitt-235-olivgruen\/#breadcrumb","itemListElement":[{"@type":"ListItem","position":1,"name":"Inici","item":"https:\/\/teixitsvicens.com\/de\/home\/"},{"@type":"ListItem","position":2,"name":"Online-Shop","item":"https:\/\/teixitsvicens.com\/de\/online-shop\/"},{"@type":"ListItem","position":3,"name":"Tischdecke aus mallorquinischem Stoff mit Gehrungsschnitt 235 Olivgr\u00fcn"}]},{"@type":"WebSite","@id":"https:\/\/teixitsvicens.com\/de\/#website","url":"https:\/\/teixitsvicens.com\/de\/","name":"Teixits Vicens","description":"Taller textil artesano","publisher":{"@id":"https:\/\/teixitsvicens.com\/de\/#organization"},"alternateName":"Teixits Vicens","potentialAction":[{"@type":"SearchAction","target":{"@type":"EntryPoint","urlTemplate":"https:\/\/teixitsvicens.com\/de\/?s={search_term_string}"},"query-input":{"@type":"PropertyValueSpecification","valueRequired":true,"valueName":"search_term_string"}}],"inLanguage":"de"},{"@type":"Organization","@id":"https:\/\/teixitsvicens.com\/de\/#organization","name":"Teixits Vicens","url":"https:\/\/teixitsvicens.com\/de\/","logo":{"@type":"ImageObject","inLanguage":"de","@id":"https:\/\/teixitsvicens.com\/de\/#\/schema\/logo\/image\/","url":"https:\/\/teixitsvicens.com\/wp-content\/uploads\/2025\/10\/logo-teixits-vicents.png","contentUrl":"https:\/\/teixitsvicens.com\/wp-content\/uploads\/2025\/10\/logo-teixits-vicents.png","width":629,"height":131,"caption":"Teixits Vicens"},"image":{"@id":"https:\/\/teixitsvicens.com\/de\/#\/schema\/logo\/image\/"},"sameAs":["https:\/\/www.facebook.com\/TeixitsVicens\/","https:\/\/www.instagram.com\/teixitsvicens\/"]}]}},"_links":{"self":[{"href":"https:\/\/teixitsvicens.com\/de\/wp-json\/wp\/v2\/product\/37505","targetHints":{"allow":["GET"]}}],"collection":[{"href":"https:\/\/teixitsvicens.com\/de\/wp-json\/wp\/v2\/product"}],"about":[{"href":"https:\/\/teixitsvicens.com\/de\/wp-json\/wp\/v2\/types\/product"}],"replies":[{"embeddable":true,"href":"https:\/\/teixitsvicens.com\/de\/wp-json\/wp\/v2\/comments?post=37505"}],"wp:featuredmedia":[{"embeddable":true,"href":"https:\/\/teixitsvicens.com\/de\/wp-json\/wp\/v2\/media\/37669"}],"wp:attachment":[{"href":"https:\/\/teixitsvicens.com\/de\/wp-json\/wp\/v2\/media?parent=37505"}],"wp:term":[{"taxonomy":"product_brand","embeddable":true,"href":"https:\/\/teixitsvicens.com\/de\/wp-json\/wp\/v2\/product_brand?post=37505"},{"taxonomy":"product_cat","embeddable":true,"href":"https:\/\/teixitsvicens.com\/de\/wp-json\/wp\/v2\/product_cat?post=37505"},{"taxonomy":"product_tag","embeddable":true,"href":"https:\/\/teixitsvicens.com\/de\/wp-json\/wp\/v2\/product_tag?post=37505"}],"curies":[{"name":"wp","href":"https:\/\/api.w.org\/{rel}","templated":true}]}}