{"id":37266,"date":"2025-08-21T17:30:02","date_gmt":"2025-08-21T15:30:02","guid":{"rendered":"https:\/\/teixitsvicens.com\/?post_type=product&#038;p=37266"},"modified":"2025-08-21T17:30:02","modified_gmt":"2025-08-21T15:30:02","slug":"handwerkliche-seife-vicens-%c2%b7-weihrauch","status":"publish","type":"product","link":"https:\/\/teixitsvicens.com\/de\/produkt\/andere-produkte-und-geschenke\/handgemachte-seife\/handwerkliche-seife-vicens-%c2%b7-weihrauch\/","title":{"rendered":"Handwerkliche Seife Vicens \u00b7 Weihrauch"},"content":{"rendered":"<h3 data-start=\"57\" data-end=\"99\">Exklusives Design von Teixits Vicens<\/h3>\n<p data-start=\"100\" data-end=\"135\">Handgefertigt von Sarr\u00e8l de Llevant<\/p>\n<p data-start=\"137\" data-end=\"287\">Sorgf\u00e4ltig von <strong data-start=\"152\" data-end=\"173\">Sarr\u00e8l de Llevant<\/strong> handgefertigt, vereint diese Seife nat\u00fcrliche Inhaltsstoffe mit einer tiefen Leidenschaft f\u00fcr lokale Traditionen.<\/p>\n<p data-start=\"289\" data-end=\"496\">Jedes St\u00fcck ist in ein einzigartiges Design von <strong data-start=\"337\" data-end=\"355\">Teixits Vicens<\/strong> geh\u00fcllt \u2013 einer der bekanntesten Textilwerkst\u00e4tten der Insel,<br data-start=\"417\" data-end=\"420\" \/>ber\u00fchmt f\u00fcr ihre Ikat-Stoffe und ihr Engagement f\u00fcr traditionelles Handwerk.<\/p>\n<p data-start=\"498\" data-end=\"658\">Ein Produkt, das Hautpflege, Naturverbundenheit und die Sch\u00f6nheit mallorquinischen Designs vereint.<br data-start=\"597\" data-end=\"600\" \/>Perfekt als besonderes Geschenk oder kleiner Alltagsluxus.<\/p>\n<p data-start=\"660\" data-end=\"751\">\ud83c\udf3f 100 % nat\u00fcrlich |\u00a0 Mallorquinisches Kunsthandwerk |\u00a0 Textildesign von Teixits Vicens<\/p>\n<p data-start=\"660\" data-end=\"751\">Weihrauch und Patchouli<\/p>\n<p data-start=\"753\" data-end=\"789\"><strong data-start=\"753\" data-end=\"777\">8 cm x 3,5 cm x 4 cm<\/strong><br data-start=\"777\" data-end=\"780\" \/><strong data-start=\"780\" data-end=\"789\">155 g<\/strong><\/p>\n","protected":false},"excerpt":{"rendered":"<p>Exklusives Design von Teixits Vicens Handgefertigt von Sarr\u00e8l de Llevant Sorgf\u00e4ltig von Sarr\u00e8l de Llevant handgefertigt, vereint diese Seife nat\u00fcrliche&#8230;<\/p>\n","protected":false},"featured_media":37261,"comment_status":"closed","ping_status":"closed","template":"","meta":[],"product_brand":[],"product_cat":[1367],"product_tag":[],"class_list":{"0":"post-37266","1":"product","2":"type-product","3":"status-publish","4":"has-post-thumbnail","6":"product_cat-handgemachte-seife","8":"first","9":"instock","10":"shipping-taxable","11":"purchasable","12":"product-type-simple"},"yoast_head":"<!-- This site is optimized with the Yoast SEO plugin v27.0 - https:\/\/yoast.com\/product\/yoast-seo-wordpress\/ -->\n<title>Handwerkliche Seife Vicens \u00b7 Weihrauch | Teixits Vicens<\/title>\n<meta name=\"robots\" content=\"index, follow, max-snippet:-1, max-image-preview:large, max-video-preview:-1\" \/>\n<link rel=\"canonical\" href=\"https:\/\/teixitsvicens.com\/de\/produkt\/andere-produkte-und-geschenke\/handgemachte-seife\/handwerkliche-seife-vicens-%c2%b7-weihrauch\/\" \/>\n<meta property=\"og:locale\" content=\"de_DE\" \/>\n<meta property=\"og:type\" content=\"article\" \/>\n<meta property=\"og:title\" content=\"Handwerkliche Seife Vicens \u00b7 Weihrauch | Teixits Vicens\" \/>\n<meta property=\"og:description\" content=\"Exklusives Design von Teixits Vicens Handgefertigt von Sarr\u00e8l de Llevant Sorgf\u00e4ltig von Sarr\u00e8l de Llevant handgefertigt, vereint diese Seife nat\u00fcrliche...\" \/>\n<meta property=\"og:url\" content=\"https:\/\/teixitsvicens.com\/de\/produkt\/andere-produkte-und-geschenke\/handgemachte-seife\/handwerkliche-seife-vicens-%c2%b7-weihrauch\/\" \/>\n<meta property=\"og:site_name\" content=\"Teixits Vicens\" \/>\n<meta property=\"article:publisher\" content=\"https:\/\/www.facebook.com\/TeixitsVicens\/\" \/>\n<meta property=\"og:image\" content=\"https:\/\/teixitsvicens.com\/wp-content\/uploads\/2025\/08\/jabon-artesano-mallorca-vicens-m-1.jpg\" \/>\n\t<meta property=\"og:image:width\" content=\"1200\" \/>\n\t<meta property=\"og:image:height\" content=\"1800\" \/>\n\t<meta property=\"og:image:type\" content=\"image\/jpeg\" \/>\n<meta name=\"twitter:card\" content=\"summary_large_image\" \/>\n<meta name=\"twitter:label1\" content=\"Est. reading time\" \/>\n\t<meta name=\"twitter:data1\" content=\"1 minute\" \/>\n<!-- \/ Yoast SEO plugin. -->","yoast_head_json":{"title":"Handwerkliche Seife Vicens \u00b7 Weihrauch | Teixits Vicens","robots":{"index":"index","follow":"follow","max-snippet":"max-snippet:-1","max-image-preview":"max-image-preview:large","max-video-preview":"max-video-preview:-1"},"canonical":"https:\/\/teixitsvicens.com\/de\/produkt\/andere-produkte-und-geschenke\/handgemachte-seife\/handwerkliche-seife-vicens-%c2%b7-weihrauch\/","og_locale":"de_DE","og_type":"article","og_title":"Handwerkliche Seife Vicens \u00b7 Weihrauch | Teixits Vicens","og_description":"Exklusives Design von Teixits Vicens Handgefertigt von Sarr\u00e8l de Llevant Sorgf\u00e4ltig von Sarr\u00e8l de Llevant handgefertigt, vereint diese Seife nat\u00fcrliche...","og_url":"https:\/\/teixitsvicens.com\/de\/produkt\/andere-produkte-und-geschenke\/handgemachte-seife\/handwerkliche-seife-vicens-%c2%b7-weihrauch\/","og_site_name":"Teixits Vicens","article_publisher":"https:\/\/www.facebook.com\/TeixitsVicens\/","og_image":[{"width":1200,"height":1800,"url":"https:\/\/teixitsvicens.com\/wp-content\/uploads\/2025\/08\/jabon-artesano-mallorca-vicens-m-1.jpg","type":"image\/jpeg"}],"twitter_card":"summary_large_image","twitter_misc":{"Est. reading time":"1 minute"},"schema":{"@context":"https:\/\/schema.org","@graph":[{"@type":"WebPage","@id":"https:\/\/teixitsvicens.com\/de\/produkt\/andere-produkte-und-geschenke\/handgemachte-seife\/handwerkliche-seife-vicens-%c2%b7-weihrauch\/","url":"https:\/\/teixitsvicens.com\/de\/produkt\/andere-produkte-und-geschenke\/handgemachte-seife\/handwerkliche-seife-vicens-%c2%b7-weihrauch\/","name":"Handwerkliche Seife Vicens \u00b7 Weihrauch | Teixits Vicens","isPartOf":{"@id":"https:\/\/teixitsvicens.com\/de\/#website"},"primaryImageOfPage":{"@id":"https:\/\/teixitsvicens.com\/de\/produkt\/andere-produkte-und-geschenke\/handgemachte-seife\/handwerkliche-seife-vicens-%c2%b7-weihrauch\/#primaryimage"},"image":{"@id":"https:\/\/teixitsvicens.com\/de\/produkt\/andere-produkte-und-geschenke\/handgemachte-seife\/handwerkliche-seife-vicens-%c2%b7-weihrauch\/#primaryimage"},"thumbnailUrl":"https:\/\/teixitsvicens.com\/wp-content\/uploads\/2025\/08\/jabon-artesano-mallorca-vicens-m-1.jpg","datePublished":"2025-08-21T15:30:02+00:00","breadcrumb":{"@id":"https:\/\/teixitsvicens.com\/de\/produkt\/andere-produkte-und-geschenke\/handgemachte-seife\/handwerkliche-seife-vicens-%c2%b7-weihrauch\/#breadcrumb"},"inLanguage":"de","potentialAction":[{"@type":"ReadAction","target":["https:\/\/teixitsvicens.com\/de\/produkt\/andere-produkte-und-geschenke\/handgemachte-seife\/handwerkliche-seife-vicens-%c2%b7-weihrauch\/"]}]},{"@type":"ImageObject","inLanguage":"de","@id":"https:\/\/teixitsvicens.com\/de\/produkt\/andere-produkte-und-geschenke\/handgemachte-seife\/handwerkliche-seife-vicens-%c2%b7-weihrauch\/#primaryimage","url":"https:\/\/teixitsvicens.com\/wp-content\/uploads\/2025\/08\/jabon-artesano-mallorca-vicens-m-1.jpg","contentUrl":"https:\/\/teixitsvicens.com\/wp-content\/uploads\/2025\/08\/jabon-artesano-mallorca-vicens-m-1.jpg","width":1200,"height":1800},{"@type":"BreadcrumbList","@id":"https:\/\/teixitsvicens.com\/de\/produkt\/andere-produkte-und-geschenke\/handgemachte-seife\/handwerkliche-seife-vicens-%c2%b7-weihrauch\/#breadcrumb","itemListElement":[{"@type":"ListItem","position":1,"name":"Inici","item":"https:\/\/teixitsvicens.com\/de\/home\/"},{"@type":"ListItem","position":2,"name":"Online-Shop","item":"https:\/\/teixitsvicens.com\/de\/online-shop\/"},{"@type":"ListItem","position":3,"name":"Handwerkliche Seife Vicens \u00b7 Weihrauch"}]},{"@type":"WebSite","@id":"https:\/\/teixitsvicens.com\/de\/#website","url":"https:\/\/teixitsvicens.com\/de\/","name":"Teixits Vicens","description":"Taller textil artesano","publisher":{"@id":"https:\/\/teixitsvicens.com\/de\/#organization"},"alternateName":"Teixits Vicens","potentialAction":[{"@type":"SearchAction","target":{"@type":"EntryPoint","urlTemplate":"https:\/\/teixitsvicens.com\/de\/?s={search_term_string}"},"query-input":{"@type":"PropertyValueSpecification","valueRequired":true,"valueName":"search_term_string"}}],"inLanguage":"de"},{"@type":"Organization","@id":"https:\/\/teixitsvicens.com\/de\/#organization","name":"Teixits Vicens","url":"https:\/\/teixitsvicens.com\/de\/","logo":{"@type":"ImageObject","inLanguage":"de","@id":"https:\/\/teixitsvicens.com\/de\/#\/schema\/logo\/image\/","url":"https:\/\/teixitsvicens.com\/wp-content\/uploads\/2025\/10\/logo-teixits-vicents.png","contentUrl":"https:\/\/teixitsvicens.com\/wp-content\/uploads\/2025\/10\/logo-teixits-vicents.png","width":629,"height":131,"caption":"Teixits Vicens"},"image":{"@id":"https:\/\/teixitsvicens.com\/de\/#\/schema\/logo\/image\/"},"sameAs":["https:\/\/www.facebook.com\/TeixitsVicens\/","https:\/\/www.instagram.com\/teixitsvicens\/"]}]}},"_links":{"self":[{"href":"https:\/\/teixitsvicens.com\/de\/wp-json\/wp\/v2\/product\/37266","targetHints":{"allow":["GET"]}}],"collection":[{"href":"https:\/\/teixitsvicens.com\/de\/wp-json\/wp\/v2\/product"}],"about":[{"href":"https:\/\/teixitsvicens.com\/de\/wp-json\/wp\/v2\/types\/product"}],"replies":[{"embeddable":true,"href":"https:\/\/teixitsvicens.com\/de\/wp-json\/wp\/v2\/comments?post=37266"}],"wp:featuredmedia":[{"embeddable":true,"href":"https:\/\/teixitsvicens.com\/de\/wp-json\/wp\/v2\/media\/37261"}],"wp:attachment":[{"href":"https:\/\/teixitsvicens.com\/de\/wp-json\/wp\/v2\/media?parent=37266"}],"wp:term":[{"taxonomy":"product_brand","embeddable":true,"href":"https:\/\/teixitsvicens.com\/de\/wp-json\/wp\/v2\/product_brand?post=37266"},{"taxonomy":"product_cat","embeddable":true,"href":"https:\/\/teixitsvicens.com\/de\/wp-json\/wp\/v2\/product_cat?post=37266"},{"taxonomy":"product_tag","embeddable":true,"href":"https:\/\/teixitsvicens.com\/de\/wp-json\/wp\/v2\/product_tag?post=37266"}],"curies":[{"name":"wp","href":"https:\/\/api.w.org\/{rel}","templated":true}]}}