{"id":36522,"date":"2025-06-06T15:27:17","date_gmt":"2025-06-06T13:27:17","guid":{"rendered":"https:\/\/teixitsvicens.com\/?post_type=product&#038;p=36522"},"modified":"2025-06-06T15:27:18","modified_gmt":"2025-06-06T13:27:18","slug":"caleta-rucksack-mallorquinischer-stoff-105-blau","status":"publish","type":"product","link":"https:\/\/teixitsvicens.com\/de\/produkt\/taschen\/caleta-rucksacktasche\/caleta-rucksack-mallorquinischer-stoff-105-blau\/","title":{"rendered":"Caleta Rucksack, Mallorquinischer Stoff 105 Blau"},"content":{"rendered":"<div id=\"tw-target-text-container\" class=\"tw-ta-container tw-nfl\" tabindex=\"0\" role=\"text\">\n<pre id=\"tw-target-text\" class=\"tw-data-text tw-text-large tw-ta\" dir=\"ltr\" data-placeholder=\"Traducci\u00f3\" data-ved=\"2ahUKEwjAzIPs7dyNAxVMg_0HHUtaAUIQ3ewLegQIDRAU\" aria-label=\"Text tradu\u00eft: Caleta Rucksack, Mallorquinischer Stoff, 105 Blau\r\n\r\nDiese Tasche entstand nach einem Entwurf aus dem Familienarchiv: einem Muster meiner Gro\u00dfmutter, das bisher verschollen war. Heute sch\u00f6pfen wir es Faden f\u00fcr Faden aus, denn auch ererbte Sch\u00f6nheit kann wieder zum Leben erweckt werden.\r\n\r\nEin vergessenes Muster, Stich f\u00fcr Stich wiederentdeckt. Eine handgefertigte Tasche, die mit jedem Faden unsere Wurzeln ehrt.\"><span class=\"Y2IQFc\" lang=\"de\">Diese Tasche entstand nach einem Entwurf aus dem Familienarchiv: einem Muster meiner Gro\u00dfmutter, \r\n\r\ndas bisher verschollen war. Heute sch\u00f6pfen wir es Faden f\u00fcr Faden aus, denn auch ererbte Sch\u00f6nheit \r\n\r\nkann wieder zum Leben erweckt werden.\r\n\r\nEin vergessenes Muster, Stich f\u00fcr Stich wiederentdeckt. Eine handgefertigte Tasche, die mit jedem \r\n\r\nFaden unsere Wurzeln ehrt.<\/span><\/pre>\n<\/div>\n<div id=\"tw-target-rmn-container\" class=\"tw-target-rmn tw-ta-container tw-nfl\" tabindex=\"0\" role=\"text\">\n<pre id=\"tw-target-rmn\" class=\"tw-data-placeholder tw-text-small tw-ta\" dir=\"ltr\" data-placeholder=\"\"><\/pre>\n<\/div>\n<div class=\"iYB33c\">\n<div id=\"tw-tmenu\" class=\"tw-menu\"><\/div>\n<\/div>\n<div id=\"tw-tmenu\" class=\"tw-menu\"><\/div>\n","protected":false},"excerpt":{"rendered":"<div class=\"woocommerce-product-details__short-description\">\n<p>28cm x 14cm<\/p>\n<\/div>\n","protected":false},"featured_media":36514,"comment_status":"closed","ping_status":"closed","template":"","meta":[],"product_brand":[],"product_cat":[869],"product_tag":[],"class_list":{"0":"post-36522","1":"product","2":"type-product","3":"status-publish","4":"has-post-thumbnail","6":"product_cat-caleta-rucksacktasche","8":"first","9":"instock","10":"shipping-taxable","11":"purchasable","12":"product-type-simple"},"yoast_head":"<!-- This site is optimized with the Yoast SEO plugin v27.0 - https:\/\/yoast.com\/product\/yoast-seo-wordpress\/ -->\n<title>Caleta Rucksack, Mallorquinischer Stoff 105 Blau | Teixits Vicens<\/title>\n<meta name=\"robots\" content=\"index, follow, max-snippet:-1, max-image-preview:large, max-video-preview:-1\" \/>\n<link rel=\"canonical\" href=\"https:\/\/teixitsvicens.com\/de\/produkt\/taschen\/caleta-rucksacktasche\/caleta-rucksack-mallorquinischer-stoff-105-blau\/\" \/>\n<meta property=\"og:locale\" content=\"de_DE\" \/>\n<meta property=\"og:type\" content=\"article\" \/>\n<meta property=\"og:title\" content=\"Caleta Rucksack, Mallorquinischer Stoff 105 Blau | Teixits Vicens\" \/>\n<meta property=\"og:description\" content=\"28cm x 14cm\" \/>\n<meta property=\"og:url\" content=\"https:\/\/teixitsvicens.com\/de\/produkt\/taschen\/caleta-rucksacktasche\/caleta-rucksack-mallorquinischer-stoff-105-blau\/\" \/>\n<meta property=\"og:site_name\" content=\"Teixits Vicens\" \/>\n<meta property=\"article:publisher\" content=\"https:\/\/www.facebook.com\/TeixitsVicens\/\" \/>\n<meta property=\"article:modified_time\" content=\"2025-06-06T13:27:18+00:00\" \/>\n<meta property=\"og:image\" content=\"https:\/\/teixitsvicens.com\/wp-content\/uploads\/2025\/06\/Bolso-Caleta-tela-mallorquina-105-Blau.jpg\" \/>\n\t<meta property=\"og:image:width\" content=\"1200\" \/>\n\t<meta property=\"og:image:height\" content=\"1800\" \/>\n\t<meta property=\"og:image:type\" content=\"image\/jpeg\" \/>\n<meta name=\"twitter:card\" content=\"summary_large_image\" \/>\n<!-- \/ Yoast SEO plugin. -->","yoast_head_json":{"title":"Caleta Rucksack, Mallorquinischer Stoff 105 Blau | Teixits Vicens","robots":{"index":"index","follow":"follow","max-snippet":"max-snippet:-1","max-image-preview":"max-image-preview:large","max-video-preview":"max-video-preview:-1"},"canonical":"https:\/\/teixitsvicens.com\/de\/produkt\/taschen\/caleta-rucksacktasche\/caleta-rucksack-mallorquinischer-stoff-105-blau\/","og_locale":"de_DE","og_type":"article","og_title":"Caleta Rucksack, Mallorquinischer Stoff 105 Blau | Teixits Vicens","og_description":"28cm x 14cm","og_url":"https:\/\/teixitsvicens.com\/de\/produkt\/taschen\/caleta-rucksacktasche\/caleta-rucksack-mallorquinischer-stoff-105-blau\/","og_site_name":"Teixits Vicens","article_publisher":"https:\/\/www.facebook.com\/TeixitsVicens\/","article_modified_time":"2025-06-06T13:27:18+00:00","og_image":[{"width":1200,"height":1800,"url":"https:\/\/teixitsvicens.com\/wp-content\/uploads\/2025\/06\/Bolso-Caleta-tela-mallorquina-105-Blau.jpg","type":"image\/jpeg"}],"twitter_card":"summary_large_image","schema":{"@context":"https:\/\/schema.org","@graph":[{"@type":"WebPage","@id":"https:\/\/teixitsvicens.com\/de\/produkt\/taschen\/caleta-rucksacktasche\/caleta-rucksack-mallorquinischer-stoff-105-blau\/","url":"https:\/\/teixitsvicens.com\/de\/produkt\/taschen\/caleta-rucksacktasche\/caleta-rucksack-mallorquinischer-stoff-105-blau\/","name":"Caleta Rucksack, Mallorquinischer Stoff 105 Blau | Teixits Vicens","isPartOf":{"@id":"https:\/\/teixitsvicens.com\/de\/#website"},"primaryImageOfPage":{"@id":"https:\/\/teixitsvicens.com\/de\/produkt\/taschen\/caleta-rucksacktasche\/caleta-rucksack-mallorquinischer-stoff-105-blau\/#primaryimage"},"image":{"@id":"https:\/\/teixitsvicens.com\/de\/produkt\/taschen\/caleta-rucksacktasche\/caleta-rucksack-mallorquinischer-stoff-105-blau\/#primaryimage"},"thumbnailUrl":"https:\/\/teixitsvicens.com\/wp-content\/uploads\/2025\/06\/Bolso-Caleta-tela-mallorquina-105-Blau.jpg","datePublished":"2025-06-06T13:27:17+00:00","dateModified":"2025-06-06T13:27:18+00:00","breadcrumb":{"@id":"https:\/\/teixitsvicens.com\/de\/produkt\/taschen\/caleta-rucksacktasche\/caleta-rucksack-mallorquinischer-stoff-105-blau\/#breadcrumb"},"inLanguage":"de","potentialAction":[{"@type":"ReadAction","target":["https:\/\/teixitsvicens.com\/de\/produkt\/taschen\/caleta-rucksacktasche\/caleta-rucksack-mallorquinischer-stoff-105-blau\/"]}]},{"@type":"ImageObject","inLanguage":"de","@id":"https:\/\/teixitsvicens.com\/de\/produkt\/taschen\/caleta-rucksacktasche\/caleta-rucksack-mallorquinischer-stoff-105-blau\/#primaryimage","url":"https:\/\/teixitsvicens.com\/wp-content\/uploads\/2025\/06\/Bolso-Caleta-tela-mallorquina-105-Blau.jpg","contentUrl":"https:\/\/teixitsvicens.com\/wp-content\/uploads\/2025\/06\/Bolso-Caleta-tela-mallorquina-105-Blau.jpg","width":1200,"height":1800},{"@type":"BreadcrumbList","@id":"https:\/\/teixitsvicens.com\/de\/produkt\/taschen\/caleta-rucksacktasche\/caleta-rucksack-mallorquinischer-stoff-105-blau\/#breadcrumb","itemListElement":[{"@type":"ListItem","position":1,"name":"Inici","item":"https:\/\/teixitsvicens.com\/de\/home\/"},{"@type":"ListItem","position":2,"name":"Online-Shop","item":"https:\/\/teixitsvicens.com\/de\/online-shop\/"},{"@type":"ListItem","position":3,"name":"Caleta Rucksack, Mallorquinischer Stoff 105 Blau"}]},{"@type":"WebSite","@id":"https:\/\/teixitsvicens.com\/de\/#website","url":"https:\/\/teixitsvicens.com\/de\/","name":"Teixits Vicens","description":"Taller textil artesano","publisher":{"@id":"https:\/\/teixitsvicens.com\/de\/#organization"},"alternateName":"Teixits Vicens","potentialAction":[{"@type":"SearchAction","target":{"@type":"EntryPoint","urlTemplate":"https:\/\/teixitsvicens.com\/de\/?s={search_term_string}"},"query-input":{"@type":"PropertyValueSpecification","valueRequired":true,"valueName":"search_term_string"}}],"inLanguage":"de"},{"@type":"Organization","@id":"https:\/\/teixitsvicens.com\/de\/#organization","name":"Teixits Vicens","url":"https:\/\/teixitsvicens.com\/de\/","logo":{"@type":"ImageObject","inLanguage":"de","@id":"https:\/\/teixitsvicens.com\/de\/#\/schema\/logo\/image\/","url":"https:\/\/teixitsvicens.com\/wp-content\/uploads\/2025\/10\/logo-teixits-vicents.png","contentUrl":"https:\/\/teixitsvicens.com\/wp-content\/uploads\/2025\/10\/logo-teixits-vicents.png","width":629,"height":131,"caption":"Teixits Vicens"},"image":{"@id":"https:\/\/teixitsvicens.com\/de\/#\/schema\/logo\/image\/"},"sameAs":["https:\/\/www.facebook.com\/TeixitsVicens\/","https:\/\/www.instagram.com\/teixitsvicens\/"]}]}},"_links":{"self":[{"href":"https:\/\/teixitsvicens.com\/de\/wp-json\/wp\/v2\/product\/36522","targetHints":{"allow":["GET"]}}],"collection":[{"href":"https:\/\/teixitsvicens.com\/de\/wp-json\/wp\/v2\/product"}],"about":[{"href":"https:\/\/teixitsvicens.com\/de\/wp-json\/wp\/v2\/types\/product"}],"replies":[{"embeddable":true,"href":"https:\/\/teixitsvicens.com\/de\/wp-json\/wp\/v2\/comments?post=36522"}],"wp:featuredmedia":[{"embeddable":true,"href":"https:\/\/teixitsvicens.com\/de\/wp-json\/wp\/v2\/media\/36514"}],"wp:attachment":[{"href":"https:\/\/teixitsvicens.com\/de\/wp-json\/wp\/v2\/media?parent=36522"}],"wp:term":[{"taxonomy":"product_brand","embeddable":true,"href":"https:\/\/teixitsvicens.com\/de\/wp-json\/wp\/v2\/product_brand?post=36522"},{"taxonomy":"product_cat","embeddable":true,"href":"https:\/\/teixitsvicens.com\/de\/wp-json\/wp\/v2\/product_cat?post=36522"},{"taxonomy":"product_tag","embeddable":true,"href":"https:\/\/teixitsvicens.com\/de\/wp-json\/wp\/v2\/product_tag?post=36522"}],"curies":[{"name":"wp","href":"https:\/\/api.w.org\/{rel}","templated":true}]}}