{"id":36388,"date":"2025-05-09T21:16:44","date_gmt":"2025-05-09T19:16:44","guid":{"rendered":"https:\/\/teixitsvicens.com\/?post_type=product&#038;p=36388"},"modified":"2025-06-12T09:01:51","modified_gmt":"2025-06-12T07:01:51","slug":"essence-of-mallorca-minitasche-105-rosa","status":"publish","type":"product","link":"https:\/\/teixitsvicens.com\/de\/produkt\/taschen\/essenzbeutel\/essence-of-mallorca-minitasche-105-rosa\/","title":{"rendered":"Essence of Mallorca minitasche 105 Rosa Fuchsie"},"content":{"rendered":"<pre class=\"tw-data-text tw-text-large tw-ta\" dir=\"ltr\" data-placeholder=\"Traducci\u00f3n\"><span class=\"Y2IQFc\" lang=\"de\">Kompakte Eleganz:\r\nTrotz ihrer kompakten Gr\u00f6\u00dfe bietet die Essence of Mallorca \r\nMini Bag ausreichend Platz f\u00fcr Ihre wichtigsten Utensilien und \r\nstrahlt gleichzeitig einen Hauch von Eleganz aus. Das durchdachte \r\nInnendesign sorgt daf\u00fcr, dass Ihre Sachen organisiert bleiben, \r\nund macht es zu einem perfekten Begleiter sowohl f\u00fcr Abenteuer am \r\nTag als auch f\u00fcr schicke Abendangelegenheiten.\r\n\r\n<\/span><\/pre>\n<pre id=\"tw-target-text\" class=\"tw-data-text tw-text-large tw-ta\" dir=\"ltr\" data-placeholder=\"Traducci\u00f3n\"><span class=\"Y2IQFc\" lang=\"de\">Diese Minitasche ist eine entz\u00fcckende Mischung aus zeitgen\u00f6ssischer \r\nMode und traditionellem mallorquinischem Stoff und spiegelt das reiche \r\nkulturelle Erbe und die nat\u00fcrliche Pracht der Insel wider.\r\nWer h\u00e4tte gedacht, dass eine Tasche so viel Geschichte enthalten k\u00f6nnte?\r\nUmfassen Sie die Vergangenheit und bleiben Sie gleichzeitig m\u00fchelos im Trend<\/span><\/pre>\n","protected":false},"excerpt":{"rendered":"<p>Kompakte Eleganz: Trotz ihrer kompakten Gr\u00f6\u00dfe bietet die Essence of Mallorca Mini Bag ausreichend Platz f\u00fcr Ihre wichtigsten Utensilien und&#8230;<\/p>\n","protected":false},"featured_media":36385,"comment_status":"closed","ping_status":"closed","template":"","meta":[],"product_brand":[],"product_cat":[859],"product_tag":[],"class_list":{"0":"post-36388","1":"product","2":"type-product","3":"status-publish","4":"has-post-thumbnail","6":"product_cat-essenzbeutel","8":"first","9":"instock","10":"shipping-taxable","11":"purchasable","12":"product-type-simple"},"yoast_head":"<!-- This site is optimized with the Yoast SEO plugin v27.0 - https:\/\/yoast.com\/product\/yoast-seo-wordpress\/ -->\n<title>Essence of Mallorca minitasche 105 Rosa Fuchsie | Teixits Vicens<\/title>\n<meta name=\"robots\" content=\"index, follow, max-snippet:-1, max-image-preview:large, max-video-preview:-1\" \/>\n<link rel=\"canonical\" href=\"https:\/\/teixitsvicens.com\/de\/produkt\/taschen\/essenzbeutel\/essence-of-mallorca-minitasche-105-rosa\/\" \/>\n<meta property=\"og:locale\" content=\"de_DE\" \/>\n<meta property=\"og:type\" content=\"article\" \/>\n<meta property=\"og:title\" content=\"Essence of Mallorca minitasche 105 Rosa Fuchsie | Teixits Vicens\" \/>\n<meta property=\"og:description\" content=\"Kompakte Eleganz: Trotz ihrer kompakten Gr\u00f6\u00dfe bietet die Essence of Mallorca Mini Bag ausreichend Platz f\u00fcr Ihre wichtigsten Utensilien und...\" \/>\n<meta property=\"og:url\" content=\"https:\/\/teixitsvicens.com\/de\/produkt\/taschen\/essenzbeutel\/essence-of-mallorca-minitasche-105-rosa\/\" \/>\n<meta property=\"og:site_name\" content=\"Teixits Vicens\" \/>\n<meta property=\"article:publisher\" content=\"https:\/\/www.facebook.com\/TeixitsVicens\/\" \/>\n<meta property=\"article:modified_time\" content=\"2025-06-12T07:01:51+00:00\" \/>\n<meta property=\"og:image\" content=\"https:\/\/teixitsvicens.com\/wp-content\/uploads\/2025\/05\/bolso-essence-tela-mallorquina-105-rosa.jpg\" \/>\n\t<meta property=\"og:image:width\" content=\"1200\" \/>\n\t<meta property=\"og:image:height\" content=\"1800\" \/>\n\t<meta property=\"og:image:type\" content=\"image\/jpeg\" \/>\n<meta name=\"twitter:card\" content=\"summary_large_image\" \/>\n<meta name=\"twitter:label1\" content=\"Est. reading time\" \/>\n\t<meta name=\"twitter:data1\" content=\"1 minute\" \/>\n<!-- \/ Yoast SEO plugin. -->","yoast_head_json":{"title":"Essence of Mallorca minitasche 105 Rosa Fuchsie | Teixits Vicens","robots":{"index":"index","follow":"follow","max-snippet":"max-snippet:-1","max-image-preview":"max-image-preview:large","max-video-preview":"max-video-preview:-1"},"canonical":"https:\/\/teixitsvicens.com\/de\/produkt\/taschen\/essenzbeutel\/essence-of-mallorca-minitasche-105-rosa\/","og_locale":"de_DE","og_type":"article","og_title":"Essence of Mallorca minitasche 105 Rosa Fuchsie | Teixits Vicens","og_description":"Kompakte Eleganz: Trotz ihrer kompakten Gr\u00f6\u00dfe bietet die Essence of Mallorca Mini Bag ausreichend Platz f\u00fcr Ihre wichtigsten Utensilien und...","og_url":"https:\/\/teixitsvicens.com\/de\/produkt\/taschen\/essenzbeutel\/essence-of-mallorca-minitasche-105-rosa\/","og_site_name":"Teixits Vicens","article_publisher":"https:\/\/www.facebook.com\/TeixitsVicens\/","article_modified_time":"2025-06-12T07:01:51+00:00","og_image":[{"width":1200,"height":1800,"url":"https:\/\/teixitsvicens.com\/wp-content\/uploads\/2025\/05\/bolso-essence-tela-mallorquina-105-rosa.jpg","type":"image\/jpeg"}],"twitter_card":"summary_large_image","twitter_misc":{"Est. reading time":"1 minute"},"schema":{"@context":"https:\/\/schema.org","@graph":[{"@type":"WebPage","@id":"https:\/\/teixitsvicens.com\/de\/produkt\/taschen\/essenzbeutel\/essence-of-mallorca-minitasche-105-rosa\/","url":"https:\/\/teixitsvicens.com\/de\/produkt\/taschen\/essenzbeutel\/essence-of-mallorca-minitasche-105-rosa\/","name":"Essence of Mallorca minitasche 105 Rosa Fuchsie | Teixits Vicens","isPartOf":{"@id":"https:\/\/teixitsvicens.com\/de\/#website"},"primaryImageOfPage":{"@id":"https:\/\/teixitsvicens.com\/de\/produkt\/taschen\/essenzbeutel\/essence-of-mallorca-minitasche-105-rosa\/#primaryimage"},"image":{"@id":"https:\/\/teixitsvicens.com\/de\/produkt\/taschen\/essenzbeutel\/essence-of-mallorca-minitasche-105-rosa\/#primaryimage"},"thumbnailUrl":"https:\/\/teixitsvicens.com\/wp-content\/uploads\/2025\/05\/bolso-essence-tela-mallorquina-105-rosa.jpg","datePublished":"2025-05-09T19:16:44+00:00","dateModified":"2025-06-12T07:01:51+00:00","breadcrumb":{"@id":"https:\/\/teixitsvicens.com\/de\/produkt\/taschen\/essenzbeutel\/essence-of-mallorca-minitasche-105-rosa\/#breadcrumb"},"inLanguage":"de","potentialAction":[{"@type":"ReadAction","target":["https:\/\/teixitsvicens.com\/de\/produkt\/taschen\/essenzbeutel\/essence-of-mallorca-minitasche-105-rosa\/"]}]},{"@type":"ImageObject","inLanguage":"de","@id":"https:\/\/teixitsvicens.com\/de\/produkt\/taschen\/essenzbeutel\/essence-of-mallorca-minitasche-105-rosa\/#primaryimage","url":"https:\/\/teixitsvicens.com\/wp-content\/uploads\/2025\/05\/bolso-essence-tela-mallorquina-105-rosa.jpg","contentUrl":"https:\/\/teixitsvicens.com\/wp-content\/uploads\/2025\/05\/bolso-essence-tela-mallorquina-105-rosa.jpg","width":1200,"height":1800},{"@type":"BreadcrumbList","@id":"https:\/\/teixitsvicens.com\/de\/produkt\/taschen\/essenzbeutel\/essence-of-mallorca-minitasche-105-rosa\/#breadcrumb","itemListElement":[{"@type":"ListItem","position":1,"name":"Inici","item":"https:\/\/teixitsvicens.com\/de\/home\/"},{"@type":"ListItem","position":2,"name":"Online-Shop","item":"https:\/\/teixitsvicens.com\/de\/online-shop\/"},{"@type":"ListItem","position":3,"name":"Essence of Mallorca minitasche 105 Rosa Fuchsie"}]},{"@type":"WebSite","@id":"https:\/\/teixitsvicens.com\/de\/#website","url":"https:\/\/teixitsvicens.com\/de\/","name":"Teixits Vicens","description":"Taller textil artesano","publisher":{"@id":"https:\/\/teixitsvicens.com\/de\/#organization"},"alternateName":"Teixits Vicens","potentialAction":[{"@type":"SearchAction","target":{"@type":"EntryPoint","urlTemplate":"https:\/\/teixitsvicens.com\/de\/?s={search_term_string}"},"query-input":{"@type":"PropertyValueSpecification","valueRequired":true,"valueName":"search_term_string"}}],"inLanguage":"de"},{"@type":"Organization","@id":"https:\/\/teixitsvicens.com\/de\/#organization","name":"Teixits Vicens","url":"https:\/\/teixitsvicens.com\/de\/","logo":{"@type":"ImageObject","inLanguage":"de","@id":"https:\/\/teixitsvicens.com\/de\/#\/schema\/logo\/image\/","url":"https:\/\/teixitsvicens.com\/wp-content\/uploads\/2025\/10\/logo-teixits-vicents.png","contentUrl":"https:\/\/teixitsvicens.com\/wp-content\/uploads\/2025\/10\/logo-teixits-vicents.png","width":629,"height":131,"caption":"Teixits Vicens"},"image":{"@id":"https:\/\/teixitsvicens.com\/de\/#\/schema\/logo\/image\/"},"sameAs":["https:\/\/www.facebook.com\/TeixitsVicens\/","https:\/\/www.instagram.com\/teixitsvicens\/"]}]}},"_links":{"self":[{"href":"https:\/\/teixitsvicens.com\/de\/wp-json\/wp\/v2\/product\/36388","targetHints":{"allow":["GET"]}}],"collection":[{"href":"https:\/\/teixitsvicens.com\/de\/wp-json\/wp\/v2\/product"}],"about":[{"href":"https:\/\/teixitsvicens.com\/de\/wp-json\/wp\/v2\/types\/product"}],"replies":[{"embeddable":true,"href":"https:\/\/teixitsvicens.com\/de\/wp-json\/wp\/v2\/comments?post=36388"}],"wp:featuredmedia":[{"embeddable":true,"href":"https:\/\/teixitsvicens.com\/de\/wp-json\/wp\/v2\/media\/36385"}],"wp:attachment":[{"href":"https:\/\/teixitsvicens.com\/de\/wp-json\/wp\/v2\/media?parent=36388"}],"wp:term":[{"taxonomy":"product_brand","embeddable":true,"href":"https:\/\/teixitsvicens.com\/de\/wp-json\/wp\/v2\/product_brand?post=36388"},{"taxonomy":"product_cat","embeddable":true,"href":"https:\/\/teixitsvicens.com\/de\/wp-json\/wp\/v2\/product_cat?post=36388"},{"taxonomy":"product_tag","embeddable":true,"href":"https:\/\/teixitsvicens.com\/de\/wp-json\/wp\/v2\/product_tag?post=36388"}],"curies":[{"name":"wp","href":"https:\/\/api.w.org\/{rel}","templated":true}]}}