{"id":35890,"date":"2025-02-04T11:44:52","date_gmt":"2025-02-04T10:44:52","guid":{"rendered":"https:\/\/teixitsvicens.com\/?post_type=product&#038;p=35890"},"modified":"2026-02-06T10:03:11","modified_gmt":"2026-02-06T09:03:11","slug":"gestreifter-stoff-238-olivgruen","status":"publish","type":"product","link":"https:\/\/teixitsvicens.com\/de\/produkt\/mallorquinische-stoffe\/gestreifte-stoffe\/gestreifter-stoff-gruen\/gestreifter-stoff-238-olivgruen\/","title":{"rendered":"Gestreifter Stoff 238 Olivgr\u00fcn"},"content":{"rendered":"<section id=\"contenidoproducto\">\n<div id=\"product-33767\" class=\"product type-product post-33767 status-publish first outofstock product_cat-gestreifter-stoff-gruen has-post-thumbnail shipping-taxable purchasable product-type-variable\">\n<div class=\"container-fluid\">\n<div class=\"row justify-content-between\">\n<div id=\"colderproduct\" class=\"col-12 col-xl-5\">\n<div class=\"row justify-content-between\">\n<div class=\"woocommerce-tabs wc-tabs-wrapper\">\n<div id=\"tab-attrib_descripciontelas_tab\" class=\"woocommerce-Tabs-panel woocommerce-Tabs-panel--attrib_descripciontelas_tab panel entry-content wc-tab\" role=\"tabpanel\" aria-labelledby=\"tab-title-attrib_descripciontelas_tab\">\n<p>Handgefertigter Stoff am laufenden Meter, hergestellt mit der Ikat-Technik. Online-Stoff zur Verwirklichung Ihrer dekorativen Projektideen.<\/p>\n<p>Der Mallorquina-Stoff eignet sich ideal f\u00fcr Polsterm\u00f6bel, Vorh\u00e4nge, Tagesdecken, zur Herstellung eigener Kissen und f\u00fcr unz\u00e4hlige kreative M\u00f6glichkeiten. Passt sich allen Arten von Atmosph\u00e4ren an: mediterran, rustikal, klassisch, modern &#8230;<\/p>\n<p>All dies mit einem gemeinsamen Nenner: Qualit\u00e4t. Eine endg\u00fcltige Qualit\u00e4t, die erst nach vielen Jahren der Bem\u00fchungen erreicht wird, unter Beibehaltung der besten Tradition, unter Verwendung der besten Materialien, Naturfasern und wundersch\u00f6nen Farben, die unseren Stoffen diesen einzigartigen Charakter verleihen. Angenehme und sch\u00f6ne Umgebungen schaffen. Damit das Einrichten Ihres Zuhauses Freude macht.<\/p>\n<p>Dekorieren Sie mit typisch mallorquinischen Stoffen oder Zungenstoffen und schaffen Sie mit diesen Naturfaserstoffen eine mediterrane Atmosph\u00e4re.<\/p>\n<p>Leinen- und Baumwollstoffe, handgefertigt in unserer Werkstatt in Pollensa, Mallorca.<\/p>\n<\/div>\n<\/div>\n<\/div>\n<\/div>\n<\/div>\n<\/div>\n<\/div>\n<\/section>\n<div class=\"elementor elementor-27178 elementor-25997 post-33767 product type-product status-publish has-post-thumbnail product_cat-gestreifter-stoff-gruen outofstock shipping-taxable purchasable product-type-variable product\" data-elementor-type=\"product\" data-elementor-id=\"27178\" data-elementor-post-type=\"elementor_library\">\n<div class=\"elementor-element elementor-element-e5b0176 e-con-full e-flex e-con e-parent e-lazyloaded\" data-id=\"e5b0176\" data-element_type=\"container\" data-settings=\"{&quot;background_background&quot;:&quot;classic&quot;}\">\n<div class=\"elementor-element elementor-element-4bf1f84 elementor-widget-divider--view-line_text elementor-widget-divider--element-align-center elementor-widget elementor-widget-divider\" data-id=\"4bf1f84\" data-element_type=\"widget\" data-widget_type=\"divider.default\">\n<div class=\"elementor-widget-container\">\n<div class=\"elementor-divider\"><span class=\"elementor-divider-separator\"> <span class=\"elementor-divider__text elementor-divider__element\"> Wird dir auch gefallen <\/span> <\/span><\/div>\n<\/div>\n<\/div>\n<\/div>\n<\/div>\n","protected":false},"excerpt":{"rendered":"<p>Handgefertigter Stoff am laufenden Meter, hergestellt mit der Ikat-Technik. Online-Stoff zur Verwirklichung Ihrer dekorativen Projektideen. Der Mallorquina-Stoff eignet sich ideal&#8230;<\/p>\n","protected":false},"featured_media":35882,"comment_status":"closed","ping_status":"closed","template":"","meta":[],"product_brand":[],"product_cat":[1320],"product_tag":[],"class_list":{"0":"post-35890","1":"product","2":"type-product","3":"status-publish","4":"has-post-thumbnail","6":"product_cat-gestreifter-stoff-gruen","8":"first","9":"instock","10":"shipping-taxable","11":"purchasable","12":"product-type-variable"},"yoast_head":"<!-- This site is optimized with the Yoast SEO plugin v27.0 - https:\/\/yoast.com\/product\/yoast-seo-wordpress\/ -->\n<title>Gestreifter Stoff 238 Olivgr\u00fcn | Teixits Vicens<\/title>\n<meta name=\"description\" content=\"Handgefertigter Stoff am laufenden Meter, hergestellt mit der Ikat-Technik. Online Mallorquina-Stoff zur Verwirklichung Ihrer dekorativen Projektideen.\" \/>\n<meta name=\"robots\" content=\"index, follow, max-snippet:-1, max-image-preview:large, max-video-preview:-1\" \/>\n<link rel=\"canonical\" href=\"https:\/\/teixitsvicens.com\/de\/produkt\/mallorquinische-stoffe\/gestreifte-stoffe\/gestreifter-stoff-gruen\/gestreifter-stoff-238-olivgruen\/\" \/>\n<meta property=\"og:locale\" content=\"de_DE\" \/>\n<meta property=\"og:type\" content=\"article\" \/>\n<meta property=\"og:title\" content=\"Gestreifter Stoff 238 Olivgr\u00fcn | Teixits Vicens\" \/>\n<meta property=\"og:description\" content=\"Handgefertigter Stoff am laufenden Meter, hergestellt mit der Ikat-Technik. Online Mallorquina-Stoff zur Verwirklichung Ihrer dekorativen Projektideen.\" \/>\n<meta property=\"og:url\" content=\"https:\/\/teixitsvicens.com\/de\/produkt\/mallorquinische-stoffe\/gestreifte-stoffe\/gestreifter-stoff-gruen\/gestreifter-stoff-238-olivgruen\/\" \/>\n<meta property=\"og:site_name\" content=\"Teixits Vicens\" \/>\n<meta property=\"article:publisher\" content=\"https:\/\/www.facebook.com\/TeixitsVicens\/\" \/>\n<meta property=\"article:modified_time\" content=\"2026-02-06T09:03:11+00:00\" \/>\n<meta property=\"og:image\" content=\"https:\/\/teixitsvicens.com\/wp-content\/uploads\/2025\/02\/238-VERDE-OLIVA.jpg\" \/>\n\t<meta property=\"og:image:width\" content=\"2400\" \/>\n\t<meta property=\"og:image:height\" content=\"1600\" \/>\n\t<meta property=\"og:image:type\" content=\"image\/jpeg\" \/>\n<meta name=\"twitter:card\" content=\"summary_large_image\" \/>\n<meta name=\"twitter:label1\" content=\"Est. reading time\" \/>\n\t<meta name=\"twitter:data1\" content=\"1 minute\" \/>\n<!-- \/ Yoast SEO plugin. -->","yoast_head_json":{"title":"Gestreifter Stoff 238 Olivgr\u00fcn | Teixits Vicens","description":"Handgefertigter Stoff am laufenden Meter, hergestellt mit der Ikat-Technik. Online Mallorquina-Stoff zur Verwirklichung Ihrer dekorativen Projektideen.","robots":{"index":"index","follow":"follow","max-snippet":"max-snippet:-1","max-image-preview":"max-image-preview:large","max-video-preview":"max-video-preview:-1"},"canonical":"https:\/\/teixitsvicens.com\/de\/produkt\/mallorquinische-stoffe\/gestreifte-stoffe\/gestreifter-stoff-gruen\/gestreifter-stoff-238-olivgruen\/","og_locale":"de_DE","og_type":"article","og_title":"Gestreifter Stoff 238 Olivgr\u00fcn | Teixits Vicens","og_description":"Handgefertigter Stoff am laufenden Meter, hergestellt mit der Ikat-Technik. Online Mallorquina-Stoff zur Verwirklichung Ihrer dekorativen Projektideen.","og_url":"https:\/\/teixitsvicens.com\/de\/produkt\/mallorquinische-stoffe\/gestreifte-stoffe\/gestreifter-stoff-gruen\/gestreifter-stoff-238-olivgruen\/","og_site_name":"Teixits Vicens","article_publisher":"https:\/\/www.facebook.com\/TeixitsVicens\/","article_modified_time":"2026-02-06T09:03:11+00:00","og_image":[{"width":2400,"height":1600,"url":"https:\/\/teixitsvicens.com\/wp-content\/uploads\/2025\/02\/238-VERDE-OLIVA.jpg","type":"image\/jpeg"}],"twitter_card":"summary_large_image","twitter_misc":{"Est. reading time":"1 minute"},"schema":{"@context":"https:\/\/schema.org","@graph":[{"@type":"WebPage","@id":"https:\/\/teixitsvicens.com\/de\/produkt\/mallorquinische-stoffe\/gestreifte-stoffe\/gestreifter-stoff-gruen\/gestreifter-stoff-238-olivgruen\/","url":"https:\/\/teixitsvicens.com\/de\/produkt\/mallorquinische-stoffe\/gestreifte-stoffe\/gestreifter-stoff-gruen\/gestreifter-stoff-238-olivgruen\/","name":"Gestreifter Stoff 238 Olivgr\u00fcn | Teixits Vicens","isPartOf":{"@id":"https:\/\/teixitsvicens.com\/de\/#website"},"primaryImageOfPage":{"@id":"https:\/\/teixitsvicens.com\/de\/produkt\/mallorquinische-stoffe\/gestreifte-stoffe\/gestreifter-stoff-gruen\/gestreifter-stoff-238-olivgruen\/#primaryimage"},"image":{"@id":"https:\/\/teixitsvicens.com\/de\/produkt\/mallorquinische-stoffe\/gestreifte-stoffe\/gestreifter-stoff-gruen\/gestreifter-stoff-238-olivgruen\/#primaryimage"},"thumbnailUrl":"https:\/\/teixitsvicens.com\/wp-content\/uploads\/2025\/02\/238-VERDE-OLIVA.jpg","datePublished":"2025-02-04T10:44:52+00:00","dateModified":"2026-02-06T09:03:11+00:00","description":"Handgefertigter Stoff am laufenden Meter, hergestellt mit der Ikat-Technik. Online Mallorquina-Stoff zur Verwirklichung Ihrer dekorativen Projektideen.","breadcrumb":{"@id":"https:\/\/teixitsvicens.com\/de\/produkt\/mallorquinische-stoffe\/gestreifte-stoffe\/gestreifter-stoff-gruen\/gestreifter-stoff-238-olivgruen\/#breadcrumb"},"inLanguage":"de","potentialAction":[{"@type":"ReadAction","target":["https:\/\/teixitsvicens.com\/de\/produkt\/mallorquinische-stoffe\/gestreifte-stoffe\/gestreifter-stoff-gruen\/gestreifter-stoff-238-olivgruen\/"]}]},{"@type":"ImageObject","inLanguage":"de","@id":"https:\/\/teixitsvicens.com\/de\/produkt\/mallorquinische-stoffe\/gestreifte-stoffe\/gestreifter-stoff-gruen\/gestreifter-stoff-238-olivgruen\/#primaryimage","url":"https:\/\/teixitsvicens.com\/wp-content\/uploads\/2025\/02\/238-VERDE-OLIVA.jpg","contentUrl":"https:\/\/teixitsvicens.com\/wp-content\/uploads\/2025\/02\/238-VERDE-OLIVA.jpg","width":2400,"height":1600},{"@type":"BreadcrumbList","@id":"https:\/\/teixitsvicens.com\/de\/produkt\/mallorquinische-stoffe\/gestreifte-stoffe\/gestreifter-stoff-gruen\/gestreifter-stoff-238-olivgruen\/#breadcrumb","itemListElement":[{"@type":"ListItem","position":1,"name":"Inici","item":"https:\/\/teixitsvicens.com\/de\/home\/"},{"@type":"ListItem","position":2,"name":"Online-Shop","item":"https:\/\/teixitsvicens.com\/de\/online-shop\/"},{"@type":"ListItem","position":3,"name":"Gestreifter Stoff 238 Olivgr\u00fcn"}]},{"@type":"WebSite","@id":"https:\/\/teixitsvicens.com\/de\/#website","url":"https:\/\/teixitsvicens.com\/de\/","name":"Teixits Vicens","description":"Taller textil artesano","publisher":{"@id":"https:\/\/teixitsvicens.com\/de\/#organization"},"alternateName":"Teixits Vicens","potentialAction":[{"@type":"SearchAction","target":{"@type":"EntryPoint","urlTemplate":"https:\/\/teixitsvicens.com\/de\/?s={search_term_string}"},"query-input":{"@type":"PropertyValueSpecification","valueRequired":true,"valueName":"search_term_string"}}],"inLanguage":"de"},{"@type":"Organization","@id":"https:\/\/teixitsvicens.com\/de\/#organization","name":"Teixits Vicens","url":"https:\/\/teixitsvicens.com\/de\/","logo":{"@type":"ImageObject","inLanguage":"de","@id":"https:\/\/teixitsvicens.com\/de\/#\/schema\/logo\/image\/","url":"https:\/\/teixitsvicens.com\/wp-content\/uploads\/2025\/10\/logo-teixits-vicents.png","contentUrl":"https:\/\/teixitsvicens.com\/wp-content\/uploads\/2025\/10\/logo-teixits-vicents.png","width":629,"height":131,"caption":"Teixits Vicens"},"image":{"@id":"https:\/\/teixitsvicens.com\/de\/#\/schema\/logo\/image\/"},"sameAs":["https:\/\/www.facebook.com\/TeixitsVicens\/","https:\/\/www.instagram.com\/teixitsvicens\/"]}]}},"_links":{"self":[{"href":"https:\/\/teixitsvicens.com\/de\/wp-json\/wp\/v2\/product\/35890","targetHints":{"allow":["GET"]}}],"collection":[{"href":"https:\/\/teixitsvicens.com\/de\/wp-json\/wp\/v2\/product"}],"about":[{"href":"https:\/\/teixitsvicens.com\/de\/wp-json\/wp\/v2\/types\/product"}],"replies":[{"embeddable":true,"href":"https:\/\/teixitsvicens.com\/de\/wp-json\/wp\/v2\/comments?post=35890"}],"wp:featuredmedia":[{"embeddable":true,"href":"https:\/\/teixitsvicens.com\/de\/wp-json\/wp\/v2\/media\/35882"}],"wp:attachment":[{"href":"https:\/\/teixitsvicens.com\/de\/wp-json\/wp\/v2\/media?parent=35890"}],"wp:term":[{"taxonomy":"product_brand","embeddable":true,"href":"https:\/\/teixitsvicens.com\/de\/wp-json\/wp\/v2\/product_brand?post=35890"},{"taxonomy":"product_cat","embeddable":true,"href":"https:\/\/teixitsvicens.com\/de\/wp-json\/wp\/v2\/product_cat?post=35890"},{"taxonomy":"product_tag","embeddable":true,"href":"https:\/\/teixitsvicens.com\/de\/wp-json\/wp\/v2\/product_tag?post=35890"}],"curies":[{"name":"wp","href":"https:\/\/api.w.org\/{rel}","templated":true}]}}