{"id":35736,"date":"2024-01-10T12:42:59","date_gmt":"2024-01-10T11:42:59","guid":{"rendered":"https:\/\/teixitsvicens.com\/?post_type=product&#038;p=35736"},"modified":"2026-02-06T11:22:05","modified_gmt":"2026-02-06T10:22:05","slug":"ikat-stoff-103-gelb-oliv-gruen","status":"publish","type":"product","link":"https:\/\/teixitsvicens.com\/de\/produkt\/mallorquinische-stoffe\/ikat-stoffe\/gelber-ikat-stoff\/ikat-stoff-103-gelb-oliv-gruen\/","title":{"rendered":"Ikat-Stoff 103 Gelb\/Oliv Gr\u00fcn"},"content":{"rendered":"<p>Handgefertigter Stoff am laufenden Meter, hergestellt mit der Ikat-Technik. Online-Stoff zur Verwirklichung Ihrer dekorativen Projektideen.<\/p>\n<p>Der Mallorquina-Stoff eignet sich ideal f\u00fcr Polsterm\u00f6bel, Vorh\u00e4nge, Tagesdecken, zur Herstellung eigener Kissen und f\u00fcr unz\u00e4hlige kreative M\u00f6glichkeiten. Passt sich allen Arten von Atmosph\u00e4ren an: mediterran, rustikal, klassisch, modern &#8230;<\/p>\n<p>All dies mit einem gemeinsamen Nenner: Qualit\u00e4t. Eine endg\u00fcltige Qualit\u00e4t, die erst nach vielen Jahren der Bem\u00fchungen erreicht wird, unter Beibehaltung der besten Tradition, unter Verwendung der besten Materialien, Naturfasern und wundersch\u00f6nen Farben, die unseren Stoffen diesen einzigartigen Charakter verleihen. Angenehme und sch\u00f6ne Umgebungen schaffen. Damit das Einrichten Ihres Zuhauses Freude macht.<\/p>\n<p>Dekorieren Sie mit typisch mallorquinischen Stoffen oder Zungenstoffen und schaffen Sie mit diesen Naturfaserstoffen eine mediterrane Atmosph\u00e4re.<\/p>\n<p>Leinen- und Baumwollstoffe, handgefertigt in unserer Werkstatt in Pollensa, Mallorca.<\/p>\n","protected":false},"excerpt":{"rendered":"<p>Handgefertigter Stoff am laufenden Meter, hergestellt mit der Ikat-Technik. Online-Stoff zur Verwirklichung Ihrer dekorativen Projektideen. Der Mallorquina-Stoff eignet sich ideal&#8230;<\/p>\n","protected":false},"featured_media":35728,"comment_status":"closed","ping_status":"closed","template":"","meta":[],"product_brand":[],"product_cat":[1173,1153],"product_tag":[],"class_list":{"0":"post-35736","1":"product","2":"type-product","3":"status-publish","4":"has-post-thumbnail","6":"product_cat-gruener-ikat-stoff","7":"product_cat-gelber-ikat-stoff","9":"first","10":"instock","11":"shipping-taxable","12":"purchasable","13":"product-type-variable"},"yoast_head":"<!-- This site is optimized with the Yoast SEO plugin v27.0 - https:\/\/yoast.com\/product\/yoast-seo-wordpress\/ -->\n<title>Ikat-Stoff 103 Gelb\/Oliv Gr\u00fcn | Teixits Vicens<\/title>\n<meta name=\"description\" content=\"Handgefertigter Stoff am laufenden Meter, hergestellt mit der Ikat-Technik. Online-Stoff zur Verwirklichung Ihrer dekorativen Projektideen.\" \/>\n<meta name=\"robots\" content=\"index, follow, max-snippet:-1, max-image-preview:large, max-video-preview:-1\" \/>\n<link rel=\"canonical\" href=\"https:\/\/teixitsvicens.com\/de\/produkt\/mallorquinische-stoffe\/ikat-stoffe\/gelber-ikat-stoff\/ikat-stoff-103-gelb-oliv-gruen\/\" \/>\n<meta property=\"og:locale\" content=\"de_DE\" \/>\n<meta property=\"og:type\" content=\"article\" \/>\n<meta property=\"og:title\" content=\"Ikat-Stoff 103 Gelb\/Oliv Gr\u00fcn | Teixits Vicens\" \/>\n<meta property=\"og:description\" content=\"Handgefertigter Stoff am laufenden Meter, hergestellt mit der Ikat-Technik. Online-Stoff zur Verwirklichung Ihrer dekorativen Projektideen.\" \/>\n<meta property=\"og:url\" content=\"https:\/\/teixitsvicens.com\/de\/produkt\/mallorquinische-stoffe\/ikat-stoffe\/gelber-ikat-stoff\/ikat-stoff-103-gelb-oliv-gruen\/\" \/>\n<meta property=\"og:site_name\" content=\"Teixits Vicens\" \/>\n<meta property=\"article:publisher\" content=\"https:\/\/www.facebook.com\/TeixitsVicens\/\" \/>\n<meta property=\"article:modified_time\" content=\"2026-02-06T10:22:05+00:00\" \/>\n<meta property=\"og:image\" content=\"https:\/\/teixitsvicens.com\/wp-content\/uploads\/2025\/01\/TELESV-0465-scaled.jpg\" \/>\n\t<meta property=\"og:image:width\" content=\"2560\" \/>\n\t<meta property=\"og:image:height\" content=\"1707\" \/>\n\t<meta property=\"og:image:type\" content=\"image\/jpeg\" \/>\n<meta name=\"twitter:card\" content=\"summary_large_image\" \/>\n<meta name=\"twitter:label1\" content=\"Est. reading time\" \/>\n\t<meta name=\"twitter:data1\" content=\"1 minute\" \/>\n<!-- \/ Yoast SEO plugin. -->","yoast_head_json":{"title":"Ikat-Stoff 103 Gelb\/Oliv Gr\u00fcn | Teixits Vicens","description":"Handgefertigter Stoff am laufenden Meter, hergestellt mit der Ikat-Technik. Online-Stoff zur Verwirklichung Ihrer dekorativen Projektideen.","robots":{"index":"index","follow":"follow","max-snippet":"max-snippet:-1","max-image-preview":"max-image-preview:large","max-video-preview":"max-video-preview:-1"},"canonical":"https:\/\/teixitsvicens.com\/de\/produkt\/mallorquinische-stoffe\/ikat-stoffe\/gelber-ikat-stoff\/ikat-stoff-103-gelb-oliv-gruen\/","og_locale":"de_DE","og_type":"article","og_title":"Ikat-Stoff 103 Gelb\/Oliv Gr\u00fcn | Teixits Vicens","og_description":"Handgefertigter Stoff am laufenden Meter, hergestellt mit der Ikat-Technik. Online-Stoff zur Verwirklichung Ihrer dekorativen Projektideen.","og_url":"https:\/\/teixitsvicens.com\/de\/produkt\/mallorquinische-stoffe\/ikat-stoffe\/gelber-ikat-stoff\/ikat-stoff-103-gelb-oliv-gruen\/","og_site_name":"Teixits Vicens","article_publisher":"https:\/\/www.facebook.com\/TeixitsVicens\/","article_modified_time":"2026-02-06T10:22:05+00:00","og_image":[{"width":2560,"height":1707,"url":"https:\/\/teixitsvicens.com\/wp-content\/uploads\/2025\/01\/TELESV-0465-scaled.jpg","type":"image\/jpeg"}],"twitter_card":"summary_large_image","twitter_misc":{"Est. reading time":"1 minute"},"schema":{"@context":"https:\/\/schema.org","@graph":[{"@type":"WebPage","@id":"https:\/\/teixitsvicens.com\/de\/produkt\/mallorquinische-stoffe\/ikat-stoffe\/gelber-ikat-stoff\/ikat-stoff-103-gelb-oliv-gruen\/","url":"https:\/\/teixitsvicens.com\/de\/produkt\/mallorquinische-stoffe\/ikat-stoffe\/gelber-ikat-stoff\/ikat-stoff-103-gelb-oliv-gruen\/","name":"Ikat-Stoff 103 Gelb\/Oliv Gr\u00fcn | Teixits Vicens","isPartOf":{"@id":"https:\/\/teixitsvicens.com\/de\/#website"},"primaryImageOfPage":{"@id":"https:\/\/teixitsvicens.com\/de\/produkt\/mallorquinische-stoffe\/ikat-stoffe\/gelber-ikat-stoff\/ikat-stoff-103-gelb-oliv-gruen\/#primaryimage"},"image":{"@id":"https:\/\/teixitsvicens.com\/de\/produkt\/mallorquinische-stoffe\/ikat-stoffe\/gelber-ikat-stoff\/ikat-stoff-103-gelb-oliv-gruen\/#primaryimage"},"thumbnailUrl":"https:\/\/teixitsvicens.com\/wp-content\/uploads\/2025\/01\/TELESV-0465-scaled.jpg","datePublished":"2024-01-10T11:42:59+00:00","dateModified":"2026-02-06T10:22:05+00:00","description":"Handgefertigter Stoff am laufenden Meter, hergestellt mit der Ikat-Technik. Online-Stoff zur Verwirklichung Ihrer dekorativen Projektideen.","breadcrumb":{"@id":"https:\/\/teixitsvicens.com\/de\/produkt\/mallorquinische-stoffe\/ikat-stoffe\/gelber-ikat-stoff\/ikat-stoff-103-gelb-oliv-gruen\/#breadcrumb"},"inLanguage":"de","potentialAction":[{"@type":"ReadAction","target":["https:\/\/teixitsvicens.com\/de\/produkt\/mallorquinische-stoffe\/ikat-stoffe\/gelber-ikat-stoff\/ikat-stoff-103-gelb-oliv-gruen\/"]}]},{"@type":"ImageObject","inLanguage":"de","@id":"https:\/\/teixitsvicens.com\/de\/produkt\/mallorquinische-stoffe\/ikat-stoffe\/gelber-ikat-stoff\/ikat-stoff-103-gelb-oliv-gruen\/#primaryimage","url":"https:\/\/teixitsvicens.com\/wp-content\/uploads\/2025\/01\/TELESV-0465-scaled.jpg","contentUrl":"https:\/\/teixitsvicens.com\/wp-content\/uploads\/2025\/01\/TELESV-0465-scaled.jpg","width":2560,"height":1707},{"@type":"BreadcrumbList","@id":"https:\/\/teixitsvicens.com\/de\/produkt\/mallorquinische-stoffe\/ikat-stoffe\/gelber-ikat-stoff\/ikat-stoff-103-gelb-oliv-gruen\/#breadcrumb","itemListElement":[{"@type":"ListItem","position":1,"name":"Inici","item":"https:\/\/teixitsvicens.com\/de\/home\/"},{"@type":"ListItem","position":2,"name":"Online-Shop","item":"https:\/\/teixitsvicens.com\/de\/online-shop\/"},{"@type":"ListItem","position":3,"name":"Ikat-Stoff 103 Gelb\/Oliv Gr\u00fcn"}]},{"@type":"WebSite","@id":"https:\/\/teixitsvicens.com\/de\/#website","url":"https:\/\/teixitsvicens.com\/de\/","name":"Teixits Vicens","description":"Taller textil artesano","publisher":{"@id":"https:\/\/teixitsvicens.com\/de\/#organization"},"alternateName":"Teixits Vicens","potentialAction":[{"@type":"SearchAction","target":{"@type":"EntryPoint","urlTemplate":"https:\/\/teixitsvicens.com\/de\/?s={search_term_string}"},"query-input":{"@type":"PropertyValueSpecification","valueRequired":true,"valueName":"search_term_string"}}],"inLanguage":"de"},{"@type":"Organization","@id":"https:\/\/teixitsvicens.com\/de\/#organization","name":"Teixits Vicens","url":"https:\/\/teixitsvicens.com\/de\/","logo":{"@type":"ImageObject","inLanguage":"de","@id":"https:\/\/teixitsvicens.com\/de\/#\/schema\/logo\/image\/","url":"https:\/\/teixitsvicens.com\/wp-content\/uploads\/2025\/10\/logo-teixits-vicents.png","contentUrl":"https:\/\/teixitsvicens.com\/wp-content\/uploads\/2025\/10\/logo-teixits-vicents.png","width":629,"height":131,"caption":"Teixits Vicens"},"image":{"@id":"https:\/\/teixitsvicens.com\/de\/#\/schema\/logo\/image\/"},"sameAs":["https:\/\/www.facebook.com\/TeixitsVicens\/","https:\/\/www.instagram.com\/teixitsvicens\/"]}]}},"_links":{"self":[{"href":"https:\/\/teixitsvicens.com\/de\/wp-json\/wp\/v2\/product\/35736","targetHints":{"allow":["GET"]}}],"collection":[{"href":"https:\/\/teixitsvicens.com\/de\/wp-json\/wp\/v2\/product"}],"about":[{"href":"https:\/\/teixitsvicens.com\/de\/wp-json\/wp\/v2\/types\/product"}],"replies":[{"embeddable":true,"href":"https:\/\/teixitsvicens.com\/de\/wp-json\/wp\/v2\/comments?post=35736"}],"wp:featuredmedia":[{"embeddable":true,"href":"https:\/\/teixitsvicens.com\/de\/wp-json\/wp\/v2\/media\/35728"}],"wp:attachment":[{"href":"https:\/\/teixitsvicens.com\/de\/wp-json\/wp\/v2\/media?parent=35736"}],"wp:term":[{"taxonomy":"product_brand","embeddable":true,"href":"https:\/\/teixitsvicens.com\/de\/wp-json\/wp\/v2\/product_brand?post=35736"},{"taxonomy":"product_cat","embeddable":true,"href":"https:\/\/teixitsvicens.com\/de\/wp-json\/wp\/v2\/product_cat?post=35736"},{"taxonomy":"product_tag","embeddable":true,"href":"https:\/\/teixitsvicens.com\/de\/wp-json\/wp\/v2\/product_tag?post=35736"}],"curies":[{"name":"wp","href":"https:\/\/api.w.org\/{rel}","templated":true}]}}