{"id":35478,"date":"2025-10-16T10:54:32","date_gmt":"2025-10-16T08:54:32","guid":{"rendered":"https:\/\/teixitsvicens.com\/?post_type=product&#038;p=35478"},"modified":"2025-11-21T11:14:57","modified_gmt":"2025-11-21T10:14:57","slug":"adventskalender-ikatstoff-109-rot","status":"publish","type":"product","link":"https:\/\/teixitsvicens.com\/de\/produkt\/andere-produkte-und-geschenke\/stoff-adventskalender\/adventskalender-ikatstoff-109-rot\/","title":{"rendered":"Adventskalender Ikatstoff 109 Rot"},"content":{"rendered":"<pre id=\"tw-target-text\" class=\"tw-data-text tw-text-large tw-ta\" dir=\"ltr\" data-placeholder=\"Traducci\u00f3n\" data-ved=\"2ahUKEwjCxPe7pZCKAxVdwAIHHb7KHfMQ3ewLegQICxAT\" aria-label=\"Texto traducido: Adventskalender Ikatstoff 109 Rot Entdecken Sie den Zauber von Weihnachten mit unserem exklusiven mallorquinischen Stoff-Adventskalender, einem einzigartigen St\u00fcck, das Tradition und Eleganz vereint. Dieser handgefertigte Kalender besteht aus authentischem mallorquinischem Stoff Perfekt f\u00fcr alle, die Tradition sch\u00e4tzen und jeden Tag im Dezember zu einem besonderen Moment machen m\u00f6chten. Bringen Sie in dieser Weihnachtszeit die W\u00e4rme und den Geist der Insel in Ihr Zuhause. \ud83c\udf84 Lassen Sie jeden Tag z\u00e4hlen mit diesem unvergesslichen Detail. Holen Sie es sich jetzt und feiern Sie den magischsten Countdown! Ideal, um Ihrem Zuhause einen Hauch von rustikalem und mediterranem Charme zu verleihen.\"><span class=\"Y2IQFc\" lang=\"de\">Entdecken Sie den Zauber von Weihnachten mit unserem exklusiven mallorquinischen Stoff-Adventskalender, \r\neinem einzigartigen St\u00fcck, das Tradition und Eleganz vereint. Dieser handgefertigte Kalender besteht \r\naus authentischem mallorquinischem Stoff\r\n\r\n\r\nPerfekt f\u00fcr alle, die Tradition sch\u00e4tzen und jeden Tag im Dezember zu einem besonderen Moment \r\nmachen m\u00f6chten. Bringen Sie in dieser Weihnachtszeit die W\u00e4rme und den Geist der Insel in Ihr Zuhause.\r\n\r\n\ud83c\udf84 \r\nLassen Sie jeden Tag z\u00e4hlen mit diesem unvergesslichen Detail. \r\n\r\nHolen Sie es sich jetzt und feiern Sie den magischsten Countdown! \r\n\r\nIdeal, um Ihrem Zuhause einen Hauch von rustikalem und mediterranem Charme zu verleihen.<\/span><\/pre>\n","protected":false},"excerpt":{"rendered":"<p>056x120cm<\/p>\n","protected":false},"featured_media":35470,"comment_status":"closed","ping_status":"closed","template":"","meta":[],"product_brand":[],"product_cat":[1355],"product_tag":[],"class_list":{"0":"post-35478","1":"product","2":"type-product","3":"status-publish","4":"has-post-thumbnail","6":"product_cat-stoff-adventskalender","8":"first","9":"instock","10":"shipping-taxable","11":"purchasable","12":"product-type-simple"},"yoast_head":"<!-- This site is optimized with the Yoast SEO plugin v27.0 - https:\/\/yoast.com\/product\/yoast-seo-wordpress\/ -->\n<title>Adventskalender Ikatstoff 109 Rot | Teixits Vicens<\/title>\n<meta name=\"robots\" content=\"index, follow, max-snippet:-1, max-image-preview:large, max-video-preview:-1\" \/>\n<link rel=\"canonical\" href=\"https:\/\/teixitsvicens.com\/de\/produkt\/andere-produkte-und-geschenke\/stoff-adventskalender\/adventskalender-ikatstoff-109-rot\/\" \/>\n<meta property=\"og:locale\" content=\"de_DE\" \/>\n<meta property=\"og:type\" content=\"article\" \/>\n<meta property=\"og:title\" content=\"Adventskalender Ikatstoff 109 Rot | Teixits Vicens\" \/>\n<meta property=\"og:description\" content=\"056x120cm\" \/>\n<meta property=\"og:url\" content=\"https:\/\/teixitsvicens.com\/de\/produkt\/andere-produkte-und-geschenke\/stoff-adventskalender\/adventskalender-ikatstoff-109-rot\/\" \/>\n<meta property=\"og:site_name\" content=\"Teixits Vicens\" \/>\n<meta property=\"article:publisher\" content=\"https:\/\/www.facebook.com\/TeixitsVicens\/\" \/>\n<meta property=\"article:modified_time\" content=\"2025-11-21T10:14:57+00:00\" \/>\n<meta property=\"og:image\" content=\"https:\/\/teixitsvicens.com\/wp-content\/uploads\/2024\/12\/calendari-advent-109-vermell.jpg\" \/>\n\t<meta property=\"og:image:width\" content=\"2300\" \/>\n\t<meta property=\"og:image:height\" content=\"1533\" \/>\n\t<meta property=\"og:image:type\" content=\"image\/jpeg\" \/>\n<meta name=\"twitter:card\" content=\"summary_large_image\" \/>\n<meta name=\"twitter:label1\" content=\"Est. reading time\" \/>\n\t<meta name=\"twitter:data1\" content=\"1 minute\" \/>\n<!-- \/ Yoast SEO plugin. -->","yoast_head_json":{"title":"Adventskalender Ikatstoff 109 Rot | Teixits Vicens","robots":{"index":"index","follow":"follow","max-snippet":"max-snippet:-1","max-image-preview":"max-image-preview:large","max-video-preview":"max-video-preview:-1"},"canonical":"https:\/\/teixitsvicens.com\/de\/produkt\/andere-produkte-und-geschenke\/stoff-adventskalender\/adventskalender-ikatstoff-109-rot\/","og_locale":"de_DE","og_type":"article","og_title":"Adventskalender Ikatstoff 109 Rot | Teixits Vicens","og_description":"056x120cm","og_url":"https:\/\/teixitsvicens.com\/de\/produkt\/andere-produkte-und-geschenke\/stoff-adventskalender\/adventskalender-ikatstoff-109-rot\/","og_site_name":"Teixits Vicens","article_publisher":"https:\/\/www.facebook.com\/TeixitsVicens\/","article_modified_time":"2025-11-21T10:14:57+00:00","og_image":[{"width":2300,"height":1533,"url":"https:\/\/teixitsvicens.com\/wp-content\/uploads\/2024\/12\/calendari-advent-109-vermell.jpg","type":"image\/jpeg"}],"twitter_card":"summary_large_image","twitter_misc":{"Est. reading time":"1 minute"},"schema":{"@context":"https:\/\/schema.org","@graph":[{"@type":"WebPage","@id":"https:\/\/teixitsvicens.com\/de\/produkt\/andere-produkte-und-geschenke\/stoff-adventskalender\/adventskalender-ikatstoff-109-rot\/","url":"https:\/\/teixitsvicens.com\/de\/produkt\/andere-produkte-und-geschenke\/stoff-adventskalender\/adventskalender-ikatstoff-109-rot\/","name":"Adventskalender Ikatstoff 109 Rot | Teixits Vicens","isPartOf":{"@id":"https:\/\/teixitsvicens.com\/de\/#website"},"primaryImageOfPage":{"@id":"https:\/\/teixitsvicens.com\/de\/produkt\/andere-produkte-und-geschenke\/stoff-adventskalender\/adventskalender-ikatstoff-109-rot\/#primaryimage"},"image":{"@id":"https:\/\/teixitsvicens.com\/de\/produkt\/andere-produkte-und-geschenke\/stoff-adventskalender\/adventskalender-ikatstoff-109-rot\/#primaryimage"},"thumbnailUrl":"https:\/\/teixitsvicens.com\/wp-content\/uploads\/2024\/12\/calendari-advent-109-vermell.jpg","datePublished":"2025-10-16T08:54:32+00:00","dateModified":"2025-11-21T10:14:57+00:00","breadcrumb":{"@id":"https:\/\/teixitsvicens.com\/de\/produkt\/andere-produkte-und-geschenke\/stoff-adventskalender\/adventskalender-ikatstoff-109-rot\/#breadcrumb"},"inLanguage":"de","potentialAction":[{"@type":"ReadAction","target":["https:\/\/teixitsvicens.com\/de\/produkt\/andere-produkte-und-geschenke\/stoff-adventskalender\/adventskalender-ikatstoff-109-rot\/"]}]},{"@type":"ImageObject","inLanguage":"de","@id":"https:\/\/teixitsvicens.com\/de\/produkt\/andere-produkte-und-geschenke\/stoff-adventskalender\/adventskalender-ikatstoff-109-rot\/#primaryimage","url":"https:\/\/teixitsvicens.com\/wp-content\/uploads\/2024\/12\/calendari-advent-109-vermell.jpg","contentUrl":"https:\/\/teixitsvicens.com\/wp-content\/uploads\/2024\/12\/calendari-advent-109-vermell.jpg","width":2300,"height":1533},{"@type":"BreadcrumbList","@id":"https:\/\/teixitsvicens.com\/de\/produkt\/andere-produkte-und-geschenke\/stoff-adventskalender\/adventskalender-ikatstoff-109-rot\/#breadcrumb","itemListElement":[{"@type":"ListItem","position":1,"name":"Inici","item":"https:\/\/teixitsvicens.com\/de\/home\/"},{"@type":"ListItem","position":2,"name":"Online-Shop","item":"https:\/\/teixitsvicens.com\/de\/online-shop\/"},{"@type":"ListItem","position":3,"name":"Adventskalender Ikatstoff 109 Rot"}]},{"@type":"WebSite","@id":"https:\/\/teixitsvicens.com\/de\/#website","url":"https:\/\/teixitsvicens.com\/de\/","name":"Teixits Vicens","description":"Taller textil artesano","publisher":{"@id":"https:\/\/teixitsvicens.com\/de\/#organization"},"alternateName":"Teixits Vicens","potentialAction":[{"@type":"SearchAction","target":{"@type":"EntryPoint","urlTemplate":"https:\/\/teixitsvicens.com\/de\/?s={search_term_string}"},"query-input":{"@type":"PropertyValueSpecification","valueRequired":true,"valueName":"search_term_string"}}],"inLanguage":"de"},{"@type":"Organization","@id":"https:\/\/teixitsvicens.com\/de\/#organization","name":"Teixits Vicens","url":"https:\/\/teixitsvicens.com\/de\/","logo":{"@type":"ImageObject","inLanguage":"de","@id":"https:\/\/teixitsvicens.com\/de\/#\/schema\/logo\/image\/","url":"https:\/\/teixitsvicens.com\/wp-content\/uploads\/2025\/10\/logo-teixits-vicents.png","contentUrl":"https:\/\/teixitsvicens.com\/wp-content\/uploads\/2025\/10\/logo-teixits-vicents.png","width":629,"height":131,"caption":"Teixits Vicens"},"image":{"@id":"https:\/\/teixitsvicens.com\/de\/#\/schema\/logo\/image\/"},"sameAs":["https:\/\/www.facebook.com\/TeixitsVicens\/","https:\/\/www.instagram.com\/teixitsvicens\/"]}]}},"_links":{"self":[{"href":"https:\/\/teixitsvicens.com\/de\/wp-json\/wp\/v2\/product\/35478","targetHints":{"allow":["GET"]}}],"collection":[{"href":"https:\/\/teixitsvicens.com\/de\/wp-json\/wp\/v2\/product"}],"about":[{"href":"https:\/\/teixitsvicens.com\/de\/wp-json\/wp\/v2\/types\/product"}],"replies":[{"embeddable":true,"href":"https:\/\/teixitsvicens.com\/de\/wp-json\/wp\/v2\/comments?post=35478"}],"wp:featuredmedia":[{"embeddable":true,"href":"https:\/\/teixitsvicens.com\/de\/wp-json\/wp\/v2\/media\/35470"}],"wp:attachment":[{"href":"https:\/\/teixitsvicens.com\/de\/wp-json\/wp\/v2\/media?parent=35478"}],"wp:term":[{"taxonomy":"product_brand","embeddable":true,"href":"https:\/\/teixitsvicens.com\/de\/wp-json\/wp\/v2\/product_brand?post=35478"},{"taxonomy":"product_cat","embeddable":true,"href":"https:\/\/teixitsvicens.com\/de\/wp-json\/wp\/v2\/product_cat?post=35478"},{"taxonomy":"product_tag","embeddable":true,"href":"https:\/\/teixitsvicens.com\/de\/wp-json\/wp\/v2\/product_tag?post=35478"}],"curies":[{"name":"wp","href":"https:\/\/api.w.org\/{rel}","templated":true}]}}