{"id":33633,"date":"2024-08-30T10:00:19","date_gmt":"2024-08-30T08:00:19","guid":{"rendered":"https:\/\/teixitsmallorca.com\/?post_type=product&#038;p=33633"},"modified":"2026-02-06T10:20:04","modified_gmt":"2026-02-06T09:20:04","slug":"ikat-pink-lush-by-helena-rohner","status":"publish","type":"product","link":"https:\/\/teixitsvicens.com\/de\/produkt\/mallorquinische-stoffe\/sonderanfertigungen\/ikat-pink-lush-by-helena-rohner\/","title":{"rendered":"ikat Pink Lush by Helena Rohner"},"content":{"rendered":"<div id=\"tw-target-text-container\" class=\"tw-ta-container F0azHf tw-nfl\" tabindex=\"0\">\n<p id=\"tw-target-text\" class=\"tw-data-text tw-text-large tw-ta\" dir=\"ltr\" data-placeholder=\"Traducci\u00f3n\" data-ved=\"2ahUKEwjVlqGT1ICGAxXPRaQEHYHCALwQ3ewLegQIBRAT\"><span class=\"Y2IQFc\" lang=\"de\">Helena Rohner, geboren in Las Palmas de Gran Canaria, Designerin mit gro\u00dfer Erfahrung und Prestige. Sein Stil zeichnet sich durch seine F\u00e4higkeit aus, Materialien manipulieren, klare Linien zeichnen und erstellen Sie jeweils einfache Formen Seine St\u00fccke tragen sein einzigartiges Siegel und suchen stets nach Harmonie und Sch\u00f6nheit in organischen, subtilen und farbenfrohen Formen. Inspiriert von der Natur, der Kunst Te, Musik und die Menschen um sie herum beschr\u00e4nkt sich ihre Kreativit\u00e4t nicht nur auf Schmuck, sondern erstreckt sich auch auf Kooperationen mit weltweit anerkannten Marken. Sein tiefer Respekt vor Traditionen und die Handwerkskunst spiegelt sich in seiner Zusammenarbeit mit TEIXITS VICENS wider und zeigt seine Hingabe an Webst\u00fchle und handwerkliche Meisterschaft.<\/span><\/p>\n<\/div>\n","protected":false},"excerpt":{"rendered":"<p>Helena Rohner, geboren in Las Palmas de Gran Canaria, Designerin mit gro\u00dfer Erfahrung und Prestige. Sein Stil zeichnet sich durch&#8230;<\/p>\n","protected":false},"featured_media":33599,"comment_status":"closed","ping_status":"closed","template":"","meta":[],"product_brand":[],"product_cat":[1147],"product_tag":[],"class_list":{"0":"post-33633","1":"product","2":"type-product","3":"status-publish","4":"has-post-thumbnail","6":"product_cat-sonderanfertigungen","8":"first","9":"instock","10":"shipping-taxable","11":"purchasable","12":"product-type-variable","13":"has-default-attributes"},"yoast_head":"<!-- This site is optimized with the Yoast SEO plugin v27.0 - https:\/\/yoast.com\/product\/yoast-seo-wordpress\/ -->\n<title>ikat Pink Lush by Helena Rohner | Teixits Vicens<\/title>\n<meta name=\"description\" content=\"Tela por metros artesana, elaborada con la t\u00e9cnica del ikat. Tela online para llevar a cabo tus ideas de proyectos decorativos.\" \/>\n<meta name=\"robots\" content=\"index, follow, max-snippet:-1, max-image-preview:large, max-video-preview:-1\" \/>\n<link rel=\"canonical\" href=\"https:\/\/teixitsvicens.com\/de\/produkt\/mallorquinische-stoffe\/sonderanfertigungen\/ikat-pink-lush-by-helena-rohner\/\" \/>\n<meta property=\"og:locale\" content=\"de_DE\" \/>\n<meta property=\"og:type\" content=\"article\" \/>\n<meta property=\"og:title\" content=\"ikat Pink Lush by Helena Rohner | Teixits Vicens\" \/>\n<meta property=\"og:description\" content=\"Tela por metros artesana, elaborada con la t\u00e9cnica del ikat. Tela online para llevar a cabo tus ideas de proyectos decorativos.\" \/>\n<meta property=\"og:url\" content=\"https:\/\/teixitsvicens.com\/de\/produkt\/mallorquinische-stoffe\/sonderanfertigungen\/ikat-pink-lush-by-helena-rohner\/\" \/>\n<meta property=\"og:site_name\" content=\"Teixits Vicens\" \/>\n<meta property=\"article:publisher\" content=\"https:\/\/www.facebook.com\/TeixitsVicens\/\" \/>\n<meta property=\"article:modified_time\" content=\"2026-02-06T09:20:04+00:00\" \/>\n<meta property=\"og:image\" content=\"https:\/\/teixitsvicens.com\/wp-content\/uploads\/2024\/08\/tela-helena-rohner-lweb.jpg\" \/>\n\t<meta property=\"og:image:width\" content=\"1200\" \/>\n\t<meta property=\"og:image:height\" content=\"823\" \/>\n\t<meta property=\"og:image:type\" content=\"image\/jpeg\" \/>\n<meta name=\"twitter:card\" content=\"summary_large_image\" \/>\n<meta name=\"twitter:label1\" content=\"Est. reading time\" \/>\n\t<meta name=\"twitter:data1\" content=\"1 minute\" \/>\n<!-- \/ Yoast SEO plugin. -->","yoast_head_json":{"title":"ikat Pink Lush by Helena Rohner | Teixits Vicens","description":"Tela por metros artesana, elaborada con la t\u00e9cnica del ikat. Tela online para llevar a cabo tus ideas de proyectos decorativos.","robots":{"index":"index","follow":"follow","max-snippet":"max-snippet:-1","max-image-preview":"max-image-preview:large","max-video-preview":"max-video-preview:-1"},"canonical":"https:\/\/teixitsvicens.com\/de\/produkt\/mallorquinische-stoffe\/sonderanfertigungen\/ikat-pink-lush-by-helena-rohner\/","og_locale":"de_DE","og_type":"article","og_title":"ikat Pink Lush by Helena Rohner | Teixits Vicens","og_description":"Tela por metros artesana, elaborada con la t\u00e9cnica del ikat. Tela online para llevar a cabo tus ideas de proyectos decorativos.","og_url":"https:\/\/teixitsvicens.com\/de\/produkt\/mallorquinische-stoffe\/sonderanfertigungen\/ikat-pink-lush-by-helena-rohner\/","og_site_name":"Teixits Vicens","article_publisher":"https:\/\/www.facebook.com\/TeixitsVicens\/","article_modified_time":"2026-02-06T09:20:04+00:00","og_image":[{"width":1200,"height":823,"url":"https:\/\/teixitsvicens.com\/wp-content\/uploads\/2024\/08\/tela-helena-rohner-lweb.jpg","type":"image\/jpeg"}],"twitter_card":"summary_large_image","twitter_misc":{"Est. reading time":"1 minute"},"schema":{"@context":"https:\/\/schema.org","@graph":[{"@type":"WebPage","@id":"https:\/\/teixitsvicens.com\/de\/produkt\/mallorquinische-stoffe\/sonderanfertigungen\/ikat-pink-lush-by-helena-rohner\/","url":"https:\/\/teixitsvicens.com\/de\/produkt\/mallorquinische-stoffe\/sonderanfertigungen\/ikat-pink-lush-by-helena-rohner\/","name":"ikat Pink Lush by Helena Rohner | Teixits Vicens","isPartOf":{"@id":"https:\/\/teixitsvicens.com\/de\/#website"},"primaryImageOfPage":{"@id":"https:\/\/teixitsvicens.com\/de\/produkt\/mallorquinische-stoffe\/sonderanfertigungen\/ikat-pink-lush-by-helena-rohner\/#primaryimage"},"image":{"@id":"https:\/\/teixitsvicens.com\/de\/produkt\/mallorquinische-stoffe\/sonderanfertigungen\/ikat-pink-lush-by-helena-rohner\/#primaryimage"},"thumbnailUrl":"https:\/\/teixitsvicens.com\/wp-content\/uploads\/2024\/08\/tela-helena-rohner-lweb.jpg","datePublished":"2024-08-30T08:00:19+00:00","dateModified":"2026-02-06T09:20:04+00:00","description":"Tela por metros artesana, elaborada con la t\u00e9cnica del ikat. Tela online para llevar a cabo tus ideas de proyectos decorativos.","breadcrumb":{"@id":"https:\/\/teixitsvicens.com\/de\/produkt\/mallorquinische-stoffe\/sonderanfertigungen\/ikat-pink-lush-by-helena-rohner\/#breadcrumb"},"inLanguage":"de","potentialAction":[{"@type":"ReadAction","target":["https:\/\/teixitsvicens.com\/de\/produkt\/mallorquinische-stoffe\/sonderanfertigungen\/ikat-pink-lush-by-helena-rohner\/"]}]},{"@type":"ImageObject","inLanguage":"de","@id":"https:\/\/teixitsvicens.com\/de\/produkt\/mallorquinische-stoffe\/sonderanfertigungen\/ikat-pink-lush-by-helena-rohner\/#primaryimage","url":"https:\/\/teixitsvicens.com\/wp-content\/uploads\/2024\/08\/tela-helena-rohner-lweb.jpg","contentUrl":"https:\/\/teixitsvicens.com\/wp-content\/uploads\/2024\/08\/tela-helena-rohner-lweb.jpg","width":1200,"height":823},{"@type":"BreadcrumbList","@id":"https:\/\/teixitsvicens.com\/de\/produkt\/mallorquinische-stoffe\/sonderanfertigungen\/ikat-pink-lush-by-helena-rohner\/#breadcrumb","itemListElement":[{"@type":"ListItem","position":1,"name":"Inici","item":"https:\/\/teixitsvicens.com\/de\/home\/"},{"@type":"ListItem","position":2,"name":"Online-Shop","item":"https:\/\/teixitsvicens.com\/de\/online-shop\/"},{"@type":"ListItem","position":3,"name":"ikat Pink Lush by Helena Rohner"}]},{"@type":"WebSite","@id":"https:\/\/teixitsvicens.com\/de\/#website","url":"https:\/\/teixitsvicens.com\/de\/","name":"Teixits Vicens","description":"Taller textil artesano","publisher":{"@id":"https:\/\/teixitsvicens.com\/de\/#organization"},"alternateName":"Teixits Vicens","potentialAction":[{"@type":"SearchAction","target":{"@type":"EntryPoint","urlTemplate":"https:\/\/teixitsvicens.com\/de\/?s={search_term_string}"},"query-input":{"@type":"PropertyValueSpecification","valueRequired":true,"valueName":"search_term_string"}}],"inLanguage":"de"},{"@type":"Organization","@id":"https:\/\/teixitsvicens.com\/de\/#organization","name":"Teixits Vicens","url":"https:\/\/teixitsvicens.com\/de\/","logo":{"@type":"ImageObject","inLanguage":"de","@id":"https:\/\/teixitsvicens.com\/de\/#\/schema\/logo\/image\/","url":"https:\/\/teixitsvicens.com\/wp-content\/uploads\/2025\/10\/logo-teixits-vicents.png","contentUrl":"https:\/\/teixitsvicens.com\/wp-content\/uploads\/2025\/10\/logo-teixits-vicents.png","width":629,"height":131,"caption":"Teixits Vicens"},"image":{"@id":"https:\/\/teixitsvicens.com\/de\/#\/schema\/logo\/image\/"},"sameAs":["https:\/\/www.facebook.com\/TeixitsVicens\/","https:\/\/www.instagram.com\/teixitsvicens\/"]}]}},"_links":{"self":[{"href":"https:\/\/teixitsvicens.com\/de\/wp-json\/wp\/v2\/product\/33633","targetHints":{"allow":["GET"]}}],"collection":[{"href":"https:\/\/teixitsvicens.com\/de\/wp-json\/wp\/v2\/product"}],"about":[{"href":"https:\/\/teixitsvicens.com\/de\/wp-json\/wp\/v2\/types\/product"}],"replies":[{"embeddable":true,"href":"https:\/\/teixitsvicens.com\/de\/wp-json\/wp\/v2\/comments?post=33633"}],"wp:featuredmedia":[{"embeddable":true,"href":"https:\/\/teixitsvicens.com\/de\/wp-json\/wp\/v2\/media\/33599"}],"wp:attachment":[{"href":"https:\/\/teixitsvicens.com\/de\/wp-json\/wp\/v2\/media?parent=33633"}],"wp:term":[{"taxonomy":"product_brand","embeddable":true,"href":"https:\/\/teixitsvicens.com\/de\/wp-json\/wp\/v2\/product_brand?post=33633"},{"taxonomy":"product_cat","embeddable":true,"href":"https:\/\/teixitsvicens.com\/de\/wp-json\/wp\/v2\/product_cat?post=33633"},{"taxonomy":"product_tag","embeddable":true,"href":"https:\/\/teixitsvicens.com\/de\/wp-json\/wp\/v2\/product_tag?post=33633"}],"curies":[{"name":"wp","href":"https:\/\/api.w.org\/{rel}","templated":true}]}}