{"id":32109,"date":"2024-07-30T13:16:29","date_gmt":"2024-07-30T11:16:29","guid":{"rendered":"https:\/\/teixitsmallorca.com\/?post_type=product&#038;p=32109"},"modified":"2025-07-25T11:22:34","modified_gmt":"2025-07-25T09:22:34","slug":"tragetasche-xl-mallorquina-stoff-211-tuerkis","status":"publish","type":"product","link":"https:\/\/teixitsvicens.com\/de\/produkt\/taschen\/tragetasche\/tragetasche-xl-mallorquina-stoff-211-tuerkis\/","title":{"rendered":"Tragetasche XL Mallorquina Stoff 211 T\u00fcrkis"},"content":{"rendered":"<pre id=\"tw-target-text\" class=\"tw-data-text tw-text-large tw-ta\" dir=\"ltr\" data-placeholder=\"Traducci\u00f3n\" aria-label=\"Texto traducido\" data-ved=\"2ahUKEwiNzp6MxM6HAxV4A9sEHZYMDWkQ3ewLegQIBRAT\"><span class=\"Y2IQFc\" lang=\"de\">Extra gro\u00dfe Stofftasche, handgefertigt aus mallorquinischen Stoffen.\r\n\r\nEine einfache und vielseitige Tasche, zum Spazierengehen oder Einkaufen.\r\n\r\nSie k\u00f6nnen es h\u00e4ngend an der Schulter oder in der Hand tragen.\r\n\r\nGriffe aus Baumwoll-Fischgr\u00e4tenband.\r\n\r\nEs verf\u00fcgt \u00fcber eine Innentasche und einen Schl\u00fcsselring.<\/span><\/pre>\n","protected":false},"excerpt":{"rendered":"<p>0,49 x 0,50 cm<\/p>\n","protected":false},"featured_media":32102,"comment_status":"closed","ping_status":"closed","template":"","meta":[],"product_brand":[],"product_cat":[898],"product_tag":[],"class_list":{"0":"post-32109","1":"product","2":"type-product","3":"status-publish","4":"has-post-thumbnail","6":"product_cat-tragetasche","8":"first","9":"instock","10":"shipping-taxable","11":"purchasable","12":"product-type-simple"},"yoast_head":"<!-- This site is optimized with the Yoast SEO plugin v27.0 - https:\/\/yoast.com\/product\/yoast-seo-wordpress\/ -->\n<title>Tragetasche XL Mallorquina Stoff 211 T\u00fcrkis | Teixits Vicens<\/title>\n<meta name=\"robots\" content=\"index, follow, max-snippet:-1, max-image-preview:large, max-video-preview:-1\" \/>\n<link rel=\"canonical\" href=\"https:\/\/teixitsvicens.com\/de\/produkt\/taschen\/tragetasche\/tragetasche-xl-mallorquina-stoff-211-tuerkis\/\" \/>\n<meta property=\"og:locale\" content=\"de_DE\" \/>\n<meta property=\"og:type\" content=\"article\" \/>\n<meta property=\"og:title\" content=\"Tragetasche XL Mallorquina Stoff 211 T\u00fcrkis | Teixits Vicens\" \/>\n<meta property=\"og:description\" content=\"0,49 x 0,50 cm\" \/>\n<meta property=\"og:url\" content=\"https:\/\/teixitsvicens.com\/de\/produkt\/taschen\/tragetasche\/tragetasche-xl-mallorquina-stoff-211-tuerkis\/\" \/>\n<meta property=\"og:site_name\" content=\"Teixits Vicens\" \/>\n<meta property=\"article:publisher\" content=\"https:\/\/www.facebook.com\/TeixitsVicens\/\" \/>\n<meta property=\"article:modified_time\" content=\"2025-07-25T09:22:34+00:00\" \/>\n<meta property=\"og:image\" content=\"https:\/\/teixitsvicens.com\/wp-content\/uploads\/2024\/07\/mo24SMALL.jpg\" \/>\n\t<meta property=\"og:image:width\" content=\"1200\" \/>\n\t<meta property=\"og:image:height\" content=\"1800\" \/>\n\t<meta property=\"og:image:type\" content=\"image\/jpeg\" \/>\n<meta name=\"twitter:card\" content=\"summary_large_image\" \/>\n<!-- \/ Yoast SEO plugin. -->","yoast_head_json":{"title":"Tragetasche XL Mallorquina Stoff 211 T\u00fcrkis | Teixits Vicens","robots":{"index":"index","follow":"follow","max-snippet":"max-snippet:-1","max-image-preview":"max-image-preview:large","max-video-preview":"max-video-preview:-1"},"canonical":"https:\/\/teixitsvicens.com\/de\/produkt\/taschen\/tragetasche\/tragetasche-xl-mallorquina-stoff-211-tuerkis\/","og_locale":"de_DE","og_type":"article","og_title":"Tragetasche XL Mallorquina Stoff 211 T\u00fcrkis | Teixits Vicens","og_description":"0,49 x 0,50 cm","og_url":"https:\/\/teixitsvicens.com\/de\/produkt\/taschen\/tragetasche\/tragetasche-xl-mallorquina-stoff-211-tuerkis\/","og_site_name":"Teixits Vicens","article_publisher":"https:\/\/www.facebook.com\/TeixitsVicens\/","article_modified_time":"2025-07-25T09:22:34+00:00","og_image":[{"width":1200,"height":1800,"url":"https:\/\/teixitsvicens.com\/wp-content\/uploads\/2024\/07\/mo24SMALL.jpg","type":"image\/jpeg"}],"twitter_card":"summary_large_image","schema":{"@context":"https:\/\/schema.org","@graph":[{"@type":"WebPage","@id":"https:\/\/teixitsvicens.com\/de\/produkt\/taschen\/tragetasche\/tragetasche-xl-mallorquina-stoff-211-tuerkis\/","url":"https:\/\/teixitsvicens.com\/de\/produkt\/taschen\/tragetasche\/tragetasche-xl-mallorquina-stoff-211-tuerkis\/","name":"Tragetasche XL Mallorquina Stoff 211 T\u00fcrkis | Teixits Vicens","isPartOf":{"@id":"https:\/\/teixitsvicens.com\/de\/#website"},"primaryImageOfPage":{"@id":"https:\/\/teixitsvicens.com\/de\/produkt\/taschen\/tragetasche\/tragetasche-xl-mallorquina-stoff-211-tuerkis\/#primaryimage"},"image":{"@id":"https:\/\/teixitsvicens.com\/de\/produkt\/taschen\/tragetasche\/tragetasche-xl-mallorquina-stoff-211-tuerkis\/#primaryimage"},"thumbnailUrl":"https:\/\/teixitsvicens.com\/wp-content\/uploads\/2024\/07\/mo24SMALL.jpg","datePublished":"2024-07-30T11:16:29+00:00","dateModified":"2025-07-25T09:22:34+00:00","breadcrumb":{"@id":"https:\/\/teixitsvicens.com\/de\/produkt\/taschen\/tragetasche\/tragetasche-xl-mallorquina-stoff-211-tuerkis\/#breadcrumb"},"inLanguage":"de","potentialAction":[{"@type":"ReadAction","target":["https:\/\/teixitsvicens.com\/de\/produkt\/taschen\/tragetasche\/tragetasche-xl-mallorquina-stoff-211-tuerkis\/"]}]},{"@type":"ImageObject","inLanguage":"de","@id":"https:\/\/teixitsvicens.com\/de\/produkt\/taschen\/tragetasche\/tragetasche-xl-mallorquina-stoff-211-tuerkis\/#primaryimage","url":"https:\/\/teixitsvicens.com\/wp-content\/uploads\/2024\/07\/mo24SMALL.jpg","contentUrl":"https:\/\/teixitsvicens.com\/wp-content\/uploads\/2024\/07\/mo24SMALL.jpg","width":1200,"height":1800},{"@type":"BreadcrumbList","@id":"https:\/\/teixitsvicens.com\/de\/produkt\/taschen\/tragetasche\/tragetasche-xl-mallorquina-stoff-211-tuerkis\/#breadcrumb","itemListElement":[{"@type":"ListItem","position":1,"name":"Inici","item":"https:\/\/teixitsvicens.com\/de\/home\/"},{"@type":"ListItem","position":2,"name":"Online-Shop","item":"https:\/\/teixitsvicens.com\/de\/online-shop\/"},{"@type":"ListItem","position":3,"name":"Tragetasche XL Mallorquina Stoff 211 T\u00fcrkis"}]},{"@type":"WebSite","@id":"https:\/\/teixitsvicens.com\/de\/#website","url":"https:\/\/teixitsvicens.com\/de\/","name":"Teixits Vicens","description":"Taller textil artesano","publisher":{"@id":"https:\/\/teixitsvicens.com\/de\/#organization"},"alternateName":"Teixits Vicens","potentialAction":[{"@type":"SearchAction","target":{"@type":"EntryPoint","urlTemplate":"https:\/\/teixitsvicens.com\/de\/?s={search_term_string}"},"query-input":{"@type":"PropertyValueSpecification","valueRequired":true,"valueName":"search_term_string"}}],"inLanguage":"de"},{"@type":"Organization","@id":"https:\/\/teixitsvicens.com\/de\/#organization","name":"Teixits Vicens","url":"https:\/\/teixitsvicens.com\/de\/","logo":{"@type":"ImageObject","inLanguage":"de","@id":"https:\/\/teixitsvicens.com\/de\/#\/schema\/logo\/image\/","url":"https:\/\/teixitsvicens.com\/wp-content\/uploads\/2025\/10\/logo-teixits-vicents.png","contentUrl":"https:\/\/teixitsvicens.com\/wp-content\/uploads\/2025\/10\/logo-teixits-vicents.png","width":629,"height":131,"caption":"Teixits Vicens"},"image":{"@id":"https:\/\/teixitsvicens.com\/de\/#\/schema\/logo\/image\/"},"sameAs":["https:\/\/www.facebook.com\/TeixitsVicens\/","https:\/\/www.instagram.com\/teixitsvicens\/"]}]}},"_links":{"self":[{"href":"https:\/\/teixitsvicens.com\/de\/wp-json\/wp\/v2\/product\/32109","targetHints":{"allow":["GET"]}}],"collection":[{"href":"https:\/\/teixitsvicens.com\/de\/wp-json\/wp\/v2\/product"}],"about":[{"href":"https:\/\/teixitsvicens.com\/de\/wp-json\/wp\/v2\/types\/product"}],"replies":[{"embeddable":true,"href":"https:\/\/teixitsvicens.com\/de\/wp-json\/wp\/v2\/comments?post=32109"}],"wp:featuredmedia":[{"embeddable":true,"href":"https:\/\/teixitsvicens.com\/de\/wp-json\/wp\/v2\/media\/32102"}],"wp:attachment":[{"href":"https:\/\/teixitsvicens.com\/de\/wp-json\/wp\/v2\/media?parent=32109"}],"wp:term":[{"taxonomy":"product_brand","embeddable":true,"href":"https:\/\/teixitsvicens.com\/de\/wp-json\/wp\/v2\/product_brand?post=32109"},{"taxonomy":"product_cat","embeddable":true,"href":"https:\/\/teixitsvicens.com\/de\/wp-json\/wp\/v2\/product_cat?post=32109"},{"taxonomy":"product_tag","embeddable":true,"href":"https:\/\/teixitsvicens.com\/de\/wp-json\/wp\/v2\/product_tag?post=32109"}],"curies":[{"name":"wp","href":"https:\/\/api.w.org\/{rel}","templated":true}]}}