{"id":31551,"date":"2024-07-19T11:50:59","date_gmt":"2024-07-19T09:50:59","guid":{"rendered":"https:\/\/teixitsmallorca.com\/?post_type=product&#038;p=31551"},"modified":"2025-12-15T10:35:55","modified_gmt":"2025-12-15T09:35:55","slug":"ikat-61-tuerkisfarbener-regiestuhl","status":"publish","type":"product","link":"https:\/\/teixitsvicens.com\/de\/produkt\/dekor\/stuhle\/ikat-61-tuerkisfarbener-regiestuhl\/","title":{"rendered":"Ikat 61 T\u00fcrkisfarbener Regiestuhl"},"content":{"rendered":"<p>Dekorieren Sie Ihren Garten oder Ihre Terrasse mit diesen menorquinischen Holzst\u00fchlen und handgefertigten ikat Stoffen. Der abnehmbare Stoff erleichtert die Pflege und bietet die M\u00f6glichkeit, das Stoffdesign zu \u00e4ndern. Klappstuhl, sehr bequem, um Tage im Freien zu genie\u00dfen.<\/p>\n","protected":false},"excerpt":{"rendered":"<p>Dieses Produkt <strong>ist nur auf Bestellung erh\u00e4ltlich<\/strong>.<br \/>\nWenn Sie interessiert sind, k\u00f6nnen Sie uns per Telefon oder E-Mail kontaktieren, und wir werden uns so schnell wie m\u00f6glich bei Ihnen melden<\/p>\n<p><a href=\"tel:+34%20971%20530%20450\">+34 971 530 450<\/a><br \/>\n<a href=\"mailto:info@teixitsvicens.com\">info@teixitsvicens.com<\/a><\/p>\n","protected":false},"featured_media":31547,"comment_status":"closed","ping_status":"closed","template":"","meta":[],"product_brand":[],"product_cat":[1034],"product_tag":[],"class_list":{"0":"post-31551","1":"product","2":"type-product","3":"status-publish","4":"has-post-thumbnail","6":"product_cat-stuhle","8":"first","9":"instock","10":"shipping-taxable","11":"purchasable","12":"product-type-simple"},"yoast_head":"<!-- This site is optimized with the Yoast SEO plugin v27.0 - https:\/\/yoast.com\/product\/yoast-seo-wordpress\/ -->\n<title>Ikat 61 T\u00fcrkisfarbener Regiestuhl | Teixits Vicens<\/title>\n<meta name=\"robots\" content=\"index, follow, max-snippet:-1, max-image-preview:large, max-video-preview:-1\" \/>\n<link rel=\"canonical\" href=\"https:\/\/teixitsvicens.com\/de\/produkt\/dekor\/stuhle\/ikat-61-tuerkisfarbener-regiestuhl\/\" \/>\n<meta property=\"og:locale\" content=\"de_DE\" \/>\n<meta property=\"og:type\" content=\"article\" \/>\n<meta property=\"og:title\" content=\"Ikat 61 T\u00fcrkisfarbener Regiestuhl | Teixits Vicens\" \/>\n<meta property=\"og:description\" content=\"Dieses Produkt ist nur auf Bestellung erh\u00e4ltlich. Wenn Sie interessiert sind, k\u00f6nnen Sie uns per Telefon oder E-Mail kontaktieren, und wir werden uns so schnell wie m\u00f6glich bei Ihnen melden  +34 971 530 450 info@teixitsvicens.com\" \/>\n<meta property=\"og:url\" content=\"https:\/\/teixitsvicens.com\/de\/produkt\/dekor\/stuhle\/ikat-61-tuerkisfarbener-regiestuhl\/\" \/>\n<meta property=\"og:site_name\" content=\"Teixits Vicens\" \/>\n<meta property=\"article:publisher\" content=\"https:\/\/www.facebook.com\/TeixitsVicens\/\" \/>\n<meta property=\"article:modified_time\" content=\"2025-12-15T09:35:55+00:00\" \/>\n<meta property=\"og:image\" content=\"https:\/\/teixitsvicens.com\/wp-content\/uploads\/2024\/07\/mo57small.jpg\" \/>\n\t<meta property=\"og:image:width\" content=\"900\" \/>\n\t<meta property=\"og:image:height\" content=\"1350\" \/>\n\t<meta property=\"og:image:type\" content=\"image\/jpeg\" \/>\n<meta name=\"twitter:card\" content=\"summary_large_image\" \/>\n<meta name=\"twitter:label1\" content=\"Est. reading time\" \/>\n\t<meta name=\"twitter:data1\" content=\"1 minute\" \/>\n<!-- \/ Yoast SEO plugin. -->","yoast_head_json":{"title":"Ikat 61 T\u00fcrkisfarbener Regiestuhl | Teixits Vicens","robots":{"index":"index","follow":"follow","max-snippet":"max-snippet:-1","max-image-preview":"max-image-preview:large","max-video-preview":"max-video-preview:-1"},"canonical":"https:\/\/teixitsvicens.com\/de\/produkt\/dekor\/stuhle\/ikat-61-tuerkisfarbener-regiestuhl\/","og_locale":"de_DE","og_type":"article","og_title":"Ikat 61 T\u00fcrkisfarbener Regiestuhl | Teixits Vicens","og_description":"Dieses Produkt ist nur auf Bestellung erh\u00e4ltlich. Wenn Sie interessiert sind, k\u00f6nnen Sie uns per Telefon oder E-Mail kontaktieren, und wir werden uns so schnell wie m\u00f6glich bei Ihnen melden  +34 971 530 450 info@teixitsvicens.com","og_url":"https:\/\/teixitsvicens.com\/de\/produkt\/dekor\/stuhle\/ikat-61-tuerkisfarbener-regiestuhl\/","og_site_name":"Teixits Vicens","article_publisher":"https:\/\/www.facebook.com\/TeixitsVicens\/","article_modified_time":"2025-12-15T09:35:55+00:00","og_image":[{"width":900,"height":1350,"url":"https:\/\/teixitsvicens.com\/wp-content\/uploads\/2024\/07\/mo57small.jpg","type":"image\/jpeg"}],"twitter_card":"summary_large_image","twitter_misc":{"Est. reading time":"1 minute"},"schema":{"@context":"https:\/\/schema.org","@graph":[{"@type":"WebPage","@id":"https:\/\/teixitsvicens.com\/de\/produkt\/dekor\/stuhle\/ikat-61-tuerkisfarbener-regiestuhl\/","url":"https:\/\/teixitsvicens.com\/de\/produkt\/dekor\/stuhle\/ikat-61-tuerkisfarbener-regiestuhl\/","name":"Ikat 61 T\u00fcrkisfarbener Regiestuhl | Teixits Vicens","isPartOf":{"@id":"https:\/\/teixitsvicens.com\/de\/#website"},"primaryImageOfPage":{"@id":"https:\/\/teixitsvicens.com\/de\/produkt\/dekor\/stuhle\/ikat-61-tuerkisfarbener-regiestuhl\/#primaryimage"},"image":{"@id":"https:\/\/teixitsvicens.com\/de\/produkt\/dekor\/stuhle\/ikat-61-tuerkisfarbener-regiestuhl\/#primaryimage"},"thumbnailUrl":"https:\/\/teixitsvicens.com\/wp-content\/uploads\/2024\/07\/mo57small.jpg","datePublished":"2024-07-19T09:50:59+00:00","dateModified":"2025-12-15T09:35:55+00:00","breadcrumb":{"@id":"https:\/\/teixitsvicens.com\/de\/produkt\/dekor\/stuhle\/ikat-61-tuerkisfarbener-regiestuhl\/#breadcrumb"},"inLanguage":"de","potentialAction":[{"@type":"ReadAction","target":["https:\/\/teixitsvicens.com\/de\/produkt\/dekor\/stuhle\/ikat-61-tuerkisfarbener-regiestuhl\/"]}]},{"@type":"ImageObject","inLanguage":"de","@id":"https:\/\/teixitsvicens.com\/de\/produkt\/dekor\/stuhle\/ikat-61-tuerkisfarbener-regiestuhl\/#primaryimage","url":"https:\/\/teixitsvicens.com\/wp-content\/uploads\/2024\/07\/mo57small.jpg","contentUrl":"https:\/\/teixitsvicens.com\/wp-content\/uploads\/2024\/07\/mo57small.jpg","width":900,"height":1350},{"@type":"BreadcrumbList","@id":"https:\/\/teixitsvicens.com\/de\/produkt\/dekor\/stuhle\/ikat-61-tuerkisfarbener-regiestuhl\/#breadcrumb","itemListElement":[{"@type":"ListItem","position":1,"name":"Inici","item":"https:\/\/teixitsvicens.com\/de\/home\/"},{"@type":"ListItem","position":2,"name":"Online-Shop","item":"https:\/\/teixitsvicens.com\/de\/online-shop\/"},{"@type":"ListItem","position":3,"name":"Ikat 61 T\u00fcrkisfarbener Regiestuhl"}]},{"@type":"WebSite","@id":"https:\/\/teixitsvicens.com\/de\/#website","url":"https:\/\/teixitsvicens.com\/de\/","name":"Teixits Vicens","description":"Taller textil artesano","publisher":{"@id":"https:\/\/teixitsvicens.com\/de\/#organization"},"alternateName":"Teixits Vicens","potentialAction":[{"@type":"SearchAction","target":{"@type":"EntryPoint","urlTemplate":"https:\/\/teixitsvicens.com\/de\/?s={search_term_string}"},"query-input":{"@type":"PropertyValueSpecification","valueRequired":true,"valueName":"search_term_string"}}],"inLanguage":"de"},{"@type":"Organization","@id":"https:\/\/teixitsvicens.com\/de\/#organization","name":"Teixits Vicens","url":"https:\/\/teixitsvicens.com\/de\/","logo":{"@type":"ImageObject","inLanguage":"de","@id":"https:\/\/teixitsvicens.com\/de\/#\/schema\/logo\/image\/","url":"https:\/\/teixitsvicens.com\/wp-content\/uploads\/2025\/10\/logo-teixits-vicents.png","contentUrl":"https:\/\/teixitsvicens.com\/wp-content\/uploads\/2025\/10\/logo-teixits-vicents.png","width":629,"height":131,"caption":"Teixits Vicens"},"image":{"@id":"https:\/\/teixitsvicens.com\/de\/#\/schema\/logo\/image\/"},"sameAs":["https:\/\/www.facebook.com\/TeixitsVicens\/","https:\/\/www.instagram.com\/teixitsvicens\/"]}]}},"_links":{"self":[{"href":"https:\/\/teixitsvicens.com\/de\/wp-json\/wp\/v2\/product\/31551","targetHints":{"allow":["GET"]}}],"collection":[{"href":"https:\/\/teixitsvicens.com\/de\/wp-json\/wp\/v2\/product"}],"about":[{"href":"https:\/\/teixitsvicens.com\/de\/wp-json\/wp\/v2\/types\/product"}],"replies":[{"embeddable":true,"href":"https:\/\/teixitsvicens.com\/de\/wp-json\/wp\/v2\/comments?post=31551"}],"wp:featuredmedia":[{"embeddable":true,"href":"https:\/\/teixitsvicens.com\/de\/wp-json\/wp\/v2\/media\/31547"}],"wp:attachment":[{"href":"https:\/\/teixitsvicens.com\/de\/wp-json\/wp\/v2\/media?parent=31551"}],"wp:term":[{"taxonomy":"product_brand","embeddable":true,"href":"https:\/\/teixitsvicens.com\/de\/wp-json\/wp\/v2\/product_brand?post=31551"},{"taxonomy":"product_cat","embeddable":true,"href":"https:\/\/teixitsvicens.com\/de\/wp-json\/wp\/v2\/product_cat?post=31551"},{"taxonomy":"product_tag","embeddable":true,"href":"https:\/\/teixitsvicens.com\/de\/wp-json\/wp\/v2\/product_tag?post=31551"}],"curies":[{"name":"wp","href":"https:\/\/api.w.org\/{rel}","templated":true}]}}