{"id":31388,"date":"2024-07-17T17:46:15","date_gmt":"2024-07-17T15:46:15","guid":{"rendered":"https:\/\/teixitsmallorca.com\/?post_type=product&#038;p=31388"},"modified":"2025-06-12T09:01:55","modified_gmt":"2025-06-12T07:01:55","slug":"schluesselhalter-ikat-61-pink","status":"publish","type":"product","link":"https:\/\/teixitsvicens.com\/de\/produkt\/andere-produkte-und-geschenke\/schluesselhalter\/schluesselhalter-ikat-61-pink\/","title":{"rendered":"Schl\u00fcsselhalter Ikat 61 Pink Fuchsie"},"content":{"rendered":"<pre id=\"tw-target-text\" class=\"tw-data-text tw-text-large tw-ta\" dir=\"ltr\" data-placeholder=\"Traducci\u00f3n\" aria-label=\"Texto traducido\" data-ved=\"2ahUKEwjW0cPtj66HAxWSwAIHHSyQDNkQ3ewLegQIBRAT\"><span class=\"Y2IQFc\" lang=\"de\">Schl\u00fcsselhalter, um Ihre Schl\u00fcssel griffbereit und organisiert aufzubewahren.\r\n\r\nSie k\u00f6nnen es um den Hals tragen\r\n\r\n\r\nIdeen f\u00fcr Geschenke und Details mit handgefertigten Stoffen<\/span><\/pre>\n","protected":false},"excerpt":{"rendered":"<p>Schl\u00fcsselhalter, um Ihre Schl\u00fcssel griffbereit und organisiert aufzubewahren. Sie k\u00f6nnen es um den Hals tragen Ideen f\u00fcr Geschenke und Details&#8230;<\/p>\n","protected":false},"featured_media":31380,"comment_status":"closed","ping_status":"closed","template":"","meta":[],"product_brand":[],"product_cat":[1140],"product_tag":[],"class_list":{"0":"post-31388","1":"product","2":"type-product","3":"status-publish","4":"has-post-thumbnail","6":"product_cat-schluesselhalter","8":"first","9":"instock","10":"shipping-taxable","11":"purchasable","12":"product-type-simple"},"yoast_head":"<!-- This site is optimized with the Yoast SEO plugin v27.0 - https:\/\/yoast.com\/product\/yoast-seo-wordpress\/ -->\n<title>Schl\u00fcsselhalter Ikat 61 Pink Fuchsie | Teixits Vicens<\/title>\n<meta name=\"description\" content=\"Schl\u00fcsselhalter, um Ihre Schl\u00fcssel griffbereit und organisiert aufzubewahren.Sie k\u00f6nnen es um den Hals tragenIdeen f\u00fcr Geschenke und Details mit handgefertigten Stoffen\" \/>\n<meta name=\"robots\" content=\"index, follow, max-snippet:-1, max-image-preview:large, max-video-preview:-1\" \/>\n<link rel=\"canonical\" href=\"https:\/\/teixitsvicens.com\/de\/produkt\/andere-produkte-und-geschenke\/schluesselhalter\/schluesselhalter-ikat-61-pink\/\" \/>\n<meta property=\"og:locale\" content=\"de_DE\" \/>\n<meta property=\"og:type\" content=\"article\" \/>\n<meta property=\"og:title\" content=\"Schl\u00fcsselhalter Ikat 61 Pink Fuchsie | Teixits Vicens\" \/>\n<meta property=\"og:description\" content=\"Schl\u00fcsselhalter, um Ihre Schl\u00fcssel griffbereit und organisiert aufzubewahren.Sie k\u00f6nnen es um den Hals tragenIdeen f\u00fcr Geschenke und Details mit handgefertigten Stoffen\" \/>\n<meta property=\"og:url\" content=\"https:\/\/teixitsvicens.com\/de\/produkt\/andere-produkte-und-geschenke\/schluesselhalter\/schluesselhalter-ikat-61-pink\/\" \/>\n<meta property=\"og:site_name\" content=\"Teixits Vicens\" \/>\n<meta property=\"article:publisher\" content=\"https:\/\/www.facebook.com\/TeixitsVicens\/\" \/>\n<meta property=\"article:modified_time\" content=\"2025-06-12T07:01:55+00:00\" \/>\n<meta property=\"og:image\" content=\"https:\/\/teixitsvicens.com\/wp-content\/uploads\/2024\/07\/PRODUCTV-0565.jpg\" \/>\n\t<meta property=\"og:image:width\" content=\"2300\" \/>\n\t<meta property=\"og:image:height\" content=\"1533\" \/>\n\t<meta property=\"og:image:type\" content=\"image\/jpeg\" \/>\n<meta name=\"twitter:card\" content=\"summary_large_image\" \/>\n<!-- \/ Yoast SEO plugin. -->","yoast_head_json":{"title":"Schl\u00fcsselhalter Ikat 61 Pink Fuchsie | Teixits Vicens","description":"Schl\u00fcsselhalter, um Ihre Schl\u00fcssel griffbereit und organisiert aufzubewahren.Sie k\u00f6nnen es um den Hals tragenIdeen f\u00fcr Geschenke und Details mit handgefertigten Stoffen","robots":{"index":"index","follow":"follow","max-snippet":"max-snippet:-1","max-image-preview":"max-image-preview:large","max-video-preview":"max-video-preview:-1"},"canonical":"https:\/\/teixitsvicens.com\/de\/produkt\/andere-produkte-und-geschenke\/schluesselhalter\/schluesselhalter-ikat-61-pink\/","og_locale":"de_DE","og_type":"article","og_title":"Schl\u00fcsselhalter Ikat 61 Pink Fuchsie | Teixits Vicens","og_description":"Schl\u00fcsselhalter, um Ihre Schl\u00fcssel griffbereit und organisiert aufzubewahren.Sie k\u00f6nnen es um den Hals tragenIdeen f\u00fcr Geschenke und Details mit handgefertigten Stoffen","og_url":"https:\/\/teixitsvicens.com\/de\/produkt\/andere-produkte-und-geschenke\/schluesselhalter\/schluesselhalter-ikat-61-pink\/","og_site_name":"Teixits Vicens","article_publisher":"https:\/\/www.facebook.com\/TeixitsVicens\/","article_modified_time":"2025-06-12T07:01:55+00:00","og_image":[{"width":2300,"height":1533,"url":"https:\/\/teixitsvicens.com\/wp-content\/uploads\/2024\/07\/PRODUCTV-0565.jpg","type":"image\/jpeg"}],"twitter_card":"summary_large_image","schema":{"@context":"https:\/\/schema.org","@graph":[{"@type":"WebPage","@id":"https:\/\/teixitsvicens.com\/de\/produkt\/andere-produkte-und-geschenke\/schluesselhalter\/schluesselhalter-ikat-61-pink\/","url":"https:\/\/teixitsvicens.com\/de\/produkt\/andere-produkte-und-geschenke\/schluesselhalter\/schluesselhalter-ikat-61-pink\/","name":"Schl\u00fcsselhalter Ikat 61 Pink Fuchsie | Teixits Vicens","isPartOf":{"@id":"https:\/\/teixitsvicens.com\/de\/#website"},"primaryImageOfPage":{"@id":"https:\/\/teixitsvicens.com\/de\/produkt\/andere-produkte-und-geschenke\/schluesselhalter\/schluesselhalter-ikat-61-pink\/#primaryimage"},"image":{"@id":"https:\/\/teixitsvicens.com\/de\/produkt\/andere-produkte-und-geschenke\/schluesselhalter\/schluesselhalter-ikat-61-pink\/#primaryimage"},"thumbnailUrl":"https:\/\/teixitsvicens.com\/wp-content\/uploads\/2024\/07\/PRODUCTV-0565.jpg","datePublished":"2024-07-17T15:46:15+00:00","dateModified":"2025-06-12T07:01:55+00:00","description":"Schl\u00fcsselhalter, um Ihre Schl\u00fcssel griffbereit und organisiert aufzubewahren.Sie k\u00f6nnen es um den Hals tragenIdeen f\u00fcr Geschenke und Details mit handgefertigten Stoffen","breadcrumb":{"@id":"https:\/\/teixitsvicens.com\/de\/produkt\/andere-produkte-und-geschenke\/schluesselhalter\/schluesselhalter-ikat-61-pink\/#breadcrumb"},"inLanguage":"de","potentialAction":[{"@type":"ReadAction","target":["https:\/\/teixitsvicens.com\/de\/produkt\/andere-produkte-und-geschenke\/schluesselhalter\/schluesselhalter-ikat-61-pink\/"]}]},{"@type":"ImageObject","inLanguage":"de","@id":"https:\/\/teixitsvicens.com\/de\/produkt\/andere-produkte-und-geschenke\/schluesselhalter\/schluesselhalter-ikat-61-pink\/#primaryimage","url":"https:\/\/teixitsvicens.com\/wp-content\/uploads\/2024\/07\/PRODUCTV-0565.jpg","contentUrl":"https:\/\/teixitsvicens.com\/wp-content\/uploads\/2024\/07\/PRODUCTV-0565.jpg","width":2300,"height":1533},{"@type":"BreadcrumbList","@id":"https:\/\/teixitsvicens.com\/de\/produkt\/andere-produkte-und-geschenke\/schluesselhalter\/schluesselhalter-ikat-61-pink\/#breadcrumb","itemListElement":[{"@type":"ListItem","position":1,"name":"Inici","item":"https:\/\/teixitsvicens.com\/de\/home\/"},{"@type":"ListItem","position":2,"name":"Online-Shop","item":"https:\/\/teixitsvicens.com\/de\/online-shop\/"},{"@type":"ListItem","position":3,"name":"Schl\u00fcsselhalter Ikat 61 Pink Fuchsie"}]},{"@type":"WebSite","@id":"https:\/\/teixitsvicens.com\/de\/#website","url":"https:\/\/teixitsvicens.com\/de\/","name":"Teixits Vicens","description":"Taller textil artesano","publisher":{"@id":"https:\/\/teixitsvicens.com\/de\/#organization"},"alternateName":"Teixits Vicens","potentialAction":[{"@type":"SearchAction","target":{"@type":"EntryPoint","urlTemplate":"https:\/\/teixitsvicens.com\/de\/?s={search_term_string}"},"query-input":{"@type":"PropertyValueSpecification","valueRequired":true,"valueName":"search_term_string"}}],"inLanguage":"de"},{"@type":"Organization","@id":"https:\/\/teixitsvicens.com\/de\/#organization","name":"Teixits Vicens","url":"https:\/\/teixitsvicens.com\/de\/","logo":{"@type":"ImageObject","inLanguage":"de","@id":"https:\/\/teixitsvicens.com\/de\/#\/schema\/logo\/image\/","url":"https:\/\/teixitsvicens.com\/wp-content\/uploads\/2025\/10\/logo-teixits-vicents.png","contentUrl":"https:\/\/teixitsvicens.com\/wp-content\/uploads\/2025\/10\/logo-teixits-vicents.png","width":629,"height":131,"caption":"Teixits Vicens"},"image":{"@id":"https:\/\/teixitsvicens.com\/de\/#\/schema\/logo\/image\/"},"sameAs":["https:\/\/www.facebook.com\/TeixitsVicens\/","https:\/\/www.instagram.com\/teixitsvicens\/"]}]}},"_links":{"self":[{"href":"https:\/\/teixitsvicens.com\/de\/wp-json\/wp\/v2\/product\/31388","targetHints":{"allow":["GET"]}}],"collection":[{"href":"https:\/\/teixitsvicens.com\/de\/wp-json\/wp\/v2\/product"}],"about":[{"href":"https:\/\/teixitsvicens.com\/de\/wp-json\/wp\/v2\/types\/product"}],"replies":[{"embeddable":true,"href":"https:\/\/teixitsvicens.com\/de\/wp-json\/wp\/v2\/comments?post=31388"}],"wp:featuredmedia":[{"embeddable":true,"href":"https:\/\/teixitsvicens.com\/de\/wp-json\/wp\/v2\/media\/31380"}],"wp:attachment":[{"href":"https:\/\/teixitsvicens.com\/de\/wp-json\/wp\/v2\/media?parent=31388"}],"wp:term":[{"taxonomy":"product_brand","embeddable":true,"href":"https:\/\/teixitsvicens.com\/de\/wp-json\/wp\/v2\/product_brand?post=31388"},{"taxonomy":"product_cat","embeddable":true,"href":"https:\/\/teixitsvicens.com\/de\/wp-json\/wp\/v2\/product_cat?post=31388"},{"taxonomy":"product_tag","embeddable":true,"href":"https:\/\/teixitsvicens.com\/de\/wp-json\/wp\/v2\/product_tag?post=31388"}],"curies":[{"name":"wp","href":"https:\/\/api.w.org\/{rel}","templated":true}]}}