{"id":30566,"date":"2024-07-08T13:21:14","date_gmt":"2024-07-08T11:21:14","guid":{"rendered":"https:\/\/teixitsmallorca.com\/?post_type=product&#038;p=30566"},"modified":"2025-06-12T09:02:36","modified_gmt":"2025-06-12T07:02:36","slug":"beuteltasche-ikat-105-rosa","status":"publish","type":"product","link":"https:\/\/teixitsvicens.com\/de\/produkt\/taschen\/geraffte-tasche\/beuteltasche-ikat-105-rosa\/","title":{"rendered":"Beuteltasche ikat 105 Rosa Fuchsie"},"content":{"rendered":"<p>Beuteltasche, handgefertigt aus mallorquinischem Zungenstoff.<\/p>\n<p>Das ideale Modeaccessoire f\u00fcr die Fr\u00fchlings- und Sommersaison.<\/p>\n<p>Sie hat die perfekte Gr\u00f6\u00dfe, leicht zu tragen und sehr n\u00fctzlich, denn<\/p>\n<p>man kann in ihr viele Sachen unterbringen.<\/p>\n<p>Sie hat zwei mittellange Griffe zum Tragen \u00fcber der Schulter oder<\/p>\n<p>in der Hand.<\/p>\n","protected":false},"excerpt":{"rendered":"<div class=\"woocommerce-product-details__short-description\">\n<p>036 x 037 x 015 cm<\/p>\n<\/div>\n","protected":false},"featured_media":30557,"comment_status":"closed","ping_status":"closed","template":"","meta":[],"product_brand":[],"product_cat":[850],"product_tag":[],"class_list":{"0":"post-30566","1":"product","2":"type-product","3":"status-publish","4":"has-post-thumbnail","6":"product_cat-geraffte-tasche","8":"first","9":"instock","10":"shipping-taxable","11":"purchasable","12":"product-type-simple"},"yoast_head":"<!-- This site is optimized with the Yoast SEO plugin v27.0 - https:\/\/yoast.com\/product\/yoast-seo-wordpress\/ -->\n<title>Beuteltasche ikat 105 Rosa Fuchsie | Teixits Vicens<\/title>\n<meta name=\"robots\" content=\"index, follow, max-snippet:-1, max-image-preview:large, max-video-preview:-1\" \/>\n<link rel=\"canonical\" href=\"https:\/\/teixitsvicens.com\/de\/produkt\/taschen\/geraffte-tasche\/beuteltasche-ikat-105-rosa\/\" \/>\n<meta property=\"og:locale\" content=\"de_DE\" \/>\n<meta property=\"og:type\" content=\"article\" \/>\n<meta property=\"og:title\" content=\"Beuteltasche ikat 105 Rosa Fuchsie | Teixits Vicens\" \/>\n<meta property=\"og:description\" content=\"036 x 037 x 015 cm\" \/>\n<meta property=\"og:url\" content=\"https:\/\/teixitsvicens.com\/de\/produkt\/taschen\/geraffte-tasche\/beuteltasche-ikat-105-rosa\/\" \/>\n<meta property=\"og:site_name\" content=\"Teixits Vicens\" \/>\n<meta property=\"article:publisher\" content=\"https:\/\/www.facebook.com\/TeixitsVicens\/\" \/>\n<meta property=\"article:modified_time\" content=\"2025-06-12T07:02:36+00:00\" \/>\n<meta property=\"og:image\" content=\"https:\/\/teixitsvicens.com\/wp-content\/uploads\/2024\/07\/sacs-5-SMALL.jpg\" \/>\n\t<meta property=\"og:image:width\" content=\"900\" \/>\n\t<meta property=\"og:image:height\" content=\"1350\" \/>\n\t<meta property=\"og:image:type\" content=\"image\/jpeg\" \/>\n<meta name=\"twitter:card\" content=\"summary_large_image\" \/>\n<meta name=\"twitter:label1\" content=\"Est. reading time\" \/>\n\t<meta name=\"twitter:data1\" content=\"1 minute\" \/>\n<!-- \/ Yoast SEO plugin. -->","yoast_head_json":{"title":"Beuteltasche ikat 105 Rosa Fuchsie | Teixits Vicens","robots":{"index":"index","follow":"follow","max-snippet":"max-snippet:-1","max-image-preview":"max-image-preview:large","max-video-preview":"max-video-preview:-1"},"canonical":"https:\/\/teixitsvicens.com\/de\/produkt\/taschen\/geraffte-tasche\/beuteltasche-ikat-105-rosa\/","og_locale":"de_DE","og_type":"article","og_title":"Beuteltasche ikat 105 Rosa Fuchsie | Teixits Vicens","og_description":"036 x 037 x 015 cm","og_url":"https:\/\/teixitsvicens.com\/de\/produkt\/taschen\/geraffte-tasche\/beuteltasche-ikat-105-rosa\/","og_site_name":"Teixits Vicens","article_publisher":"https:\/\/www.facebook.com\/TeixitsVicens\/","article_modified_time":"2025-06-12T07:02:36+00:00","og_image":[{"width":900,"height":1350,"url":"https:\/\/teixitsvicens.com\/wp-content\/uploads\/2024\/07\/sacs-5-SMALL.jpg","type":"image\/jpeg"}],"twitter_card":"summary_large_image","twitter_misc":{"Est. reading time":"1 minute"},"schema":{"@context":"https:\/\/schema.org","@graph":[{"@type":"WebPage","@id":"https:\/\/teixitsvicens.com\/de\/produkt\/taschen\/geraffte-tasche\/beuteltasche-ikat-105-rosa\/","url":"https:\/\/teixitsvicens.com\/de\/produkt\/taschen\/geraffte-tasche\/beuteltasche-ikat-105-rosa\/","name":"Beuteltasche ikat 105 Rosa Fuchsie | Teixits Vicens","isPartOf":{"@id":"https:\/\/teixitsvicens.com\/de\/#website"},"primaryImageOfPage":{"@id":"https:\/\/teixitsvicens.com\/de\/produkt\/taschen\/geraffte-tasche\/beuteltasche-ikat-105-rosa\/#primaryimage"},"image":{"@id":"https:\/\/teixitsvicens.com\/de\/produkt\/taschen\/geraffte-tasche\/beuteltasche-ikat-105-rosa\/#primaryimage"},"thumbnailUrl":"https:\/\/teixitsvicens.com\/wp-content\/uploads\/2024\/07\/sacs-5-SMALL.jpg","datePublished":"2024-07-08T11:21:14+00:00","dateModified":"2025-06-12T07:02:36+00:00","breadcrumb":{"@id":"https:\/\/teixitsvicens.com\/de\/produkt\/taschen\/geraffte-tasche\/beuteltasche-ikat-105-rosa\/#breadcrumb"},"inLanguage":"de","potentialAction":[{"@type":"ReadAction","target":["https:\/\/teixitsvicens.com\/de\/produkt\/taschen\/geraffte-tasche\/beuteltasche-ikat-105-rosa\/"]}]},{"@type":"ImageObject","inLanguage":"de","@id":"https:\/\/teixitsvicens.com\/de\/produkt\/taschen\/geraffte-tasche\/beuteltasche-ikat-105-rosa\/#primaryimage","url":"https:\/\/teixitsvicens.com\/wp-content\/uploads\/2024\/07\/sacs-5-SMALL.jpg","contentUrl":"https:\/\/teixitsvicens.com\/wp-content\/uploads\/2024\/07\/sacs-5-SMALL.jpg","width":900,"height":1350},{"@type":"BreadcrumbList","@id":"https:\/\/teixitsvicens.com\/de\/produkt\/taschen\/geraffte-tasche\/beuteltasche-ikat-105-rosa\/#breadcrumb","itemListElement":[{"@type":"ListItem","position":1,"name":"Inici","item":"https:\/\/teixitsvicens.com\/de\/home\/"},{"@type":"ListItem","position":2,"name":"Online-Shop","item":"https:\/\/teixitsvicens.com\/de\/online-shop\/"},{"@type":"ListItem","position":3,"name":"Beuteltasche ikat 105 Rosa Fuchsie"}]},{"@type":"WebSite","@id":"https:\/\/teixitsvicens.com\/de\/#website","url":"https:\/\/teixitsvicens.com\/de\/","name":"Teixits Vicens","description":"Taller textil artesano","publisher":{"@id":"https:\/\/teixitsvicens.com\/de\/#organization"},"alternateName":"Teixits Vicens","potentialAction":[{"@type":"SearchAction","target":{"@type":"EntryPoint","urlTemplate":"https:\/\/teixitsvicens.com\/de\/?s={search_term_string}"},"query-input":{"@type":"PropertyValueSpecification","valueRequired":true,"valueName":"search_term_string"}}],"inLanguage":"de"},{"@type":"Organization","@id":"https:\/\/teixitsvicens.com\/de\/#organization","name":"Teixits Vicens","url":"https:\/\/teixitsvicens.com\/de\/","logo":{"@type":"ImageObject","inLanguage":"de","@id":"https:\/\/teixitsvicens.com\/de\/#\/schema\/logo\/image\/","url":"https:\/\/teixitsvicens.com\/wp-content\/uploads\/2025\/10\/logo-teixits-vicents.png","contentUrl":"https:\/\/teixitsvicens.com\/wp-content\/uploads\/2025\/10\/logo-teixits-vicents.png","width":629,"height":131,"caption":"Teixits Vicens"},"image":{"@id":"https:\/\/teixitsvicens.com\/de\/#\/schema\/logo\/image\/"},"sameAs":["https:\/\/www.facebook.com\/TeixitsVicens\/","https:\/\/www.instagram.com\/teixitsvicens\/"]}]}},"_links":{"self":[{"href":"https:\/\/teixitsvicens.com\/de\/wp-json\/wp\/v2\/product\/30566","targetHints":{"allow":["GET"]}}],"collection":[{"href":"https:\/\/teixitsvicens.com\/de\/wp-json\/wp\/v2\/product"}],"about":[{"href":"https:\/\/teixitsvicens.com\/de\/wp-json\/wp\/v2\/types\/product"}],"replies":[{"embeddable":true,"href":"https:\/\/teixitsvicens.com\/de\/wp-json\/wp\/v2\/comments?post=30566"}],"wp:featuredmedia":[{"embeddable":true,"href":"https:\/\/teixitsvicens.com\/de\/wp-json\/wp\/v2\/media\/30557"}],"wp:attachment":[{"href":"https:\/\/teixitsvicens.com\/de\/wp-json\/wp\/v2\/media?parent=30566"}],"wp:term":[{"taxonomy":"product_brand","embeddable":true,"href":"https:\/\/teixitsvicens.com\/de\/wp-json\/wp\/v2\/product_brand?post=30566"},{"taxonomy":"product_cat","embeddable":true,"href":"https:\/\/teixitsvicens.com\/de\/wp-json\/wp\/v2\/product_cat?post=30566"},{"taxonomy":"product_tag","embeddable":true,"href":"https:\/\/teixitsvicens.com\/de\/wp-json\/wp\/v2\/product_tag?post=30566"}],"curies":[{"name":"wp","href":"https:\/\/api.w.org\/{rel}","templated":true}]}}