{"id":30519,"date":"2024-07-08T12:58:13","date_gmt":"2024-07-08T10:58:13","guid":{"rendered":"https:\/\/teixitsmallorca.com\/?post_type=product&#038;p=30519"},"modified":"2025-10-14T16:35:10","modified_gmt":"2025-10-14T14:35:10","slug":"ikat-stoffbeutel-kaufen-101-tuerkis","status":"publish","type":"product","link":"https:\/\/teixitsvicens.com\/de\/produkt\/andere-produkte-und-geschenke\/einkaufstasche-andere-produkte-und-geschenke\/ikat-stoffbeutel-kaufen-101-tuerkis\/","title":{"rendered":"Einkaufstasche aus mallorquinischem Stoff 101 T\u00fcrkis"},"content":{"rendered":"<p data-start=\"0\" data-end=\"116\">Diese Einkaufstasche aus mallorquinischem Zungenstoff ist die perfekte Alternative zu Plastikt\u00fcten beim Einkaufen.<\/p>\n<p data-start=\"118\" data-end=\"210\">Sehr strapazierf\u00e4hig und leicht zu waschen, sodass sie immer wieder verwendet werden kann.<\/p>\n<p data-start=\"212\" data-end=\"249\">100 % nachhaltig und handgefertigt.<\/p>\n<p data-start=\"251\" data-end=\"310\">Kann auch als Schulter- oder Handtasche verwendet werden.<\/p>\n<p data-start=\"312\" data-end=\"389\" data-is-last-node=\"\" data-is-only-node=\"\">Ma\u00dfe (L): 0,35 cm \u00d7 0,53 cm \u00d7 0,16 cm<br data-start=\"349\" data-end=\"352\" \/>Ma\u00dfe (M): 0,24 cm \u00d7 0,45 cm \u00d7 0,10 cm<\/p>\n","protected":false},"excerpt":{"rendered":"<p>Diese Einkaufstasche aus mallorquinischem Zungenstoff ist die perfekte Alternative zu Plastikt\u00fcten beim Einkaufen. Sehr strapazierf\u00e4hig und leicht zu waschen, sodass&#8230;<\/p>\n","protected":false},"featured_media":38099,"comment_status":"closed","ping_status":"closed","template":"","meta":[],"product_brand":[],"product_cat":[846],"product_tag":[],"class_list":{"0":"post-30519","1":"product","2":"type-product","3":"status-publish","4":"has-post-thumbnail","6":"product_cat-einkaufstasche-andere-produkte-und-geschenke","8":"first","9":"outofstock","10":"shipping-taxable","11":"purchasable","12":"product-type-variable"},"yoast_head":"<!-- This site is optimized with the Yoast SEO plugin v27.0 - https:\/\/yoast.com\/product\/yoast-seo-wordpress\/ -->\n<title>Einkaufstasche aus mallorquinischem Stoff 101 T\u00fcrkis | Teixits Vicens<\/title>\n<meta name=\"description\" content=\"Esta bolsa de tela de lenguas Mallorquina es la alternativa perfecta a las bolsasde pl\u00e1stico para la compra.\" \/>\n<meta name=\"robots\" content=\"index, follow, max-snippet:-1, max-image-preview:large, max-video-preview:-1\" \/>\n<link rel=\"canonical\" href=\"https:\/\/teixitsvicens.com\/de\/produkt\/andere-produkte-und-geschenke\/einkaufstasche-andere-produkte-und-geschenke\/ikat-stoffbeutel-kaufen-101-tuerkis\/\" \/>\n<meta property=\"og:locale\" content=\"de_DE\" \/>\n<meta property=\"og:type\" content=\"article\" \/>\n<meta property=\"og:title\" content=\"Einkaufstasche aus mallorquinischem Stoff 101 T\u00fcrkis | Teixits Vicens\" \/>\n<meta property=\"og:description\" content=\"Esta bolsa de tela de lenguas Mallorquina es la alternativa perfecta a las bolsasde pl\u00e1stico para la compra.\" \/>\n<meta property=\"og:url\" content=\"https:\/\/teixitsvicens.com\/de\/produkt\/andere-produkte-und-geschenke\/einkaufstasche-andere-produkte-und-geschenke\/ikat-stoffbeutel-kaufen-101-tuerkis\/\" \/>\n<meta property=\"og:site_name\" content=\"Teixits Vicens\" \/>\n<meta property=\"article:publisher\" content=\"https:\/\/www.facebook.com\/TeixitsVicens\/\" \/>\n<meta property=\"article:modified_time\" content=\"2025-10-14T14:35:10+00:00\" \/>\n<meta property=\"og:image\" content=\"https:\/\/teixitsvicens.com\/wp-content\/uploads\/2024\/07\/bolsa-compra-tela-mallorquina-101-turquesa.jpg\" \/>\n\t<meta property=\"og:image:width\" content=\"1200\" \/>\n\t<meta property=\"og:image:height\" content=\"1800\" \/>\n\t<meta property=\"og:image:type\" content=\"image\/jpeg\" \/>\n<meta name=\"twitter:card\" content=\"summary_large_image\" \/>\n<meta name=\"twitter:label1\" content=\"Est. reading time\" \/>\n\t<meta name=\"twitter:data1\" content=\"1 minute\" \/>\n<!-- \/ Yoast SEO plugin. -->","yoast_head_json":{"title":"Einkaufstasche aus mallorquinischem Stoff 101 T\u00fcrkis | Teixits Vicens","description":"Esta bolsa de tela de lenguas Mallorquina es la alternativa perfecta a las bolsasde pl\u00e1stico para la compra.","robots":{"index":"index","follow":"follow","max-snippet":"max-snippet:-1","max-image-preview":"max-image-preview:large","max-video-preview":"max-video-preview:-1"},"canonical":"https:\/\/teixitsvicens.com\/de\/produkt\/andere-produkte-und-geschenke\/einkaufstasche-andere-produkte-und-geschenke\/ikat-stoffbeutel-kaufen-101-tuerkis\/","og_locale":"de_DE","og_type":"article","og_title":"Einkaufstasche aus mallorquinischem Stoff 101 T\u00fcrkis | Teixits Vicens","og_description":"Esta bolsa de tela de lenguas Mallorquina es la alternativa perfecta a las bolsasde pl\u00e1stico para la compra.","og_url":"https:\/\/teixitsvicens.com\/de\/produkt\/andere-produkte-und-geschenke\/einkaufstasche-andere-produkte-und-geschenke\/ikat-stoffbeutel-kaufen-101-tuerkis\/","og_site_name":"Teixits Vicens","article_publisher":"https:\/\/www.facebook.com\/TeixitsVicens\/","article_modified_time":"2025-10-14T14:35:10+00:00","og_image":[{"width":1200,"height":1800,"url":"https:\/\/teixitsvicens.com\/wp-content\/uploads\/2024\/07\/bolsa-compra-tela-mallorquina-101-turquesa.jpg","type":"image\/jpeg"}],"twitter_card":"summary_large_image","twitter_misc":{"Est. reading time":"1 minute"},"schema":{"@context":"https:\/\/schema.org","@graph":[{"@type":"WebPage","@id":"https:\/\/teixitsvicens.com\/de\/produkt\/andere-produkte-und-geschenke\/einkaufstasche-andere-produkte-und-geschenke\/ikat-stoffbeutel-kaufen-101-tuerkis\/","url":"https:\/\/teixitsvicens.com\/de\/produkt\/andere-produkte-und-geschenke\/einkaufstasche-andere-produkte-und-geschenke\/ikat-stoffbeutel-kaufen-101-tuerkis\/","name":"Einkaufstasche aus mallorquinischem Stoff 101 T\u00fcrkis | Teixits Vicens","isPartOf":{"@id":"https:\/\/teixitsvicens.com\/de\/#website"},"primaryImageOfPage":{"@id":"https:\/\/teixitsvicens.com\/de\/produkt\/andere-produkte-und-geschenke\/einkaufstasche-andere-produkte-und-geschenke\/ikat-stoffbeutel-kaufen-101-tuerkis\/#primaryimage"},"image":{"@id":"https:\/\/teixitsvicens.com\/de\/produkt\/andere-produkte-und-geschenke\/einkaufstasche-andere-produkte-und-geschenke\/ikat-stoffbeutel-kaufen-101-tuerkis\/#primaryimage"},"thumbnailUrl":"https:\/\/teixitsvicens.com\/wp-content\/uploads\/2024\/07\/bolsa-compra-tela-mallorquina-101-turquesa.jpg","datePublished":"2024-07-08T10:58:13+00:00","dateModified":"2025-10-14T14:35:10+00:00","description":"Esta bolsa de tela de lenguas Mallorquina es la alternativa perfecta a las bolsasde pl\u00e1stico para la compra.","breadcrumb":{"@id":"https:\/\/teixitsvicens.com\/de\/produkt\/andere-produkte-und-geschenke\/einkaufstasche-andere-produkte-und-geschenke\/ikat-stoffbeutel-kaufen-101-tuerkis\/#breadcrumb"},"inLanguage":"de","potentialAction":[{"@type":"ReadAction","target":["https:\/\/teixitsvicens.com\/de\/produkt\/andere-produkte-und-geschenke\/einkaufstasche-andere-produkte-und-geschenke\/ikat-stoffbeutel-kaufen-101-tuerkis\/"]}]},{"@type":"ImageObject","inLanguage":"de","@id":"https:\/\/teixitsvicens.com\/de\/produkt\/andere-produkte-und-geschenke\/einkaufstasche-andere-produkte-und-geschenke\/ikat-stoffbeutel-kaufen-101-tuerkis\/#primaryimage","url":"https:\/\/teixitsvicens.com\/wp-content\/uploads\/2024\/07\/bolsa-compra-tela-mallorquina-101-turquesa.jpg","contentUrl":"https:\/\/teixitsvicens.com\/wp-content\/uploads\/2024\/07\/bolsa-compra-tela-mallorquina-101-turquesa.jpg","width":1200,"height":1800},{"@type":"BreadcrumbList","@id":"https:\/\/teixitsvicens.com\/de\/produkt\/andere-produkte-und-geschenke\/einkaufstasche-andere-produkte-und-geschenke\/ikat-stoffbeutel-kaufen-101-tuerkis\/#breadcrumb","itemListElement":[{"@type":"ListItem","position":1,"name":"Inici","item":"https:\/\/teixitsvicens.com\/de\/home\/"},{"@type":"ListItem","position":2,"name":"Online-Shop","item":"https:\/\/teixitsvicens.com\/de\/online-shop\/"},{"@type":"ListItem","position":3,"name":"Einkaufstasche aus mallorquinischem Stoff 101 T\u00fcrkis"}]},{"@type":"WebSite","@id":"https:\/\/teixitsvicens.com\/de\/#website","url":"https:\/\/teixitsvicens.com\/de\/","name":"Teixits Vicens","description":"Taller textil artesano","publisher":{"@id":"https:\/\/teixitsvicens.com\/de\/#organization"},"alternateName":"Teixits Vicens","potentialAction":[{"@type":"SearchAction","target":{"@type":"EntryPoint","urlTemplate":"https:\/\/teixitsvicens.com\/de\/?s={search_term_string}"},"query-input":{"@type":"PropertyValueSpecification","valueRequired":true,"valueName":"search_term_string"}}],"inLanguage":"de"},{"@type":"Organization","@id":"https:\/\/teixitsvicens.com\/de\/#organization","name":"Teixits Vicens","url":"https:\/\/teixitsvicens.com\/de\/","logo":{"@type":"ImageObject","inLanguage":"de","@id":"https:\/\/teixitsvicens.com\/de\/#\/schema\/logo\/image\/","url":"https:\/\/teixitsvicens.com\/wp-content\/uploads\/2025\/10\/logo-teixits-vicents.png","contentUrl":"https:\/\/teixitsvicens.com\/wp-content\/uploads\/2025\/10\/logo-teixits-vicents.png","width":629,"height":131,"caption":"Teixits Vicens"},"image":{"@id":"https:\/\/teixitsvicens.com\/de\/#\/schema\/logo\/image\/"},"sameAs":["https:\/\/www.facebook.com\/TeixitsVicens\/","https:\/\/www.instagram.com\/teixitsvicens\/"]}]}},"_links":{"self":[{"href":"https:\/\/teixitsvicens.com\/de\/wp-json\/wp\/v2\/product\/30519","targetHints":{"allow":["GET"]}}],"collection":[{"href":"https:\/\/teixitsvicens.com\/de\/wp-json\/wp\/v2\/product"}],"about":[{"href":"https:\/\/teixitsvicens.com\/de\/wp-json\/wp\/v2\/types\/product"}],"replies":[{"embeddable":true,"href":"https:\/\/teixitsvicens.com\/de\/wp-json\/wp\/v2\/comments?post=30519"}],"wp:featuredmedia":[{"embeddable":true,"href":"https:\/\/teixitsvicens.com\/de\/wp-json\/wp\/v2\/media\/38099"}],"wp:attachment":[{"href":"https:\/\/teixitsvicens.com\/de\/wp-json\/wp\/v2\/media?parent=30519"}],"wp:term":[{"taxonomy":"product_brand","embeddable":true,"href":"https:\/\/teixitsvicens.com\/de\/wp-json\/wp\/v2\/product_brand?post=30519"},{"taxonomy":"product_cat","embeddable":true,"href":"https:\/\/teixitsvicens.com\/de\/wp-json\/wp\/v2\/product_cat?post=30519"},{"taxonomy":"product_tag","embeddable":true,"href":"https:\/\/teixitsvicens.com\/de\/wp-json\/wp\/v2\/product_tag?post=30519"}],"curies":[{"name":"wp","href":"https:\/\/api.w.org\/{rel}","templated":true}]}}