{"id":30146,"date":"2024-07-06T21:38:32","date_gmt":"2024-07-06T19:38:32","guid":{"rendered":"https:\/\/teixitsmallorca.com\/?post_type=product&#038;p=30146"},"modified":"2025-04-23T11:56:34","modified_gmt":"2025-04-23T09:56:34","slug":"strandtasche-ikat-golondrinas-blau","status":"publish","type":"product","link":"https:\/\/teixitsvicens.com\/de\/produkt\/taschen\/strandtasche\/strandtasche-ikat-golondrinas-blau\/","title":{"rendered":"Strandtasche Mallorca Stoff Ikat Golondrinas Blau"},"content":{"rendered":"<pre id=\"tw-target-text\" class=\"tw-data-text tw-text-large tw-ta\" dir=\"ltr\" data-placeholder=\"Traducci\u00f3n\" aria-label=\"Texto traducido\" data-ved=\"2ahUKEwjLp-bZ74-HAxXFXfEDHZV5DBwQ3ewLegQIBRAT\"><span class=\"Y2IQFc\" lang=\"de\">Gro\u00dfe XXL-Strandtasche, handgefertigt aus mallorquinischen Stoffen.\r\n\r\nEine gro\u00dfe Stofftasche mit Rei\u00dfverschluss, in die alles passt, was Sie brauchen.\r\n\r\nMit den kurzen Henkeln k\u00f6nnen Sie es auf der Schulter oder in der Hand tragen.\r\n\r\nEs verf\u00fcgt \u00fcber eine Innentasche und einen Schl\u00fcsselring.<\/span><\/pre>\n","protected":false},"excerpt":{"rendered":"<p><span data-olk-copy-source=\"MessageBody\">046X042<\/span> cm<\/p>\n","protected":false},"featured_media":30134,"comment_status":"closed","ping_status":"closed","template":"","meta":[],"product_brand":[],"product_cat":[844],"product_tag":[],"class_list":{"0":"post-30146","1":"product","2":"type-product","3":"status-publish","4":"has-post-thumbnail","6":"product_cat-strandtasche","8":"first","9":"instock","10":"shipping-taxable","11":"purchasable","12":"product-type-simple"},"yoast_head":"<!-- This site is optimized with the Yoast SEO plugin v27.0 - https:\/\/yoast.com\/product\/yoast-seo-wordpress\/ -->\n<title>Strandtasche Mallorca Stoff Ikat Golondrinas Blau | Teixits Vicens<\/title>\n<meta name=\"description\" content=\"Gro\u00dfe XXL-Strandtasche, handgefertigt aus mallorquinischen Stoffen.\" \/>\n<meta name=\"robots\" content=\"index, follow, max-snippet:-1, max-image-preview:large, max-video-preview:-1\" \/>\n<link rel=\"canonical\" href=\"https:\/\/teixitsvicens.com\/de\/produkt\/taschen\/strandtasche\/strandtasche-ikat-golondrinas-blau\/\" \/>\n<meta property=\"og:locale\" content=\"de_DE\" \/>\n<meta property=\"og:type\" content=\"article\" \/>\n<meta property=\"og:title\" content=\"Strandtasche Mallorca Stoff Ikat Golondrinas Blau | Teixits Vicens\" \/>\n<meta property=\"og:description\" content=\"Gro\u00dfe XXL-Strandtasche, handgefertigt aus mallorquinischen Stoffen.\" \/>\n<meta property=\"og:url\" content=\"https:\/\/teixitsvicens.com\/de\/produkt\/taschen\/strandtasche\/strandtasche-ikat-golondrinas-blau\/\" \/>\n<meta property=\"og:site_name\" content=\"Teixits Vicens\" \/>\n<meta property=\"article:publisher\" content=\"https:\/\/www.facebook.com\/TeixitsVicens\/\" \/>\n<meta property=\"article:modified_time\" content=\"2025-04-23T09:56:34+00:00\" \/>\n<meta property=\"og:image\" content=\"https:\/\/teixitsvicens.com\/wp-content\/uploads\/2024\/07\/bossa-platja-4SMALL.jpg\" \/>\n\t<meta property=\"og:image:width\" content=\"900\" \/>\n\t<meta property=\"og:image:height\" content=\"1350\" \/>\n\t<meta property=\"og:image:type\" content=\"image\/jpeg\" \/>\n<meta name=\"twitter:card\" content=\"summary_large_image\" \/>\n<meta name=\"twitter:label1\" content=\"Est. reading time\" \/>\n\t<meta name=\"twitter:data1\" content=\"1 minute\" \/>\n<!-- \/ Yoast SEO plugin. -->","yoast_head_json":{"title":"Strandtasche Mallorca Stoff Ikat Golondrinas Blau | Teixits Vicens","description":"Gro\u00dfe XXL-Strandtasche, handgefertigt aus mallorquinischen Stoffen.","robots":{"index":"index","follow":"follow","max-snippet":"max-snippet:-1","max-image-preview":"max-image-preview:large","max-video-preview":"max-video-preview:-1"},"canonical":"https:\/\/teixitsvicens.com\/de\/produkt\/taschen\/strandtasche\/strandtasche-ikat-golondrinas-blau\/","og_locale":"de_DE","og_type":"article","og_title":"Strandtasche Mallorca Stoff Ikat Golondrinas Blau | Teixits Vicens","og_description":"Gro\u00dfe XXL-Strandtasche, handgefertigt aus mallorquinischen Stoffen.","og_url":"https:\/\/teixitsvicens.com\/de\/produkt\/taschen\/strandtasche\/strandtasche-ikat-golondrinas-blau\/","og_site_name":"Teixits Vicens","article_publisher":"https:\/\/www.facebook.com\/TeixitsVicens\/","article_modified_time":"2025-04-23T09:56:34+00:00","og_image":[{"width":900,"height":1350,"url":"https:\/\/teixitsvicens.com\/wp-content\/uploads\/2024\/07\/bossa-platja-4SMALL.jpg","type":"image\/jpeg"}],"twitter_card":"summary_large_image","twitter_misc":{"Est. reading time":"1 minute"},"schema":{"@context":"https:\/\/schema.org","@graph":[{"@type":"WebPage","@id":"https:\/\/teixitsvicens.com\/de\/produkt\/taschen\/strandtasche\/strandtasche-ikat-golondrinas-blau\/","url":"https:\/\/teixitsvicens.com\/de\/produkt\/taschen\/strandtasche\/strandtasche-ikat-golondrinas-blau\/","name":"Strandtasche Mallorca Stoff Ikat Golondrinas Blau | Teixits Vicens","isPartOf":{"@id":"https:\/\/teixitsvicens.com\/de\/#website"},"primaryImageOfPage":{"@id":"https:\/\/teixitsvicens.com\/de\/produkt\/taschen\/strandtasche\/strandtasche-ikat-golondrinas-blau\/#primaryimage"},"image":{"@id":"https:\/\/teixitsvicens.com\/de\/produkt\/taschen\/strandtasche\/strandtasche-ikat-golondrinas-blau\/#primaryimage"},"thumbnailUrl":"https:\/\/teixitsvicens.com\/wp-content\/uploads\/2024\/07\/bossa-platja-4SMALL.jpg","datePublished":"2024-07-06T19:38:32+00:00","dateModified":"2025-04-23T09:56:34+00:00","description":"Gro\u00dfe XXL-Strandtasche, handgefertigt aus mallorquinischen Stoffen.","breadcrumb":{"@id":"https:\/\/teixitsvicens.com\/de\/produkt\/taschen\/strandtasche\/strandtasche-ikat-golondrinas-blau\/#breadcrumb"},"inLanguage":"de","potentialAction":[{"@type":"ReadAction","target":["https:\/\/teixitsvicens.com\/de\/produkt\/taschen\/strandtasche\/strandtasche-ikat-golondrinas-blau\/"]}]},{"@type":"ImageObject","inLanguage":"de","@id":"https:\/\/teixitsvicens.com\/de\/produkt\/taschen\/strandtasche\/strandtasche-ikat-golondrinas-blau\/#primaryimage","url":"https:\/\/teixitsvicens.com\/wp-content\/uploads\/2024\/07\/bossa-platja-4SMALL.jpg","contentUrl":"https:\/\/teixitsvicens.com\/wp-content\/uploads\/2024\/07\/bossa-platja-4SMALL.jpg","width":900,"height":1350},{"@type":"BreadcrumbList","@id":"https:\/\/teixitsvicens.com\/de\/produkt\/taschen\/strandtasche\/strandtasche-ikat-golondrinas-blau\/#breadcrumb","itemListElement":[{"@type":"ListItem","position":1,"name":"Inici","item":"https:\/\/teixitsvicens.com\/de\/home\/"},{"@type":"ListItem","position":2,"name":"Online-Shop","item":"https:\/\/teixitsvicens.com\/de\/online-shop\/"},{"@type":"ListItem","position":3,"name":"Strandtasche Mallorca Stoff Ikat Golondrinas Blau"}]},{"@type":"WebSite","@id":"https:\/\/teixitsvicens.com\/de\/#website","url":"https:\/\/teixitsvicens.com\/de\/","name":"Teixits Vicens","description":"Taller textil artesano","publisher":{"@id":"https:\/\/teixitsvicens.com\/de\/#organization"},"alternateName":"Teixits Vicens","potentialAction":[{"@type":"SearchAction","target":{"@type":"EntryPoint","urlTemplate":"https:\/\/teixitsvicens.com\/de\/?s={search_term_string}"},"query-input":{"@type":"PropertyValueSpecification","valueRequired":true,"valueName":"search_term_string"}}],"inLanguage":"de"},{"@type":"Organization","@id":"https:\/\/teixitsvicens.com\/de\/#organization","name":"Teixits Vicens","url":"https:\/\/teixitsvicens.com\/de\/","logo":{"@type":"ImageObject","inLanguage":"de","@id":"https:\/\/teixitsvicens.com\/de\/#\/schema\/logo\/image\/","url":"https:\/\/teixitsvicens.com\/wp-content\/uploads\/2025\/10\/logo-teixits-vicents.png","contentUrl":"https:\/\/teixitsvicens.com\/wp-content\/uploads\/2025\/10\/logo-teixits-vicents.png","width":629,"height":131,"caption":"Teixits Vicens"},"image":{"@id":"https:\/\/teixitsvicens.com\/de\/#\/schema\/logo\/image\/"},"sameAs":["https:\/\/www.facebook.com\/TeixitsVicens\/","https:\/\/www.instagram.com\/teixitsvicens\/"]}]}},"_links":{"self":[{"href":"https:\/\/teixitsvicens.com\/de\/wp-json\/wp\/v2\/product\/30146","targetHints":{"allow":["GET"]}}],"collection":[{"href":"https:\/\/teixitsvicens.com\/de\/wp-json\/wp\/v2\/product"}],"about":[{"href":"https:\/\/teixitsvicens.com\/de\/wp-json\/wp\/v2\/types\/product"}],"replies":[{"embeddable":true,"href":"https:\/\/teixitsvicens.com\/de\/wp-json\/wp\/v2\/comments?post=30146"}],"wp:featuredmedia":[{"embeddable":true,"href":"https:\/\/teixitsvicens.com\/de\/wp-json\/wp\/v2\/media\/30134"}],"wp:attachment":[{"href":"https:\/\/teixitsvicens.com\/de\/wp-json\/wp\/v2\/media?parent=30146"}],"wp:term":[{"taxonomy":"product_brand","embeddable":true,"href":"https:\/\/teixitsvicens.com\/de\/wp-json\/wp\/v2\/product_brand?post=30146"},{"taxonomy":"product_cat","embeddable":true,"href":"https:\/\/teixitsvicens.com\/de\/wp-json\/wp\/v2\/product_cat?post=30146"},{"taxonomy":"product_tag","embeddable":true,"href":"https:\/\/teixitsvicens.com\/de\/wp-json\/wp\/v2\/product_tag?post=30146"}],"curies":[{"name":"wp","href":"https:\/\/api.w.org\/{rel}","templated":true}]}}