{"id":30004,"date":"2024-07-05T14:08:17","date_gmt":"2024-07-05T12:08:17","guid":{"rendered":"https:\/\/teixitsmallorca.com\/?post_type=product&#038;p=30004"},"modified":"2024-07-05T14:08:18","modified_gmt":"2024-07-05T12:08:18","slug":"tapestry-mit-baumwollgewinde-schwarz","status":"publish","type":"product","link":"https:\/\/teixitsvicens.com\/de\/produkt\/dekor\/wandbehange\/tapestry-mit-baumwollgewinde-schwarz\/","title":{"rendered":"Tapestry mit baumwollgewinde Schwarz"},"content":{"rendered":"<pre id=\"tw-target-text\" class=\"tw-data-text tw-text-large tw-ta\" dir=\"ltr\" data-placeholder=\"Traducci\u00f3n\" aria-label=\"Texto traducido\" data-ved=\"2ahUKEwj-_JT-742HAxWCUaQEHfI9AhsQ3ewLegQIBRAT\"><span class=\"Y2IQFc\" lang=\"de\">Wandteppich aus mallorquinischem Stoff mit einem Strang aus Baumwollf\u00e4den.\r\nDesign von Martina R.Vicens, inspiriert von der k\u00fcnstlerischen Arbeit von\r\nsein Gro\u00dfvater Mart\u00ed Vicens, der die Prim\u00e4rmaterialien verwendete\r\nbefinden sich in der Werkstatt, in der wir Ikat-Stoffe weben und entwickeln\r\nsein bildnerisches Werk. \r\n\r\nEin besonderes St\u00fcck zum Dekorieren der W\u00e4nde und zum Kombinieren mit \r\nverschiedenen Stilen.\r\n\r\nTROCA-KOLLEKTION<\/span><\/pre>\n","protected":false},"excerpt":{"rendered":"<div class=\"woocommerce-product-details__short-description\">\n<div class=\"woocommerce-product-details__short-description\">\n<p>040\u00d7056 cm<\/p>\n<\/div>\n<\/div>\n","protected":false},"featured_media":29998,"comment_status":"closed","ping_status":"closed","template":"","meta":[],"product_brand":[],"product_cat":[1045],"product_tag":[],"class_list":{"0":"post-30004","1":"product","2":"type-product","3":"status-publish","4":"has-post-thumbnail","6":"product_cat-wandbehange","8":"first","9":"instock","10":"shipping-taxable","11":"purchasable","12":"product-type-simple"},"yoast_head":"<!-- This site is optimized with the Yoast SEO plugin v27.0 - https:\/\/yoast.com\/product\/yoast-seo-wordpress\/ -->\n<title>Tapestry mit baumwollgewinde Schwarz | Teixits Vicens<\/title>\n<meta name=\"description\" content=\"Wandteppich aus mallorquinischem Stoff mit einem Strang aus Baumwollf\u00e4den. Ein besonderes St\u00fcck zum Dekorieren der W\u00e4nde und zum Kombinieren mit verschiedenen Stilen.\" \/>\n<meta name=\"robots\" content=\"index, follow, max-snippet:-1, max-image-preview:large, max-video-preview:-1\" \/>\n<link rel=\"canonical\" href=\"https:\/\/teixitsvicens.com\/de\/produkt\/dekor\/wandbehange\/tapestry-mit-baumwollgewinde-schwarz\/\" \/>\n<meta property=\"og:locale\" content=\"de_DE\" \/>\n<meta property=\"og:type\" content=\"article\" \/>\n<meta property=\"og:title\" content=\"Tapestry mit baumwollgewinde Schwarz | Teixits Vicens\" \/>\n<meta property=\"og:description\" content=\"Wandteppich aus mallorquinischem Stoff mit einem Strang aus Baumwollf\u00e4den. Ein besonderes St\u00fcck zum Dekorieren der W\u00e4nde und zum Kombinieren mit verschiedenen Stilen.\" \/>\n<meta property=\"og:url\" content=\"https:\/\/teixitsvicens.com\/de\/produkt\/dekor\/wandbehange\/tapestry-mit-baumwollgewinde-schwarz\/\" \/>\n<meta property=\"og:site_name\" content=\"Teixits Vicens\" \/>\n<meta property=\"article:publisher\" content=\"https:\/\/www.facebook.com\/TeixitsVicens\/\" \/>\n<meta property=\"article:modified_time\" content=\"2024-07-05T12:08:18+00:00\" \/>\n<meta property=\"og:image\" content=\"https:\/\/teixitsvicens.com\/wp-content\/uploads\/2024\/07\/PRODUCTV-0362.jpg\" \/>\n\t<meta property=\"og:image:width\" content=\"1200\" \/>\n\t<meta property=\"og:image:height\" content=\"800\" \/>\n\t<meta property=\"og:image:type\" content=\"image\/jpeg\" \/>\n<meta name=\"twitter:card\" content=\"summary_large_image\" \/>\n<!-- \/ Yoast SEO plugin. -->","yoast_head_json":{"title":"Tapestry mit baumwollgewinde Schwarz | Teixits Vicens","description":"Wandteppich aus mallorquinischem Stoff mit einem Strang aus Baumwollf\u00e4den. Ein besonderes St\u00fcck zum Dekorieren der W\u00e4nde und zum Kombinieren mit verschiedenen Stilen.","robots":{"index":"index","follow":"follow","max-snippet":"max-snippet:-1","max-image-preview":"max-image-preview:large","max-video-preview":"max-video-preview:-1"},"canonical":"https:\/\/teixitsvicens.com\/de\/produkt\/dekor\/wandbehange\/tapestry-mit-baumwollgewinde-schwarz\/","og_locale":"de_DE","og_type":"article","og_title":"Tapestry mit baumwollgewinde Schwarz | Teixits Vicens","og_description":"Wandteppich aus mallorquinischem Stoff mit einem Strang aus Baumwollf\u00e4den. Ein besonderes St\u00fcck zum Dekorieren der W\u00e4nde und zum Kombinieren mit verschiedenen Stilen.","og_url":"https:\/\/teixitsvicens.com\/de\/produkt\/dekor\/wandbehange\/tapestry-mit-baumwollgewinde-schwarz\/","og_site_name":"Teixits Vicens","article_publisher":"https:\/\/www.facebook.com\/TeixitsVicens\/","article_modified_time":"2024-07-05T12:08:18+00:00","og_image":[{"width":1200,"height":800,"url":"https:\/\/teixitsvicens.com\/wp-content\/uploads\/2024\/07\/PRODUCTV-0362.jpg","type":"image\/jpeg"}],"twitter_card":"summary_large_image","schema":{"@context":"https:\/\/schema.org","@graph":[{"@type":"WebPage","@id":"https:\/\/teixitsvicens.com\/de\/produkt\/dekor\/wandbehange\/tapestry-mit-baumwollgewinde-schwarz\/","url":"https:\/\/teixitsvicens.com\/de\/produkt\/dekor\/wandbehange\/tapestry-mit-baumwollgewinde-schwarz\/","name":"Tapestry mit baumwollgewinde Schwarz | Teixits Vicens","isPartOf":{"@id":"https:\/\/teixitsvicens.com\/de\/#website"},"primaryImageOfPage":{"@id":"https:\/\/teixitsvicens.com\/de\/produkt\/dekor\/wandbehange\/tapestry-mit-baumwollgewinde-schwarz\/#primaryimage"},"image":{"@id":"https:\/\/teixitsvicens.com\/de\/produkt\/dekor\/wandbehange\/tapestry-mit-baumwollgewinde-schwarz\/#primaryimage"},"thumbnailUrl":"https:\/\/teixitsvicens.com\/wp-content\/uploads\/2024\/07\/PRODUCTV-0362.jpg","datePublished":"2024-07-05T12:08:17+00:00","dateModified":"2024-07-05T12:08:18+00:00","description":"Wandteppich aus mallorquinischem Stoff mit einem Strang aus Baumwollf\u00e4den. Ein besonderes St\u00fcck zum Dekorieren der W\u00e4nde und zum Kombinieren mit verschiedenen Stilen.","breadcrumb":{"@id":"https:\/\/teixitsvicens.com\/de\/produkt\/dekor\/wandbehange\/tapestry-mit-baumwollgewinde-schwarz\/#breadcrumb"},"inLanguage":"de","potentialAction":[{"@type":"ReadAction","target":["https:\/\/teixitsvicens.com\/de\/produkt\/dekor\/wandbehange\/tapestry-mit-baumwollgewinde-schwarz\/"]}]},{"@type":"ImageObject","inLanguage":"de","@id":"https:\/\/teixitsvicens.com\/de\/produkt\/dekor\/wandbehange\/tapestry-mit-baumwollgewinde-schwarz\/#primaryimage","url":"https:\/\/teixitsvicens.com\/wp-content\/uploads\/2024\/07\/PRODUCTV-0362.jpg","contentUrl":"https:\/\/teixitsvicens.com\/wp-content\/uploads\/2024\/07\/PRODUCTV-0362.jpg","width":1200,"height":800},{"@type":"BreadcrumbList","@id":"https:\/\/teixitsvicens.com\/de\/produkt\/dekor\/wandbehange\/tapestry-mit-baumwollgewinde-schwarz\/#breadcrumb","itemListElement":[{"@type":"ListItem","position":1,"name":"Inici","item":"https:\/\/teixitsvicens.com\/de\/home\/"},{"@type":"ListItem","position":2,"name":"Online-Shop","item":"https:\/\/teixitsvicens.com\/de\/online-shop\/"},{"@type":"ListItem","position":3,"name":"Tapestry mit baumwollgewinde Schwarz"}]},{"@type":"WebSite","@id":"https:\/\/teixitsvicens.com\/de\/#website","url":"https:\/\/teixitsvicens.com\/de\/","name":"Teixits Vicens","description":"Taller textil artesano","publisher":{"@id":"https:\/\/teixitsvicens.com\/de\/#organization"},"alternateName":"Teixits Vicens","potentialAction":[{"@type":"SearchAction","target":{"@type":"EntryPoint","urlTemplate":"https:\/\/teixitsvicens.com\/de\/?s={search_term_string}"},"query-input":{"@type":"PropertyValueSpecification","valueRequired":true,"valueName":"search_term_string"}}],"inLanguage":"de"},{"@type":"Organization","@id":"https:\/\/teixitsvicens.com\/de\/#organization","name":"Teixits Vicens","url":"https:\/\/teixitsvicens.com\/de\/","logo":{"@type":"ImageObject","inLanguage":"de","@id":"https:\/\/teixitsvicens.com\/de\/#\/schema\/logo\/image\/","url":"https:\/\/teixitsvicens.com\/wp-content\/uploads\/2025\/10\/logo-teixits-vicents.png","contentUrl":"https:\/\/teixitsvicens.com\/wp-content\/uploads\/2025\/10\/logo-teixits-vicents.png","width":629,"height":131,"caption":"Teixits Vicens"},"image":{"@id":"https:\/\/teixitsvicens.com\/de\/#\/schema\/logo\/image\/"},"sameAs":["https:\/\/www.facebook.com\/TeixitsVicens\/","https:\/\/www.instagram.com\/teixitsvicens\/"]}]}},"_links":{"self":[{"href":"https:\/\/teixitsvicens.com\/de\/wp-json\/wp\/v2\/product\/30004","targetHints":{"allow":["GET"]}}],"collection":[{"href":"https:\/\/teixitsvicens.com\/de\/wp-json\/wp\/v2\/product"}],"about":[{"href":"https:\/\/teixitsvicens.com\/de\/wp-json\/wp\/v2\/types\/product"}],"replies":[{"embeddable":true,"href":"https:\/\/teixitsvicens.com\/de\/wp-json\/wp\/v2\/comments?post=30004"}],"wp:featuredmedia":[{"embeddable":true,"href":"https:\/\/teixitsvicens.com\/de\/wp-json\/wp\/v2\/media\/29998"}],"wp:attachment":[{"href":"https:\/\/teixitsvicens.com\/de\/wp-json\/wp\/v2\/media?parent=30004"}],"wp:term":[{"taxonomy":"product_brand","embeddable":true,"href":"https:\/\/teixitsvicens.com\/de\/wp-json\/wp\/v2\/product_brand?post=30004"},{"taxonomy":"product_cat","embeddable":true,"href":"https:\/\/teixitsvicens.com\/de\/wp-json\/wp\/v2\/product_cat?post=30004"},{"taxonomy":"product_tag","embeddable":true,"href":"https:\/\/teixitsvicens.com\/de\/wp-json\/wp\/v2\/product_tag?post=30004"}],"curies":[{"name":"wp","href":"https:\/\/api.w.org\/{rel}","templated":true}]}}