{"id":29714,"date":"2024-07-03T14:37:48","date_gmt":"2024-07-03T12:37:48","guid":{"rendered":"https:\/\/teixitsmallorca.com\/?post_type=product&#038;p=29714"},"modified":"2024-07-03T14:37:48","modified_gmt":"2024-07-03T12:37:48","slug":"platzset-ikat-stoff-235-blau","status":"publish","type":"product","link":"https:\/\/teixitsvicens.com\/de\/produkt\/kueche\/platzsets\/personen-mit-fransen\/platzset-ikat-stoff-235-blau\/","title":{"rendered":"Platzset ikat stoff 235 Blau"},"content":{"rendered":"<pre id=\"tw-target-text\" class=\"tw-data-text tw-text-large tw-ta\" dir=\"ltr\" data-placeholder=\"Traducci\u00f3n\" aria-label=\"Texto traducido\" data-ved=\"2ahUKEwjcoPGiuYiHAxXD2AIHHWnDCL4Q3ewLegQIBRAT\"><span class=\"Y2IQFc\" lang=\"de\">Rechteckige individuelle Tischdecke zum Schm\u00fccken des Tisches. \r\n\u00dcberraschen Sie Ihre G\u00e4ste mit dieser originellen und handgefertigten \r\nTischdecke aus mallorquinischem Stoff.\r\nDieser handgefertigte Stoff ist sehr widerstandsf\u00e4hig und wird Sie bei \r\nvielen Festen rund um den Tisch begleiten.<\/span><\/pre>\n","protected":false},"excerpt":{"rendered":"<p>Rechteckige individuelle Tischdecke zum Schm\u00fccken des Tisches. \u00dcberraschen Sie Ihre G\u00e4ste mit dieser originellen und handgefertigten Tischdecke aus mallorquinischem Stoff&#8230;.<\/p>\n","protected":false},"featured_media":29710,"comment_status":"closed","ping_status":"closed","template":"","meta":[],"product_brand":[],"product_cat":[926],"product_tag":[],"class_list":{"0":"post-29714","1":"product","2":"type-product","3":"status-publish","4":"has-post-thumbnail","6":"product_cat-personen-mit-fransen","8":"first","9":"outofstock","10":"shipping-taxable","11":"purchasable","12":"product-type-simple"},"yoast_head":"<!-- This site is optimized with the Yoast SEO plugin v27.0 - https:\/\/yoast.com\/product\/yoast-seo-wordpress\/ -->\n<title>Platzset ikat stoff 235 Blau | Teixits Vicens<\/title>\n<meta name=\"description\" content=\"Rechteckige individuelle Tischdecke zum Schm\u00fccken des Tisches.\u00dcberraschen Sie Ihre G\u00e4ste mit dieser originellen und handgefertigtenTischdecke aus mallorquinischem Stoff.\" \/>\n<meta name=\"robots\" content=\"index, follow, max-snippet:-1, max-image-preview:large, max-video-preview:-1\" \/>\n<link rel=\"canonical\" href=\"https:\/\/teixitsvicens.com\/de\/produkt\/kueche\/platzsets\/personen-mit-fransen\/platzset-ikat-stoff-235-blau\/\" \/>\n<meta property=\"og:locale\" content=\"de_DE\" \/>\n<meta property=\"og:type\" content=\"article\" \/>\n<meta property=\"og:title\" content=\"Platzset ikat stoff 235 Blau | Teixits Vicens\" \/>\n<meta property=\"og:description\" content=\"Rechteckige individuelle Tischdecke zum Schm\u00fccken des Tisches.\u00dcberraschen Sie Ihre G\u00e4ste mit dieser originellen und handgefertigtenTischdecke aus mallorquinischem Stoff.\" \/>\n<meta property=\"og:url\" content=\"https:\/\/teixitsvicens.com\/de\/produkt\/kueche\/platzsets\/personen-mit-fransen\/platzset-ikat-stoff-235-blau\/\" \/>\n<meta property=\"og:site_name\" content=\"Teixits Vicens\" \/>\n<meta property=\"article:publisher\" content=\"https:\/\/www.facebook.com\/TeixitsVicens\/\" \/>\n<meta property=\"og:image\" content=\"https:\/\/teixitsvicens.com\/wp-content\/uploads\/2024\/07\/INDIVIDUAL-235-BLAU-FLECO.jpg\" \/>\n\t<meta property=\"og:image:width\" content=\"1200\" \/>\n\t<meta property=\"og:image:height\" content=\"1800\" \/>\n\t<meta property=\"og:image:type\" content=\"image\/jpeg\" \/>\n<meta name=\"twitter:card\" content=\"summary_large_image\" \/>\n<!-- \/ Yoast SEO plugin. -->","yoast_head_json":{"title":"Platzset ikat stoff 235 Blau | Teixits Vicens","description":"Rechteckige individuelle Tischdecke zum Schm\u00fccken des Tisches.\u00dcberraschen Sie Ihre G\u00e4ste mit dieser originellen und handgefertigtenTischdecke aus mallorquinischem Stoff.","robots":{"index":"index","follow":"follow","max-snippet":"max-snippet:-1","max-image-preview":"max-image-preview:large","max-video-preview":"max-video-preview:-1"},"canonical":"https:\/\/teixitsvicens.com\/de\/produkt\/kueche\/platzsets\/personen-mit-fransen\/platzset-ikat-stoff-235-blau\/","og_locale":"de_DE","og_type":"article","og_title":"Platzset ikat stoff 235 Blau | Teixits Vicens","og_description":"Rechteckige individuelle Tischdecke zum Schm\u00fccken des Tisches.\u00dcberraschen Sie Ihre G\u00e4ste mit dieser originellen und handgefertigtenTischdecke aus mallorquinischem Stoff.","og_url":"https:\/\/teixitsvicens.com\/de\/produkt\/kueche\/platzsets\/personen-mit-fransen\/platzset-ikat-stoff-235-blau\/","og_site_name":"Teixits Vicens","article_publisher":"https:\/\/www.facebook.com\/TeixitsVicens\/","og_image":[{"width":1200,"height":1800,"url":"https:\/\/teixitsvicens.com\/wp-content\/uploads\/2024\/07\/INDIVIDUAL-235-BLAU-FLECO.jpg","type":"image\/jpeg"}],"twitter_card":"summary_large_image","schema":{"@context":"https:\/\/schema.org","@graph":[{"@type":"WebPage","@id":"https:\/\/teixitsvicens.com\/de\/produkt\/kueche\/platzsets\/personen-mit-fransen\/platzset-ikat-stoff-235-blau\/","url":"https:\/\/teixitsvicens.com\/de\/produkt\/kueche\/platzsets\/personen-mit-fransen\/platzset-ikat-stoff-235-blau\/","name":"Platzset ikat stoff 235 Blau | Teixits Vicens","isPartOf":{"@id":"https:\/\/teixitsvicens.com\/de\/#website"},"primaryImageOfPage":{"@id":"https:\/\/teixitsvicens.com\/de\/produkt\/kueche\/platzsets\/personen-mit-fransen\/platzset-ikat-stoff-235-blau\/#primaryimage"},"image":{"@id":"https:\/\/teixitsvicens.com\/de\/produkt\/kueche\/platzsets\/personen-mit-fransen\/platzset-ikat-stoff-235-blau\/#primaryimage"},"thumbnailUrl":"https:\/\/teixitsvicens.com\/wp-content\/uploads\/2024\/07\/INDIVIDUAL-235-BLAU-FLECO.jpg","datePublished":"2024-07-03T12:37:48+00:00","description":"Rechteckige individuelle Tischdecke zum Schm\u00fccken des Tisches.\u00dcberraschen Sie Ihre G\u00e4ste mit dieser originellen und handgefertigtenTischdecke aus mallorquinischem Stoff.","breadcrumb":{"@id":"https:\/\/teixitsvicens.com\/de\/produkt\/kueche\/platzsets\/personen-mit-fransen\/platzset-ikat-stoff-235-blau\/#breadcrumb"},"inLanguage":"de","potentialAction":[{"@type":"ReadAction","target":["https:\/\/teixitsvicens.com\/de\/produkt\/kueche\/platzsets\/personen-mit-fransen\/platzset-ikat-stoff-235-blau\/"]}]},{"@type":"ImageObject","inLanguage":"de","@id":"https:\/\/teixitsvicens.com\/de\/produkt\/kueche\/platzsets\/personen-mit-fransen\/platzset-ikat-stoff-235-blau\/#primaryimage","url":"https:\/\/teixitsvicens.com\/wp-content\/uploads\/2024\/07\/INDIVIDUAL-235-BLAU-FLECO.jpg","contentUrl":"https:\/\/teixitsvicens.com\/wp-content\/uploads\/2024\/07\/INDIVIDUAL-235-BLAU-FLECO.jpg","width":1200,"height":1800},{"@type":"BreadcrumbList","@id":"https:\/\/teixitsvicens.com\/de\/produkt\/kueche\/platzsets\/personen-mit-fransen\/platzset-ikat-stoff-235-blau\/#breadcrumb","itemListElement":[{"@type":"ListItem","position":1,"name":"Inici","item":"https:\/\/teixitsvicens.com\/de\/home\/"},{"@type":"ListItem","position":2,"name":"Online-Shop","item":"https:\/\/teixitsvicens.com\/de\/online-shop\/"},{"@type":"ListItem","position":3,"name":"Platzset ikat stoff 235 Blau"}]},{"@type":"WebSite","@id":"https:\/\/teixitsvicens.com\/de\/#website","url":"https:\/\/teixitsvicens.com\/de\/","name":"Teixits Vicens","description":"Taller textil artesano","publisher":{"@id":"https:\/\/teixitsvicens.com\/de\/#organization"},"alternateName":"Teixits Vicens","potentialAction":[{"@type":"SearchAction","target":{"@type":"EntryPoint","urlTemplate":"https:\/\/teixitsvicens.com\/de\/?s={search_term_string}"},"query-input":{"@type":"PropertyValueSpecification","valueRequired":true,"valueName":"search_term_string"}}],"inLanguage":"de"},{"@type":"Organization","@id":"https:\/\/teixitsvicens.com\/de\/#organization","name":"Teixits Vicens","url":"https:\/\/teixitsvicens.com\/de\/","logo":{"@type":"ImageObject","inLanguage":"de","@id":"https:\/\/teixitsvicens.com\/de\/#\/schema\/logo\/image\/","url":"https:\/\/teixitsvicens.com\/wp-content\/uploads\/2025\/10\/logo-teixits-vicents.png","contentUrl":"https:\/\/teixitsvicens.com\/wp-content\/uploads\/2025\/10\/logo-teixits-vicents.png","width":629,"height":131,"caption":"Teixits Vicens"},"image":{"@id":"https:\/\/teixitsvicens.com\/de\/#\/schema\/logo\/image\/"},"sameAs":["https:\/\/www.facebook.com\/TeixitsVicens\/","https:\/\/www.instagram.com\/teixitsvicens\/"]}]}},"_links":{"self":[{"href":"https:\/\/teixitsvicens.com\/de\/wp-json\/wp\/v2\/product\/29714","targetHints":{"allow":["GET"]}}],"collection":[{"href":"https:\/\/teixitsvicens.com\/de\/wp-json\/wp\/v2\/product"}],"about":[{"href":"https:\/\/teixitsvicens.com\/de\/wp-json\/wp\/v2\/types\/product"}],"replies":[{"embeddable":true,"href":"https:\/\/teixitsvicens.com\/de\/wp-json\/wp\/v2\/comments?post=29714"}],"wp:featuredmedia":[{"embeddable":true,"href":"https:\/\/teixitsvicens.com\/de\/wp-json\/wp\/v2\/media\/29710"}],"wp:attachment":[{"href":"https:\/\/teixitsvicens.com\/de\/wp-json\/wp\/v2\/media?parent=29714"}],"wp:term":[{"taxonomy":"product_brand","embeddable":true,"href":"https:\/\/teixitsvicens.com\/de\/wp-json\/wp\/v2\/product_brand?post=29714"},{"taxonomy":"product_cat","embeddable":true,"href":"https:\/\/teixitsvicens.com\/de\/wp-json\/wp\/v2\/product_cat?post=29714"},{"taxonomy":"product_tag","embeddable":true,"href":"https:\/\/teixitsvicens.com\/de\/wp-json\/wp\/v2\/product_tag?post=29714"}],"curies":[{"name":"wp","href":"https:\/\/api.w.org\/{rel}","templated":true}]}}