{"id":29697,"date":"2024-07-03T13:19:45","date_gmt":"2024-07-03T11:19:45","guid":{"rendered":"https:\/\/teixitsmallorca.com\/?post_type=product&#038;p=29697"},"modified":"2024-08-28T10:06:20","modified_gmt":"2024-08-28T08:06:20","slug":"ikat-schuerze-109-rot","status":"publish","type":"product","link":"https:\/\/teixitsvicens.com\/de\/produkt\/kueche\/schuerzen\/ikat-schuerze-109-rot\/","title":{"rendered":"Ikat-Sch\u00fcrze 109 Rot"},"content":{"rendered":"<pre id=\"tw-target-text\" class=\"tw-data-text tw-text-large tw-ta\" dir=\"ltr\" data-placeholder=\"Traducci\u00f3n\" aria-label=\"Texto traducido\" data-ved=\"2ahUKEwjcoPGiuYiHAxXD2AIHHWnDCL4Q3ewLegQIBRAT\"><span class=\"Y2IQFc\" lang=\"de\">Handgefertigte Unisex-Sch\u00fcrze aus mallorquinischem Stoff. \r\nEs hat eine Seitentasche und einen Riemen \r\nSehr n\u00fctzlich zum Aufh\u00e4ngen des K\u00fcchentuchs, das wir immer zur \r\nHand haben.\r\nEs verf\u00fcgt \u00fcber einen Doppelring, um sich an den Hals anpassen \r\nzu k\u00f6nnen.\r\nSehr widerstandsf\u00e4higer Stoff, der so oft wie n\u00f6tig gewaschen \r\nwerden kann.<\/span><\/pre>\n","protected":false},"excerpt":{"rendered":"<p>70&#215;84 cm<\/p>\n","protected":false},"featured_media":29693,"comment_status":"closed","ping_status":"closed","template":"","meta":[],"product_brand":[],"product_cat":[920],"product_tag":[],"class_list":{"0":"post-29697","1":"product","2":"type-product","3":"status-publish","4":"has-post-thumbnail","6":"product_cat-schuerzen","8":"first","9":"instock","10":"shipping-taxable","11":"purchasable","12":"product-type-simple"},"yoast_head":"<!-- This site is optimized with the Yoast SEO plugin v27.0 - https:\/\/yoast.com\/product\/yoast-seo-wordpress\/ -->\n<title>Ikat-Sch\u00fcrze 109 Rot | Teixits Vicens<\/title>\n<meta name=\"description\" content=\"Handgefertigte Unisex-Sch\u00fcrze aus mallorquinischem Stoff.\" \/>\n<meta name=\"robots\" content=\"index, follow, max-snippet:-1, max-image-preview:large, max-video-preview:-1\" \/>\n<link rel=\"canonical\" href=\"https:\/\/teixitsvicens.com\/de\/produkt\/kueche\/schuerzen\/ikat-schuerze-109-rot\/\" \/>\n<meta property=\"og:locale\" content=\"de_DE\" \/>\n<meta property=\"og:type\" content=\"article\" \/>\n<meta property=\"og:title\" content=\"Ikat-Sch\u00fcrze 109 Rot | Teixits Vicens\" \/>\n<meta property=\"og:description\" content=\"Handgefertigte Unisex-Sch\u00fcrze aus mallorquinischem Stoff.\" \/>\n<meta property=\"og:url\" content=\"https:\/\/teixitsvicens.com\/de\/produkt\/kueche\/schuerzen\/ikat-schuerze-109-rot\/\" \/>\n<meta property=\"og:site_name\" content=\"Teixits Vicens\" \/>\n<meta property=\"article:publisher\" content=\"https:\/\/www.facebook.com\/TeixitsVicens\/\" \/>\n<meta property=\"article:modified_time\" content=\"2024-08-28T08:06:20+00:00\" \/>\n<meta property=\"og:image\" content=\"https:\/\/teixitsvicens.com\/wp-content\/uploads\/2024\/07\/devantal-2small.jpg\" \/>\n\t<meta property=\"og:image:width\" content=\"900\" \/>\n\t<meta property=\"og:image:height\" content=\"1350\" \/>\n\t<meta property=\"og:image:type\" content=\"image\/jpeg\" \/>\n<meta name=\"twitter:card\" content=\"summary_large_image\" \/>\n<meta name=\"twitter:label1\" content=\"Est. reading time\" \/>\n\t<meta name=\"twitter:data1\" content=\"1 minute\" \/>\n<!-- \/ Yoast SEO plugin. -->","yoast_head_json":{"title":"Ikat-Sch\u00fcrze 109 Rot | Teixits Vicens","description":"Handgefertigte Unisex-Sch\u00fcrze aus mallorquinischem Stoff.","robots":{"index":"index","follow":"follow","max-snippet":"max-snippet:-1","max-image-preview":"max-image-preview:large","max-video-preview":"max-video-preview:-1"},"canonical":"https:\/\/teixitsvicens.com\/de\/produkt\/kueche\/schuerzen\/ikat-schuerze-109-rot\/","og_locale":"de_DE","og_type":"article","og_title":"Ikat-Sch\u00fcrze 109 Rot | Teixits Vicens","og_description":"Handgefertigte Unisex-Sch\u00fcrze aus mallorquinischem Stoff.","og_url":"https:\/\/teixitsvicens.com\/de\/produkt\/kueche\/schuerzen\/ikat-schuerze-109-rot\/","og_site_name":"Teixits Vicens","article_publisher":"https:\/\/www.facebook.com\/TeixitsVicens\/","article_modified_time":"2024-08-28T08:06:20+00:00","og_image":[{"width":900,"height":1350,"url":"https:\/\/teixitsvicens.com\/wp-content\/uploads\/2024\/07\/devantal-2small.jpg","type":"image\/jpeg"}],"twitter_card":"summary_large_image","twitter_misc":{"Est. reading time":"1 minute"},"schema":{"@context":"https:\/\/schema.org","@graph":[{"@type":"WebPage","@id":"https:\/\/teixitsvicens.com\/de\/produkt\/kueche\/schuerzen\/ikat-schuerze-109-rot\/","url":"https:\/\/teixitsvicens.com\/de\/produkt\/kueche\/schuerzen\/ikat-schuerze-109-rot\/","name":"Ikat-Sch\u00fcrze 109 Rot | Teixits Vicens","isPartOf":{"@id":"https:\/\/teixitsvicens.com\/de\/#website"},"primaryImageOfPage":{"@id":"https:\/\/teixitsvicens.com\/de\/produkt\/kueche\/schuerzen\/ikat-schuerze-109-rot\/#primaryimage"},"image":{"@id":"https:\/\/teixitsvicens.com\/de\/produkt\/kueche\/schuerzen\/ikat-schuerze-109-rot\/#primaryimage"},"thumbnailUrl":"https:\/\/teixitsvicens.com\/wp-content\/uploads\/2024\/07\/devantal-2small.jpg","datePublished":"2024-07-03T11:19:45+00:00","dateModified":"2024-08-28T08:06:20+00:00","description":"Handgefertigte Unisex-Sch\u00fcrze aus mallorquinischem Stoff.","breadcrumb":{"@id":"https:\/\/teixitsvicens.com\/de\/produkt\/kueche\/schuerzen\/ikat-schuerze-109-rot\/#breadcrumb"},"inLanguage":"de","potentialAction":[{"@type":"ReadAction","target":["https:\/\/teixitsvicens.com\/de\/produkt\/kueche\/schuerzen\/ikat-schuerze-109-rot\/"]}]},{"@type":"ImageObject","inLanguage":"de","@id":"https:\/\/teixitsvicens.com\/de\/produkt\/kueche\/schuerzen\/ikat-schuerze-109-rot\/#primaryimage","url":"https:\/\/teixitsvicens.com\/wp-content\/uploads\/2024\/07\/devantal-2small.jpg","contentUrl":"https:\/\/teixitsvicens.com\/wp-content\/uploads\/2024\/07\/devantal-2small.jpg","width":900,"height":1350},{"@type":"BreadcrumbList","@id":"https:\/\/teixitsvicens.com\/de\/produkt\/kueche\/schuerzen\/ikat-schuerze-109-rot\/#breadcrumb","itemListElement":[{"@type":"ListItem","position":1,"name":"Inici","item":"https:\/\/teixitsvicens.com\/de\/home\/"},{"@type":"ListItem","position":2,"name":"Online-Shop","item":"https:\/\/teixitsvicens.com\/de\/online-shop\/"},{"@type":"ListItem","position":3,"name":"Ikat-Sch\u00fcrze 109 Rot"}]},{"@type":"WebSite","@id":"https:\/\/teixitsvicens.com\/de\/#website","url":"https:\/\/teixitsvicens.com\/de\/","name":"Teixits Vicens","description":"Taller textil artesano","publisher":{"@id":"https:\/\/teixitsvicens.com\/de\/#organization"},"alternateName":"Teixits Vicens","potentialAction":[{"@type":"SearchAction","target":{"@type":"EntryPoint","urlTemplate":"https:\/\/teixitsvicens.com\/de\/?s={search_term_string}"},"query-input":{"@type":"PropertyValueSpecification","valueRequired":true,"valueName":"search_term_string"}}],"inLanguage":"de"},{"@type":"Organization","@id":"https:\/\/teixitsvicens.com\/de\/#organization","name":"Teixits Vicens","url":"https:\/\/teixitsvicens.com\/de\/","logo":{"@type":"ImageObject","inLanguage":"de","@id":"https:\/\/teixitsvicens.com\/de\/#\/schema\/logo\/image\/","url":"https:\/\/teixitsvicens.com\/wp-content\/uploads\/2025\/10\/logo-teixits-vicents.png","contentUrl":"https:\/\/teixitsvicens.com\/wp-content\/uploads\/2025\/10\/logo-teixits-vicents.png","width":629,"height":131,"caption":"Teixits Vicens"},"image":{"@id":"https:\/\/teixitsvicens.com\/de\/#\/schema\/logo\/image\/"},"sameAs":["https:\/\/www.facebook.com\/TeixitsVicens\/","https:\/\/www.instagram.com\/teixitsvicens\/"]}]}},"_links":{"self":[{"href":"https:\/\/teixitsvicens.com\/de\/wp-json\/wp\/v2\/product\/29697","targetHints":{"allow":["GET"]}}],"collection":[{"href":"https:\/\/teixitsvicens.com\/de\/wp-json\/wp\/v2\/product"}],"about":[{"href":"https:\/\/teixitsvicens.com\/de\/wp-json\/wp\/v2\/types\/product"}],"replies":[{"embeddable":true,"href":"https:\/\/teixitsvicens.com\/de\/wp-json\/wp\/v2\/comments?post=29697"}],"wp:featuredmedia":[{"embeddable":true,"href":"https:\/\/teixitsvicens.com\/de\/wp-json\/wp\/v2\/media\/29693"}],"wp:attachment":[{"href":"https:\/\/teixitsvicens.com\/de\/wp-json\/wp\/v2\/media?parent=29697"}],"wp:term":[{"taxonomy":"product_brand","embeddable":true,"href":"https:\/\/teixitsvicens.com\/de\/wp-json\/wp\/v2\/product_brand?post=29697"},{"taxonomy":"product_cat","embeddable":true,"href":"https:\/\/teixitsvicens.com\/de\/wp-json\/wp\/v2\/product_cat?post=29697"},{"taxonomy":"product_tag","embeddable":true,"href":"https:\/\/teixitsvicens.com\/de\/wp-json\/wp\/v2\/product_tag?post=29697"}],"curies":[{"name":"wp","href":"https:\/\/api.w.org\/{rel}","templated":true}]}}