{"id":29566,"date":"2024-07-02T15:50:04","date_gmt":"2024-07-02T13:50:04","guid":{"rendered":"https:\/\/teixitsmallorca.com\/?post_type=product&#038;p=29566"},"modified":"2024-09-20T13:07:12","modified_gmt":"2024-09-20T11:07:12","slug":"ikat-tischlaeufer-mit-fransen-236-blau","status":"publish","type":"product","link":"https:\/\/teixitsvicens.com\/de\/produkt\/kueche\/tischlaeufer\/gesaeumte-wege\/ikat-tischlaeufer-mit-fransen-236-blau\/","title":{"rendered":"Ikat-Tischl\u00e4ufer mit Fransen 236 Blau"},"content":{"rendered":"<pre id=\"tw-target-text\" class=\"tw-data-text tw-text-large tw-ta\" dir=\"ltr\" data-placeholder=\"Traducci\u00f3n\" aria-label=\"Texto traducido\" data-ved=\"2ahUKEwjcoPGiuYiHAxXD2AIHHWnDCL4Q3ewLegQIBRAT\"><span class=\"Y2IQFc\" lang=\"de\">Tischl\u00e4ufer mit Fransen. Wenn Sie auf der Suche nach Ideen sind, \r\num den Tisch im mediterranen Stil zu dekorieren, werden diese \r\nl\u00e4nglichen Tischdecken aus Leinen und Baumwolle die ganz besonderen \r\nAnl\u00e4sse versch\u00f6nern. \u00dcberraschen Sie Ihre G\u00e4ste mit dieser Tischw\u00e4sche \r\naus Naturstoffen.\r\nUnsere mallorquinischen Stoffe passen sowohl zu rustikalen als \r\nauch zu modernen Stilen.<\/span><\/pre>\n","protected":false},"excerpt":{"rendered":"<div class=\"woocommerce-product-details__short-description\">\n<div class=\"woocommerce-product-details__short-description\">\n<div class=\"main-product-description\">\n<p>150 x 48 cms<\/p>\n<\/div>\n<\/div>\n<\/div>\n","protected":false},"featured_media":29562,"comment_status":"closed","ping_status":"closed","template":"","meta":[],"product_brand":[],"product_cat":[1343],"product_tag":[],"class_list":{"0":"post-29566","1":"product","2":"type-product","3":"status-publish","4":"has-post-thumbnail","6":"product_cat-gesaeumte-wege","8":"first","9":"instock","10":"shipping-taxable","11":"purchasable","12":"product-type-simple"},"yoast_head":"<!-- This site is optimized with the Yoast SEO plugin v27.0 - https:\/\/yoast.com\/product\/yoast-seo-wordpress\/ -->\n<title>Ikat-Tischl\u00e4ufer mit Fransen 236 Blau | Teixits Vicens<\/title>\n<meta name=\"description\" content=\"Tischl\u00e4ufer mit Fransen. Ideen im mediterranen Stil zu dekorieren\" \/>\n<meta name=\"robots\" content=\"index, follow, max-snippet:-1, max-image-preview:large, max-video-preview:-1\" \/>\n<link rel=\"canonical\" href=\"https:\/\/teixitsvicens.com\/de\/produkt\/kueche\/tischlaeufer\/gesaeumte-wege\/ikat-tischlaeufer-mit-fransen-236-blau\/\" \/>\n<meta property=\"og:locale\" content=\"de_DE\" \/>\n<meta property=\"og:type\" content=\"article\" \/>\n<meta property=\"og:title\" content=\"Ikat-Tischl\u00e4ufer mit Fransen 236 Blau | Teixits Vicens\" \/>\n<meta property=\"og:description\" content=\"Tischl\u00e4ufer mit Fransen. Ideen im mediterranen Stil zu dekorieren\" \/>\n<meta property=\"og:url\" content=\"https:\/\/teixitsvicens.com\/de\/produkt\/kueche\/tischlaeufer\/gesaeumte-wege\/ikat-tischlaeufer-mit-fransen-236-blau\/\" \/>\n<meta property=\"og:site_name\" content=\"Teixits Vicens\" \/>\n<meta property=\"article:publisher\" content=\"https:\/\/www.facebook.com\/TeixitsVicens\/\" \/>\n<meta property=\"article:modified_time\" content=\"2024-09-20T11:07:12+00:00\" \/>\n<meta property=\"og:image\" content=\"https:\/\/teixitsvicens.com\/wp-content\/uploads\/2024\/07\/t64bsmall.jpg\" \/>\n\t<meta property=\"og:image:width\" content=\"1200\" \/>\n\t<meta property=\"og:image:height\" content=\"1800\" \/>\n\t<meta property=\"og:image:type\" content=\"image\/jpeg\" \/>\n<meta name=\"twitter:card\" content=\"summary_large_image\" \/>\n<meta name=\"twitter:label1\" content=\"Est. reading time\" \/>\n\t<meta name=\"twitter:data1\" content=\"1 minute\" \/>\n<!-- \/ Yoast SEO plugin. -->","yoast_head_json":{"title":"Ikat-Tischl\u00e4ufer mit Fransen 236 Blau | Teixits Vicens","description":"Tischl\u00e4ufer mit Fransen. Ideen im mediterranen Stil zu dekorieren","robots":{"index":"index","follow":"follow","max-snippet":"max-snippet:-1","max-image-preview":"max-image-preview:large","max-video-preview":"max-video-preview:-1"},"canonical":"https:\/\/teixitsvicens.com\/de\/produkt\/kueche\/tischlaeufer\/gesaeumte-wege\/ikat-tischlaeufer-mit-fransen-236-blau\/","og_locale":"de_DE","og_type":"article","og_title":"Ikat-Tischl\u00e4ufer mit Fransen 236 Blau | Teixits Vicens","og_description":"Tischl\u00e4ufer mit Fransen. Ideen im mediterranen Stil zu dekorieren","og_url":"https:\/\/teixitsvicens.com\/de\/produkt\/kueche\/tischlaeufer\/gesaeumte-wege\/ikat-tischlaeufer-mit-fransen-236-blau\/","og_site_name":"Teixits Vicens","article_publisher":"https:\/\/www.facebook.com\/TeixitsVicens\/","article_modified_time":"2024-09-20T11:07:12+00:00","og_image":[{"width":1200,"height":1800,"url":"https:\/\/teixitsvicens.com\/wp-content\/uploads\/2024\/07\/t64bsmall.jpg","type":"image\/jpeg"}],"twitter_card":"summary_large_image","twitter_misc":{"Est. reading time":"1 minute"},"schema":{"@context":"https:\/\/schema.org","@graph":[{"@type":"WebPage","@id":"https:\/\/teixitsvicens.com\/de\/produkt\/kueche\/tischlaeufer\/gesaeumte-wege\/ikat-tischlaeufer-mit-fransen-236-blau\/","url":"https:\/\/teixitsvicens.com\/de\/produkt\/kueche\/tischlaeufer\/gesaeumte-wege\/ikat-tischlaeufer-mit-fransen-236-blau\/","name":"Ikat-Tischl\u00e4ufer mit Fransen 236 Blau | Teixits Vicens","isPartOf":{"@id":"https:\/\/teixitsvicens.com\/de\/#website"},"primaryImageOfPage":{"@id":"https:\/\/teixitsvicens.com\/de\/produkt\/kueche\/tischlaeufer\/gesaeumte-wege\/ikat-tischlaeufer-mit-fransen-236-blau\/#primaryimage"},"image":{"@id":"https:\/\/teixitsvicens.com\/de\/produkt\/kueche\/tischlaeufer\/gesaeumte-wege\/ikat-tischlaeufer-mit-fransen-236-blau\/#primaryimage"},"thumbnailUrl":"https:\/\/teixitsvicens.com\/wp-content\/uploads\/2024\/07\/t64bsmall.jpg","datePublished":"2024-07-02T13:50:04+00:00","dateModified":"2024-09-20T11:07:12+00:00","description":"Tischl\u00e4ufer mit Fransen. Ideen im mediterranen Stil zu dekorieren","breadcrumb":{"@id":"https:\/\/teixitsvicens.com\/de\/produkt\/kueche\/tischlaeufer\/gesaeumte-wege\/ikat-tischlaeufer-mit-fransen-236-blau\/#breadcrumb"},"inLanguage":"de","potentialAction":[{"@type":"ReadAction","target":["https:\/\/teixitsvicens.com\/de\/produkt\/kueche\/tischlaeufer\/gesaeumte-wege\/ikat-tischlaeufer-mit-fransen-236-blau\/"]}]},{"@type":"ImageObject","inLanguage":"de","@id":"https:\/\/teixitsvicens.com\/de\/produkt\/kueche\/tischlaeufer\/gesaeumte-wege\/ikat-tischlaeufer-mit-fransen-236-blau\/#primaryimage","url":"https:\/\/teixitsvicens.com\/wp-content\/uploads\/2024\/07\/t64bsmall.jpg","contentUrl":"https:\/\/teixitsvicens.com\/wp-content\/uploads\/2024\/07\/t64bsmall.jpg","width":1200,"height":1800},{"@type":"BreadcrumbList","@id":"https:\/\/teixitsvicens.com\/de\/produkt\/kueche\/tischlaeufer\/gesaeumte-wege\/ikat-tischlaeufer-mit-fransen-236-blau\/#breadcrumb","itemListElement":[{"@type":"ListItem","position":1,"name":"Inici","item":"https:\/\/teixitsvicens.com\/de\/home\/"},{"@type":"ListItem","position":2,"name":"Online-Shop","item":"https:\/\/teixitsvicens.com\/de\/online-shop\/"},{"@type":"ListItem","position":3,"name":"Ikat-Tischl\u00e4ufer mit Fransen 236 Blau"}]},{"@type":"WebSite","@id":"https:\/\/teixitsvicens.com\/de\/#website","url":"https:\/\/teixitsvicens.com\/de\/","name":"Teixits Vicens","description":"Taller textil artesano","publisher":{"@id":"https:\/\/teixitsvicens.com\/de\/#organization"},"alternateName":"Teixits Vicens","potentialAction":[{"@type":"SearchAction","target":{"@type":"EntryPoint","urlTemplate":"https:\/\/teixitsvicens.com\/de\/?s={search_term_string}"},"query-input":{"@type":"PropertyValueSpecification","valueRequired":true,"valueName":"search_term_string"}}],"inLanguage":"de"},{"@type":"Organization","@id":"https:\/\/teixitsvicens.com\/de\/#organization","name":"Teixits Vicens","url":"https:\/\/teixitsvicens.com\/de\/","logo":{"@type":"ImageObject","inLanguage":"de","@id":"https:\/\/teixitsvicens.com\/de\/#\/schema\/logo\/image\/","url":"https:\/\/teixitsvicens.com\/wp-content\/uploads\/2025\/10\/logo-teixits-vicents.png","contentUrl":"https:\/\/teixitsvicens.com\/wp-content\/uploads\/2025\/10\/logo-teixits-vicents.png","width":629,"height":131,"caption":"Teixits Vicens"},"image":{"@id":"https:\/\/teixitsvicens.com\/de\/#\/schema\/logo\/image\/"},"sameAs":["https:\/\/www.facebook.com\/TeixitsVicens\/","https:\/\/www.instagram.com\/teixitsvicens\/"]}]}},"_links":{"self":[{"href":"https:\/\/teixitsvicens.com\/de\/wp-json\/wp\/v2\/product\/29566","targetHints":{"allow":["GET"]}}],"collection":[{"href":"https:\/\/teixitsvicens.com\/de\/wp-json\/wp\/v2\/product"}],"about":[{"href":"https:\/\/teixitsvicens.com\/de\/wp-json\/wp\/v2\/types\/product"}],"replies":[{"embeddable":true,"href":"https:\/\/teixitsvicens.com\/de\/wp-json\/wp\/v2\/comments?post=29566"}],"wp:featuredmedia":[{"embeddable":true,"href":"https:\/\/teixitsvicens.com\/de\/wp-json\/wp\/v2\/media\/29562"}],"wp:attachment":[{"href":"https:\/\/teixitsvicens.com\/de\/wp-json\/wp\/v2\/media?parent=29566"}],"wp:term":[{"taxonomy":"product_brand","embeddable":true,"href":"https:\/\/teixitsvicens.com\/de\/wp-json\/wp\/v2\/product_brand?post=29566"},{"taxonomy":"product_cat","embeddable":true,"href":"https:\/\/teixitsvicens.com\/de\/wp-json\/wp\/v2\/product_cat?post=29566"},{"taxonomy":"product_tag","embeddable":true,"href":"https:\/\/teixitsvicens.com\/de\/wp-json\/wp\/v2\/product_tag?post=29566"}],"curies":[{"name":"wp","href":"https:\/\/api.w.org\/{rel}","templated":true}]}}