{"id":29437,"date":"2024-06-28T15:41:57","date_gmt":"2024-06-28T13:41:57","guid":{"rendered":"https:\/\/teixitsmallorca.com\/?post_type=product&#038;p=29437"},"modified":"2025-06-12T09:04:02","modified_gmt":"2025-06-12T07:04:02","slug":"kissen-mit-plattform-ikat-61-rosa","status":"publish","type":"product","link":"https:\/\/teixitsvicens.com\/de\/produkt\/mallorquinische-stoffe\/kissen-mit-plattform-ikat-61-rosa\/","title":{"rendered":"Kissen mit Plattform ikat 61 Rosa Fuchsie"},"content":{"rendered":"<pre id=\"tw-target-text\" class=\"tw-data-text tw-text-large tw-ta\" dir=\"ltr\" data-placeholder=\"Traducci\u00f3n\" aria-label=\"Texto traducido\" data-ved=\"2ahUKEwiNz4ei8P2GAxXGBtsEHXGRDAwQ3ewLegQIBRAT\"><span class=\"Y2IQFc\" lang=\"de\">Dekorativer Kissenbezug aus mallorquinischem Stoff zur Dekoration \r\nvon Bett, Sofa, Garten oder Terrasse.\r\n\r\nDiese Kissen mit Plattform eignen sich perfekt f\u00fcr B\u00e4nke aus Stoff, \r\nHolz usw.\r\n\r\n\r\nDekorative Ideen f\u00fcr mediterrane R\u00e4ume.\r\n\r\n\r\nUnsere Designs verbinden Tradition mit Zeitgen\u00f6ssischem und \r\nerm\u00f6glichen eine Kombination, die sich jeder Umgebung anpasst.\r\n\r\nLokale Produktion. Handgefertigte Kissen auf Mallorca in unserer \r\nWerkstatt in Pollen\u00e7a.\r\n\r\nDieses St\u00fcck ist ein exklusives Design, das vom Teixits Vicens-Team \r\nentworfen wurde.<\/span><\/pre>\n","protected":false},"excerpt":{"rendered":"<p>050x050cm<\/p>\n","protected":false},"featured_media":29429,"comment_status":"closed","ping_status":"closed","template":"","meta":[],"product_brand":[],"product_cat":[372],"product_tag":[],"class_list":{"0":"post-29437","1":"product","2":"type-product","3":"status-publish","4":"has-post-thumbnail","6":"product_cat-mallorquinische-stoffe","8":"first","9":"instock","10":"shipping-taxable","11":"purchasable","12":"product-type-simple"},"yoast_head":"<!-- This site is optimized with the Yoast SEO plugin v27.0 - https:\/\/yoast.com\/product\/yoast-seo-wordpress\/ -->\n<title>Kissen mit Plattform ikat 61 Rosa Fuchsie | Teixits Vicens<\/title>\n<meta name=\"description\" content=\"Kissen mit Plattform eignen sich f\u00fcr B\u00e4nke aus Stoff, Holz usw. Dekorative Ideen f\u00fcr mediterrane R\u00e4ume mit mallorquinischen Stoffen.\" \/>\n<meta name=\"robots\" content=\"index, follow, max-snippet:-1, max-image-preview:large, max-video-preview:-1\" \/>\n<link rel=\"canonical\" href=\"https:\/\/teixitsvicens.com\/de\/produkt\/mallorquinische-stoffe\/kissen-mit-plattform-ikat-61-rosa\/\" \/>\n<meta property=\"og:locale\" content=\"de_DE\" \/>\n<meta property=\"og:type\" content=\"article\" \/>\n<meta property=\"og:title\" content=\"Kissen mit Plattform ikat 61 Rosa Fuchsie | Teixits Vicens\" \/>\n<meta property=\"og:description\" content=\"Kissen mit Plattform eignen sich f\u00fcr B\u00e4nke aus Stoff, Holz usw. Dekorative Ideen f\u00fcr mediterrane R\u00e4ume mit mallorquinischen Stoffen.\" \/>\n<meta property=\"og:url\" content=\"https:\/\/teixitsvicens.com\/de\/produkt\/mallorquinische-stoffe\/kissen-mit-plattform-ikat-61-rosa\/\" \/>\n<meta property=\"og:site_name\" content=\"Teixits Vicens\" \/>\n<meta property=\"article:publisher\" content=\"https:\/\/www.facebook.com\/TeixitsVicens\/\" \/>\n<meta property=\"article:modified_time\" content=\"2025-06-12T07:04:02+00:00\" \/>\n<meta property=\"og:image\" content=\"https:\/\/teixitsvicens.com\/wp-content\/uploads\/2024\/06\/PRODUCTV-0456small.jpg\" \/>\n\t<meta property=\"og:image:width\" content=\"1200\" \/>\n\t<meta property=\"og:image:height\" content=\"800\" \/>\n\t<meta property=\"og:image:type\" content=\"image\/jpeg\" \/>\n<meta name=\"twitter:card\" content=\"summary_large_image\" \/>\n<!-- \/ Yoast SEO plugin. -->","yoast_head_json":{"title":"Kissen mit Plattform ikat 61 Rosa Fuchsie | Teixits Vicens","description":"Kissen mit Plattform eignen sich f\u00fcr B\u00e4nke aus Stoff, Holz usw. Dekorative Ideen f\u00fcr mediterrane R\u00e4ume mit mallorquinischen Stoffen.","robots":{"index":"index","follow":"follow","max-snippet":"max-snippet:-1","max-image-preview":"max-image-preview:large","max-video-preview":"max-video-preview:-1"},"canonical":"https:\/\/teixitsvicens.com\/de\/produkt\/mallorquinische-stoffe\/kissen-mit-plattform-ikat-61-rosa\/","og_locale":"de_DE","og_type":"article","og_title":"Kissen mit Plattform ikat 61 Rosa Fuchsie | Teixits Vicens","og_description":"Kissen mit Plattform eignen sich f\u00fcr B\u00e4nke aus Stoff, Holz usw. Dekorative Ideen f\u00fcr mediterrane R\u00e4ume mit mallorquinischen Stoffen.","og_url":"https:\/\/teixitsvicens.com\/de\/produkt\/mallorquinische-stoffe\/kissen-mit-plattform-ikat-61-rosa\/","og_site_name":"Teixits Vicens","article_publisher":"https:\/\/www.facebook.com\/TeixitsVicens\/","article_modified_time":"2025-06-12T07:04:02+00:00","og_image":[{"width":1200,"height":800,"url":"https:\/\/teixitsvicens.com\/wp-content\/uploads\/2024\/06\/PRODUCTV-0456small.jpg","type":"image\/jpeg"}],"twitter_card":"summary_large_image","schema":{"@context":"https:\/\/schema.org","@graph":[{"@type":"WebPage","@id":"https:\/\/teixitsvicens.com\/de\/produkt\/mallorquinische-stoffe\/kissen-mit-plattform-ikat-61-rosa\/","url":"https:\/\/teixitsvicens.com\/de\/produkt\/mallorquinische-stoffe\/kissen-mit-plattform-ikat-61-rosa\/","name":"Kissen mit Plattform ikat 61 Rosa Fuchsie | Teixits Vicens","isPartOf":{"@id":"https:\/\/teixitsvicens.com\/de\/#website"},"primaryImageOfPage":{"@id":"https:\/\/teixitsvicens.com\/de\/produkt\/mallorquinische-stoffe\/kissen-mit-plattform-ikat-61-rosa\/#primaryimage"},"image":{"@id":"https:\/\/teixitsvicens.com\/de\/produkt\/mallorquinische-stoffe\/kissen-mit-plattform-ikat-61-rosa\/#primaryimage"},"thumbnailUrl":"https:\/\/teixitsvicens.com\/wp-content\/uploads\/2024\/06\/PRODUCTV-0456small.jpg","datePublished":"2024-06-28T13:41:57+00:00","dateModified":"2025-06-12T07:04:02+00:00","description":"Kissen mit Plattform eignen sich f\u00fcr B\u00e4nke aus Stoff, Holz usw. Dekorative Ideen f\u00fcr mediterrane R\u00e4ume mit mallorquinischen Stoffen.","breadcrumb":{"@id":"https:\/\/teixitsvicens.com\/de\/produkt\/mallorquinische-stoffe\/kissen-mit-plattform-ikat-61-rosa\/#breadcrumb"},"inLanguage":"de","potentialAction":[{"@type":"ReadAction","target":["https:\/\/teixitsvicens.com\/de\/produkt\/mallorquinische-stoffe\/kissen-mit-plattform-ikat-61-rosa\/"]}]},{"@type":"ImageObject","inLanguage":"de","@id":"https:\/\/teixitsvicens.com\/de\/produkt\/mallorquinische-stoffe\/kissen-mit-plattform-ikat-61-rosa\/#primaryimage","url":"https:\/\/teixitsvicens.com\/wp-content\/uploads\/2024\/06\/PRODUCTV-0456small.jpg","contentUrl":"https:\/\/teixitsvicens.com\/wp-content\/uploads\/2024\/06\/PRODUCTV-0456small.jpg","width":1200,"height":800},{"@type":"BreadcrumbList","@id":"https:\/\/teixitsvicens.com\/de\/produkt\/mallorquinische-stoffe\/kissen-mit-plattform-ikat-61-rosa\/#breadcrumb","itemListElement":[{"@type":"ListItem","position":1,"name":"Inici","item":"https:\/\/teixitsvicens.com\/de\/home\/"},{"@type":"ListItem","position":2,"name":"Online-Shop","item":"https:\/\/teixitsvicens.com\/de\/online-shop\/"},{"@type":"ListItem","position":3,"name":"Kissen mit Plattform ikat 61 Rosa Fuchsie"}]},{"@type":"WebSite","@id":"https:\/\/teixitsvicens.com\/de\/#website","url":"https:\/\/teixitsvicens.com\/de\/","name":"Teixits Vicens","description":"Taller textil artesano","publisher":{"@id":"https:\/\/teixitsvicens.com\/de\/#organization"},"alternateName":"Teixits Vicens","potentialAction":[{"@type":"SearchAction","target":{"@type":"EntryPoint","urlTemplate":"https:\/\/teixitsvicens.com\/de\/?s={search_term_string}"},"query-input":{"@type":"PropertyValueSpecification","valueRequired":true,"valueName":"search_term_string"}}],"inLanguage":"de"},{"@type":"Organization","@id":"https:\/\/teixitsvicens.com\/de\/#organization","name":"Teixits Vicens","url":"https:\/\/teixitsvicens.com\/de\/","logo":{"@type":"ImageObject","inLanguage":"de","@id":"https:\/\/teixitsvicens.com\/de\/#\/schema\/logo\/image\/","url":"https:\/\/teixitsvicens.com\/wp-content\/uploads\/2025\/10\/logo-teixits-vicents.png","contentUrl":"https:\/\/teixitsvicens.com\/wp-content\/uploads\/2025\/10\/logo-teixits-vicents.png","width":629,"height":131,"caption":"Teixits Vicens"},"image":{"@id":"https:\/\/teixitsvicens.com\/de\/#\/schema\/logo\/image\/"},"sameAs":["https:\/\/www.facebook.com\/TeixitsVicens\/","https:\/\/www.instagram.com\/teixitsvicens\/"]}]}},"_links":{"self":[{"href":"https:\/\/teixitsvicens.com\/de\/wp-json\/wp\/v2\/product\/29437","targetHints":{"allow":["GET"]}}],"collection":[{"href":"https:\/\/teixitsvicens.com\/de\/wp-json\/wp\/v2\/product"}],"about":[{"href":"https:\/\/teixitsvicens.com\/de\/wp-json\/wp\/v2\/types\/product"}],"replies":[{"embeddable":true,"href":"https:\/\/teixitsvicens.com\/de\/wp-json\/wp\/v2\/comments?post=29437"}],"wp:featuredmedia":[{"embeddable":true,"href":"https:\/\/teixitsvicens.com\/de\/wp-json\/wp\/v2\/media\/29429"}],"wp:attachment":[{"href":"https:\/\/teixitsvicens.com\/de\/wp-json\/wp\/v2\/media?parent=29437"}],"wp:term":[{"taxonomy":"product_brand","embeddable":true,"href":"https:\/\/teixitsvicens.com\/de\/wp-json\/wp\/v2\/product_brand?post=29437"},{"taxonomy":"product_cat","embeddable":true,"href":"https:\/\/teixitsvicens.com\/de\/wp-json\/wp\/v2\/product_cat?post=29437"},{"taxonomy":"product_tag","embeddable":true,"href":"https:\/\/teixitsvicens.com\/de\/wp-json\/wp\/v2\/product_tag?post=29437"}],"curies":[{"name":"wp","href":"https:\/\/api.w.org\/{rel}","templated":true}]}}